{"id":3390,"date":"2018-11-20T17:09:16","date_gmt":"2018-11-20T16:09:16","guid":{"rendered":"http:\/\/thetreecbd.com\/?post_type=product&#038;p=3390"},"modified":"2026-03-31T16:48:03","modified_gmt":"2026-03-31T14:48:03","slug":"packs-cbd-pack-starter-4","status":"publish","type":"product","link":"https:\/\/thetreecbd.com\/fr\/cbd\/packs-cbd-pack-starter-4","title":{"rendered":"CBD Starter Pack de 4"},"content":{"rendered":"<p><span style=\"font-weight: 400;\">Le CBD <\/span><b>Starter Pack est compos\u00e9<\/b><span style=\"font-weight: 400;\"> de diff\u00e9rentes vari\u00e9t\u00e9s telles que : <\/span><b>Zkittlez CBD, Pistachio CBD, Green Cure CBD et Orange Cookies CBD<\/b><span style=\"font-weight: 400;\"> qui vous permettront d&#8217;essayer toutes nos vari\u00e9t\u00e9s \u00e0 un prix tr\u00e8s abordable. Tous nos produits sont cultiv\u00e9s de mani\u00e8re 100% naturelle, sans utiliser d&#8217;additifs ni de pesticides d&#8217;aucune sorte.<\/span><\/p>\n<p><span style=\"font-weight: 400;\">\u00a0<\/span><\/p>\n<h2><b>Les 4 vari\u00e9t\u00e9s que vous pouvez essayer<\/b><\/h2>\n<p><span style=\"font-weight: 400;\">D&#8217;une part, notre <\/span><a href=\"https:\/\/thetreecbd.com\/fr\/cbd\/fleurs-cbd-cali-zkittlez\"><span style=\"font-weight: 400;\">Zkittlez CBD,<\/span><\/a><span style=\"font-weight: 400;\"> avec des bourgeons denses, ronds et coniques de couleur vert vif avec des poils orange, br\u00fbl\u00e9s incrust\u00e9s dans une \u00e9paisse couche de trichomes, avec des fleurs qui ont tendance \u00e0 \u00eatre extr\u00eamement collantes et tr\u00e8s aromatiques, et jusqu&#8217;\u00e0 26 , 96% CBD.<\/span><\/p>\n<p><span style=\"font-weight: 400;\">D&#8217;autre part, la <\/span><a href=\"https:\/\/thetreecbd.com\/fr\/cbd\/fleurs-cbd-indoor-pistacho\"><span style=\"font-weight: 400;\">pistache CBD <\/span><\/a><span style=\"font-weight: 400;\">est l&#8217;une des vari\u00e9t\u00e9s qui contient un ar\u00f4me exotique, de noisette et aigre-doux. Les fleurs sont compactes et luxuriantes. Les bourgeons sont vert fonc\u00e9 avec des tons marron et violet rappelant la pistache, vert et violet \u00e0 l&#8217;int\u00e9rieur et marron \u00e0 l&#8217;ext\u00e9rieur. L&#8217;une des fleurs de CBD qui contient le plus haut niveau de CBD pour cette raison, si vous essayez la pistache, vous pourrez v\u00e9rifier son effet relaxant gr\u00e2ce \u00e0 ses niveaux \u00e9lev\u00e9s de CBD, entre 20% et 23%.<\/span><\/p>\n<p><span style=\"font-weight: 400;\">Le pack comprend \u00e9galement la fleur <\/span><a href=\"https:\/\/thetreecbd.com\/fr\/cbd\/fleurs-cbd-outdoor-green-cure\"><span style=\"font-weight: 400;\">Green Cure<\/span><\/a><span style=\"font-weight: 400;\"> qui a un ar\u00f4me intense, dans laquelle se d\u00e9tachent les nuances de fruits, en particulier les fruits tropicaux. De plus, gr\u00e2ce \u00e0 son taux \u00e9lev\u00e9 de CBD, 11 %, vous pourrez appr\u00e9cier ses effets relaxants.<\/span><\/p>\n<p><span style=\"font-weight: 400;\">Enfin, il y a l&#8217;<\/span><a href=\"https:\/\/thetreecbd.com\/fr\/cbd\/fleurs-cbd-green-house-orange-cookies\"><span style=\"font-weight: 400;\">Orange Cookies CBD<\/span><\/a><span style=\"font-weight: 400;\"> issue d&#8217;un croisement g\u00e9n\u00e9tique entre Orange Cookies x CBD Pura. Son ar\u00f4me et sa saveur sont doux, sucr\u00e9s et citronn\u00e9s. Il contient des niveaux \u00e9lev\u00e9s de CBD, entre 10% et 12%.<\/span><\/p>\n<p><span style=\"font-weight: 400;\">Dans toutes les vari\u00e9t\u00e9s incluses dans le pack, elles contiennent moins de 0,20% de THC et sont donc tout \u00e0 fait l\u00e9gales dans toute l&#8217;Europe et n&#8217;ont aucun effet psychoactif d&#8217;aucune sorte.<\/span><\/p>\n<p><span style=\"font-weight: 400;\">\u00a0<\/span><\/p>\n<h2><b>Caract\u00e9ristiques du Starter Pack CBD 4<\/b><\/h2>\n<ul>\n<li><span style=\"font-weight: 400;\">1 Zkittlez (2gr.)<\/span><\/li>\n<li><span style=\"font-weight: 400;\">1 Pistache (2gr.)<\/span><\/li>\n<li><span style=\"font-weight: 400;\">1 Orange Cookies (2gr.)<\/span><\/li>\n<li><span style=\"font-weight: 400;\">1 Cure Verte (2gr.)<\/span><\/li>\n<li><span style=\"font-weight: 400;\">bourgeons de chanvre<\/span><\/li>\n<li><span style=\"font-weight: 400;\">Moins de 0,20 % de THC<\/span><\/li>\n<li><span style=\"font-weight: 400;\">Aucun effet psychoactif<\/span><\/li>\n<li><span style=\"font-weight: 400;\">de culture biologique<\/span><\/li>\n<li><span style=\"font-weight: 400;\">Sans OGM<\/span><\/li>\n<li><span style=\"font-weight: 400;\">Sans pesticides<\/span><\/li>\n<\/ul>\n<p>&nbsp;<\/p>\n<h2><b>Composants<\/b><\/h2>\n<p><span style=\"font-weight: 400;\">Ce pack est compos\u00e9 de 4 \u00e9l\u00e9ments diff\u00e9rents : un sachet de <\/span><b>Orange Cookies CBD, un de Green Cure CBD, un de Zkittlez CBD et un autre de Pistachio CBD.<\/b><\/p>\n<p><span style=\"font-weight: 400;\">Ce pack vous permet d&#8217;essayer deux vari\u00e9t\u00e9s d&#8217;int\u00e9rieur, une de serre et une d&#8217;ext\u00e9rieur, permettant \u00e0 tout le monde d&#8217;essayer les diff\u00e9rentes qualit\u00e9s disponibles chez The Tree CBD.<\/span><\/p>\n<p>&nbsp;<\/p>\n<h2><b>Utilisateur auquel il est destin\u00e9<\/b><\/h2>\n<p><span style=\"font-weight: 400;\">Le CBD Starter Pack est id\u00e9al <\/span><b>pour les utilisateurs qui ne connaissent pas The Tree CBD et souhaitent faire leur premier achat, <\/b><span style=\"font-weight: 400;\">mais ne savent pas tr\u00e8s bien quoi acheter et\/ou quelles qualit\u00e9s ils aiment le plus.<\/span><\/p>\n<p><span style=\"font-weight: 400;\">De plus, <\/span><b>ce pack offre<\/b><span style=\"font-weight: 400;\"> la possibilit\u00e9 d&#8217;obtenir cette vari\u00e9t\u00e9 \u00e0 un prix inf\u00e9rieur, puisqu&#8217;il repr\u00e9sente <\/span><b>une remise de 10% par rapport \u00e0 l&#8217;achat des produits s\u00e9par\u00e9ment.<\/b><\/p>\n<p>&nbsp;<\/p>\n<h2><b>Information sur la s\u00e9curit\u00e9<\/b><\/h2>\n<p><span style=\"font-weight: 400;\">Gardez \u00e0 l&#8217;esprit que les t\u00eates et les r\u00e9sines CBD de The Tree sont un produit d\u00e9coratif, de collection et aromatique. Ils ne doivent pas \u00eatre utilis\u00e9s pendant la grossesse ou l&#8217;allaitement. Garder hors de la port\u00e9e des enfants.<\/span><\/p>\n<p><b>Nos bourgeons CBD peuvent contenir une certaine quantit\u00e9 de THC. Bien s\u00fbr, cela est inf\u00e9rieur \u00e0 la limite europ\u00e9enne de 0,2 % de THC.<\/b><\/p>\n<p><span style=\"font-weight: 400;\">Le contenu fourni est uniquement \u00e0 des fins d&#8217;information et de formation et ne se substitue en aucun cas \u00e0 l&#8217;avis m\u00e9dical d&#8217;un m\u00e9decin ou d&#8217;un pharmacien. Nos textes ne sont pas destin\u00e9s au diagnostic et au traitement ind\u00e9pendants des maladies.<\/span><\/p>\n<p><span style=\"font-weight: 400;\">N&#8217;h\u00e9sitez pas \u00e0 nous contacter si vous avez d&#8217;autres questions.<\/span><\/p>\n<p><span style=\"font-weight: 400;\">\u00a0<\/span><\/p>\n<h2><b>Stockage<\/b><\/h2>\n<p><span style=\"font-weight: 400;\">Id\u00e9alement, les bourgeons et les r\u00e9sines CBD de The Tree doivent \u00eatre stock\u00e9s dans un endroit frais et sec, \u00e0 l&#8217;abri des odeurs l\u00e9g\u00e8res et fortes pour \u00e9viter tout type de contamination et\/ou de d\u00e9gradation. \u00c9vitez la lumi\u00e8re directe du soleil et la chaleur.<\/span><\/p>\n<p><span style=\"font-weight: 400;\">Attention : La dur\u00e9e de conservation indiqu\u00e9e est d&#8217;un mois si stock\u00e9e correctement.<\/span><\/p>\n","protected":false},"excerpt":{"rendered":"<ul>\n<li>1 Gelato (2gr.)<\/li>\n<li>1 Amnesia (2gr.)<\/li>\n<li>1 Strawberry (2gr.)<\/li>\n<li>1 OG Kush (2gr.)<\/li>\n<li>Fleurs de Chanvre<\/li>\n<li>Moins de 0,20% de THC<\/li>\n<li>Aucun effet psychoactif<\/li>\n<li>Issues de l\u2019agriculture biologique<\/li>\n<li>Sans OGM<\/li>\n<li>Sans pesticides<\/li>\n<\/ul>\n","protected":false},"featured_media":186113,"template":"","meta":{"_acf_changed":false},"product_brand":[],"class_list":{"0":"post-3390","1":"product","2":"type-product","3":"status-publish","4":"has-post-thumbnail","6":"product_cat-fleurs-cbd","7":"product_cat-packs-cbd","9":"first","10":"outofstock","11":"taxable","12":"shipping-taxable","13":"purchasable","14":"product-type-simple"},"acf":[],"yoast_head":"<!-- This site is optimized with the Yoast SEO plugin v26.3 - https:\/\/yoast.com\/wordpress\/plugins\/seo\/ -->\n<title>CBD Starter Pack de 4 - T\u00eates de cannabis Best Seller | The Tree CBD<\/title>\n<meta name=\"description\" content=\"CBD Starter Pack avec moins de 0,20% de THC. Notre meilleure s\u00e9lection de t\u00eates de cannabis The Tree CBD. Gelato, Amnesia, Orange Cookies et Green Cure (8 grammes)\" \/>\n<meta name=\"robots\" content=\"index, follow, max-snippet:-1, max-image-preview:large, max-video-preview:-1\" \/>\n<link rel=\"canonical\" href=\"https:\/\/thetreecbd.com\/fr\/boutique\/cbd-starter-pack-4\" \/>\n<meta property=\"og:locale\" content=\"fr_FR\" \/>\n<meta property=\"og:type\" content=\"article\" \/>\n<meta property=\"og:title\" content=\"CBD Starter Pack de 4 - T\u00eates de cannabis Best Seller | The Tree CBD\" \/>\n<meta property=\"og:description\" content=\"CBD Starter Pack avec moins de 0,20% de THC. Notre meilleure s\u00e9lection de t\u00eates de cannabis The Tree CBD. Gelato, Amnesia, Orange Cookies et Green Cure (8 grammes)\" \/>\n<meta property=\"og:url\" content=\"https:\/\/thetreecbd.com\/fr\/boutique\/cbd-starter-pack-4\/\" \/>\n<meta property=\"og:site_name\" content=\"The Tree CBD\" \/>\n<meta property=\"article:publisher\" content=\"https:\/\/www.facebook.com\/thetreeCBD\/\" \/>\n<meta property=\"article:modified_time\" content=\"2026-03-31T14:48:03+00:00\" \/>\n<meta property=\"og:image\" content=\"https:\/\/thetreecbd.com\/wp-content\/uploads\/2018\/11\/starter-pack-cbd-the-tree.png\" \/>\n\t<meta property=\"og:image:width\" content=\"600\" \/>\n\t<meta property=\"og:image:height\" content=\"720\" \/>\n\t<meta property=\"og:image:type\" content=\"image\/png\" \/>\n<meta name=\"twitter:card\" content=\"summary_large_image\" \/>\n<meta name=\"twitter:site\" content=\"@TheTreeCBD_EU\" \/>\n<meta name=\"twitter:label1\" content=\"Dur\u00e9e de lecture estim\u00e9e\" \/>\n\t<meta name=\"twitter:data1\" content=\"3 minutes\" \/>\n<script type=\"application\/ld+json\" class=\"yoast-schema-graph\">{\"@context\":\"https:\/\/schema.org\",\"@graph\":[{\"@type\":[\"WebPage\",\"ItemPage\"],\"@id\":\"https:\/\/thetreecbd.com\/fr\/cbd\/packs-cbd-pack-starter-4\",\"url\":\"https:\/\/thetreecbd.com\/fr\/boutique\/cbd-starter-pack-4\/\",\"name\":\"CBD Starter Pack de 4 - T\u00eates de cannabis Best Seller | The Tree CBD\",\"isPartOf\":{\"@id\":\"https:\/\/thetreecbd.com\/fr#website\"},\"primaryImageOfPage\":{\"@id\":\"https:\/\/thetreecbd.com\/fr\/boutique\/cbd-starter-pack-4\/#primaryimage\"},\"image\":{\"@id\":\"https:\/\/thetreecbd.com\/fr\/boutique\/cbd-starter-pack-4\/#primaryimage\"},\"thumbnailUrl\":\"https:\/\/thetreecbd.com\/wp-content\/uploads\/2018\/11\/CBD-starter-pack-4-thetree-web-1.jpg\",\"datePublished\":\"2018-11-20T16:09:16+00:00\",\"dateModified\":\"2026-03-31T14:48:03+00:00\",\"description\":\"CBD Starter Pack avec moins de 0,20% de THC. Notre meilleure s\u00e9lection de t\u00eates de cannabis The Tree CBD. Gelato, Amnesia, Orange Cookies et Green Cure (8 grammes)\",\"breadcrumb\":{\"@id\":\"https:\/\/thetreecbd.com\/fr\/boutique\/cbd-starter-pack-4\/#breadcrumb\"},\"inLanguage\":\"fr-FR\",\"potentialAction\":[{\"@type\":\"ReadAction\",\"target\":[\"https:\/\/thetreecbd.com\/fr\/boutique\/cbd-starter-pack-4\/\"]}]},{\"@type\":\"ImageObject\",\"inLanguage\":\"fr-FR\",\"@id\":\"https:\/\/thetreecbd.com\/fr\/boutique\/cbd-starter-pack-4\/#primaryimage\",\"url\":\"https:\/\/thetreecbd.com\/wp-content\/uploads\/2018\/11\/CBD-starter-pack-4-thetree-web-1.jpg\",\"contentUrl\":\"https:\/\/thetreecbd.com\/wp-content\/uploads\/2018\/11\/CBD-starter-pack-4-thetree-web-1.jpg\",\"width\":1080,\"height\":1350},{\"@type\":\"BreadcrumbList\",\"@id\":\"https:\/\/thetreecbd.com\/fr\/boutique\/cbd-starter-pack-4\/#breadcrumb\",\"itemListElement\":[{\"@type\":\"ListItem\",\"position\":1,\"name\":\"The Tree\",\"item\":\"https:\/\/thetreecbd.com\/fr\"},{\"@type\":\"ListItem\",\"position\":2,\"name\":\"CBD\",\"item\":\"https:\/\/thetreecbd.com\/es\/cbd\"},{\"@type\":\"ListItem\",\"position\":3,\"name\":\"Fleurs de chanvre. Fleurs de CBD\",\"item\":\"https:\/\/thetreecbd.com\/fr\/fleurs-cbd\"},{\"@type\":\"ListItem\",\"position\":4,\"name\":\"CBD Starter Pack de 4\"}]},{\"@type\":\"WebSite\",\"@id\":\"https:\/\/thetreecbd.com\/fr#website\",\"url\":\"https:\/\/thetreecbd.com\/fr\",\"name\":\"The Tree CBD\",\"description\":\"Comprar CBD en Espa\u00f1a Online\",\"publisher\":{\"@id\":\"https:\/\/thetreecbd.com\/fr#organization\"},\"potentialAction\":[{\"@type\":\"SearchAction\",\"target\":{\"@type\":\"EntryPoint\",\"urlTemplate\":\"https:\/\/thetreecbd.com\/fr?s={search_term_string}\"},\"query-input\":{\"@type\":\"PropertyValueSpecification\",\"valueRequired\":true,\"valueName\":\"search_term_string\"}}],\"inLanguage\":\"fr-FR\"},{\"@type\":\"Organization\",\"@id\":\"https:\/\/thetreecbd.com\/fr#organization\",\"name\":\"The Tree CBD\",\"url\":\"https:\/\/thetreecbd.com\/fr\",\"logo\":{\"@type\":\"ImageObject\",\"inLanguage\":\"fr-FR\",\"@id\":\"https:\/\/thetreecbd.com\/fr#\/schema\/logo\/image\/\",\"url\":\"https:\/\/thetreecbd.com\/wp-content\/uploads\/2022\/04\/logo-thetree.png\",\"contentUrl\":\"https:\/\/thetreecbd.com\/wp-content\/uploads\/2022\/04\/logo-thetree.png\",\"width\":172,\"height\":55,\"caption\":\"The Tree CBD\"},\"image\":{\"@id\":\"https:\/\/thetreecbd.com\/fr#\/schema\/logo\/image\/\"},\"sameAs\":[\"https:\/\/www.facebook.com\/thetreeCBD\/\",\"https:\/\/x.com\/TheTreeCBD_EU\",\"https:\/\/www.instagram.com\/thetree.cbd\/\",\"https:\/\/es.trustpilot.com\/review\/thetreecbd.com\"]}]}<\/script>\n<!-- \/ Yoast SEO plugin. -->","yoast_head_json":{"title":"CBD Starter Pack de 4 - T\u00eates de cannabis Best Seller | The Tree CBD","description":"CBD Starter Pack avec moins de 0,20% de THC. Notre meilleure s\u00e9lection de t\u00eates de cannabis The Tree CBD. Gelato, Amnesia, Orange Cookies et Green Cure (8 grammes)","robots":{"index":"index","follow":"follow","max-snippet":"max-snippet:-1","max-image-preview":"max-image-preview:large","max-video-preview":"max-video-preview:-1"},"canonical":"https:\/\/thetreecbd.com\/fr\/boutique\/cbd-starter-pack-4","og_locale":"fr_FR","og_type":"article","og_title":"CBD Starter Pack de 4 - T\u00eates de cannabis Best Seller | The Tree CBD","og_description":"CBD Starter Pack avec moins de 0,20% de THC. Notre meilleure s\u00e9lection de t\u00eates de cannabis The Tree CBD. Gelato, Amnesia, Orange Cookies et Green Cure (8 grammes)","og_url":"https:\/\/thetreecbd.com\/fr\/boutique\/cbd-starter-pack-4\/","og_site_name":"The Tree CBD","article_publisher":"https:\/\/www.facebook.com\/thetreeCBD\/","article_modified_time":"2026-03-31T14:48:03+00:00","og_image":[{"width":600,"height":720,"url":"https:\/\/thetreecbd.com\/wp-content\/uploads\/2018\/11\/starter-pack-cbd-the-tree.png","type":"image\/png"}],"twitter_card":"summary_large_image","twitter_site":"@TheTreeCBD_EU","twitter_misc":{"Dur\u00e9e de lecture estim\u00e9e":"3 minutes"},"schema":{"@context":"https:\/\/schema.org","@graph":[{"@type":["WebPage","ItemPage"],"@id":"https:\/\/thetreecbd.com\/fr\/cbd\/packs-cbd-pack-starter-4","url":"https:\/\/thetreecbd.com\/fr\/boutique\/cbd-starter-pack-4\/","name":"CBD Starter Pack de 4 - T\u00eates de cannabis Best Seller | The Tree CBD","isPartOf":{"@id":"https:\/\/thetreecbd.com\/fr#website"},"primaryImageOfPage":{"@id":"https:\/\/thetreecbd.com\/fr\/boutique\/cbd-starter-pack-4\/#primaryimage"},"image":{"@id":"https:\/\/thetreecbd.com\/fr\/boutique\/cbd-starter-pack-4\/#primaryimage"},"thumbnailUrl":"https:\/\/thetreecbd.com\/wp-content\/uploads\/2018\/11\/CBD-starter-pack-4-thetree-web-1.jpg","datePublished":"2018-11-20T16:09:16+00:00","dateModified":"2026-03-31T14:48:03+00:00","description":"CBD Starter Pack avec moins de 0,20% de THC. Notre meilleure s\u00e9lection de t\u00eates de cannabis The Tree CBD. Gelato, Amnesia, Orange Cookies et Green Cure (8 grammes)","breadcrumb":{"@id":"https:\/\/thetreecbd.com\/fr\/boutique\/cbd-starter-pack-4\/#breadcrumb"},"inLanguage":"fr-FR","potentialAction":[{"@type":"ReadAction","target":["https:\/\/thetreecbd.com\/fr\/boutique\/cbd-starter-pack-4\/"]}]},{"@type":"ImageObject","inLanguage":"fr-FR","@id":"https:\/\/thetreecbd.com\/fr\/boutique\/cbd-starter-pack-4\/#primaryimage","url":"https:\/\/thetreecbd.com\/wp-content\/uploads\/2018\/11\/CBD-starter-pack-4-thetree-web-1.jpg","contentUrl":"https:\/\/thetreecbd.com\/wp-content\/uploads\/2018\/11\/CBD-starter-pack-4-thetree-web-1.jpg","width":1080,"height":1350},{"@type":"BreadcrumbList","@id":"https:\/\/thetreecbd.com\/fr\/boutique\/cbd-starter-pack-4\/#breadcrumb","itemListElement":[{"@type":"ListItem","position":1,"name":"The Tree","item":"https:\/\/thetreecbd.com\/fr"},{"@type":"ListItem","position":2,"name":"CBD","item":"https:\/\/thetreecbd.com\/es\/cbd"},{"@type":"ListItem","position":3,"name":"Fleurs de chanvre. Fleurs de CBD","item":"https:\/\/thetreecbd.com\/fr\/fleurs-cbd"},{"@type":"ListItem","position":4,"name":"CBD Starter Pack de 4"}]},{"@type":"WebSite","@id":"https:\/\/thetreecbd.com\/fr#website","url":"https:\/\/thetreecbd.com\/fr","name":"The Tree CBD","description":"Comprar CBD en Espa\u00f1a Online","publisher":{"@id":"https:\/\/thetreecbd.com\/fr#organization"},"potentialAction":[{"@type":"SearchAction","target":{"@type":"EntryPoint","urlTemplate":"https:\/\/thetreecbd.com\/fr?s={search_term_string}"},"query-input":{"@type":"PropertyValueSpecification","valueRequired":true,"valueName":"search_term_string"}}],"inLanguage":"fr-FR"},{"@type":"Organization","@id":"https:\/\/thetreecbd.com\/fr#organization","name":"The Tree CBD","url":"https:\/\/thetreecbd.com\/fr","logo":{"@type":"ImageObject","inLanguage":"fr-FR","@id":"https:\/\/thetreecbd.com\/fr#\/schema\/logo\/image\/","url":"https:\/\/thetreecbd.com\/wp-content\/uploads\/2022\/04\/logo-thetree.png","contentUrl":"https:\/\/thetreecbd.com\/wp-content\/uploads\/2022\/04\/logo-thetree.png","width":172,"height":55,"caption":"The Tree CBD"},"image":{"@id":"https:\/\/thetreecbd.com\/fr#\/schema\/logo\/image\/"},"sameAs":["https:\/\/www.facebook.com\/thetreeCBD\/","https:\/\/x.com\/TheTreeCBD_EU","https:\/\/www.instagram.com\/thetree.cbd\/","https:\/\/es.trustpilot.com\/review\/thetreecbd.com"]}]}},"_links":{"self":[{"href":"https:\/\/thetreecbd.com\/fr\/wp-json\/wp\/v2\/product\/3390","targetHints":{"allow":["GET"]}}],"collection":[{"href":"https:\/\/thetreecbd.com\/fr\/wp-json\/wp\/v2\/product"}],"about":[{"href":"https:\/\/thetreecbd.com\/fr\/wp-json\/wp\/v2\/types\/product"}],"version-history":[{"count":0,"href":"https:\/\/thetreecbd.com\/fr\/wp-json\/wp\/v2\/product\/3390\/revisions"}],"wp:featuredmedia":[{"embeddable":true,"href":"https:\/\/thetreecbd.com\/fr\/wp-json\/wp\/v2\/media\/186113"}],"wp:attachment":[{"href":"https:\/\/thetreecbd.com\/fr\/wp-json\/wp\/v2\/media?parent=3390"}],"wp:term":[{"taxonomy":"product_brand","embeddable":true,"href":"https:\/\/thetreecbd.com\/fr\/wp-json\/wp\/v2\/product_brand?post=3390"}],"curies":[{"name":"wp","href":"https:\/\/api.w.org\/{rel}","templated":true}]}}