{"id":3396,"date":"2018-09-26T11:07:50","date_gmt":"2018-09-26T09:07:50","guid":{"rendered":"http:\/\/thetreecbd.com\/?post_type=product&#038;p=3396"},"modified":"2026-03-26T14:17:17","modified_gmt":"2026-03-26T13:17:17","slug":"cbd-flowers-green-house-strawberry","status":"publish","type":"product","link":"https:\/\/thetreecbd.com\/fr\/cbd\/cbd-flowers-green-house-strawberry","title":{"rendered":"Strawberry CBD"},"content":{"rendered":"<p><span style=\"font-weight: 400;\">The Tree CBD vous apporte les bourgeons de marijuana l\u00e9gaux de la vari\u00e9t\u00e9 <\/span><b>Strawberry<\/b><span style=\"font-weight: 400;\">, avec une g\u00e9n\u00e9tique unique qui offre une <\/span><b>grande quantit\u00e9 de CBD<\/b><span style=\"font-weight: 400;\"> dans chaque fleur. Les <\/span><a href=\"https:\/\/thetreecbd.com\/fr\/fleurs-cbd\"><span style=\"font-weight: 400;\">fleurs<\/span><\/a><span style=\"font-weight: 400;\"> sont issues d\u2019un croisement g\u00e9n\u00e9tique entre <\/span><b>Strawberry Pure x Pure CBD<\/b><span style=\"font-weight: 400;\">, cultiv\u00e9es en int\u00e9rieur de mani\u00e8re<\/span><b> 100% naturelle<\/b><span style=\"font-weight: 400;\">, <\/span><b>sans<\/b><span style=\"font-weight: 400;\"> utiliser <\/span><b>d\u2019additifs<\/b><span style=\"font-weight: 400;\"> ni de <\/span><b>pesticides<\/b><span style=\"font-weight: 400;\"> d\u2019aucune sorte.<\/span><\/p>\n<h2><b>Une apparence et une odeur douces<\/b><span style=\"font-weight: 400;\">\u00a0<\/span><\/h2>\n<p><span style=\"font-weight: 400;\">La <\/span><b>Strawberry<\/b><span style=\"font-weight: 400;\"> nous donne un ar\u00f4me tr\u00e8s<\/span><b> doux, frais et fruit\u00e9<\/b><span style=\"font-weight: 400;\">. La fleur se caract\u00e9rise par son odeur enveloppante, agr\u00e9able, fruit\u00e9e et, \u00e9videmment, avec un soup\u00e7on de fraise, ce qui indique clairement son nom. L\u2019apparence du bourgeon est vert tr\u00e8s fonc\u00e9 et de forme apicale, cons\u00e9quence de la technique de culture de la plante. De plus, ils sont de taille moyenne \u00e0 grande, assez volumineux et riches en r\u00e9sine. Ces<a href=\"https:\/\/thetreecbd.com\/fr\/fleurs-cbd\"> fleurs<\/a> sont compactes caract\u00e9ris\u00e9es par la forte concentration de pistils rouges. Cette vari\u00e9t\u00e9 <\/span><b>CBD<\/b><span style=\"font-weight: 400;\"> est tr\u00e8s bien re\u00e7ue et appr\u00e9ci\u00e9e des amateurs de sativa. Contrairement \u00e0 d\u2019autres bourgeons de marijuana l\u00e9galis\u00e9s, la <\/span><b>Strawberry<\/b><span style=\"font-weight: 400;\"> a une g\u00e9n\u00e9tique unique au reste.<\/span><\/p>\n<p><span style=\"font-weight: 400;\">Gr\u00e2ce \u00e0 ses <\/span><b>taux \u00e9lev\u00e9s de CBD<\/b><span style=\"font-weight: 400;\">, <\/span><b>entre 10% et 12%<\/b><span style=\"font-weight: 400;\"> vous pourrez appr\u00e9cier ses effets relaxants. La <\/span><b>Strawberry<\/b><span style=\"font-weight: 400;\"> est l\u2019une des meilleures re\u00e7ues par les amateurs de CBD.<\/span><\/p>\n<p><span style=\"font-weight: 400;\">De plus, comme ils contiennent moins de <\/span><b>0,20% de THC<\/b><span style=\"font-weight: 400;\">, ils sont compl\u00e8tement <\/span><b>l\u00e9gaux dans toute l\u2019Europe<\/b><span style=\"font-weight: 400;\"> et n\u2019ont aucun effet psychoactif d\u2019aucune sorte.<\/span><\/p>\n<h2><b>Caract\u00e9ristiques Strawberry CBD<\/b><\/h2>\n<ul>\n<li style=\"font-weight: 400;\" aria-level=\"1\"><span style=\"font-weight: 400;\"><a href=\"https:\/\/thetreecbd.com\/fr\/fleurs-cbd\">Fleurs<\/a> de chanvre\u00a0<\/span><\/li>\n<li style=\"font-weight: 400;\" aria-level=\"1\"><span style=\"font-weight: 400;\">Moins de 0,20% de THC\u00a0<\/span><\/li>\n<li style=\"font-weight: 400;\" aria-level=\"1\"><span style=\"font-weight: 400;\">De 10% \u00e0 12% de CBD\u00a0<\/span><\/li>\n<li style=\"font-weight: 400;\" aria-level=\"1\"><span style=\"font-weight: 400;\">G\u00e9n\u00e9tique: Fraise Pure x CBD Pure<\/span><\/li>\n<li style=\"font-weight: 400;\" aria-level=\"1\"><span style=\"font-weight: 400;\">Sativa 30% Indica 70%\u00a0<\/span><\/li>\n<li style=\"font-weight: 400;\" aria-level=\"1\"><span style=\"font-weight: 400;\">Aucun effet psychoactif<\/span><\/li>\n<li style=\"font-weight: 400;\" aria-level=\"1\"><span style=\"font-weight: 400;\">Issues de l\u2019agriculture biologique\u00a0<\/span><\/li>\n<li style=\"font-weight: 400;\" aria-level=\"1\"><span style=\"font-weight: 400;\">Sans OGM\u00a0<\/span><\/li>\n<li style=\"font-weight: 400;\" aria-level=\"1\"><span style=\"font-weight: 400;\">Sans pesticides<\/span><\/li>\n<\/ul>\n<h2><b>Ar\u00f4me Strawberry CBD<\/b><\/h2>\n<p><span style=\"font-weight: 400;\">Les terp\u00e8nes peuvent \u00eatre trouv\u00e9s dans la plupart des huiles essentielles de nombreuses plantes,<a href=\"https:\/\/thetreecbd.com\/fr\/fleurs-cbd\"> fleurs<\/a> et fruits, ils sont charg\u00e9s de fournir l&#8217;odeur et la saveur. Dans le cannabis, nous pouvons trouver un large profil de terp\u00e8nes.<\/span><\/p>\n<p><span style=\"font-weight: 400;\">La strawberry CBD de The Tree posee un aroma suave, fresco, dulce y afrutado donde destaca el toque de fresa.<\/span><\/p>\n<h2><b>Utilisateur auquel il est destin\u00e9<\/b><\/h2>\n<p><span style=\"font-weight: 400;\">Les<a href=\"https:\/\/thetreecbd.com\/fr\/fleurs-cbd\"> fleurs<\/a> CBD de serre sont parfaites pour ceux qui recherchent le meilleur rapport qualit\u00e9-prix, car elles offrent une couleur tr\u00e8s verte, de bonne qualit\u00e9, offrant un prix inf\u00e9rieur aux fleurs d&#8217;int\u00e9rieur.<\/span><\/p>\n<p><span style=\"font-weight: 400;\">Actuellement, il existe des serres tr\u00e8s bien pr\u00e9par\u00e9es qui peuvent devenir aussi efficaces qu&#8217;une culture d&#8217;int\u00e9rieur, sans perdre la capacit\u00e9 de filtrer la lumi\u00e8re du soleil, et m\u00eame avec un support l\u00e9ger, pour pouvoir maintenir la culture tout au long de l&#8217;ann\u00e9e sous la forme de jusqu&#8217;\u00e0 quatre cycles. De cette fa\u00e7on, les producteurs de CBD optent de plus en plus pour cette solution interm\u00e9diaire, car ils peuvent contr\u00f4ler le climat, les rayons du soleil ne sont pas si agressifs pour la plante et ils peuvent augmenter le rendement de production de la culture tout au long de l&#8217;ann\u00e9e.<\/span><\/p>\n<p><span style=\"font-weight: 400;\">Du point de vue des acheteurs, les <a href=\"https:\/\/thetreecbd.com\/fr\/fleurs-cbd\">fleurs<\/a> de serre sont, comme nous l&#8217;avons d\u00e9j\u00e0 dit, la meilleure option pour ceux qui recherchent un excellent rapport qualit\u00e9\/prix.<\/span><\/p>\n<h2><b>Information sur la s\u00e9curit\u00e9<\/b><\/h2>\n<p><span style=\"font-weight: 400;\">Gardez \u00e0 l&#8217;esprit que les bourgeons CBD de The Tree sont un produit d\u00e9coratif, de collection et aromatique. Ils ne doivent pas \u00eatre utilis\u00e9s pendant la grossesse ou l&#8217;allaitement. Garder hors de la port\u00e9e des enfants.<\/span><\/p>\n<p><span style=\"font-weight: 400;\">Nos bourgeons CBD peuvent contenir une certaine quantit\u00e9 de THC. Bien s\u00fbr, cela est inf\u00e9rieur \u00e0 la limite europ\u00e9enne de 0,2 % de THC.<\/span><\/p>\n<p><span style=\"font-weight: 400;\">Le contenu fourni est uniquement \u00e0 des fins d&#8217;information et de formation et ne se substitue en aucun cas \u00e0 l&#8217;avis m\u00e9dical d&#8217;un m\u00e9decin ou d&#8217;un pharmacien. Nos textes ne sont pas destin\u00e9s au diagnostic et au traitement ind\u00e9pendants des maladies.<\/span><\/p>\n<p><span style=\"font-weight: 400;\">N&#8217;h\u00e9sitez pas \u00e0 nous contacter si vous avez d&#8217;autres questions.<\/span><\/p>\n<h2><b>Stockage<\/b><\/h2>\n<p><span style=\"font-weight: 400;\">Id\u00e9alement, les bourgeons CBD de The Tree doivent \u00eatre stock\u00e9s dans un endroit frais et sec, \u00e0 l&#8217;abri des odeurs l\u00e9g\u00e8res et fortes pour \u00e9viter tout type de contamination et\/ou de d\u00e9gradation. \u00c9vitez la lumi\u00e8re directe du soleil et la chaleur.<\/span><\/p>\n<p><span style=\"font-weight: 400;\">Attention : La dur\u00e9e de conservation indiqu\u00e9e est d&#8217;un mois si stock\u00e9e correctement.<\/span><\/p>\n","protected":false},"excerpt":{"rendered":"<ul>\n<li style=\"font-weight: 400;\" aria-level=\"1\"><span style=\"font-weight: 400;\">Fleurs de chanvre\u00a0<\/span><\/li>\n<li style=\"font-weight: 400;\" aria-level=\"1\"><span style=\"font-weight: 400;\">Moins de 0,20% de THC\u00a0<\/span><\/li>\n<li style=\"font-weight: 400;\" aria-level=\"1\"><span style=\"font-weight: 400;\">De 10% \u00e0 12% de CBD\u00a0<\/span><\/li>\n<li style=\"font-weight: 400;\" aria-level=\"1\"><span style=\"font-weight: 400;\">G\u00e9n\u00e9tique: Fraise Pure x CBD Pure<\/span><\/li>\n<li style=\"font-weight: 400;\" aria-level=\"1\"><span style=\"font-weight: 400;\">Sativa 30% Indica 70%\u00a0<\/span><\/li>\n<li style=\"font-weight: 400;\" aria-level=\"1\"><span style=\"font-weight: 400;\">Aucun effet psychoactif<\/span><\/li>\n<li style=\"font-weight: 400;\" aria-level=\"1\"><span style=\"font-weight: 400;\">Issues de l\u2019agriculture biologique\u00a0<\/span><\/li>\n<li style=\"font-weight: 400;\" aria-level=\"1\"><span style=\"font-weight: 400;\">Sans OGM\u00a0<\/span><\/li>\n<li style=\"font-weight: 400;\" aria-level=\"1\"><span style=\"font-weight: 400;\">Sans pesticides<\/span><\/li>\n<\/ul>\n","protected":false},"featured_media":80653,"template":"","meta":{"_acf_changed":false},"product_brand":[],"class_list":{"0":"post-3396","1":"product","2":"type-product","3":"status-publish","4":"has-post-thumbnail","6":"product_cat-green-house","7":"product_cat-fleurs-cbd","8":"product_cat-cbd-concentrees-20","10":"first","11":"instock","12":"taxable","13":"shipping-taxable","14":"purchasable","15":"product-type-variable","16":"has-default-attributes"},"acf":[],"yoast_head":"<!-- This site is optimized with the Yoast SEO plugin v26.3 - https:\/\/yoast.com\/wordpress\/plugins\/seo\/ -->\n<title>Strawberry CBD - 12% CBD. Cannabis l\u00e9galis\u00e9 | The Tree CBD<\/title>\n<meta name=\"description\" content=\"Strawberry CBD, une vari\u00e9t\u00e9 cultiv\u00e9e en int\u00e9rieur de mani\u00e8re 100% naturelle. Relaxant gr\u00e2ce \u00e0 son taux de CBD entre 10% et 12%. L\u00e9galis\u00e9 en Espagne\" \/>\n<meta name=\"robots\" content=\"index, follow, max-snippet:-1, max-image-preview:large, max-video-preview:-1\" \/>\n<link rel=\"canonical\" href=\"https:\/\/thetreecbd.com\/fr\/boutique\/strawberry-cbd\" \/>\n<meta property=\"og:locale\" content=\"fr_FR\" \/>\n<meta property=\"og:type\" content=\"article\" \/>\n<meta property=\"og:title\" content=\"Strawberry CBD - 12% CBD. Cannabis l\u00e9galis\u00e9 | The Tree CBD\" \/>\n<meta property=\"og:description\" content=\"Strawberry CBD, une vari\u00e9t\u00e9 cultiv\u00e9e en int\u00e9rieur de mani\u00e8re 100% naturelle. Relaxant gr\u00e2ce \u00e0 son taux de CBD entre 10% et 12%. L\u00e9galis\u00e9 en Espagne\" \/>\n<meta property=\"og:url\" content=\"https:\/\/thetreecbd.com\/fr\/boutique\/strawberry-cbd\/\" \/>\n<meta property=\"og:site_name\" content=\"The Tree CBD\" \/>\n<meta property=\"article:publisher\" content=\"https:\/\/www.facebook.com\/thetreeCBD\/\" \/>\n<meta property=\"article:modified_time\" content=\"2026-03-26T13:17:17+00:00\" \/>\n<meta property=\"og:image\" content=\"https:\/\/thetreecbd.com\/wp-content\/uploads\/2018\/09\/cogollos-green-house-strawberry-1.jpg\" \/>\n\t<meta property=\"og:image:width\" content=\"600\" \/>\n\t<meta property=\"og:image:height\" content=\"720\" \/>\n\t<meta property=\"og:image:type\" content=\"image\/jpeg\" \/>\n<meta name=\"twitter:card\" content=\"summary_large_image\" \/>\n<meta name=\"twitter:site\" content=\"@TheTreeCBD_EU\" \/>\n<meta name=\"twitter:label1\" content=\"Dur\u00e9e de lecture estim\u00e9e\" \/>\n\t<meta name=\"twitter:data1\" content=\"3 minutes\" \/>\n<script type=\"application\/ld+json\" class=\"yoast-schema-graph\">{\"@context\":\"https:\/\/schema.org\",\"@graph\":[{\"@type\":[\"WebPage\",\"ItemPage\"],\"@id\":\"https:\/\/thetreecbd.com\/fr\/cbd\/cbd-flowers-green-house-strawberry\",\"url\":\"https:\/\/thetreecbd.com\/fr\/boutique\/strawberry-cbd\/\",\"name\":\"Strawberry CBD - 12% CBD. Cannabis l\u00e9galis\u00e9 | The Tree CBD\",\"isPartOf\":{\"@id\":\"https:\/\/thetreecbd.com\/fr#website\"},\"primaryImageOfPage\":{\"@id\":\"https:\/\/thetreecbd.com\/fr\/boutique\/strawberry-cbd\/#primaryimage\"},\"image\":{\"@id\":\"https:\/\/thetreecbd.com\/fr\/boutique\/strawberry-cbd\/#primaryimage\"},\"thumbnailUrl\":\"https:\/\/thetreecbd.com\/wp-content\/uploads\/2018\/09\/cogollos-green-house-strawberry-1.jpg\",\"datePublished\":\"2018-09-26T09:07:50+00:00\",\"dateModified\":\"2026-03-26T13:17:17+00:00\",\"description\":\"Strawberry CBD, une vari\u00e9t\u00e9 cultiv\u00e9e en int\u00e9rieur de mani\u00e8re 100% naturelle. Relaxant gr\u00e2ce \u00e0 son taux de CBD entre 10% et 12%. L\u00e9galis\u00e9 en Espagne\",\"breadcrumb\":{\"@id\":\"https:\/\/thetreecbd.com\/fr\/boutique\/strawberry-cbd\/#breadcrumb\"},\"inLanguage\":\"fr-FR\",\"potentialAction\":[{\"@type\":\"ReadAction\",\"target\":[\"https:\/\/thetreecbd.com\/fr\/boutique\/strawberry-cbd\/\"]}]},{\"@type\":\"ImageObject\",\"inLanguage\":\"fr-FR\",\"@id\":\"https:\/\/thetreecbd.com\/fr\/boutique\/strawberry-cbd\/#primaryimage\",\"url\":\"https:\/\/thetreecbd.com\/wp-content\/uploads\/2018\/09\/cogollos-green-house-strawberry-1.jpg\",\"contentUrl\":\"https:\/\/thetreecbd.com\/wp-content\/uploads\/2018\/09\/cogollos-green-house-strawberry-1.jpg\",\"width\":600,\"height\":720},{\"@type\":\"BreadcrumbList\",\"@id\":\"https:\/\/thetreecbd.com\/fr\/boutique\/strawberry-cbd\/#breadcrumb\",\"itemListElement\":[{\"@type\":\"ListItem\",\"position\":1,\"name\":\"The Tree\",\"item\":\"https:\/\/thetreecbd.com\/fr\"},{\"@type\":\"ListItem\",\"position\":2,\"name\":\"CBD\",\"item\":\"https:\/\/thetreecbd.com\/es\/cbd\"},{\"@type\":\"ListItem\",\"position\":3,\"name\":\"Fleurs de chanvre. Fleurs de CBD\",\"item\":\"https:\/\/thetreecbd.com\/fr\/fleurs-cbd\"},{\"@type\":\"ListItem\",\"position\":4,\"name\":\"Fleurs de CBD Green House\",\"item\":\"https:\/\/thetreecbd.com\/fr\/fleurs-cbd\/green-house\"},{\"@type\":\"ListItem\",\"position\":5,\"name\":\"Strawberry CBD\"}]},{\"@type\":\"WebSite\",\"@id\":\"https:\/\/thetreecbd.com\/fr#website\",\"url\":\"https:\/\/thetreecbd.com\/fr\",\"name\":\"The Tree CBD\",\"description\":\"Comprar CBD en Espa\u00f1a Online\",\"publisher\":{\"@id\":\"https:\/\/thetreecbd.com\/fr#organization\"},\"potentialAction\":[{\"@type\":\"SearchAction\",\"target\":{\"@type\":\"EntryPoint\",\"urlTemplate\":\"https:\/\/thetreecbd.com\/fr?s={search_term_string}\"},\"query-input\":{\"@type\":\"PropertyValueSpecification\",\"valueRequired\":true,\"valueName\":\"search_term_string\"}}],\"inLanguage\":\"fr-FR\"},{\"@type\":\"Organization\",\"@id\":\"https:\/\/thetreecbd.com\/fr#organization\",\"name\":\"The Tree CBD\",\"url\":\"https:\/\/thetreecbd.com\/fr\",\"logo\":{\"@type\":\"ImageObject\",\"inLanguage\":\"fr-FR\",\"@id\":\"https:\/\/thetreecbd.com\/fr#\/schema\/logo\/image\/\",\"url\":\"https:\/\/thetreecbd.com\/wp-content\/uploads\/2022\/04\/logo-thetree.png\",\"contentUrl\":\"https:\/\/thetreecbd.com\/wp-content\/uploads\/2022\/04\/logo-thetree.png\",\"width\":172,\"height\":55,\"caption\":\"The Tree CBD\"},\"image\":{\"@id\":\"https:\/\/thetreecbd.com\/fr#\/schema\/logo\/image\/\"},\"sameAs\":[\"https:\/\/www.facebook.com\/thetreeCBD\/\",\"https:\/\/x.com\/TheTreeCBD_EU\",\"https:\/\/www.instagram.com\/thetree.cbd\/\",\"https:\/\/es.trustpilot.com\/review\/thetreecbd.com\"]}]}<\/script>\n<!-- \/ Yoast SEO plugin. -->","yoast_head_json":{"title":"Strawberry CBD - 12% CBD. Cannabis l\u00e9galis\u00e9 | The Tree CBD","description":"Strawberry CBD, une vari\u00e9t\u00e9 cultiv\u00e9e en int\u00e9rieur de mani\u00e8re 100% naturelle. Relaxant gr\u00e2ce \u00e0 son taux de CBD entre 10% et 12%. L\u00e9galis\u00e9 en Espagne","robots":{"index":"index","follow":"follow","max-snippet":"max-snippet:-1","max-image-preview":"max-image-preview:large","max-video-preview":"max-video-preview:-1"},"canonical":"https:\/\/thetreecbd.com\/fr\/boutique\/strawberry-cbd","og_locale":"fr_FR","og_type":"article","og_title":"Strawberry CBD - 12% CBD. Cannabis l\u00e9galis\u00e9 | The Tree CBD","og_description":"Strawberry CBD, une vari\u00e9t\u00e9 cultiv\u00e9e en int\u00e9rieur de mani\u00e8re 100% naturelle. Relaxant gr\u00e2ce \u00e0 son taux de CBD entre 10% et 12%. L\u00e9galis\u00e9 en Espagne","og_url":"https:\/\/thetreecbd.com\/fr\/boutique\/strawberry-cbd\/","og_site_name":"The Tree CBD","article_publisher":"https:\/\/www.facebook.com\/thetreeCBD\/","article_modified_time":"2026-03-26T13:17:17+00:00","og_image":[{"width":600,"height":720,"url":"https:\/\/thetreecbd.com\/wp-content\/uploads\/2018\/09\/cogollos-green-house-strawberry-1.jpg","type":"image\/jpeg"}],"twitter_card":"summary_large_image","twitter_site":"@TheTreeCBD_EU","twitter_misc":{"Dur\u00e9e de lecture estim\u00e9e":"3 minutes"},"schema":{"@context":"https:\/\/schema.org","@graph":[{"@type":["WebPage","ItemPage"],"@id":"https:\/\/thetreecbd.com\/fr\/cbd\/cbd-flowers-green-house-strawberry","url":"https:\/\/thetreecbd.com\/fr\/boutique\/strawberry-cbd\/","name":"Strawberry CBD - 12% CBD. Cannabis l\u00e9galis\u00e9 | The Tree CBD","isPartOf":{"@id":"https:\/\/thetreecbd.com\/fr#website"},"primaryImageOfPage":{"@id":"https:\/\/thetreecbd.com\/fr\/boutique\/strawberry-cbd\/#primaryimage"},"image":{"@id":"https:\/\/thetreecbd.com\/fr\/boutique\/strawberry-cbd\/#primaryimage"},"thumbnailUrl":"https:\/\/thetreecbd.com\/wp-content\/uploads\/2018\/09\/cogollos-green-house-strawberry-1.jpg","datePublished":"2018-09-26T09:07:50+00:00","dateModified":"2026-03-26T13:17:17+00:00","description":"Strawberry CBD, une vari\u00e9t\u00e9 cultiv\u00e9e en int\u00e9rieur de mani\u00e8re 100% naturelle. Relaxant gr\u00e2ce \u00e0 son taux de CBD entre 10% et 12%. L\u00e9galis\u00e9 en Espagne","breadcrumb":{"@id":"https:\/\/thetreecbd.com\/fr\/boutique\/strawberry-cbd\/#breadcrumb"},"inLanguage":"fr-FR","potentialAction":[{"@type":"ReadAction","target":["https:\/\/thetreecbd.com\/fr\/boutique\/strawberry-cbd\/"]}]},{"@type":"ImageObject","inLanguage":"fr-FR","@id":"https:\/\/thetreecbd.com\/fr\/boutique\/strawberry-cbd\/#primaryimage","url":"https:\/\/thetreecbd.com\/wp-content\/uploads\/2018\/09\/cogollos-green-house-strawberry-1.jpg","contentUrl":"https:\/\/thetreecbd.com\/wp-content\/uploads\/2018\/09\/cogollos-green-house-strawberry-1.jpg","width":600,"height":720},{"@type":"BreadcrumbList","@id":"https:\/\/thetreecbd.com\/fr\/boutique\/strawberry-cbd\/#breadcrumb","itemListElement":[{"@type":"ListItem","position":1,"name":"The Tree","item":"https:\/\/thetreecbd.com\/fr"},{"@type":"ListItem","position":2,"name":"CBD","item":"https:\/\/thetreecbd.com\/es\/cbd"},{"@type":"ListItem","position":3,"name":"Fleurs de chanvre. Fleurs de CBD","item":"https:\/\/thetreecbd.com\/fr\/fleurs-cbd"},{"@type":"ListItem","position":4,"name":"Fleurs de CBD Green House","item":"https:\/\/thetreecbd.com\/fr\/fleurs-cbd\/green-house"},{"@type":"ListItem","position":5,"name":"Strawberry CBD"}]},{"@type":"WebSite","@id":"https:\/\/thetreecbd.com\/fr#website","url":"https:\/\/thetreecbd.com\/fr","name":"The Tree CBD","description":"Comprar CBD en Espa\u00f1a Online","publisher":{"@id":"https:\/\/thetreecbd.com\/fr#organization"},"potentialAction":[{"@type":"SearchAction","target":{"@type":"EntryPoint","urlTemplate":"https:\/\/thetreecbd.com\/fr?s={search_term_string}"},"query-input":{"@type":"PropertyValueSpecification","valueRequired":true,"valueName":"search_term_string"}}],"inLanguage":"fr-FR"},{"@type":"Organization","@id":"https:\/\/thetreecbd.com\/fr#organization","name":"The Tree CBD","url":"https:\/\/thetreecbd.com\/fr","logo":{"@type":"ImageObject","inLanguage":"fr-FR","@id":"https:\/\/thetreecbd.com\/fr#\/schema\/logo\/image\/","url":"https:\/\/thetreecbd.com\/wp-content\/uploads\/2022\/04\/logo-thetree.png","contentUrl":"https:\/\/thetreecbd.com\/wp-content\/uploads\/2022\/04\/logo-thetree.png","width":172,"height":55,"caption":"The Tree CBD"},"image":{"@id":"https:\/\/thetreecbd.com\/fr#\/schema\/logo\/image\/"},"sameAs":["https:\/\/www.facebook.com\/thetreeCBD\/","https:\/\/x.com\/TheTreeCBD_EU","https:\/\/www.instagram.com\/thetree.cbd\/","https:\/\/es.trustpilot.com\/review\/thetreecbd.com"]}]}},"_links":{"self":[{"href":"https:\/\/thetreecbd.com\/fr\/wp-json\/wp\/v2\/product\/3396","targetHints":{"allow":["GET"]}}],"collection":[{"href":"https:\/\/thetreecbd.com\/fr\/wp-json\/wp\/v2\/product"}],"about":[{"href":"https:\/\/thetreecbd.com\/fr\/wp-json\/wp\/v2\/types\/product"}],"version-history":[{"count":0,"href":"https:\/\/thetreecbd.com\/fr\/wp-json\/wp\/v2\/product\/3396\/revisions"}],"wp:featuredmedia":[{"embeddable":true,"href":"https:\/\/thetreecbd.com\/fr\/wp-json\/wp\/v2\/media\/80653"}],"wp:attachment":[{"href":"https:\/\/thetreecbd.com\/fr\/wp-json\/wp\/v2\/media?parent=3396"}],"wp:term":[{"taxonomy":"product_brand","embeddable":true,"href":"https:\/\/thetreecbd.com\/fr\/wp-json\/wp\/v2\/product_brand?post=3396"}],"curies":[{"name":"wp","href":"https:\/\/api.w.org\/{rel}","templated":true}]}}