{"id":3406,"date":"2018-07-26T16:58:59","date_gmt":"2018-07-26T14:58:59","guid":{"rendered":"http:\/\/thetreecbd.com\/?post_type=product&#038;p=3406"},"modified":"2026-03-19T12:23:11","modified_gmt":"2026-03-19T11:23:11","slug":"fleurs-cbd-indoor-amnesia","status":"publish","type":"product","link":"https:\/\/thetreecbd.com\/fr\/cbd\/fleurs-cbd-indoor-amnesia","title":{"rendered":"Amnesia CBD"},"content":{"rendered":"<p><span style=\"font-weight: 400;\">The Tree CBD vous apporte les <\/span><a href=\"https:\/\/thetreecbd.com\/fr\/fleurs-cbd\"><span style=\"font-weight: 400;\">fleurs de marijuana<\/span><\/a><span style=\"font-weight: 400;\"> l\u00e9gales de la vari\u00e9t\u00e9 <\/span><b>Amnesia CBD<\/b><span style=\"font-weight: 400;\">, en ce moment, l\u2019une des g\u00e9n\u00e9tiques avec la plus grande quantit\u00e9 de CBD que l\u2019on puisse trouver sur le march\u00e9. Ces t\u00eates sont issues d\u2019un croisement g\u00e9n\u00e9tique entre <\/span><b>Original Amnesia x Pure CBD<\/b><span style=\"font-weight: 400;\">, <\/span><b>cultiv\u00e9es en int\u00e9rieur de mani\u00e8re 100% naturelle<\/b><span style=\"font-weight: 400;\">, <\/span><b>sans<\/b><span style=\"font-weight: 400;\"> utiliser <\/span><b>d\u2019additifs<\/b><span style=\"font-weight: 400;\"> ni de <\/span><b>pesticides<\/b><span style=\"font-weight: 400;\"> d\u2019aucune sorte.<\/span><\/p>\n<p><span style=\"font-weight: 400;\">Ses performances sont l\u2019une de ses meilleures forces. Cette plante de cannabis est un grand producteur non seulement de bourgeons mais aussi de r\u00e9sine. S\u2019il est vrai que la taille de ses bourgeons est un peu inf\u00e9rieure \u00e0 celle de l\u2019Amnesia Original, ces <\/span><b>fleurs CBD<\/b><span style=\"font-weight: 400;\"> sont vraiment grandes et tr\u00e8s compactes. En mati\u00e8re de r\u00e9sine, les amateurs de trichomes ne devraient pas manquer notre Amnesia; une plante qui, pendant les derniers jours de floraison, est presque impossible \u00e0 toucher sans se tacher les mains.<\/span><\/p>\n<p><span style=\"font-weight: 400;\">Cette vari\u00e9t\u00e9 pr\u00e9sente des odeurs tr\u00e8s fortes. D\u00e8s que la floraison commence, Haze commence \u00e0 envahir toute la zone environnante. Les amateurs de Haze verront leurs attentes combl\u00e9es avec cette vari\u00e9t\u00e9 et avec son incroyable ar\u00f4me Haze d\u00e9bordant de nouvelles touches d\u2019agrumes.<\/span><\/p>\n<p><span style=\"font-weight: 400;\">Ils offrent des saveurs d\u2019agrumes, fruit\u00e9es et aromatiques, et leur effet est relaxant gr\u00e2ce \u00e0 leurs <\/span><b>taux \u00e9lev\u00e9s de CBD<\/b><span style=\"font-weight: 400;\">, entre<\/span><b> 21% et 23%<\/b><span style=\"font-weight: 400;\">.<\/span><\/p>\n<p><span style=\"font-weight: 400;\">De plus, comme ils contiennent <\/span><b>moins<\/b><span style=\"font-weight: 400;\"> de<\/span><b> 0,19% de THC<\/b><span style=\"font-weight: 400;\">, ils sont totalement <\/span><b>l\u00e9gaux dans toute l\u2019Europe<\/b><span style=\"font-weight: 400;\"> et n\u2019ont aucun effet psychoactif d\u2019aucune sorte.<\/span><\/p>\n<p><span style=\"font-weight: 400;\">\u00a0<\/span><\/p>\n<h2><b>Caract\u00e9ristiques Amnesia CBD<\/b><\/h2>\n<ul>\n<li style=\"font-weight: 400;\" aria-level=\"1\"><span style=\"font-weight: 400;\">Fleurs de chanvre\u00a0<\/span><\/li>\n<li style=\"font-weight: 400;\" aria-level=\"1\"><span style=\"font-weight: 400;\">Moins de 0,20% de THC\u00a0<\/span><\/li>\n<li style=\"font-weight: 400;\" aria-level=\"1\"><span style=\"font-weight: 400;\">De 21% \u00e0 23% de CBD\u00a0<\/span><\/li>\n<li style=\"font-weight: 400;\" aria-level=\"1\"><span style=\"font-weight: 400;\">G\u00e9n\u00e9tique: Amnesia Pure x CBD Pure<\/span><\/li>\n<li style=\"font-weight: 400;\" aria-level=\"1\"><span style=\"font-weight: 400;\">Sativa 60% Indica 40%\u00a0<\/span><\/li>\n<li style=\"font-weight: 400;\" aria-level=\"1\"><span style=\"font-weight: 400;\">Aucun effet psychoactif<\/span><\/li>\n<li style=\"font-weight: 400;\" aria-level=\"1\"><span style=\"font-weight: 400;\">Issues de l\u2019agriculture biologique\u00a0<\/span><\/li>\n<li style=\"font-weight: 400;\" aria-level=\"1\"><span style=\"font-weight: 400;\">Sans OGM\u00a0<\/span><\/li>\n<li style=\"font-weight: 400;\" aria-level=\"1\"><span style=\"font-weight: 400;\">Sans pesticides<\/span><\/li>\n<\/ul>\n<p>&nbsp;<\/p>\n<h2><b>Ar\u00f4me Amnesia CBD<\/b><\/h2>\n<p><span style=\"font-weight: 400;\">Les terp\u00e8nes peuvent \u00eatre trouv\u00e9s dans la plupart des huiles essentielles de nombreuses plantes, fleurs et fruits, ils sont charg\u00e9s de fournir l&#8217;odeur et la saveur. Dans le cannabis, nous pouvons trouver un large profil de terp\u00e8nes.<\/span><\/p>\n<p><span style=\"font-weight: 400;\">Dans le cas de l\u2019Amnesia CBD de The Tree, vous pouvez facilement le reconna\u00eetre si vous l&#8217;avez d\u00e9j\u00e0 essay\u00e9, son ar\u00f4me caract\u00e9ristique, doux et piquant, est indubitable, vous pouvez appr\u00e9cier des notes de terre et de pins semblables \u00e0 \u00eatre dans une for\u00eat ou sentir de l&#8217;encens .<\/span><\/p>\n<p>&nbsp;<\/p>\n<h2><b>Utilisateur auquel il est destin\u00e9<\/b><\/h2>\n<p><span style=\"font-weight: 400;\">Les fleurs de culture en int\u00e9rieur sont destin\u00e9es \u00e0 ceux qui recherchent une garantie de qualit\u00e9, car la culture en int\u00e9rieur permet la cr\u00e9ation de cbdfleurs homog\u00e8nes de couleur verte et \u00e0 forte concentration en CBD.<\/span><\/p>\n<p><span style=\"font-weight: 400;\">La culture en int\u00e9rieur est sans aucun doute un mode de culture beaucoup plus technique, o\u00f9 le milieu dans lequel une plante pousse peut \u00eatre contr\u00f4l\u00e9 pour obtenir les r\u00e9sultats pr\u00e9f\u00e9r\u00e9s du cultivateur.<\/span><\/p>\n<p><span style=\"font-weight: 400;\">C&#8217;est la m\u00e9thode pr\u00e9f\u00e9r\u00e9e \u00e0 des fins m\u00e9dicinales, car de cette mani\u00e8re, le contr\u00f4le du climat et de la lumi\u00e8re peut \u00eatre r\u00e9alis\u00e9, en standardisant le produit autant que possible ; Il ne faut pas oublier que la variabilit\u00e9 du pourcentage de CBD et autres cannabino\u00efdes d\u00e9pend beaucoup du milieu dans lequel il est cultiv\u00e9.<\/span><\/p>\n<p><span style=\"font-weight: 400;\">Avec un contr\u00f4le climatique et nutritionnel, \u00e0 la fois dans le support racinaire qui est donn\u00e9 et dans les heures de lumi\u00e8re, nous nous assurerons que le produit sera homog\u00e8ne et nous obtiendrons toujours une garantie de qualit\u00e9 avec des fleurs CBD \u00e0 l&#8217;int\u00e9rieur.<\/span><\/p>\n<p><span style=\"font-weight: 400;\">Du point de vue du consommateur, l&#8217;int\u00e9rieur peut \u00eatre meilleur pour la garantie de qualit\u00e9 susmentionn\u00e9e, et les fleurs de CBD d&#8217;int\u00e9rieur sont \u00e9galement connues pour leur apparence, g\u00e9n\u00e9ralement plus r\u00e9sineuse et d&#8217;une couleur verte plus brillante.<\/span><\/p>\n<p>&nbsp;<\/p>\n<h2><b>Information sur la s\u00e9curit\u00e9<\/b><\/h2>\n<p><span style=\"font-weight: 400;\">Gardez \u00e0 l&#8217;esprit que les bourgeons CBD de The Tree sont un produit d\u00e9coratif, de collection et aromatique. Ils ne doivent pas \u00eatre utilis\u00e9s pendant la grossesse ou l&#8217;allaitement. Garder hors de la port\u00e9e des enfants.<\/span><\/p>\n<p><span style=\"font-weight: 400;\">Nos bourgeons CBD peuvent contenir une certaine quantit\u00e9 de THC. Bien s\u00fbr, cela est inf\u00e9rieur \u00e0 la limite europ\u00e9enne de 0,2 % de THC.<\/span><\/p>\n<p><span style=\"font-weight: 400;\">Le contenu fourni est uniquement \u00e0 des fins d&#8217;information et de formation et ne se substitue en aucun cas \u00e0 l&#8217;avis m\u00e9dical d&#8217;un m\u00e9decin ou d&#8217;un pharmacien. Nos textes ne sont pas destin\u00e9s au diagnostic et au traitement ind\u00e9pendants des maladies.<\/span><\/p>\n<p><span style=\"font-weight: 400;\">N&#8217;h\u00e9sitez pas \u00e0 nous contacter si vous avez d&#8217;autres questions.<\/span><\/p>\n<p><span style=\"font-weight: 400;\">\u00a0<\/span><\/p>\n<h2><b>Stockage<\/b><\/h2>\n<p><span style=\"font-weight: 400;\">Id\u00e9alement, les bourgeons CBD de The Tree doivent \u00eatre stock\u00e9s dans un endroit frais et sec, \u00e0 l&#8217;abri des odeurs l\u00e9g\u00e8res et fortes pour \u00e9viter tout type de contamination et\/ou de d\u00e9gradation. \u00c9vitez la lumi\u00e8re directe du soleil et la chaleur.<\/span><\/p>\n<p><span style=\"font-weight: 400;\">Attention : La dur\u00e9e de conservation indiqu\u00e9e est d&#8217;un mois si stock\u00e9e correctement.<\/span><span style=\"font-weight: 400;\">\u00a0<\/span><\/p>\n<p><span style=\"font-weight: 400;\">Il est important de souligner que fumer du CBD, selon l&#8217;usage l\u00e9gal accept\u00e9 dans certains pays (pas en Espagne), ne provoque pas d&#8217;effets psychotropes, c&#8217;est-\u00e0-dire la sensation d&#8217;\u00eatre planant caus\u00e9e par la marijuana avec du THC.<\/span><\/p>\n","protected":false},"excerpt":{"rendered":"<ul>\n<li style=\"font-weight: 400;\" aria-level=\"1\"><span style=\"font-weight: 400;\">Fleurs de chanvre\u00a0<\/span><\/li>\n<li style=\"font-weight: 400;\" aria-level=\"1\"><span style=\"font-weight: 400;\">Moins de 0,20% de THC\u00a0<\/span><\/li>\n<li style=\"font-weight: 400;\" aria-level=\"1\"><span style=\"font-weight: 400;\">De 21% \u00e0 23% de CBD\u00a0<\/span><\/li>\n<li style=\"font-weight: 400;\" aria-level=\"1\"><span style=\"font-weight: 400;\">G\u00e9n\u00e9tique: Amnesia Pure x CBD Pure<\/span><\/li>\n<li style=\"font-weight: 400;\" aria-level=\"1\"><span style=\"font-weight: 400;\">Sativa 60% Indica 40%\u00a0<\/span><\/li>\n<li style=\"font-weight: 400;\" aria-level=\"1\"><span style=\"font-weight: 400;\">Aucun effet psychoactif<\/span><\/li>\n<li style=\"font-weight: 400;\" aria-level=\"1\"><span style=\"font-weight: 400;\">Issues de l\u2019agriculture biologique\u00a0<\/span><\/li>\n<li style=\"font-weight: 400;\" aria-level=\"1\"><span style=\"font-weight: 400;\">Sans OGM\u00a0<\/span><\/li>\n<li style=\"font-weight: 400;\" aria-level=\"1\"><span style=\"font-weight: 400;\">Sans pesticides<\/span><\/li>\n<\/ul>\n<p>&nbsp;<\/p>\n","protected":false},"featured_media":181882,"template":"","meta":{"_acf_changed":false},"product_brand":[],"class_list":{"0":"post-3406","1":"product","2":"type-product","3":"status-publish","4":"has-post-thumbnail","6":"product_cat-black-friday-cbd","7":"product_cat-indoor","8":"product_cat-fleurs-cbd","9":"product_cat-cbd-concentrees-10","11":"first","12":"instock","13":"taxable","14":"shipping-taxable","15":"purchasable","16":"product-type-variable"},"acf":[],"yoast_head":"<!-- This site is optimized with the Yoast SEO plugin v26.3 - https:\/\/yoast.com\/wordpress\/plugins\/seo\/ -->\n<title>Amnesia CBD - 23% CBD. Cannabis l\u00e9galis\u00e9 | The Tree CBD<\/title>\n<meta name=\"description\" content=\"L&#039;Amnesia CBD a un go\u00fbt d&#039;agrumes, de fruits et de plantes aromatiques, \u00e0 l&#039;effet relaxant gr\u00e2ce \u00e0 son taux \u00e9lev\u00e9 de CBD, \u00e0 23%. L\u00e9galis\u00e9 en Espagne\" \/>\n<meta name=\"robots\" content=\"index, follow, max-snippet:-1, max-image-preview:large, max-video-preview:-1\" \/>\n<link rel=\"canonical\" href=\"https:\/\/thetreecbd.com\/fr\/cbd\/fleurs-cbd-indoor-amnesia\" \/>\n<meta property=\"og:locale\" content=\"fr_FR\" \/>\n<meta property=\"og:type\" content=\"article\" \/>\n<meta property=\"og:title\" content=\"Amnesia CBD - 23% CBD. Cannabis l\u00e9galis\u00e9 | The Tree CBD\" \/>\n<meta property=\"og:description\" content=\"L&#039;Amnesia CBD a un go\u00fbt d&#039;agrumes, de fruits et de plantes aromatiques, \u00e0 l&#039;effet relaxant gr\u00e2ce \u00e0 son taux \u00e9lev\u00e9 de CBD, \u00e0 23%. L\u00e9galis\u00e9 en Espagne\" \/>\n<meta property=\"og:url\" content=\"https:\/\/thetreecbd.com\/fr\/cbd\/fleurs-cbd-indoor-amnesia\" \/>\n<meta property=\"og:site_name\" content=\"The Tree CBD\" \/>\n<meta property=\"article:publisher\" content=\"https:\/\/www.facebook.com\/thetreeCBD\/\" \/>\n<meta property=\"article:modified_time\" content=\"2026-03-19T11:23:11+00:00\" \/>\n<meta property=\"og:image\" content=\"https:\/\/thetreecbd.com\/wp-content\/uploads\/2018\/07\/amnesia-thetreecbd-web.jpg\" \/>\n\t<meta property=\"og:image:width\" content=\"1080\" \/>\n\t<meta property=\"og:image:height\" content=\"1350\" \/>\n\t<meta property=\"og:image:type\" content=\"image\/jpeg\" \/>\n<meta name=\"twitter:card\" content=\"summary_large_image\" \/>\n<meta name=\"twitter:site\" content=\"@TheTreeCBD_EU\" \/>\n<meta name=\"twitter:label1\" content=\"Dur\u00e9e de lecture estim\u00e9e\" \/>\n\t<meta name=\"twitter:data1\" content=\"4 minutes\" \/>\n<script type=\"application\/ld+json\" class=\"yoast-schema-graph\">{\"@context\":\"https:\/\/schema.org\",\"@graph\":[{\"@type\":[\"WebPage\",\"ItemPage\"],\"@id\":\"https:\/\/thetreecbd.com\/fr\/cbd\/fleurs-cbd-indoor-amnesia\",\"url\":\"https:\/\/thetreecbd.com\/fr\/cbd\/fleurs-cbd-indoor-amnesia\",\"name\":\"Amnesia CBD - 23% CBD. Cannabis l\u00e9galis\u00e9 | The Tree CBD\",\"isPartOf\":{\"@id\":\"https:\/\/thetreecbd.com\/fr#website\"},\"primaryImageOfPage\":{\"@id\":\"https:\/\/thetreecbd.com\/fr\/cbd\/fleurs-cbd-indoor-amnesia#primaryimage\"},\"image\":{\"@id\":\"https:\/\/thetreecbd.com\/fr\/cbd\/fleurs-cbd-indoor-amnesia#primaryimage\"},\"thumbnailUrl\":\"https:\/\/thetreecbd.com\/wp-content\/uploads\/2018\/07\/amnesia-thetreecbd-web.jpg\",\"datePublished\":\"2018-07-26T14:58:59+00:00\",\"dateModified\":\"2026-03-19T11:23:11+00:00\",\"description\":\"L'Amnesia CBD a un go\u00fbt d'agrumes, de fruits et de plantes aromatiques, \u00e0 l'effet relaxant gr\u00e2ce \u00e0 son taux \u00e9lev\u00e9 de CBD, \u00e0 23%. L\u00e9galis\u00e9 en Espagne\",\"breadcrumb\":{\"@id\":\"https:\/\/thetreecbd.com\/fr\/cbd\/fleurs-cbd-indoor-amnesia#breadcrumb\"},\"inLanguage\":\"fr-FR\",\"potentialAction\":[{\"@type\":\"ReadAction\",\"target\":[\"https:\/\/thetreecbd.com\/fr\/cbd\/fleurs-cbd-indoor-amnesia\"]}]},{\"@type\":\"ImageObject\",\"inLanguage\":\"fr-FR\",\"@id\":\"https:\/\/thetreecbd.com\/fr\/cbd\/fleurs-cbd-indoor-amnesia#primaryimage\",\"url\":\"https:\/\/thetreecbd.com\/wp-content\/uploads\/2018\/07\/amnesia-thetreecbd-web.jpg\",\"contentUrl\":\"https:\/\/thetreecbd.com\/wp-content\/uploads\/2018\/07\/amnesia-thetreecbd-web.jpg\",\"width\":1080,\"height\":1350},{\"@type\":\"BreadcrumbList\",\"@id\":\"https:\/\/thetreecbd.com\/fr\/cbd\/fleurs-cbd-indoor-amnesia#breadcrumb\",\"itemListElement\":[{\"@type\":\"ListItem\",\"position\":1,\"name\":\"The Tree\",\"item\":\"https:\/\/thetreecbd.com\/fr\"},{\"@type\":\"ListItem\",\"position\":2,\"name\":\"CBD\",\"item\":\"https:\/\/thetreecbd.com\/es\/cbd\"},{\"@type\":\"ListItem\",\"position\":3,\"name\":\"Fleurs de chanvre. Fleurs de CBD\",\"item\":\"https:\/\/thetreecbd.com\/fr\/fleurs-cbd\"},{\"@type\":\"ListItem\",\"position\":4,\"name\":\"Fleurs de CBD d'int\u00e9rieur\",\"item\":\"https:\/\/thetreecbd.com\/fr\/fleurs-cbd\/indoor\"},{\"@type\":\"ListItem\",\"position\":5,\"name\":\"Amnesia CBD\"}]},{\"@type\":\"WebSite\",\"@id\":\"https:\/\/thetreecbd.com\/fr#website\",\"url\":\"https:\/\/thetreecbd.com\/fr\",\"name\":\"The Tree CBD\",\"description\":\"Comprar CBD en Espa\u00f1a Online\",\"publisher\":{\"@id\":\"https:\/\/thetreecbd.com\/fr#organization\"},\"potentialAction\":[{\"@type\":\"SearchAction\",\"target\":{\"@type\":\"EntryPoint\",\"urlTemplate\":\"https:\/\/thetreecbd.com\/fr?s={search_term_string}\"},\"query-input\":{\"@type\":\"PropertyValueSpecification\",\"valueRequired\":true,\"valueName\":\"search_term_string\"}}],\"inLanguage\":\"fr-FR\"},{\"@type\":\"Organization\",\"@id\":\"https:\/\/thetreecbd.com\/fr#organization\",\"name\":\"The Tree CBD\",\"url\":\"https:\/\/thetreecbd.com\/fr\",\"logo\":{\"@type\":\"ImageObject\",\"inLanguage\":\"fr-FR\",\"@id\":\"https:\/\/thetreecbd.com\/fr#\/schema\/logo\/image\/\",\"url\":\"https:\/\/thetreecbd.com\/wp-content\/uploads\/2022\/04\/logo-thetree.png\",\"contentUrl\":\"https:\/\/thetreecbd.com\/wp-content\/uploads\/2022\/04\/logo-thetree.png\",\"width\":172,\"height\":55,\"caption\":\"The Tree CBD\"},\"image\":{\"@id\":\"https:\/\/thetreecbd.com\/fr#\/schema\/logo\/image\/\"},\"sameAs\":[\"https:\/\/www.facebook.com\/thetreeCBD\/\",\"https:\/\/x.com\/TheTreeCBD_EU\",\"https:\/\/www.instagram.com\/thetree.cbd\/\",\"https:\/\/es.trustpilot.com\/review\/thetreecbd.com\"]}]}<\/script>\n<!-- \/ Yoast SEO plugin. -->","yoast_head_json":{"title":"Amnesia CBD - 23% CBD. Cannabis l\u00e9galis\u00e9 | The Tree CBD","description":"L'Amnesia CBD a un go\u00fbt d'agrumes, de fruits et de plantes aromatiques, \u00e0 l'effet relaxant gr\u00e2ce \u00e0 son taux \u00e9lev\u00e9 de CBD, \u00e0 23%. L\u00e9galis\u00e9 en Espagne","robots":{"index":"index","follow":"follow","max-snippet":"max-snippet:-1","max-image-preview":"max-image-preview:large","max-video-preview":"max-video-preview:-1"},"canonical":"https:\/\/thetreecbd.com\/fr\/cbd\/fleurs-cbd-indoor-amnesia","og_locale":"fr_FR","og_type":"article","og_title":"Amnesia CBD - 23% CBD. Cannabis l\u00e9galis\u00e9 | The Tree CBD","og_description":"L'Amnesia CBD a un go\u00fbt d'agrumes, de fruits et de plantes aromatiques, \u00e0 l'effet relaxant gr\u00e2ce \u00e0 son taux \u00e9lev\u00e9 de CBD, \u00e0 23%. L\u00e9galis\u00e9 en Espagne","og_url":"https:\/\/thetreecbd.com\/fr\/cbd\/fleurs-cbd-indoor-amnesia","og_site_name":"The Tree CBD","article_publisher":"https:\/\/www.facebook.com\/thetreeCBD\/","article_modified_time":"2026-03-19T11:23:11+00:00","og_image":[{"width":1080,"height":1350,"url":"https:\/\/thetreecbd.com\/wp-content\/uploads\/2018\/07\/amnesia-thetreecbd-web.jpg","type":"image\/jpeg"}],"twitter_card":"summary_large_image","twitter_site":"@TheTreeCBD_EU","twitter_misc":{"Dur\u00e9e de lecture estim\u00e9e":"4 minutes"},"schema":{"@context":"https:\/\/schema.org","@graph":[{"@type":["WebPage","ItemPage"],"@id":"https:\/\/thetreecbd.com\/fr\/cbd\/fleurs-cbd-indoor-amnesia","url":"https:\/\/thetreecbd.com\/fr\/cbd\/fleurs-cbd-indoor-amnesia","name":"Amnesia CBD - 23% CBD. Cannabis l\u00e9galis\u00e9 | The Tree CBD","isPartOf":{"@id":"https:\/\/thetreecbd.com\/fr#website"},"primaryImageOfPage":{"@id":"https:\/\/thetreecbd.com\/fr\/cbd\/fleurs-cbd-indoor-amnesia#primaryimage"},"image":{"@id":"https:\/\/thetreecbd.com\/fr\/cbd\/fleurs-cbd-indoor-amnesia#primaryimage"},"thumbnailUrl":"https:\/\/thetreecbd.com\/wp-content\/uploads\/2018\/07\/amnesia-thetreecbd-web.jpg","datePublished":"2018-07-26T14:58:59+00:00","dateModified":"2026-03-19T11:23:11+00:00","description":"L'Amnesia CBD a un go\u00fbt d'agrumes, de fruits et de plantes aromatiques, \u00e0 l'effet relaxant gr\u00e2ce \u00e0 son taux \u00e9lev\u00e9 de CBD, \u00e0 23%. L\u00e9galis\u00e9 en Espagne","breadcrumb":{"@id":"https:\/\/thetreecbd.com\/fr\/cbd\/fleurs-cbd-indoor-amnesia#breadcrumb"},"inLanguage":"fr-FR","potentialAction":[{"@type":"ReadAction","target":["https:\/\/thetreecbd.com\/fr\/cbd\/fleurs-cbd-indoor-amnesia"]}]},{"@type":"ImageObject","inLanguage":"fr-FR","@id":"https:\/\/thetreecbd.com\/fr\/cbd\/fleurs-cbd-indoor-amnesia#primaryimage","url":"https:\/\/thetreecbd.com\/wp-content\/uploads\/2018\/07\/amnesia-thetreecbd-web.jpg","contentUrl":"https:\/\/thetreecbd.com\/wp-content\/uploads\/2018\/07\/amnesia-thetreecbd-web.jpg","width":1080,"height":1350},{"@type":"BreadcrumbList","@id":"https:\/\/thetreecbd.com\/fr\/cbd\/fleurs-cbd-indoor-amnesia#breadcrumb","itemListElement":[{"@type":"ListItem","position":1,"name":"The Tree","item":"https:\/\/thetreecbd.com\/fr"},{"@type":"ListItem","position":2,"name":"CBD","item":"https:\/\/thetreecbd.com\/es\/cbd"},{"@type":"ListItem","position":3,"name":"Fleurs de chanvre. Fleurs de CBD","item":"https:\/\/thetreecbd.com\/fr\/fleurs-cbd"},{"@type":"ListItem","position":4,"name":"Fleurs de CBD d'int\u00e9rieur","item":"https:\/\/thetreecbd.com\/fr\/fleurs-cbd\/indoor"},{"@type":"ListItem","position":5,"name":"Amnesia CBD"}]},{"@type":"WebSite","@id":"https:\/\/thetreecbd.com\/fr#website","url":"https:\/\/thetreecbd.com\/fr","name":"The Tree CBD","description":"Comprar CBD en Espa\u00f1a Online","publisher":{"@id":"https:\/\/thetreecbd.com\/fr#organization"},"potentialAction":[{"@type":"SearchAction","target":{"@type":"EntryPoint","urlTemplate":"https:\/\/thetreecbd.com\/fr?s={search_term_string}"},"query-input":{"@type":"PropertyValueSpecification","valueRequired":true,"valueName":"search_term_string"}}],"inLanguage":"fr-FR"},{"@type":"Organization","@id":"https:\/\/thetreecbd.com\/fr#organization","name":"The Tree CBD","url":"https:\/\/thetreecbd.com\/fr","logo":{"@type":"ImageObject","inLanguage":"fr-FR","@id":"https:\/\/thetreecbd.com\/fr#\/schema\/logo\/image\/","url":"https:\/\/thetreecbd.com\/wp-content\/uploads\/2022\/04\/logo-thetree.png","contentUrl":"https:\/\/thetreecbd.com\/wp-content\/uploads\/2022\/04\/logo-thetree.png","width":172,"height":55,"caption":"The Tree CBD"},"image":{"@id":"https:\/\/thetreecbd.com\/fr#\/schema\/logo\/image\/"},"sameAs":["https:\/\/www.facebook.com\/thetreeCBD\/","https:\/\/x.com\/TheTreeCBD_EU","https:\/\/www.instagram.com\/thetree.cbd\/","https:\/\/es.trustpilot.com\/review\/thetreecbd.com"]}]}},"_links":{"self":[{"href":"https:\/\/thetreecbd.com\/fr\/wp-json\/wp\/v2\/product\/3406","targetHints":{"allow":["GET"]}}],"collection":[{"href":"https:\/\/thetreecbd.com\/fr\/wp-json\/wp\/v2\/product"}],"about":[{"href":"https:\/\/thetreecbd.com\/fr\/wp-json\/wp\/v2\/types\/product"}],"version-history":[{"count":0,"href":"https:\/\/thetreecbd.com\/fr\/wp-json\/wp\/v2\/product\/3406\/revisions"}],"wp:featuredmedia":[{"embeddable":true,"href":"https:\/\/thetreecbd.com\/fr\/wp-json\/wp\/v2\/media\/181882"}],"wp:attachment":[{"href":"https:\/\/thetreecbd.com\/fr\/wp-json\/wp\/v2\/media?parent=3406"}],"wp:term":[{"taxonomy":"product_brand","embeddable":true,"href":"https:\/\/thetreecbd.com\/fr\/wp-json\/wp\/v2\/product_brand?post=3406"}],"curies":[{"name":"wp","href":"https:\/\/api.w.org\/{rel}","templated":true}]}}