{"id":39314,"date":"2020-10-15T11:56:51","date_gmt":"2020-10-15T09:56:51","guid":{"rendered":"https:\/\/thetreecbd.com\/?post_type=product&#038;p=39314"},"modified":"2025-09-01T14:09:19","modified_gmt":"2025-09-01T12:09:19","slug":"packs-cbd-pack-royale","status":"publish","type":"product","link":"https:\/\/thetreecbd.com\/fr\/cbd\/packs-cbd-pack-royale","title":{"rendered":"Pack CBD Royale: Fleurs de CBD + R\u00e9sine"},"content":{"rendered":"<p><span style=\"font-weight: 400;\">The Tree CBD vous propose ce <\/span><b>Pack CBD Royale<\/b><span style=\"font-weight: 400;\">, con\u00e7u pour pousser votre exp\u00e9rience encore plus loin, puisque vous pourrez essayer 3 de nos meilleures vari\u00e9t\u00e9s de <\/span><a href=\"https:\/\/thetreecbd.com\/fr\/fleurs-cbd\"><span style=\"font-weight: 400;\">fleurs<\/span><\/a><span style=\"font-weight: 400;\"> et de r\u00e9sines, vous offrant une offre sublime sous tous ses aspects.<\/span><\/p>\n<p><span style=\"font-weight: 400;\">Pour commencer, vous trouvez notre <\/span><a href=\"https:\/\/thetreecbd.com\/fr\/cbd\/fleurs-cbd-indoor-amnesia\"><span style=\"font-weight: 400;\">Amnesia CBD<\/span><\/a><span style=\"font-weight: 400;\">, une vari\u00e9t\u00e9 qui offre des <\/span><b>ar\u00f4mes d&#8217;agrumes, fruit\u00e9es et aromatiques<\/b><span style=\"font-weight: 400;\">, et son effet est relaxant gr\u00e2ce \u00e0 son taux \u00e9lev\u00e9 de <\/span><b>CBD, entre 21% et 23%.<\/b><\/p>\n<p><span style=\"font-weight: 400;\">La deuxi\u00e8me vari\u00e9t\u00e9 de <a href=\"https:\/\/thetreecbd.com\/fr\/fleurs-cbd\">fleurs<\/a> est notre exclusive <\/span><a href=\"https:\/\/thetreecbd.com\/fr\/cbd\/fleurs-cbd-indoor-cali-orange\"><span style=\"font-weight: 400;\">Cali Orange CBD<\/span><\/a><span style=\"font-weight: 400;\">, avec des <\/span><b>terp\u00e8nes fortement fruit\u00e9s, agrumes et acides<\/b><span style=\"font-weight: 400;\"> qui caract\u00e9risent le plus cette vari\u00e9t\u00e9, ce qui en fait l&#8217;une des plus recherch\u00e9es, en raison de son ar\u00f4me tr\u00e8s diff\u00e9rent et de sa odeur intense avec des nuances sucr\u00e9es et \u00e9pic\u00e9es. , note des notes fortes similaires \u00e0 celles des agrumes qui lui donnent du corps et de l&#8217;intensit\u00e9.<\/span><\/p>\n<p><span style=\"font-weight: 400;\">Et enfin notre <\/span><a href=\"https:\/\/thetreecbd.com\/fr\/cbd\/pollen-cbd-bubble-hash\"><span style=\"font-weight: 400;\">Bubble Hash CBD,<\/span><\/a><span style=\"font-weight: 400;\"> un produit de haute qualit\u00e9, de style artisanal, diff\u00e9rent des autres types de haschich CBD commercial. Au premier coup d&#8217;\u0153il, seuls des cristaux de r\u00e9sine sont visibles et un agr\u00e9able m\u00e9lange d&#8217;ar\u00f4mes s&#8217;en d\u00e9gage. La <\/span><b>haute qualit\u00e9 de ce produit est \u00e9vidente d\u00e8s l&#8217;odeur et les sensations initiales. <\/b><span style=\"font-weight: 400;\">Avec une odeur et un go\u00fbt comparables \u00e0 ceux des meilleurs Bubble Hash CBD, pour offrir une <\/span><b>exp\u00e9rience exceptionnelle qui ravira tous les grands amateurs de Hash.<\/b><\/p>\n<p><b>Tous nos produits sont cultiv\u00e9s en int\u00e9rieur de mani\u00e8re 100% naturelle,<\/b><span style=\"font-weight: 400;\"> sans utiliser d&#8217;additifs ni de pesticides d&#8217;aucune sorte.<\/span><\/p>\n<p><span style=\"font-weight: 400;\">En plus, comme ils <\/span><b>contiennent moins de 0,20 % de THC,<\/b><span style=\"font-weight: 400;\"> ils sont totalement l\u00e9gaux dans toute l&#8217;Europe et n&#8217;ont aucun effet psychoactif d&#8217;aucune sorte.<\/span><\/p>\n<p>&nbsp;<\/p>\n<h2><b>Caract\u00e9ristiques du Pack CBD Royale<\/b><\/h2>\n<ul>\n<li><span style=\"font-weight: 400;\">Pack de 2 et 3 grammes : 1 Amnesia CBD (2gr.) + 1 Cali Orange CBD (2gr.) + 1 Bubble Hash CBD (3gr.)<\/span><\/li>\n<li><span style=\"font-weight: 400;\">Pack de 5 grammes : 1 Amnesia CBD (5gr.) + 1 Cali Orange CBD (5gr.) + 1 Bubble Hash CBD (5gr.)<\/span><\/li>\n<li><span style=\"font-weight: 400;\">Bourgeons et r\u00e9sines de chanvre<\/span><\/li>\n<li><span style=\"font-weight: 400;\">Moins de 0,20 % de THC<\/span><\/li>\n<li><span style=\"font-weight: 400;\">Aucun effet psychoactif<\/span><\/li>\n<li><span style=\"font-weight: 400;\">de culture biologique<\/span><\/li>\n<li><span style=\"font-weight: 400;\">Sans OGM<\/span><\/li>\n<li><span style=\"font-weight: 400;\">Sans pesticides<\/span><\/li>\n<\/ul>\n<p><span style=\"font-weight: 400;\">\u00a0<\/span><\/p>\n<h2><b>Composants<\/b><\/h2>\n<p><span style=\"font-weight: 400;\">Ce pack est compos\u00e9 de 3 \u00e9l\u00e9ments diff\u00e9rents : un sachet d&#8217;Amnesia CBD, un de Cali Orange CBD et un autre de Bubble Hash CBD.<\/span><\/p>\n<p><span style=\"font-weight: 400;\">Vous pouvez le choisir en petit format avec des sachets de<a href=\"https:\/\/thetreecbd.com\/fr\/fleurs-cbd\"> fleurs<\/a> de 2 grammes et un sachet de 3 grammes de Charas CBD, ou en format plus grand avec des sachets de 5 grammes de chacun des composants qui entrent dans le pack.<\/span><\/p>\n<p>&nbsp;<\/p>\n<h2><b>Utilisateur auquel il est destin\u00e9<\/b><\/h2>\n<p><span style=\"font-weight: 400;\">Le pack CBD Royale est id\u00e9al pour les utilisateurs qui veulent et aiment la vari\u00e9t\u00e9, et qui ne se contentent pas de <a href=\"https:\/\/thetreecbd.com\/fr\/fleurs-cbd\">fleurs<\/a> ou de r\u00e9sines, mais qui veulent tout avoir.<\/span><\/p>\n<p><span style=\"font-weight: 400;\">De plus, ce pack offre la possibilit\u00e9 d&#8217;obtenir cette vari\u00e9t\u00e9 \u00e0 un prix inf\u00e9rieur, puisqu&#8217;il repr\u00e9sente une remise de 10% par rapport \u00e0 l&#8217;achat des produits s\u00e9par\u00e9ment.<\/span><\/p>\n<p>&nbsp;<\/p>\n<h2><b>Information sur la s\u00e9curit\u00e9<\/b><\/h2>\n<p><span style=\"font-weight: 400;\">Gardez \u00e0 l&#8217;esprit que les t\u00eates et les r\u00e9sines CBD de The Tree sont un produit d\u00e9coratif, de collection et aromatique. Ils ne doivent pas \u00eatre utilis\u00e9s pendant la grossesse ou l&#8217;allaitement. Garder hors de la port\u00e9e des enfants.<\/span><\/p>\n<p><span style=\"font-weight: 400;\">Nos bourgeons CBD peuvent contenir une certaine quantit\u00e9 de THC. Bien s\u00fbr, cela est inf\u00e9rieur \u00e0 la limite europ\u00e9enne de 0,2 % de THC.<\/span><\/p>\n<p><span style=\"font-weight: 400;\">Le contenu fourni est uniquement \u00e0 des fins d&#8217;information et de formation et ne se substitue en aucun cas \u00e0 l&#8217;avis m\u00e9dical d&#8217;un m\u00e9decin ou d&#8217;un pharmacien. Nos textes ne sont pas destin\u00e9s au diagnostic et au traitement ind\u00e9pendants des maladies.<\/span><\/p>\n<p><span style=\"font-weight: 400;\">N&#8217;h\u00e9sitez pas \u00e0 nous contacter si vous avez d&#8217;autres questions.<\/span><\/p>\n<p><span style=\"font-weight: 400;\">\u00a0<\/span><\/p>\n<h2><b>Stockage<\/b><\/h2>\n<p><span style=\"font-weight: 400;\">Id\u00e9alement, les bourgeons et les r\u00e9sines CBD de The Tree doivent \u00eatre stock\u00e9s dans un endroit frais et sec, \u00e0 l&#8217;abri des odeurs l\u00e9g\u00e8res et fortes pour \u00e9viter tout type de contamination et\/ou de d\u00e9gradation. \u00c9vitez la lumi\u00e8re directe du soleil et la chaleur.<\/span><\/p>\n<p><span style=\"font-weight: 400;\">Attention : La dur\u00e9e de conservation indiqu\u00e9e est d&#8217;un mois si stock\u00e9e correctement.<\/span><\/p>\n","protected":false},"excerpt":{"rendered":"<ul>\n<li><span style=\"font-weight: 400;\"><strong>Pack de 2 et 3 grammes<\/strong>: 1 Amnesia CBD (2gr.) + 1 Cali Orange CBD (2gr.) + 1 Bubble Hash CBD (3gr.)<\/span><\/li>\n<li><span style=\"font-weight: 400;\"><strong>Pack de 5 grammes<\/strong>: 1 Amnesia CBD (5gr.) + 1 Cali Orange CBD (5gr.) + 1 Bubble Hash CBD (5gr.)<\/span><\/li>\n<li><span style=\"font-weight: 400;\">Bourgeons et r\u00e9sines de chanvre<\/span><\/li>\n<li><span style=\"font-weight: 400;\">Moins de 0,20 % de <strong>THC<\/strong><\/span><\/li>\n<li><span style=\"font-weight: 400;\">Aucun effet psychoactif<\/span><\/li>\n<li><span style=\"font-weight: 400;\">de culture biologique<\/span><\/li>\n<li><span style=\"font-weight: 400;\">Sans OGM<\/span><\/li>\n<li><span style=\"font-weight: 400;\">Sans pesticides<\/span><\/li>\n<\/ul>\n","protected":false},"featured_media":186102,"template":"","meta":{"_acf_changed":false},"product_brand":[],"class_list":{"0":"post-39314","1":"product","2":"type-product","3":"status-publish","4":"has-post-thumbnail","6":"product_cat-fleurs-cbd","7":"product_cat-promotions-cbd","8":"product_cat-packs-cbd","9":"product_cat-resines-cbd","11":"first","12":"outofstock","13":"sale","14":"taxable","15":"shipping-taxable","16":"purchasable","17":"product-type-variable"},"acf":[],"yoast_head":"<!-- This site is optimized with the Yoast SEO plugin v26.3 - https:\/\/yoast.com\/wordpress\/plugins\/seo\/ -->\n<title>Pack CBD Royale: Fleurs de CBD + R\u00e9sine | - The Tree CBD<\/title>\n<meta name=\"description\" content=\"Avec le Pack CBD Royale, vous pourrez gouter 3 parmi nos meilleures fleurs et r\u00e9sines : Orange Cookies CBD 2g + 1 Green Cure CBD 2g + 1 Chara CBD Hash 3g\" \/>\n<meta name=\"robots\" content=\"index, follow, max-snippet:-1, max-image-preview:large, max-video-preview:-1\" \/>\n<link rel=\"canonical\" href=\"https:\/\/thetreecbd.com\/fr\/cbd\/packs-cbd-pack-royale\" \/>\n<meta property=\"og:locale\" content=\"fr_FR\" \/>\n<meta property=\"og:type\" content=\"article\" \/>\n<meta property=\"og:title\" content=\"Pack CBD Royale: Fleurs de CBD + R\u00e9sine | - The Tree CBD\" \/>\n<meta property=\"og:description\" content=\"Avec le Pack CBD Royale, vous pourrez gouter 3 parmi nos meilleures fleurs et r\u00e9sines : Orange Cookies CBD 2g + 1 Green Cure CBD 2g + 1 Chara CBD Hash 3g\" \/>\n<meta property=\"og:url\" content=\"https:\/\/thetreecbd.com\/fr\/cbd\/packs-cbd-pack-royale\" \/>\n<meta property=\"og:site_name\" content=\"The Tree CBD\" \/>\n<meta property=\"article:publisher\" content=\"https:\/\/www.facebook.com\/thetreeCBD\/\" \/>\n<meta property=\"article:modified_time\" content=\"2025-09-01T12:09:19+00:00\" \/>\n<meta property=\"og:image\" content=\"https:\/\/thetreecbd.com\/wp-content\/uploads\/2023\/06\/pack-royale-cbd.png\" \/>\n\t<meta property=\"og:image:width\" content=\"600\" \/>\n\t<meta property=\"og:image:height\" content=\"720\" \/>\n\t<meta property=\"og:image:type\" content=\"image\/png\" \/>\n<meta name=\"twitter:card\" content=\"summary_large_image\" \/>\n<meta name=\"twitter:site\" content=\"@TheTreeCBD_EU\" \/>\n<meta name=\"twitter:label1\" content=\"Dur\u00e9e de lecture estim\u00e9e\" \/>\n\t<meta name=\"twitter:data1\" content=\"3 minutes\" \/>\n<script type=\"application\/ld+json\" class=\"yoast-schema-graph\">{\"@context\":\"https:\/\/schema.org\",\"@graph\":[{\"@type\":[\"WebPage\",\"ItemPage\"],\"@id\":\"https:\/\/thetreecbd.com\/fr\/cbd\/packs-cbd-pack-royale\",\"url\":\"https:\/\/thetreecbd.com\/fr\/cbd\/packs-cbd-pack-royale\",\"name\":\"Pack CBD Royale: Fleurs de CBD + R\u00e9sine | - The Tree CBD\",\"isPartOf\":{\"@id\":\"https:\/\/thetreecbd.com\/fr#website\"},\"primaryImageOfPage\":{\"@id\":\"https:\/\/thetreecbd.com\/fr\/cbd\/packs-cbd-pack-royale#primaryimage\"},\"image\":{\"@id\":\"https:\/\/thetreecbd.com\/fr\/cbd\/packs-cbd-pack-royale#primaryimage\"},\"thumbnailUrl\":\"https:\/\/thetreecbd.com\/wp-content\/uploads\/2020\/10\/packs-cbd-royal-thetree-web.jpg\",\"datePublished\":\"2020-10-15T09:56:51+00:00\",\"dateModified\":\"2025-09-01T12:09:19+00:00\",\"description\":\"Avec le Pack CBD Royale, vous pourrez gouter 3 parmi nos meilleures fleurs et r\u00e9sines : Orange Cookies CBD 2g + 1 Green Cure CBD 2g + 1 Chara CBD Hash 3g\",\"breadcrumb\":{\"@id\":\"https:\/\/thetreecbd.com\/fr\/cbd\/packs-cbd-pack-royale#breadcrumb\"},\"inLanguage\":\"fr-FR\",\"potentialAction\":[{\"@type\":\"ReadAction\",\"target\":[\"https:\/\/thetreecbd.com\/fr\/cbd\/packs-cbd-pack-royale\"]}]},{\"@type\":\"ImageObject\",\"inLanguage\":\"fr-FR\",\"@id\":\"https:\/\/thetreecbd.com\/fr\/cbd\/packs-cbd-pack-royale#primaryimage\",\"url\":\"https:\/\/thetreecbd.com\/wp-content\/uploads\/2020\/10\/packs-cbd-royal-thetree-web.jpg\",\"contentUrl\":\"https:\/\/thetreecbd.com\/wp-content\/uploads\/2020\/10\/packs-cbd-royal-thetree-web.jpg\",\"width\":1080,\"height\":1350},{\"@type\":\"BreadcrumbList\",\"@id\":\"https:\/\/thetreecbd.com\/fr\/cbd\/packs-cbd-pack-royale#breadcrumb\",\"itemListElement\":[{\"@type\":\"ListItem\",\"position\":1,\"name\":\"The Tree\",\"item\":\"https:\/\/thetreecbd.com\/fr\"},{\"@type\":\"ListItem\",\"position\":2,\"name\":\"CBD\",\"item\":\"https:\/\/thetreecbd.com\/es\/cbd\"},{\"@type\":\"ListItem\",\"position\":3,\"name\":\"Fleurs de chanvre. Fleurs de CBD\",\"item\":\"https:\/\/thetreecbd.com\/fr\/fleurs-cbd\"},{\"@type\":\"ListItem\",\"position\":4,\"name\":\"Pack CBD Royale: Fleurs de CBD + R\u00e9sine\"}]},{\"@type\":\"WebSite\",\"@id\":\"https:\/\/thetreecbd.com\/fr#website\",\"url\":\"https:\/\/thetreecbd.com\/fr\",\"name\":\"The Tree CBD\",\"description\":\"Comprar CBD en Espa\u00f1a Online\",\"publisher\":{\"@id\":\"https:\/\/thetreecbd.com\/fr#organization\"},\"potentialAction\":[{\"@type\":\"SearchAction\",\"target\":{\"@type\":\"EntryPoint\",\"urlTemplate\":\"https:\/\/thetreecbd.com\/fr?s={search_term_string}\"},\"query-input\":{\"@type\":\"PropertyValueSpecification\",\"valueRequired\":true,\"valueName\":\"search_term_string\"}}],\"inLanguage\":\"fr-FR\"},{\"@type\":\"Organization\",\"@id\":\"https:\/\/thetreecbd.com\/fr#organization\",\"name\":\"The Tree CBD\",\"url\":\"https:\/\/thetreecbd.com\/fr\",\"logo\":{\"@type\":\"ImageObject\",\"inLanguage\":\"fr-FR\",\"@id\":\"https:\/\/thetreecbd.com\/fr#\/schema\/logo\/image\/\",\"url\":\"https:\/\/thetreecbd.com\/wp-content\/uploads\/2022\/04\/logo-thetree.png\",\"contentUrl\":\"https:\/\/thetreecbd.com\/wp-content\/uploads\/2022\/04\/logo-thetree.png\",\"width\":172,\"height\":55,\"caption\":\"The Tree CBD\"},\"image\":{\"@id\":\"https:\/\/thetreecbd.com\/fr#\/schema\/logo\/image\/\"},\"sameAs\":[\"https:\/\/www.facebook.com\/thetreeCBD\/\",\"https:\/\/x.com\/TheTreeCBD_EU\",\"https:\/\/www.instagram.com\/thetree.cbd\/\",\"https:\/\/es.trustpilot.com\/review\/thetreecbd.com\"]}]}<\/script>\n<!-- \/ Yoast SEO plugin. -->","yoast_head_json":{"title":"Pack CBD Royale: Fleurs de CBD + R\u00e9sine | - The Tree CBD","description":"Avec le Pack CBD Royale, vous pourrez gouter 3 parmi nos meilleures fleurs et r\u00e9sines : Orange Cookies CBD 2g + 1 Green Cure CBD 2g + 1 Chara CBD Hash 3g","robots":{"index":"index","follow":"follow","max-snippet":"max-snippet:-1","max-image-preview":"max-image-preview:large","max-video-preview":"max-video-preview:-1"},"canonical":"https:\/\/thetreecbd.com\/fr\/cbd\/packs-cbd-pack-royale","og_locale":"fr_FR","og_type":"article","og_title":"Pack CBD Royale: Fleurs de CBD + R\u00e9sine | - The Tree CBD","og_description":"Avec le Pack CBD Royale, vous pourrez gouter 3 parmi nos meilleures fleurs et r\u00e9sines : Orange Cookies CBD 2g + 1 Green Cure CBD 2g + 1 Chara CBD Hash 3g","og_url":"https:\/\/thetreecbd.com\/fr\/cbd\/packs-cbd-pack-royale","og_site_name":"The Tree CBD","article_publisher":"https:\/\/www.facebook.com\/thetreeCBD\/","article_modified_time":"2025-09-01T12:09:19+00:00","og_image":[{"width":600,"height":720,"url":"https:\/\/thetreecbd.com\/wp-content\/uploads\/2023\/06\/pack-royale-cbd.png","type":"image\/png"}],"twitter_card":"summary_large_image","twitter_site":"@TheTreeCBD_EU","twitter_misc":{"Dur\u00e9e de lecture estim\u00e9e":"3 minutes"},"schema":{"@context":"https:\/\/schema.org","@graph":[{"@type":["WebPage","ItemPage"],"@id":"https:\/\/thetreecbd.com\/fr\/cbd\/packs-cbd-pack-royale","url":"https:\/\/thetreecbd.com\/fr\/cbd\/packs-cbd-pack-royale","name":"Pack CBD Royale: Fleurs de CBD + R\u00e9sine | - The Tree CBD","isPartOf":{"@id":"https:\/\/thetreecbd.com\/fr#website"},"primaryImageOfPage":{"@id":"https:\/\/thetreecbd.com\/fr\/cbd\/packs-cbd-pack-royale#primaryimage"},"image":{"@id":"https:\/\/thetreecbd.com\/fr\/cbd\/packs-cbd-pack-royale#primaryimage"},"thumbnailUrl":"https:\/\/thetreecbd.com\/wp-content\/uploads\/2020\/10\/packs-cbd-royal-thetree-web.jpg","datePublished":"2020-10-15T09:56:51+00:00","dateModified":"2025-09-01T12:09:19+00:00","description":"Avec le Pack CBD Royale, vous pourrez gouter 3 parmi nos meilleures fleurs et r\u00e9sines : Orange Cookies CBD 2g + 1 Green Cure CBD 2g + 1 Chara CBD Hash 3g","breadcrumb":{"@id":"https:\/\/thetreecbd.com\/fr\/cbd\/packs-cbd-pack-royale#breadcrumb"},"inLanguage":"fr-FR","potentialAction":[{"@type":"ReadAction","target":["https:\/\/thetreecbd.com\/fr\/cbd\/packs-cbd-pack-royale"]}]},{"@type":"ImageObject","inLanguage":"fr-FR","@id":"https:\/\/thetreecbd.com\/fr\/cbd\/packs-cbd-pack-royale#primaryimage","url":"https:\/\/thetreecbd.com\/wp-content\/uploads\/2020\/10\/packs-cbd-royal-thetree-web.jpg","contentUrl":"https:\/\/thetreecbd.com\/wp-content\/uploads\/2020\/10\/packs-cbd-royal-thetree-web.jpg","width":1080,"height":1350},{"@type":"BreadcrumbList","@id":"https:\/\/thetreecbd.com\/fr\/cbd\/packs-cbd-pack-royale#breadcrumb","itemListElement":[{"@type":"ListItem","position":1,"name":"The Tree","item":"https:\/\/thetreecbd.com\/fr"},{"@type":"ListItem","position":2,"name":"CBD","item":"https:\/\/thetreecbd.com\/es\/cbd"},{"@type":"ListItem","position":3,"name":"Fleurs de chanvre. Fleurs de CBD","item":"https:\/\/thetreecbd.com\/fr\/fleurs-cbd"},{"@type":"ListItem","position":4,"name":"Pack CBD Royale: Fleurs de CBD + R\u00e9sine"}]},{"@type":"WebSite","@id":"https:\/\/thetreecbd.com\/fr#website","url":"https:\/\/thetreecbd.com\/fr","name":"The Tree CBD","description":"Comprar CBD en Espa\u00f1a Online","publisher":{"@id":"https:\/\/thetreecbd.com\/fr#organization"},"potentialAction":[{"@type":"SearchAction","target":{"@type":"EntryPoint","urlTemplate":"https:\/\/thetreecbd.com\/fr?s={search_term_string}"},"query-input":{"@type":"PropertyValueSpecification","valueRequired":true,"valueName":"search_term_string"}}],"inLanguage":"fr-FR"},{"@type":"Organization","@id":"https:\/\/thetreecbd.com\/fr#organization","name":"The Tree CBD","url":"https:\/\/thetreecbd.com\/fr","logo":{"@type":"ImageObject","inLanguage":"fr-FR","@id":"https:\/\/thetreecbd.com\/fr#\/schema\/logo\/image\/","url":"https:\/\/thetreecbd.com\/wp-content\/uploads\/2022\/04\/logo-thetree.png","contentUrl":"https:\/\/thetreecbd.com\/wp-content\/uploads\/2022\/04\/logo-thetree.png","width":172,"height":55,"caption":"The Tree CBD"},"image":{"@id":"https:\/\/thetreecbd.com\/fr#\/schema\/logo\/image\/"},"sameAs":["https:\/\/www.facebook.com\/thetreeCBD\/","https:\/\/x.com\/TheTreeCBD_EU","https:\/\/www.instagram.com\/thetree.cbd\/","https:\/\/es.trustpilot.com\/review\/thetreecbd.com"]}]}},"_links":{"self":[{"href":"https:\/\/thetreecbd.com\/fr\/wp-json\/wp\/v2\/product\/39314","targetHints":{"allow":["GET"]}}],"collection":[{"href":"https:\/\/thetreecbd.com\/fr\/wp-json\/wp\/v2\/product"}],"about":[{"href":"https:\/\/thetreecbd.com\/fr\/wp-json\/wp\/v2\/types\/product"}],"version-history":[{"count":0,"href":"https:\/\/thetreecbd.com\/fr\/wp-json\/wp\/v2\/product\/39314\/revisions"}],"wp:featuredmedia":[{"embeddable":true,"href":"https:\/\/thetreecbd.com\/fr\/wp-json\/wp\/v2\/media\/186102"}],"wp:attachment":[{"href":"https:\/\/thetreecbd.com\/fr\/wp-json\/wp\/v2\/media?parent=39314"}],"wp:term":[{"taxonomy":"product_brand","embeddable":true,"href":"https:\/\/thetreecbd.com\/fr\/wp-json\/wp\/v2\/product_brand?post=39314"}],"curies":[{"name":"wp","href":"https:\/\/api.w.org\/{rel}","templated":true}]}}