{"id":39327,"date":"2020-10-15T12:28:33","date_gmt":"2020-10-15T10:28:33","guid":{"rendered":"https:\/\/thetreecbd.com\/?post_type=product&#038;p=39327"},"modified":"2025-10-21T12:31:44","modified_gmt":"2025-10-21T10:31:44","slug":"fleurs-cbd-outdoor-green-cure","status":"publish","type":"product","link":"https:\/\/thetreecbd.com\/fr\/cbd\/fleurs-cbd-outdoor-green-cure","title":{"rendered":"Green Cure CBD"},"content":{"rendered":"<p><span style=\"font-weight: 400;\">The Tree CBD vous apporte les bourgeons de marijuana l\u00e9gaux de la vari\u00e9t\u00e9 <\/span><b>Green Cure CBD<\/b><span style=\"font-weight: 400;\">, une fleur avec une g\u00e9n\u00e9tique unique en Europe. Ces <\/span><a href=\"https:\/\/thetreecbd.com\/fr\/fleurs-cbd\"><span style=\"font-weight: 400;\">t\u00eates de CBD<\/span><\/a><span style=\"font-weight: 400;\"> proviennent de g\u00e9n\u00e9tiques <\/span><b>hybrides \u00e0 dominance indica<\/b><span style=\"font-weight: 400;\">, un m\u00e9lange de <\/span><b>g\u00e9n\u00e9tiques s\u00e9lectionn\u00e9es et certifi\u00e9es par l\u2019Union europ\u00e9enne.<\/b><\/p>\n<p><span style=\"font-weight: 400;\">Les t\u00eates bien form\u00e9es et compactes pr\u00e9sentent un <\/span><b>spectre de tons vert clair,<\/b><span style=\"font-weight: 400;\"> et leur s<\/span><b>aveur est fruit\u00e9e et subtilement sucr\u00e9e sans \u00eatre \u00e9coeurante.<\/b><\/p>\n<p><span style=\"font-weight: 400;\">Les <\/span><b>effets<\/b><span style=\"font-weight: 400;\"> de Green Cure CBD sont <\/span><b>relaxants, laissant votre esprit clair et calme,<\/b><span style=\"font-weight: 400;\"> le compl\u00e9ment parfait pour terminer votre journ\u00e9e de la mani\u00e8re la plus agr\u00e9able et surtout naturelle.<\/span><\/p>\n<p><span style=\"font-weight: 400;\">Cette vari\u00e9t\u00e9 est bien connue pour son <\/span><b>ar\u00f4me et sa saveur exclusive qui ne laisse personne indiff\u00e9rent<\/b><span style=\"font-weight: 400;\">. Les bourgeons de cette g\u00e9n\u00e9tique ont un <\/span><b>ar\u00f4me intense,<\/b><span style=\"font-weight: 400;\"> dans lequel se d\u00e9tachent les <\/span><b>nuances fruit\u00e9es<\/b><span style=\"font-weight: 400;\">, en particulier les <\/span><b>fruits tropicaux<\/b><span style=\"font-weight: 400;\">. Sa saveur l\u00e9g\u00e8re prend soin de votre gorge et son odeur intense compl\u00e8te votre exp\u00e9rience avec cette fleur de CBD qui <\/span><b>contient autour 11% de CBD.<\/b><\/p>\n<p><span style=\"font-weight: 400;\">A vue, ses <\/span><b>bourgeons<\/b><span style=\"font-weight: 400;\"> r\u00e9pondent aux caract\u00e9ristiques typiques des vari\u00e9t\u00e9s indica. <\/span><b>Ronds, bien form\u00e9s et arrondis<\/b><span style=\"font-weight: 400;\">, ces bourgeons pr\u00e9sentent <\/span><b>une gamme de couleurs vert vif qui culminent dans une couche orange mince<\/b><span style=\"font-weight: 400;\"> mais \u00e9vidente cr\u00e9\u00e9e par l\u2019abondance de pistils; \u00e0 son tour recouvert d\u2019une g\u00e9n\u00e9reuse couche de trichomes, ajoutant \u00e0 cette vari\u00e9t\u00e9 la touche collante attendue. De plus, <\/span><b>cette vari\u00e9t\u00e9 est cultiv\u00e9e de mani\u00e8re 100% naturelle, sans utiliser d\u2019additifs ni de pesticides d\u2019aucune sorte.<\/b><\/p>\n<p><span style=\"font-weight: 400;\">De plus, comme ils co<\/span><b>ntiennent moins de 0,20% de THC,<\/b><span style=\"font-weight: 400;\"> ils sont compl\u00e8tement l<\/span><b>\u00e9gaux dans toute l\u2019Europe<\/b><span style=\"font-weight: 400;\"> et n\u2019ont <\/span><b>aucun effet psychoacti<\/b><span style=\"font-weight: 400;\">f d\u2019aucune sorte.<\/span><\/p>\n<h2><b>Caract\u00e9ristiques du cannabis l\u00e9gal Green Cure CBD<\/b><\/h2>\n<ul>\n<li><span style=\"font-weight: 400;\">Bourgeons de chanvre<\/span><\/li>\n<li><span style=\"font-weight: 400;\">11% de CBD<\/span><\/li>\n<li><span style=\"font-weight: 400;\">Moins de 0,20% de THC<\/span><\/li>\n<li><span style=\"font-weight: 400;\">G\u00e9n\u00e9tique: semences certifi\u00e9es UE<\/span><\/li>\n<li><span style=\"font-weight: 400;\">Indica dominante<\/span><\/li>\n<li><span style=\"font-weight: 400;\">Aucun effet psychoactif<\/span><\/li>\n<li><span style=\"font-weight: 400;\">Cultiv\u00e9 biologiquement<\/span><\/li>\n<li><span style=\"font-weight: 400;\">Sans OGM<\/span><\/li>\n<li><span style=\"font-weight: 400;\">Sans pesticides<\/span><\/li>\n<\/ul>\n<h2><b>Ar\u00f4me Green Cure CBD<\/b><\/h2>\n<p><span style=\"font-weight: 400;\">Les terp\u00e8nes peuvent \u00eatre trouv\u00e9s dans la plupart des huiles essentielles de nombreuses plantes, fleurs et fruits, ils sont charg\u00e9s de fournir l&#8217;odeur et la saveur. Dans le cannabis, nous<\/span> <span style=\"font-weight: 400;\">pouvons trouver un large profil de terp\u00e8nes.<\/span><\/p>\n<p><span style=\"font-weight: 400;\">Le Tree&#8217;s Green Cure CBD a une odeur tr\u00e8s caract\u00e9ristique de fruits et de fleurs, un peu menthol\u00e9e, elle nous rappelle la tisane, on peut y reconna\u00eetre un ar\u00f4me doux et organique comme le bois et l&#8217;encens.<\/span><\/p>\n<h2><b>Utilisateur auquel il est destin\u00e9<\/b><\/h2>\n<p><span style=\"font-weight: 400;\">Les fleurs de culture en plein air ou en plein air sont destin\u00e9es \u00e0 ceux qui recherchent un produit naturel et abordable.<\/span><\/p>\n<p><span style=\"font-weight: 400;\">C&#8217;est pourquoi la culture en plein air est une m\u00e9thode tr\u00e8s appr\u00e9ci\u00e9e des plus romantiques du cannabis, car la variabilit\u00e9 environnementale que peut subir une plante ne doit pas \u00eatre un obstacle pour qu&#8217;elle porte d&#8217;excellents fruits \u00e0 la fin de son cycle de vie.<\/span><\/p>\n<p><span style=\"font-weight: 400;\">C&#8217;est vrai, les rayons du soleil peuvent assombrir un peu plus la couleur du bourgeon, mais, peut-\u00eatre, tout n&#8217;est pas apparence dans cette vie, mais d&#8217;autres aspects doivent \u00e9galement \u00eatre valoris\u00e9s, comme, par exemple, qu&#8217;il est g\u00e9n\u00e9ralement plus durable et \u00e9conomique<\/span><\/p>\n<p><span style=\"font-weight: 400;\">Du point de vue des acheteurs, la fleur CBD d&#8217;ext\u00e9rieur offre un produit plus abordable car elle est souvent plus durable et moins ch\u00e8re \u00e0 produire.<\/span><\/p>\n<h2><b>Information sur la s\u00e9curit\u00e9<\/b><\/h2>\n<p><span style=\"font-weight: 400;\">Gardez \u00e0 l&#8217;esprit que les bourgeons CBD de The Tree sont un produit d\u00e9coratif, de collection et aromatique. Ils ne doivent pas \u00eatre utilis\u00e9s pendant la grossesse ou l&#8217;allaitement. Garder hors de la port\u00e9e des enfants.<\/span><\/p>\n<p><span style=\"font-weight: 400;\">Nos bourgeons CBD peuvent contenir une certaine quantit\u00e9 de THC. Bien s\u00fbr, cela est inf\u00e9rieur \u00e0 la limite europ\u00e9enne de 0,2 % de THC.<\/span><\/p>\n<p><span style=\"font-weight: 400;\">Le contenu fourni est uniquement \u00e0 des fins d&#8217;information et de formation et ne se substitue en aucun cas \u00e0 l&#8217;avis m\u00e9dical d&#8217;un m\u00e9decin ou d&#8217;un pharmacien. Nos textes ne sont pas destin\u00e9s au diagnostic et au traitement ind\u00e9pendants des maladies.<\/span><\/p>\n<p><span style=\"font-weight: 400;\">N&#8217;h\u00e9sitez pas \u00e0 nous contacter si vous avez d&#8217;autres questions.<\/span><\/p>\n<h2><b>Stockage<\/b><\/h2>\n<p><span style=\"font-weight: 400;\">Id\u00e9alement, les bourgeons CBD de The Tree doivent \u00eatre stock\u00e9s dans un endroit frais et sec, \u00e0 l&#8217;abri des odeurs l\u00e9g\u00e8res et fortes pour \u00e9viter tout type de contamination et\/ou de d\u00e9gradation. \u00c9vitez la lumi\u00e8re directe du soleil et la chaleur.<\/span><\/p>\n<p><span style=\"font-weight: 400;\">Attention : La dur\u00e9e de conservation indiqu\u00e9e est d&#8217;un mois si stock\u00e9e correctement.<\/span><\/p>\n","protected":false},"excerpt":{"rendered":"<p>La Green Cure est fini, mais on en a une nouvelle mieux et au m\u00eame prix ici : <a href=\"https:\/\/thetreecbd.com\/fr\/cbd\/fleurs-cbd-outdoor-super-boof\">Super Boof<\/a><\/p>\n<ul>\n<li><span style=\"font-weight: 400;\">Bourgeons de chanvre<\/span><\/li>\n<li><span style=\"font-weight: 400;\">11% de CBD<\/span><\/li>\n<li><span style=\"font-weight: 400;\">Moins de 0,20% de THC<\/span><\/li>\n<li><span style=\"font-weight: 400;\">G\u00e9n\u00e9tique: semences certifi\u00e9es UE<\/span><\/li>\n<li><span style=\"font-weight: 400;\">Indica dominante<\/span><\/li>\n<li><span style=\"font-weight: 400;\">Aucun effet psychoactif<\/span><\/li>\n<li><span style=\"font-weight: 400;\">Cultiv\u00e9 biologiquement<\/span><\/li>\n<li><span style=\"font-weight: 400;\">Sans OGM<\/span><\/li>\n<li><span style=\"font-weight: 400;\">Sans pesticides<br \/>\n<\/span><\/li>\n<\/ul>\n<p>&nbsp;<\/p>\n","protected":false},"featured_media":80627,"template":"","meta":{"_acf_changed":false},"product_brand":[],"class_list":{"0":"post-39327","1":"product","2":"type-product","3":"status-publish","4":"has-post-thumbnail","6":"product_cat-outdoor","7":"product_cat-fleurs-cbd","8":"product_cat-cbd-concentrees-20","10":"first","11":"instock","12":"taxable","13":"shipping-taxable","14":"purchasable","15":"product-type-variable"},"acf":[],"yoast_head":"<!-- This site is optimized with the Yoast SEO plugin v26.3 - https:\/\/yoast.com\/wordpress\/plugins\/seo\/ -->\n<title>Green Cure CBD - 11% CBD. Cannabis l\u00e9galis\u00e9 | The Tree CBD<\/title>\n<meta name=\"description\" content=\"Testez Green Cure CBD. Des t\u00eates de cannabis hybrides \u00e0 Indica dominant \u00e0 l&#039;arome intense et aux tonalit\u00e9s fruit\u00e9es. 11% de CBD et moins de 0,2% de THC\" \/>\n<meta name=\"robots\" content=\"index, follow, max-snippet:-1, max-image-preview:large, max-video-preview:-1\" \/>\n<link rel=\"canonical\" href=\"https:\/\/thetreecbd.com\/fr\/boutique\/green-cure-cbd\" \/>\n<meta property=\"og:locale\" content=\"fr_FR\" \/>\n<meta property=\"og:type\" content=\"article\" \/>\n<meta property=\"og:title\" content=\"Green Cure CBD - 11% CBD. Cannabis l\u00e9galis\u00e9 | The Tree CBD\" \/>\n<meta property=\"og:description\" content=\"Testez Green Cure CBD. Des t\u00eates de cannabis hybrides \u00e0 Indica dominant \u00e0 l&#039;arome intense et aux tonalit\u00e9s fruit\u00e9es. 11% de CBD et moins de 0,2% de THC\" \/>\n<meta property=\"og:url\" content=\"https:\/\/thetreecbd.com\/fr\/boutique\/green-cure-cbd\/\" \/>\n<meta property=\"og:site_name\" content=\"The Tree CBD\" \/>\n<meta property=\"article:publisher\" content=\"https:\/\/www.facebook.com\/thetreeCBD\/\" \/>\n<meta property=\"article:modified_time\" content=\"2025-10-21T10:31:44+00:00\" \/>\n<meta property=\"og:image\" content=\"https:\/\/thetreecbd.com\/wp-content\/uploads\/2020\/10\/cogollos-exterior-green-cure-1.jpg\" \/>\n\t<meta property=\"og:image:width\" content=\"600\" \/>\n\t<meta property=\"og:image:height\" content=\"720\" \/>\n\t<meta property=\"og:image:type\" content=\"image\/jpeg\" \/>\n<meta name=\"twitter:card\" content=\"summary_large_image\" \/>\n<meta name=\"twitter:site\" content=\"@TheTreeCBD_EU\" \/>\n<meta name=\"twitter:label1\" content=\"Dur\u00e9e de lecture estim\u00e9e\" \/>\n\t<meta name=\"twitter:data1\" content=\"4 minutes\" \/>\n<script type=\"application\/ld+json\" class=\"yoast-schema-graph\">{\"@context\":\"https:\/\/schema.org\",\"@graph\":[{\"@type\":[\"WebPage\",\"ItemPage\"],\"@id\":\"https:\/\/thetreecbd.com\/fr\/cbd\/fleurs-cbd-outdoor-green-cure\",\"url\":\"https:\/\/thetreecbd.com\/fr\/boutique\/green-cure-cbd\/\",\"name\":\"Green Cure CBD - 11% CBD. Cannabis l\u00e9galis\u00e9 | The Tree CBD\",\"isPartOf\":{\"@id\":\"https:\/\/thetreecbd.com\/fr#website\"},\"primaryImageOfPage\":{\"@id\":\"https:\/\/thetreecbd.com\/fr\/boutique\/green-cure-cbd\/#primaryimage\"},\"image\":{\"@id\":\"https:\/\/thetreecbd.com\/fr\/boutique\/green-cure-cbd\/#primaryimage\"},\"thumbnailUrl\":\"https:\/\/thetreecbd.com\/wp-content\/uploads\/2020\/10\/cogollos-exterior-green-cure-1.jpg\",\"datePublished\":\"2020-10-15T10:28:33+00:00\",\"dateModified\":\"2025-10-21T10:31:44+00:00\",\"description\":\"Testez Green Cure CBD. Des t\u00eates de cannabis hybrides \u00e0 Indica dominant \u00e0 l'arome intense et aux tonalit\u00e9s fruit\u00e9es. 11% de CBD et moins de 0,2% de THC\",\"breadcrumb\":{\"@id\":\"https:\/\/thetreecbd.com\/fr\/boutique\/green-cure-cbd\/#breadcrumb\"},\"inLanguage\":\"fr-FR\",\"potentialAction\":[{\"@type\":\"ReadAction\",\"target\":[\"https:\/\/thetreecbd.com\/fr\/boutique\/green-cure-cbd\/\"]}]},{\"@type\":\"ImageObject\",\"inLanguage\":\"fr-FR\",\"@id\":\"https:\/\/thetreecbd.com\/fr\/boutique\/green-cure-cbd\/#primaryimage\",\"url\":\"https:\/\/thetreecbd.com\/wp-content\/uploads\/2020\/10\/cogollos-exterior-green-cure-1.jpg\",\"contentUrl\":\"https:\/\/thetreecbd.com\/wp-content\/uploads\/2020\/10\/cogollos-exterior-green-cure-1.jpg\",\"width\":600,\"height\":720},{\"@type\":\"BreadcrumbList\",\"@id\":\"https:\/\/thetreecbd.com\/fr\/boutique\/green-cure-cbd\/#breadcrumb\",\"itemListElement\":[{\"@type\":\"ListItem\",\"position\":1,\"name\":\"The Tree\",\"item\":\"https:\/\/thetreecbd.com\/fr\"},{\"@type\":\"ListItem\",\"position\":2,\"name\":\"CBD\",\"item\":\"https:\/\/thetreecbd.com\/es\/cbd\"},{\"@type\":\"ListItem\",\"position\":3,\"name\":\"Fleurs de chanvre. Fleurs de CBD\",\"item\":\"https:\/\/thetreecbd.com\/fr\/fleurs-cbd\"},{\"@type\":\"ListItem\",\"position\":4,\"name\":\"Fleurs de CBD d'ext\u00e9rieur\",\"item\":\"https:\/\/thetreecbd.com\/fr\/fleurs-cbd\/outdoor\"},{\"@type\":\"ListItem\",\"position\":5,\"name\":\"Green Cure CBD\"}]},{\"@type\":\"WebSite\",\"@id\":\"https:\/\/thetreecbd.com\/fr#website\",\"url\":\"https:\/\/thetreecbd.com\/fr\",\"name\":\"The Tree CBD\",\"description\":\"Comprar CBD en Espa\u00f1a Online\",\"publisher\":{\"@id\":\"https:\/\/thetreecbd.com\/fr#organization\"},\"potentialAction\":[{\"@type\":\"SearchAction\",\"target\":{\"@type\":\"EntryPoint\",\"urlTemplate\":\"https:\/\/thetreecbd.com\/fr?s={search_term_string}\"},\"query-input\":{\"@type\":\"PropertyValueSpecification\",\"valueRequired\":true,\"valueName\":\"search_term_string\"}}],\"inLanguage\":\"fr-FR\"},{\"@type\":\"Organization\",\"@id\":\"https:\/\/thetreecbd.com\/fr#organization\",\"name\":\"The Tree CBD\",\"url\":\"https:\/\/thetreecbd.com\/fr\",\"logo\":{\"@type\":\"ImageObject\",\"inLanguage\":\"fr-FR\",\"@id\":\"https:\/\/thetreecbd.com\/fr#\/schema\/logo\/image\/\",\"url\":\"https:\/\/thetreecbd.com\/wp-content\/uploads\/2022\/04\/logo-thetree.png\",\"contentUrl\":\"https:\/\/thetreecbd.com\/wp-content\/uploads\/2022\/04\/logo-thetree.png\",\"width\":172,\"height\":55,\"caption\":\"The Tree CBD\"},\"image\":{\"@id\":\"https:\/\/thetreecbd.com\/fr#\/schema\/logo\/image\/\"},\"sameAs\":[\"https:\/\/www.facebook.com\/thetreeCBD\/\",\"https:\/\/x.com\/TheTreeCBD_EU\",\"https:\/\/www.instagram.com\/thetree.cbd\/\",\"https:\/\/es.trustpilot.com\/review\/thetreecbd.com\"]}]}<\/script>\n<!-- \/ Yoast SEO plugin. -->","yoast_head_json":{"title":"Green Cure CBD - 11% CBD. Cannabis l\u00e9galis\u00e9 | The Tree CBD","description":"Testez Green Cure CBD. Des t\u00eates de cannabis hybrides \u00e0 Indica dominant \u00e0 l'arome intense et aux tonalit\u00e9s fruit\u00e9es. 11% de CBD et moins de 0,2% de THC","robots":{"index":"index","follow":"follow","max-snippet":"max-snippet:-1","max-image-preview":"max-image-preview:large","max-video-preview":"max-video-preview:-1"},"canonical":"https:\/\/thetreecbd.com\/fr\/boutique\/green-cure-cbd","og_locale":"fr_FR","og_type":"article","og_title":"Green Cure CBD - 11% CBD. Cannabis l\u00e9galis\u00e9 | The Tree CBD","og_description":"Testez Green Cure CBD. Des t\u00eates de cannabis hybrides \u00e0 Indica dominant \u00e0 l'arome intense et aux tonalit\u00e9s fruit\u00e9es. 11% de CBD et moins de 0,2% de THC","og_url":"https:\/\/thetreecbd.com\/fr\/boutique\/green-cure-cbd\/","og_site_name":"The Tree CBD","article_publisher":"https:\/\/www.facebook.com\/thetreeCBD\/","article_modified_time":"2025-10-21T10:31:44+00:00","og_image":[{"width":600,"height":720,"url":"https:\/\/thetreecbd.com\/wp-content\/uploads\/2020\/10\/cogollos-exterior-green-cure-1.jpg","type":"image\/jpeg"}],"twitter_card":"summary_large_image","twitter_site":"@TheTreeCBD_EU","twitter_misc":{"Dur\u00e9e de lecture estim\u00e9e":"4 minutes"},"schema":{"@context":"https:\/\/schema.org","@graph":[{"@type":["WebPage","ItemPage"],"@id":"https:\/\/thetreecbd.com\/fr\/cbd\/fleurs-cbd-outdoor-green-cure","url":"https:\/\/thetreecbd.com\/fr\/boutique\/green-cure-cbd\/","name":"Green Cure CBD - 11% CBD. Cannabis l\u00e9galis\u00e9 | The Tree CBD","isPartOf":{"@id":"https:\/\/thetreecbd.com\/fr#website"},"primaryImageOfPage":{"@id":"https:\/\/thetreecbd.com\/fr\/boutique\/green-cure-cbd\/#primaryimage"},"image":{"@id":"https:\/\/thetreecbd.com\/fr\/boutique\/green-cure-cbd\/#primaryimage"},"thumbnailUrl":"https:\/\/thetreecbd.com\/wp-content\/uploads\/2020\/10\/cogollos-exterior-green-cure-1.jpg","datePublished":"2020-10-15T10:28:33+00:00","dateModified":"2025-10-21T10:31:44+00:00","description":"Testez Green Cure CBD. Des t\u00eates de cannabis hybrides \u00e0 Indica dominant \u00e0 l'arome intense et aux tonalit\u00e9s fruit\u00e9es. 11% de CBD et moins de 0,2% de THC","breadcrumb":{"@id":"https:\/\/thetreecbd.com\/fr\/boutique\/green-cure-cbd\/#breadcrumb"},"inLanguage":"fr-FR","potentialAction":[{"@type":"ReadAction","target":["https:\/\/thetreecbd.com\/fr\/boutique\/green-cure-cbd\/"]}]},{"@type":"ImageObject","inLanguage":"fr-FR","@id":"https:\/\/thetreecbd.com\/fr\/boutique\/green-cure-cbd\/#primaryimage","url":"https:\/\/thetreecbd.com\/wp-content\/uploads\/2020\/10\/cogollos-exterior-green-cure-1.jpg","contentUrl":"https:\/\/thetreecbd.com\/wp-content\/uploads\/2020\/10\/cogollos-exterior-green-cure-1.jpg","width":600,"height":720},{"@type":"BreadcrumbList","@id":"https:\/\/thetreecbd.com\/fr\/boutique\/green-cure-cbd\/#breadcrumb","itemListElement":[{"@type":"ListItem","position":1,"name":"The Tree","item":"https:\/\/thetreecbd.com\/fr"},{"@type":"ListItem","position":2,"name":"CBD","item":"https:\/\/thetreecbd.com\/es\/cbd"},{"@type":"ListItem","position":3,"name":"Fleurs de chanvre. Fleurs de CBD","item":"https:\/\/thetreecbd.com\/fr\/fleurs-cbd"},{"@type":"ListItem","position":4,"name":"Fleurs de CBD d'ext\u00e9rieur","item":"https:\/\/thetreecbd.com\/fr\/fleurs-cbd\/outdoor"},{"@type":"ListItem","position":5,"name":"Green Cure CBD"}]},{"@type":"WebSite","@id":"https:\/\/thetreecbd.com\/fr#website","url":"https:\/\/thetreecbd.com\/fr","name":"The Tree CBD","description":"Comprar CBD en Espa\u00f1a Online","publisher":{"@id":"https:\/\/thetreecbd.com\/fr#organization"},"potentialAction":[{"@type":"SearchAction","target":{"@type":"EntryPoint","urlTemplate":"https:\/\/thetreecbd.com\/fr?s={search_term_string}"},"query-input":{"@type":"PropertyValueSpecification","valueRequired":true,"valueName":"search_term_string"}}],"inLanguage":"fr-FR"},{"@type":"Organization","@id":"https:\/\/thetreecbd.com\/fr#organization","name":"The Tree CBD","url":"https:\/\/thetreecbd.com\/fr","logo":{"@type":"ImageObject","inLanguage":"fr-FR","@id":"https:\/\/thetreecbd.com\/fr#\/schema\/logo\/image\/","url":"https:\/\/thetreecbd.com\/wp-content\/uploads\/2022\/04\/logo-thetree.png","contentUrl":"https:\/\/thetreecbd.com\/wp-content\/uploads\/2022\/04\/logo-thetree.png","width":172,"height":55,"caption":"The Tree CBD"},"image":{"@id":"https:\/\/thetreecbd.com\/fr#\/schema\/logo\/image\/"},"sameAs":["https:\/\/www.facebook.com\/thetreeCBD\/","https:\/\/x.com\/TheTreeCBD_EU","https:\/\/www.instagram.com\/thetree.cbd\/","https:\/\/es.trustpilot.com\/review\/thetreecbd.com"]}]}},"_links":{"self":[{"href":"https:\/\/thetreecbd.com\/fr\/wp-json\/wp\/v2\/product\/39327","targetHints":{"allow":["GET"]}}],"collection":[{"href":"https:\/\/thetreecbd.com\/fr\/wp-json\/wp\/v2\/product"}],"about":[{"href":"https:\/\/thetreecbd.com\/fr\/wp-json\/wp\/v2\/types\/product"}],"version-history":[{"count":0,"href":"https:\/\/thetreecbd.com\/fr\/wp-json\/wp\/v2\/product\/39327\/revisions"}],"wp:featuredmedia":[{"embeddable":true,"href":"https:\/\/thetreecbd.com\/fr\/wp-json\/wp\/v2\/media\/80627"}],"wp:attachment":[{"href":"https:\/\/thetreecbd.com\/fr\/wp-json\/wp\/v2\/media?parent=39327"}],"wp:term":[{"taxonomy":"product_brand","embeddable":true,"href":"https:\/\/thetreecbd.com\/fr\/wp-json\/wp\/v2\/product_brand?post=39327"}],"curies":[{"name":"wp","href":"https:\/\/api.w.org\/{rel}","templated":true}]}}