{"id":50889,"date":"2021-03-09T15:53:29","date_gmt":"2021-03-09T14:53:29","guid":{"rendered":"https:\/\/thetreecbd.com\/?post_type=product&#038;p=50889"},"modified":"2026-05-08T08:20:48","modified_gmt":"2026-05-08T06:20:48","slug":"huiles-cbd-spectre-complet-20","status":"publish","type":"product","link":"https:\/\/thetreecbd.com\/fr\/cbd\/huiles-cbd-spectre-complet-20","title":{"rendered":"Huile CBD 20% Full Spectrum"},"content":{"rendered":"<p><b>L\u2019huile de CBD 20 % \u00e0 spectre complet<\/b><span style=\"font-weight: 400;\"> est faite d\u2019extrait de fleur de chanvre et contient le maximum de composants actifs du chanvre. Contrairement \u00e0 l\u2019huile \u00e0 large spectre qui contient la plupart des composants actifs du chanvre, <\/span><b>mais contient 0% de THC<\/b><span style=\"font-weight: 400;\">.<\/span><\/p>\n<p><span style=\"font-weight: 400;\">Cette <\/span><a href=\"https:\/\/thetreecbd.com\/fr\/huiles-cbd\"><span style=\"font-weight: 400;\">huile CBD<\/span><\/a><span style=\"font-weight: 400;\"> a \u00e9t\u00e9 fabriqu\u00e9e sans solvants: sans alcools, gaz ou autres solvants plus agressifs pour l\u2019extraction. Alors que l\u2019huile \u00e0 large spectre ne retient pas le THC de la plante, cette huile de CBD \u00e0 <\/span><b>spectre complet retient le THC de la plante, <\/b><span style=\"font-weight: 400;\">bien que toujours inf\u00e9rieur \u00e0 0,2%.<\/span><\/p>\n<h2><b>Composants et aspect de l\u2019huile<\/b><\/h2>\n<p><span style=\"font-weight: 400;\">De plus, l\u2019<\/span><b>huile de CBD \u00e0 spectre complet \u00e0 20%<\/b><span style=\"font-weight: 400;\"> semble \u00e9galement diff\u00e9rente du large spectre. En pr\u00e9servant tous les composants de la plante et en <\/span><b>\u00e9tant filtr\u00e9e<\/b><span style=\"font-weight: 400;\">, sa couleur est <\/span><b>jaune d\u2019or<\/b><span style=\"font-weight: 400;\">, semblable \u00e0 l\u2019huile et maintient toujours la puret\u00e9 de l\u2019huile; Par rapport \u00e0 une huile \u00e0 large spectre car c\u2019est une huile plus transparente et plus claire.<\/span><\/p>\n<p><span style=\"font-weight: 400;\">De cette mani\u00e8re, l\u2019huile <\/span><b>The Tree CBD<\/b> <b>pr\u00e9serve tous les composants de la fleur<\/b><span style=\"font-weight: 400;\"> de chanvre et ses propri\u00e9t\u00e9s, contribuant principalement au cannabidiol (CBD) 20%, et des parties mineures de CBG, CBF, CBN, CBC et plus de 40 terp\u00e8nes pr\u00e9sents naturellement dans le chanvre. Cette solution contient le <\/span><b>spectre complet de la plante<\/b><span style=\"font-weight: 400;\">.<\/span><\/p>\n<h2><b>Pourquoi choisir cette huile?<\/b><\/h2>\n<p><span style=\"font-weight: 400;\">Si vous avez besoin d\u2019une l\u00e9g\u00e8re dose de CBD, <\/span><b>notre formule \u00e0 20 % est parfaite<\/b><span style=\"font-weight: 400;\">. Nous l\u2019avons fait sp\u00e9cialement pour ceux qui ont d\u00e9j\u00e0 essay\u00e9 le CBD. Chaque bouteille de CBD est soumise \u00e0 un contr\u00f4le de qualit\u00e9 rigoureux et est extraite de chanvre biologique. Gr\u00e2ce \u00e0 des processus sophistiqu\u00e9s d\u2019extraction et de purification du CO\u2082 et \u00e0 des tests ind\u00e9pendants, chaque bouteille contient du CBD de haute qualit\u00e9 sans effets secondaires ind\u00e9sirables, additifs et produits chimiques artificiels.<\/span><\/p>\n<p><span style=\"font-weight: 400;\">Notre huile est <\/span><b>cultiv\u00e9e de mani\u00e8re \u00e9cologique, sans pesticides, sans produits chimiques nocifs<\/b><span style=\"font-weight: 400;\">, et suivant les contr\u00f4les de qualit\u00e9 les plus rigoureux, et avec des ingr\u00e9dients 100% d\u2019origine v\u00e9g\u00e9tale.<\/span><\/p>\n<p><span style=\"font-weight: 400;\">Cette huile <\/span><b>contient moins de 0,2% de THC<\/b><span style=\"font-weight: 400;\">, n\u2019a aucun effet psychoactif et est <\/span><b>l\u00e9gale dans toute l\u2019Europe<\/b><span style=\"font-weight: 400;\">.<\/span><\/p>\n<h2><b>Caract\u00e9ristiques de l\u2019huile de CBD 20% \u00e0 spectre complet<\/b><\/h2>\n<ul>\n<li><span style=\"font-weight: 400;\">Huile de graines de chanvre<\/span><\/li>\n<li><b>20% de CBD par goutte (10 mg par goutte)<\/b><\/li>\n<li><span style=\"font-weight: 400;\">R\u00e9cipient doseur de 10 ml.<\/span><\/li>\n<li><span style=\"font-weight: 400;\">Agriculture biologique, sans pesticides ni produits chimiques nocifs<\/span><\/li>\n<li><span style=\"font-weight: 400;\">Contient moins de 0,2% de THC<\/span><\/li>\n<li><span style=\"font-weight: 400;\"><span style=\"font-weight: 400;\"><span style=\"font-weight: 400;\">Usage topique<\/span><\/span><\/span><\/li>\n<\/ul>\n<h2><b>Ingr\u00e9dients de l\u2019huile \u00e0 spectre complet CBD 20 %\u00a0<\/b><\/h2>\n<p><span style=\"font-weight: 400;\">Huile de graines de chanvre et extraction de chanvre au CO2.<\/span><\/p>\n<h2><b>Parfum CBD<\/b><\/h2>\n<p><span style=\"font-weight: 400;\">Les terp\u00e8nes peuvent \u00eatre trouv\u00e9s dans la plupart des huiles essentielles de nombreuses plantes, fleurs et fruits, ils sont charg\u00e9s de fournir l&#8217;odeur et la saveur. Dans le cannabis, nous pouvons trouver un large profil de terp\u00e8nes.<\/span><\/p>\n<p><span style=\"font-weight: 400;\">Les huiles de CBD fabriqu\u00e9es \u00e0 partir d&#8217;extraits \u00e0 spectre complet de haute qualit\u00e9 sentiront la marijuana. En effet, la majeure partie de l&#8217;odeur du cannabis est le r\u00e9sultat de terp\u00e8nes.<\/span><\/p>\n<h2><b>Utilisateur auquel il est destin\u00e9<\/b><\/h2>\n<p><span style=\"font-weight: 400;\">Les huiles 20% CBD, comme leur nom l&#8217;indique, ont une concentration en CBD de 20% du produit total. Ce rapport est consid\u00e9r\u00e9 comme plut\u00f4t faible, ce qui le rend id\u00e9al pour les personnes qui souhaitent commencer \u00e0 ressentir les effets relaxants du CBD.<\/span><\/p>\n<h2><b>Information sur la s\u00e9curit\u00e9<\/b><\/h2>\n<p><span style=\"font-weight: 400;\">Veuillez noter que l&#8217;huile de CBD \u00e0 spectre complet 20% de The Tree est un produit topique. Il ne doit pas \u00eatre utilis\u00e9 pendant la grossesse ou l&#8217;allaitement. Garder hors de la port\u00e9e des enfants.<\/span><\/p>\n<p><span style=\"font-weight: 400;\">Le contenu fourni est uniquement \u00e0 des fins d&#8217;information et de formation et ne se substitue en aucun cas \u00e0 l&#8217;avis m\u00e9dical d&#8217;un m\u00e9decin ou d&#8217;un pharmacien. Nos textes ne sont pas destin\u00e9s au diagnostic et au traitement ind\u00e9pendants des maladies.<\/span><\/p>\n<p><span style=\"font-weight: 400;\">N&#8217;h\u00e9sitez pas \u00e0 nous contacter si vous avez d&#8217;autres questions.<\/span><\/p>\n<h2><b>Stockage<\/b><\/h2>\n<p><span style=\"font-weight: 400;\">Id\u00e9alement, l&#8217;huile de CBD de The Tree doit \u00eatre stock\u00e9e dans un endroit frais et sec, \u00e0 l&#8217;abri des odeurs l\u00e9g\u00e8res et fortes pour \u00e9viter tout type de contamination. \u00c9vitez la lumi\u00e8re directe du soleil et la chaleur.<\/span><\/p>\n<p><span style=\"font-weight: 400;\">Conserver dans un endroit frais et sec. Tenir hors de port\u00e9e des enfants.<\/span><\/p>\n<p><span style=\"font-weight: 400;\">Attention : La dur\u00e9e de conservation indiqu\u00e9e est de deux ans si elle est conserv\u00e9e correctement.<\/span><\/p>\n","protected":false},"excerpt":{"rendered":"<ul>\n<li><span style=\"font-weight: 400;\">Huile de graines de chanvre<\/span><\/li>\n<li><b>20% de CBD par goutte (10 mg par goutte)<\/b><\/li>\n<li><span style=\"font-weight: 400;\">R\u00e9cipient doseur de 10 ml.<\/span><\/li>\n<li><span style=\"font-weight: 400;\">Agriculture biologique, sans pesticides ni produits chimiques nocifs<\/span><\/li>\n<li><span style=\"font-weight: 400;\">Contient moins de 0,2% de THC<\/span><\/li>\n<li><span style=\"font-weight: 400;\">Usage topique<\/span><\/li>\n<\/ul>\n","protected":false},"featured_media":80240,"template":"","meta":{"_acf_changed":false},"product_brand":[],"class_list":{"0":"post-50889","1":"product","2":"type-product","3":"status-publish","4":"has-post-thumbnail","6":"product_cat-spectre-complet","7":"product_cat-huiles-cbd","8":"product_cat-huiles-cbd-concentrees-20","9":"product_cat-cbd-concentrees-10","10":"product_cat-cbd-doleur","12":"first","13":"outofstock","14":"taxable","15":"shipping-taxable","16":"purchasable","17":"product-type-simple"},"acf":[],"yoast_head":"<!-- This site is optimized with the Yoast SEO plugin v26.3 - https:\/\/yoast.com\/wordpress\/plugins\/seo\/ -->\n<title>Huile CBD 20% Full Spectrum | The Tree CBD<\/title>\n<meta name=\"description\" content=\"Huile CBD 20% Full Spectrum. Fabriqu\u00e9e avec des extraits de fleur de chanvre. Avec tous les principes actifs du chanvre. Ingr\u00e9dients d&#039;origine 100% v\u00e9g\u00e9tale\" \/>\n<meta name=\"robots\" content=\"index, follow, max-snippet:-1, max-image-preview:large, max-video-preview:-1\" \/>\n<link rel=\"canonical\" href=\"https:\/\/thetreecbd.com\/fr\/boutique\/huile-de-cbd-20-a-spectre-complet\" \/>\n<meta property=\"og:locale\" content=\"fr_FR\" \/>\n<meta property=\"og:type\" content=\"article\" \/>\n<meta property=\"og:title\" content=\"Huile CBD 20% Full Spectrum | The Tree CBD\" \/>\n<meta property=\"og:description\" content=\"Huile CBD 20% Full Spectrum. Fabriqu\u00e9e avec des extraits de fleur de chanvre. Avec tous les principes actifs du chanvre. Ingr\u00e9dients d&#039;origine 100% v\u00e9g\u00e9tale\" \/>\n<meta property=\"og:url\" content=\"https:\/\/thetreecbd.com\/fr\/boutique\/huile-de-cbd-20-a-spectre-complet\/\" \/>\n<meta property=\"og:site_name\" content=\"The Tree CBD\" \/>\n<meta property=\"article:publisher\" content=\"https:\/\/www.facebook.com\/thetreeCBD\/\" \/>\n<meta property=\"article:modified_time\" content=\"2026-05-08T06:20:48+00:00\" \/>\n<meta property=\"og:image\" content=\"https:\/\/thetreecbd.com\/wp-content\/uploads\/2020\/12\/aceite-full-spectrum-20_1.jpg\" \/>\n\t<meta property=\"og:image:width\" content=\"600\" \/>\n\t<meta property=\"og:image:height\" content=\"720\" \/>\n\t<meta property=\"og:image:type\" content=\"image\/jpeg\" \/>\n<meta name=\"twitter:card\" content=\"summary_large_image\" \/>\n<meta name=\"twitter:site\" content=\"@TheTreeCBD_EU\" \/>\n<meta name=\"twitter:label1\" content=\"Dur\u00e9e de lecture estim\u00e9e\" \/>\n\t<meta name=\"twitter:data1\" content=\"4 minutes\" \/>\n<script type=\"application\/ld+json\" class=\"yoast-schema-graph\">{\"@context\":\"https:\/\/schema.org\",\"@graph\":[{\"@type\":[\"WebPage\",\"ItemPage\"],\"@id\":\"https:\/\/thetreecbd.com\/fr\/cbd\/huiles-cbd-spectre-complet-20\",\"url\":\"https:\/\/thetreecbd.com\/fr\/boutique\/huile-de-cbd-20-a-spectre-complet\/\",\"name\":\"Huile CBD 20% Full Spectrum | The Tree CBD\",\"isPartOf\":{\"@id\":\"https:\/\/thetreecbd.com\/fr#website\"},\"primaryImageOfPage\":{\"@id\":\"https:\/\/thetreecbd.com\/fr\/boutique\/huile-de-cbd-20-a-spectre-complet\/#primaryimage\"},\"image\":{\"@id\":\"https:\/\/thetreecbd.com\/fr\/boutique\/huile-de-cbd-20-a-spectre-complet\/#primaryimage\"},\"thumbnailUrl\":\"https:\/\/thetreecbd.com\/wp-content\/uploads\/2020\/12\/aceite-full-spectrum-20_1.jpg\",\"datePublished\":\"2021-03-09T14:53:29+00:00\",\"dateModified\":\"2026-05-08T06:20:48+00:00\",\"description\":\"Huile CBD 20% Full Spectrum. Fabriqu\u00e9e avec des extraits de fleur de chanvre. Avec tous les principes actifs du chanvre. Ingr\u00e9dients d'origine 100% v\u00e9g\u00e9tale\",\"breadcrumb\":{\"@id\":\"https:\/\/thetreecbd.com\/fr\/boutique\/huile-de-cbd-20-a-spectre-complet\/#breadcrumb\"},\"inLanguage\":\"fr-FR\",\"potentialAction\":[{\"@type\":\"ReadAction\",\"target\":[\"https:\/\/thetreecbd.com\/fr\/boutique\/huile-de-cbd-20-a-spectre-complet\/\"]}]},{\"@type\":\"ImageObject\",\"inLanguage\":\"fr-FR\",\"@id\":\"https:\/\/thetreecbd.com\/fr\/boutique\/huile-de-cbd-20-a-spectre-complet\/#primaryimage\",\"url\":\"https:\/\/thetreecbd.com\/wp-content\/uploads\/2020\/12\/aceite-full-spectrum-20_1.jpg\",\"contentUrl\":\"https:\/\/thetreecbd.com\/wp-content\/uploads\/2020\/12\/aceite-full-spectrum-20_1.jpg\",\"width\":600,\"height\":720},{\"@type\":\"BreadcrumbList\",\"@id\":\"https:\/\/thetreecbd.com\/fr\/boutique\/huile-de-cbd-20-a-spectre-complet\/#breadcrumb\",\"itemListElement\":[{\"@type\":\"ListItem\",\"position\":1,\"name\":\"The Tree\",\"item\":\"https:\/\/thetreecbd.com\/fr\"},{\"@type\":\"ListItem\",\"position\":2,\"name\":\"CBD\",\"item\":\"https:\/\/thetreecbd.com\/es\/cbd\"},{\"@type\":\"ListItem\",\"position\":3,\"name\":\"Huile de CBD\",\"item\":\"https:\/\/thetreecbd.com\/fr\/huiles-cbd\"},{\"@type\":\"ListItem\",\"position\":4,\"name\":\"Huile CBD \u00e0 spectre complet\",\"item\":\"https:\/\/thetreecbd.com\/fr\/huiles-cbd\/spectre-complet\"},{\"@type\":\"ListItem\",\"position\":5,\"name\":\"Huile CBD 20% Full Spectrum\"}]},{\"@type\":\"WebSite\",\"@id\":\"https:\/\/thetreecbd.com\/fr#website\",\"url\":\"https:\/\/thetreecbd.com\/fr\",\"name\":\"The Tree CBD\",\"description\":\"Comprar CBD en Espa\u00f1a Online\",\"publisher\":{\"@id\":\"https:\/\/thetreecbd.com\/fr#organization\"},\"potentialAction\":[{\"@type\":\"SearchAction\",\"target\":{\"@type\":\"EntryPoint\",\"urlTemplate\":\"https:\/\/thetreecbd.com\/fr?s={search_term_string}\"},\"query-input\":{\"@type\":\"PropertyValueSpecification\",\"valueRequired\":true,\"valueName\":\"search_term_string\"}}],\"inLanguage\":\"fr-FR\"},{\"@type\":\"Organization\",\"@id\":\"https:\/\/thetreecbd.com\/fr#organization\",\"name\":\"The Tree CBD\",\"url\":\"https:\/\/thetreecbd.com\/fr\",\"logo\":{\"@type\":\"ImageObject\",\"inLanguage\":\"fr-FR\",\"@id\":\"https:\/\/thetreecbd.com\/fr#\/schema\/logo\/image\/\",\"url\":\"https:\/\/thetreecbd.com\/wp-content\/uploads\/2022\/04\/logo-thetree.png\",\"contentUrl\":\"https:\/\/thetreecbd.com\/wp-content\/uploads\/2022\/04\/logo-thetree.png\",\"width\":172,\"height\":55,\"caption\":\"The Tree CBD\"},\"image\":{\"@id\":\"https:\/\/thetreecbd.com\/fr#\/schema\/logo\/image\/\"},\"sameAs\":[\"https:\/\/www.facebook.com\/thetreeCBD\/\",\"https:\/\/x.com\/TheTreeCBD_EU\",\"https:\/\/www.instagram.com\/thetree.cbd\/\",\"https:\/\/es.trustpilot.com\/review\/thetreecbd.com\"]}]}<\/script>\n<!-- \/ Yoast SEO plugin. -->","yoast_head_json":{"title":"Huile CBD 20% Full Spectrum | The Tree CBD","description":"Huile CBD 20% Full Spectrum. Fabriqu\u00e9e avec des extraits de fleur de chanvre. Avec tous les principes actifs du chanvre. Ingr\u00e9dients d'origine 100% v\u00e9g\u00e9tale","robots":{"index":"index","follow":"follow","max-snippet":"max-snippet:-1","max-image-preview":"max-image-preview:large","max-video-preview":"max-video-preview:-1"},"canonical":"https:\/\/thetreecbd.com\/fr\/boutique\/huile-de-cbd-20-a-spectre-complet","og_locale":"fr_FR","og_type":"article","og_title":"Huile CBD 20% Full Spectrum | The Tree CBD","og_description":"Huile CBD 20% Full Spectrum. Fabriqu\u00e9e avec des extraits de fleur de chanvre. Avec tous les principes actifs du chanvre. Ingr\u00e9dients d'origine 100% v\u00e9g\u00e9tale","og_url":"https:\/\/thetreecbd.com\/fr\/boutique\/huile-de-cbd-20-a-spectre-complet\/","og_site_name":"The Tree CBD","article_publisher":"https:\/\/www.facebook.com\/thetreeCBD\/","article_modified_time":"2026-05-08T06:20:48+00:00","og_image":[{"width":600,"height":720,"url":"https:\/\/thetreecbd.com\/wp-content\/uploads\/2020\/12\/aceite-full-spectrum-20_1.jpg","type":"image\/jpeg"}],"twitter_card":"summary_large_image","twitter_site":"@TheTreeCBD_EU","twitter_misc":{"Dur\u00e9e de lecture estim\u00e9e":"4 minutes"},"schema":{"@context":"https:\/\/schema.org","@graph":[{"@type":["WebPage","ItemPage"],"@id":"https:\/\/thetreecbd.com\/fr\/cbd\/huiles-cbd-spectre-complet-20","url":"https:\/\/thetreecbd.com\/fr\/boutique\/huile-de-cbd-20-a-spectre-complet\/","name":"Huile CBD 20% Full Spectrum | The Tree CBD","isPartOf":{"@id":"https:\/\/thetreecbd.com\/fr#website"},"primaryImageOfPage":{"@id":"https:\/\/thetreecbd.com\/fr\/boutique\/huile-de-cbd-20-a-spectre-complet\/#primaryimage"},"image":{"@id":"https:\/\/thetreecbd.com\/fr\/boutique\/huile-de-cbd-20-a-spectre-complet\/#primaryimage"},"thumbnailUrl":"https:\/\/thetreecbd.com\/wp-content\/uploads\/2020\/12\/aceite-full-spectrum-20_1.jpg","datePublished":"2021-03-09T14:53:29+00:00","dateModified":"2026-05-08T06:20:48+00:00","description":"Huile CBD 20% Full Spectrum. Fabriqu\u00e9e avec des extraits de fleur de chanvre. Avec tous les principes actifs du chanvre. Ingr\u00e9dients d'origine 100% v\u00e9g\u00e9tale","breadcrumb":{"@id":"https:\/\/thetreecbd.com\/fr\/boutique\/huile-de-cbd-20-a-spectre-complet\/#breadcrumb"},"inLanguage":"fr-FR","potentialAction":[{"@type":"ReadAction","target":["https:\/\/thetreecbd.com\/fr\/boutique\/huile-de-cbd-20-a-spectre-complet\/"]}]},{"@type":"ImageObject","inLanguage":"fr-FR","@id":"https:\/\/thetreecbd.com\/fr\/boutique\/huile-de-cbd-20-a-spectre-complet\/#primaryimage","url":"https:\/\/thetreecbd.com\/wp-content\/uploads\/2020\/12\/aceite-full-spectrum-20_1.jpg","contentUrl":"https:\/\/thetreecbd.com\/wp-content\/uploads\/2020\/12\/aceite-full-spectrum-20_1.jpg","width":600,"height":720},{"@type":"BreadcrumbList","@id":"https:\/\/thetreecbd.com\/fr\/boutique\/huile-de-cbd-20-a-spectre-complet\/#breadcrumb","itemListElement":[{"@type":"ListItem","position":1,"name":"The Tree","item":"https:\/\/thetreecbd.com\/fr"},{"@type":"ListItem","position":2,"name":"CBD","item":"https:\/\/thetreecbd.com\/es\/cbd"},{"@type":"ListItem","position":3,"name":"Huile de CBD","item":"https:\/\/thetreecbd.com\/fr\/huiles-cbd"},{"@type":"ListItem","position":4,"name":"Huile CBD \u00e0 spectre complet","item":"https:\/\/thetreecbd.com\/fr\/huiles-cbd\/spectre-complet"},{"@type":"ListItem","position":5,"name":"Huile CBD 20% Full Spectrum"}]},{"@type":"WebSite","@id":"https:\/\/thetreecbd.com\/fr#website","url":"https:\/\/thetreecbd.com\/fr","name":"The Tree CBD","description":"Comprar CBD en Espa\u00f1a Online","publisher":{"@id":"https:\/\/thetreecbd.com\/fr#organization"},"potentialAction":[{"@type":"SearchAction","target":{"@type":"EntryPoint","urlTemplate":"https:\/\/thetreecbd.com\/fr?s={search_term_string}"},"query-input":{"@type":"PropertyValueSpecification","valueRequired":true,"valueName":"search_term_string"}}],"inLanguage":"fr-FR"},{"@type":"Organization","@id":"https:\/\/thetreecbd.com\/fr#organization","name":"The Tree CBD","url":"https:\/\/thetreecbd.com\/fr","logo":{"@type":"ImageObject","inLanguage":"fr-FR","@id":"https:\/\/thetreecbd.com\/fr#\/schema\/logo\/image\/","url":"https:\/\/thetreecbd.com\/wp-content\/uploads\/2022\/04\/logo-thetree.png","contentUrl":"https:\/\/thetreecbd.com\/wp-content\/uploads\/2022\/04\/logo-thetree.png","width":172,"height":55,"caption":"The Tree CBD"},"image":{"@id":"https:\/\/thetreecbd.com\/fr#\/schema\/logo\/image\/"},"sameAs":["https:\/\/www.facebook.com\/thetreeCBD\/","https:\/\/x.com\/TheTreeCBD_EU","https:\/\/www.instagram.com\/thetree.cbd\/","https:\/\/es.trustpilot.com\/review\/thetreecbd.com"]}]}},"_links":{"self":[{"href":"https:\/\/thetreecbd.com\/fr\/wp-json\/wp\/v2\/product\/50889","targetHints":{"allow":["GET"]}}],"collection":[{"href":"https:\/\/thetreecbd.com\/fr\/wp-json\/wp\/v2\/product"}],"about":[{"href":"https:\/\/thetreecbd.com\/fr\/wp-json\/wp\/v2\/types\/product"}],"version-history":[{"count":0,"href":"https:\/\/thetreecbd.com\/fr\/wp-json\/wp\/v2\/product\/50889\/revisions"}],"wp:featuredmedia":[{"embeddable":true,"href":"https:\/\/thetreecbd.com\/fr\/wp-json\/wp\/v2\/media\/80240"}],"wp:attachment":[{"href":"https:\/\/thetreecbd.com\/fr\/wp-json\/wp\/v2\/media?parent=50889"}],"wp:term":[{"taxonomy":"product_brand","embeddable":true,"href":"https:\/\/thetreecbd.com\/fr\/wp-json\/wp\/v2\/product_brand?post=50889"}],"curies":[{"name":"wp","href":"https:\/\/api.w.org\/{rel}","templated":true}]}}