{"id":5350,"date":"2019-07-24T18:56:54","date_gmt":"2019-07-24T16:56:54","guid":{"rendered":"https:\/\/thetreecbd.com\/?post_type=product&#038;p=5350"},"modified":"2026-03-26T14:21:11","modified_gmt":"2026-03-26T13:21:11","slug":"fleurs-cbd-indoor-pistacho","status":"publish","type":"product","link":"https:\/\/thetreecbd.com\/fr\/cbd\/fleurs-cbd-indoor-pistacho","title":{"rendered":"Pistachio CBD"},"content":{"rendered":"<p><span style=\"font-weight: 400;\">The Tree CBD vous apporte la fleur de chanvre l\u00e9gale de la vari\u00e9t\u00e9 Pistachio, actuellement l\u2019un des g\u00e8nes poss\u00e9dant la <\/span><b>plus grande quantit\u00e9 de CBD<\/b><span style=\"font-weight: 400;\"> que l\u2019on puisse trouver sur le march\u00e9. Ces <\/span><a href=\"https:\/\/thetreecbd.com\/fr\/fleurs-cbd\"><span style=\"font-weight: 400;\">fleurs<\/span><\/a><span style=\"font-weight: 400;\"> proviennent d\u2019un croisement g\u00e9n\u00e9tique entre O<\/span><b>riginal Zkittles x Carma\u00f1ola x Futura x Arlequin<\/b><span style=\"font-weight: 400;\">, <\/span><b>cultiv\u00e9es \u00e0 l\u2019int\u00e9rieur de mani\u00e8re naturelle \u00e0 100%<\/b><span style=\"font-weight: 400;\">, sans aucun additif ni pesticide.<\/span><\/p>\n<h2><b>Le look et le parfum les plus exotiques<\/b><\/h2>\n<p><span style=\"font-weight: 400;\">La <\/span><b>pistache<\/b> <b>CBD<\/b><span style=\"font-weight: 400;\"> est l\u2019une des vari\u00e9t\u00e9s qui contient un<\/span><b> go\u00fbt exotique, sec et aigre-doux<\/b><span style=\"font-weight: 400;\">. Les <a href=\"https:\/\/thetreecbd.com\/fr\/fleurs-cbd\">fleurs<\/a> sont compactes et luxuriantes. Les bourgeons sont d\u2019une teinte vert fonc\u00e9 avec des tons bruns et lilas rappelant la pistache, le vert et le lilas \u00e0 l\u2019int\u00e9rieur et brun \u00e0 l\u2019ext\u00e9rieur. Si vous aimez les noix, c\u2019est votre vari\u00e9t\u00e9 car elle a un ar\u00f4me sec et doux-amer qui rappelle la saveur de la pistache.<\/span><\/p>\n<p><span style=\"font-weight: 400;\">Cette fleur est l\u2019une de celles qui contiennent le plus haut niveau de CBD, pour cette raison si vous essayez la pistache vous pourrez voir son effet relaxant gr\u00e2ce \u00e0 ses <\/span><b>niveaux \u00e9lev\u00e9s de CBD<\/b><span style=\"font-weight: 400;\">, <\/span><b>entre 20% et 23%<\/b><span style=\"font-weight: 400;\">.<\/span><\/p>\n<p><span style=\"font-weight: 400;\">De plus, comme ils contiennent <\/span><b>moins de 0,19% de THC,<\/b><span style=\"font-weight: 400;\"> ils sont parfaitement <\/span><b>l\u00e9gaux dans toute l\u2019Europe<\/b><span style=\"font-weight: 400;\"> et n\u2019ont aucun effet psychoactif.<\/span><\/p>\n<h2><b>Caract\u00e9ristiques de Legal Cannabis Pistachio CBD<\/b><\/h2>\n<ul>\n<li style=\"font-weight: 400;\" aria-level=\"1\"><span style=\"font-weight: 400;\">Fleur de chanvre<\/span><\/li>\n<li style=\"font-weight: 400;\" aria-level=\"1\"><span style=\"font-weight: 400;\">Moins de 0,19% de THC<\/span><\/li>\n<li style=\"font-weight: 400;\" aria-level=\"1\"><span style=\"font-weight: 400;\">De 20% \u00e0 23% de la CDB<\/span><\/li>\n<li style=\"font-weight: 400;\" aria-level=\"1\"><span style=\"font-weight: 400;\">G\u00e9n\u00e9tique: Original x Carma\u00f1ola x Futura x Arlequin<\/span><\/li>\n<li style=\"font-weight: 400;\" aria-level=\"1\"><span style=\"font-weight: 400;\">Aucun effet psychoactif<\/span><\/li>\n<li style=\"font-weight: 400;\" aria-level=\"1\"><span style=\"font-weight: 400;\">Organiquement cultiv\u00e9<\/span><\/li>\n<li style=\"font-weight: 400;\" aria-level=\"1\"><span style=\"font-weight: 400;\">Sans OGM<\/span><\/li>\n<li style=\"font-weight: 400;\" aria-level=\"1\"><span style=\"font-weight: 400;\">Sans pesticides<\/span><\/li>\n<\/ul>\n<h2><b>Ar\u00f4me Pistachio CBD<\/b><\/h2>\n<p><span style=\"font-weight: 400;\">Les terp\u00e8nes peuvent \u00eatre trouv\u00e9s dans la plupart des huiles essentielles de nombreuses plantes,<a href=\"https:\/\/thetreecbd.com\/fr\/fleurs-cbd\"> fleurs<\/a> et fruits, ils sont charg\u00e9s de fournir l&#8217;odeur et la saveur. Dans le cannabis, nous pouvons trouver un large profil de terp\u00e8nes.<\/span><\/p>\n<p><span style=\"font-weight: 400;\">The Tree&#8217;s Pistachio CBD a un ar\u00f4me qui rappelle les noix et les arbres fruitiers, donc son ar\u00f4me est doux, mais avec une touche de terre et de nature, comme s&#8217;il s&#8217;agissait d&#8217;une glace \u00e0 la pistache avec des tons un peu similaires au gaz.<\/span><\/p>\n<h2><b>Utilisateur auquel il est destin\u00e9<\/b><\/h2>\n<p><span style=\"font-weight: 400;\">Les<a href=\"https:\/\/thetreecbd.com\/fr\/fleurs-cbd\"> fleurs<\/a> de culture en int\u00e9rieur sont destin\u00e9es \u00e0 ceux qui recherchent une garantie de qualit\u00e9, car la culture en int\u00e9rieur permet la cr\u00e9ation de cbdfleurs homog\u00e8nes de couleur verte et \u00e0 forte concentration en CBD.<\/span><\/p>\n<p><span style=\"font-weight: 400;\">La culture en int\u00e9rieur est sans aucun doute un mode de culture beaucoup plus technique, o\u00f9 le milieu dans lequel une plante pousse peut \u00eatre contr\u00f4l\u00e9 pour obtenir les r\u00e9sultats pr\u00e9f\u00e9r\u00e9s du cultivateur.<\/span><\/p>\n<p><span style=\"font-weight: 400;\">C&#8217;est la m\u00e9thode pr\u00e9f\u00e9r\u00e9e \u00e0 des fins m\u00e9dicinales, car de cette mani\u00e8re, le contr\u00f4le du climat et de la lumi\u00e8re peut \u00eatre r\u00e9alis\u00e9, en standardisant le produit autant que possible ; Il ne faut pas oublier que la variabilit\u00e9 du pourcentage de CBD et autres cannabino\u00efdes d\u00e9pend beaucoup du milieu dans lequel il est cultiv\u00e9.<\/span><\/p>\n<p><span style=\"font-weight: 400;\">Avec un contr\u00f4le climatique et nutritionnel, \u00e0 la fois dans le support racinaire qui est donn\u00e9 et dans les heures de lumi\u00e8re, nous nous assurerons que le produit sera homog\u00e8ne et nous obtiendrons toujours une garantie de qualit\u00e9 avec des <a href=\"https:\/\/thetreecbd.com\/fr\/fleurs-cbd\">fleurs<\/a> CBD \u00e0 l&#8217;int\u00e9rieur.<\/span><\/p>\n<p><span style=\"font-weight: 400;\">Du point de vue du consommateur, l&#8217;int\u00e9rieur peut \u00eatre meilleur pour la garantie de qualit\u00e9 susmentionn\u00e9e, et les <a href=\"https:\/\/thetreecbd.com\/fr\/fleurs-cbd\">fleurs<\/a> de CBD d&#8217;int\u00e9rieur sont \u00e9galement connues pour leur apparence, g\u00e9n\u00e9ralement plus r\u00e9sineuse et d&#8217;une couleur verte plus brillante.<\/span><\/p>\n<h2><b>Information sur la s\u00e9curit\u00e9<\/b><\/h2>\n<p><span style=\"font-weight: 400;\">Gardez \u00e0 l&#8217;esprit que les bourgeons CBD de The Tree sont un produit d\u00e9coratif, de collection et aromatique. Ils ne doivent pas \u00eatre utilis\u00e9s pendant la grossesse ou l&#8217;allaitement. Garder hors de la port\u00e9e des enfants.<\/span><\/p>\n<p><span style=\"font-weight: 400;\">Nos bourgeons CBD peuvent contenir une certaine quantit\u00e9 de THC. Bien s\u00fbr, cela est inf\u00e9rieur \u00e0 la limite europ\u00e9enne de 0,2 % de THC.<\/span><\/p>\n<p><span style=\"font-weight: 400;\">Le contenu fourni est uniquement \u00e0 des fins d&#8217;information et de formation et ne se substitue en aucun cas \u00e0 l&#8217;avis m\u00e9dical d&#8217;un m\u00e9decin ou d&#8217;un pharmacien. Nos textes ne sont pas destin\u00e9s au diagnostic et au traitement ind\u00e9pendants des maladies.<\/span><\/p>\n<p><span style=\"font-weight: 400;\">N&#8217;h\u00e9sitez pas \u00e0 nous contacter si vous avez d&#8217;autres questions.<\/span><\/p>\n<h2><b>Stockage<\/b><\/h2>\n<p><span style=\"font-weight: 400;\">Id\u00e9alement, les bourgeons CBD de The Tree doivent \u00eatre stock\u00e9s dans un endroit frais et sec, \u00e0 l&#8217;abri des odeurs l\u00e9g\u00e8res et fortes pour \u00e9viter tout type de contamination et\/ou de d\u00e9gradation. \u00c9vitez la lumi\u00e8re directe du soleil et la chaleur.<\/span><\/p>\n<p><span style=\"font-weight: 400;\">Attention : La dur\u00e9e de conservation indiqu\u00e9e est d&#8217;un mois si stock\u00e9e correctement.<\/span><span style=\"font-weight: 400;\">\u00a0<\/span><\/p>\n<p><span style=\"font-weight: 400;\">Il est important de souligner que fumer du CBD, selon l&#8217;usage l\u00e9gal accept\u00e9 dans certains pays (pas en Espagne), ne provoque pas d&#8217;effets psychotropes, c&#8217;est-\u00e0-dire la sensation d&#8217;\u00eatre planant caus\u00e9e par la marijuana avec du THC.<\/span><\/p>\n","protected":false},"excerpt":{"rendered":"<ul>\n<li style=\"font-weight: 400;\" aria-level=\"1\"><span style=\"font-weight: 400;\">Fleur de chanvre<\/span><\/li>\n<li style=\"font-weight: 400;\" aria-level=\"1\"><span style=\"font-weight: 400;\">Moins de 0,19% de THC<\/span><\/li>\n<li style=\"font-weight: 400;\" aria-level=\"1\"><span style=\"font-weight: 400;\">De 20% \u00e0 23% de la CDB<\/span><\/li>\n<li style=\"font-weight: 400;\" aria-level=\"1\"><span style=\"font-weight: 400;\">G\u00e9n\u00e9tique: Original x Carma\u00f1ola x Futura x Arlequin<\/span><\/li>\n<li style=\"font-weight: 400;\" aria-level=\"1\"><span style=\"font-weight: 400;\">Aucun effet psychoactif<\/span><\/li>\n<li style=\"font-weight: 400;\" aria-level=\"1\"><span style=\"font-weight: 400;\">Organiquement cultiv\u00e9<\/span><\/li>\n<li style=\"font-weight: 400;\" aria-level=\"1\"><span style=\"font-weight: 400;\">Sans OGM<\/span><\/li>\n<li style=\"font-weight: 400;\" aria-level=\"1\"><span style=\"font-weight: 400;\">Sans pesticides<\/span><\/li>\n<\/ul>\n","protected":false},"featured_media":80599,"template":"","meta":{"_acf_changed":false},"product_brand":[],"class_list":{"0":"post-5350","1":"product","2":"type-product","3":"status-publish","4":"has-post-thumbnail","6":"product_cat-black-friday-cbd","7":"product_cat-indoor","8":"product_cat-fleurs-cbd","9":"product_cat-cbd-concentrees-10","11":"first","12":"instock","13":"taxable","14":"shipping-taxable","15":"purchasable","16":"product-type-variable","17":"has-default-attributes"},"acf":[],"yoast_head":"<!-- This site is optimized with the Yoast SEO plugin v26.3 - https:\/\/yoast.com\/wordpress\/plugins\/seo\/ -->\n<title>Pistachio CBD - 23% CBD. Cannabis l\u00e9galis\u00e9 | The Tree CBD<\/title>\n<meta name=\"description\" content=\"Des pistaches CBD \u00e0 l&#039;arome sec et exotique. Cultiv\u00e9es en int\u00e9rieur, son taux de CBD entre 20% et 23% a un effet relaxant. Moins de 0,19% de CBD L\u00e9galis\u00e9 en Espagne\" \/>\n<meta name=\"robots\" content=\"index, follow, max-snippet:-1, max-image-preview:large, max-video-preview:-1\" \/>\n<link rel=\"canonical\" href=\"https:\/\/thetreecbd.com\/fr\/tienda\/fleurs\/pistachio-cbd\" \/>\n<meta property=\"og:locale\" content=\"fr_FR\" \/>\n<meta property=\"og:type\" content=\"article\" \/>\n<meta property=\"og:title\" content=\"Pistachio CBD - 23% CBD. Cannabis l\u00e9galis\u00e9 | The Tree CBD\" \/>\n<meta property=\"og:description\" content=\"Des pistaches CBD \u00e0 l&#039;arome sec et exotique. Cultiv\u00e9es en int\u00e9rieur, son taux de CBD entre 20% et 23% a un effet relaxant. Moins de 0,19% de CBD L\u00e9galis\u00e9 en Espagne\" \/>\n<meta property=\"og:url\" content=\"https:\/\/thetreecbd.com\/fr\/tienda\/fleurs\/pistachio-cbd\/\" \/>\n<meta property=\"og:site_name\" content=\"The Tree CBD\" \/>\n<meta property=\"article:publisher\" content=\"https:\/\/www.facebook.com\/thetreeCBD\/\" \/>\n<meta property=\"article:modified_time\" content=\"2026-03-26T13:21:11+00:00\" \/>\n<meta property=\"og:image\" content=\"https:\/\/thetreecbd.com\/wp-content\/uploads\/2019\/07\/cogollos-interior-pistacho-1.jpg\" \/>\n\t<meta property=\"og:image:width\" content=\"600\" \/>\n\t<meta property=\"og:image:height\" content=\"720\" \/>\n\t<meta property=\"og:image:type\" content=\"image\/jpeg\" \/>\n<meta name=\"twitter:card\" content=\"summary_large_image\" \/>\n<meta name=\"twitter:site\" content=\"@TheTreeCBD_EU\" \/>\n<meta name=\"twitter:label1\" content=\"Dur\u00e9e de lecture estim\u00e9e\" \/>\n\t<meta name=\"twitter:data1\" content=\"4 minutes\" \/>\n<script type=\"application\/ld+json\" class=\"yoast-schema-graph\">{\"@context\":\"https:\/\/schema.org\",\"@graph\":[{\"@type\":[\"WebPage\",\"ItemPage\"],\"@id\":\"https:\/\/thetreecbd.com\/fr\/cbd\/fleurs-cbd-indoor-pistacho\",\"url\":\"https:\/\/thetreecbd.com\/fr\/tienda\/fleurs\/pistachio-cbd\/\",\"name\":\"Pistachio CBD - 23% CBD. Cannabis l\u00e9galis\u00e9 | The Tree CBD\",\"isPartOf\":{\"@id\":\"https:\/\/thetreecbd.com\/fr#website\"},\"primaryImageOfPage\":{\"@id\":\"https:\/\/thetreecbd.com\/fr\/tienda\/fleurs\/pistachio-cbd\/#primaryimage\"},\"image\":{\"@id\":\"https:\/\/thetreecbd.com\/fr\/tienda\/fleurs\/pistachio-cbd\/#primaryimage\"},\"thumbnailUrl\":\"https:\/\/thetreecbd.com\/wp-content\/uploads\/2019\/07\/cogollos-interior-pistacho-1.jpg\",\"datePublished\":\"2019-07-24T16:56:54+00:00\",\"dateModified\":\"2026-03-26T13:21:11+00:00\",\"description\":\"Des pistaches CBD \u00e0 l'arome sec et exotique. Cultiv\u00e9es en int\u00e9rieur, son taux de CBD entre 20% et 23% a un effet relaxant. Moins de 0,19% de CBD L\u00e9galis\u00e9 en Espagne\",\"breadcrumb\":{\"@id\":\"https:\/\/thetreecbd.com\/fr\/tienda\/fleurs\/pistachio-cbd\/#breadcrumb\"},\"inLanguage\":\"fr-FR\",\"potentialAction\":[{\"@type\":\"ReadAction\",\"target\":[\"https:\/\/thetreecbd.com\/fr\/tienda\/fleurs\/pistachio-cbd\/\"]}]},{\"@type\":\"ImageObject\",\"inLanguage\":\"fr-FR\",\"@id\":\"https:\/\/thetreecbd.com\/fr\/tienda\/fleurs\/pistachio-cbd\/#primaryimage\",\"url\":\"https:\/\/thetreecbd.com\/wp-content\/uploads\/2019\/07\/cogollos-interior-pistacho-1.jpg\",\"contentUrl\":\"https:\/\/thetreecbd.com\/wp-content\/uploads\/2019\/07\/cogollos-interior-pistacho-1.jpg\",\"width\":600,\"height\":720},{\"@type\":\"BreadcrumbList\",\"@id\":\"https:\/\/thetreecbd.com\/fr\/tienda\/fleurs\/pistachio-cbd\/#breadcrumb\",\"itemListElement\":[{\"@type\":\"ListItem\",\"position\":1,\"name\":\"The Tree\",\"item\":\"https:\/\/thetreecbd.com\/fr\"},{\"@type\":\"ListItem\",\"position\":2,\"name\":\"CBD\",\"item\":\"https:\/\/thetreecbd.com\/es\/cbd\"},{\"@type\":\"ListItem\",\"position\":3,\"name\":\"Fleurs de chanvre. Fleurs de CBD\",\"item\":\"https:\/\/thetreecbd.com\/fr\/fleurs-cbd\"},{\"@type\":\"ListItem\",\"position\":4,\"name\":\"Fleurs de CBD d'int\u00e9rieur\",\"item\":\"https:\/\/thetreecbd.com\/fr\/fleurs-cbd\/indoor\"},{\"@type\":\"ListItem\",\"position\":5,\"name\":\"Pistachio CBD\"}]},{\"@type\":\"WebSite\",\"@id\":\"https:\/\/thetreecbd.com\/fr#website\",\"url\":\"https:\/\/thetreecbd.com\/fr\",\"name\":\"The Tree CBD\",\"description\":\"Comprar CBD en Espa\u00f1a Online\",\"publisher\":{\"@id\":\"https:\/\/thetreecbd.com\/fr#organization\"},\"potentialAction\":[{\"@type\":\"SearchAction\",\"target\":{\"@type\":\"EntryPoint\",\"urlTemplate\":\"https:\/\/thetreecbd.com\/fr?s={search_term_string}\"},\"query-input\":{\"@type\":\"PropertyValueSpecification\",\"valueRequired\":true,\"valueName\":\"search_term_string\"}}],\"inLanguage\":\"fr-FR\"},{\"@type\":\"Organization\",\"@id\":\"https:\/\/thetreecbd.com\/fr#organization\",\"name\":\"The Tree CBD\",\"url\":\"https:\/\/thetreecbd.com\/fr\",\"logo\":{\"@type\":\"ImageObject\",\"inLanguage\":\"fr-FR\",\"@id\":\"https:\/\/thetreecbd.com\/fr#\/schema\/logo\/image\/\",\"url\":\"https:\/\/thetreecbd.com\/wp-content\/uploads\/2022\/04\/logo-thetree.png\",\"contentUrl\":\"https:\/\/thetreecbd.com\/wp-content\/uploads\/2022\/04\/logo-thetree.png\",\"width\":172,\"height\":55,\"caption\":\"The Tree CBD\"},\"image\":{\"@id\":\"https:\/\/thetreecbd.com\/fr#\/schema\/logo\/image\/\"},\"sameAs\":[\"https:\/\/www.facebook.com\/thetreeCBD\/\",\"https:\/\/x.com\/TheTreeCBD_EU\",\"https:\/\/www.instagram.com\/thetree.cbd\/\",\"https:\/\/es.trustpilot.com\/review\/thetreecbd.com\"]}]}<\/script>\n<!-- \/ Yoast SEO plugin. -->","yoast_head_json":{"title":"Pistachio CBD - 23% CBD. Cannabis l\u00e9galis\u00e9 | The Tree CBD","description":"Des pistaches CBD \u00e0 l'arome sec et exotique. Cultiv\u00e9es en int\u00e9rieur, son taux de CBD entre 20% et 23% a un effet relaxant. Moins de 0,19% de CBD L\u00e9galis\u00e9 en Espagne","robots":{"index":"index","follow":"follow","max-snippet":"max-snippet:-1","max-image-preview":"max-image-preview:large","max-video-preview":"max-video-preview:-1"},"canonical":"https:\/\/thetreecbd.com\/fr\/tienda\/fleurs\/pistachio-cbd","og_locale":"fr_FR","og_type":"article","og_title":"Pistachio CBD - 23% CBD. Cannabis l\u00e9galis\u00e9 | The Tree CBD","og_description":"Des pistaches CBD \u00e0 l'arome sec et exotique. Cultiv\u00e9es en int\u00e9rieur, son taux de CBD entre 20% et 23% a un effet relaxant. Moins de 0,19% de CBD L\u00e9galis\u00e9 en Espagne","og_url":"https:\/\/thetreecbd.com\/fr\/tienda\/fleurs\/pistachio-cbd\/","og_site_name":"The Tree CBD","article_publisher":"https:\/\/www.facebook.com\/thetreeCBD\/","article_modified_time":"2026-03-26T13:21:11+00:00","og_image":[{"width":600,"height":720,"url":"https:\/\/thetreecbd.com\/wp-content\/uploads\/2019\/07\/cogollos-interior-pistacho-1.jpg","type":"image\/jpeg"}],"twitter_card":"summary_large_image","twitter_site":"@TheTreeCBD_EU","twitter_misc":{"Dur\u00e9e de lecture estim\u00e9e":"4 minutes"},"schema":{"@context":"https:\/\/schema.org","@graph":[{"@type":["WebPage","ItemPage"],"@id":"https:\/\/thetreecbd.com\/fr\/cbd\/fleurs-cbd-indoor-pistacho","url":"https:\/\/thetreecbd.com\/fr\/tienda\/fleurs\/pistachio-cbd\/","name":"Pistachio CBD - 23% CBD. Cannabis l\u00e9galis\u00e9 | The Tree CBD","isPartOf":{"@id":"https:\/\/thetreecbd.com\/fr#website"},"primaryImageOfPage":{"@id":"https:\/\/thetreecbd.com\/fr\/tienda\/fleurs\/pistachio-cbd\/#primaryimage"},"image":{"@id":"https:\/\/thetreecbd.com\/fr\/tienda\/fleurs\/pistachio-cbd\/#primaryimage"},"thumbnailUrl":"https:\/\/thetreecbd.com\/wp-content\/uploads\/2019\/07\/cogollos-interior-pistacho-1.jpg","datePublished":"2019-07-24T16:56:54+00:00","dateModified":"2026-03-26T13:21:11+00:00","description":"Des pistaches CBD \u00e0 l'arome sec et exotique. Cultiv\u00e9es en int\u00e9rieur, son taux de CBD entre 20% et 23% a un effet relaxant. Moins de 0,19% de CBD L\u00e9galis\u00e9 en Espagne","breadcrumb":{"@id":"https:\/\/thetreecbd.com\/fr\/tienda\/fleurs\/pistachio-cbd\/#breadcrumb"},"inLanguage":"fr-FR","potentialAction":[{"@type":"ReadAction","target":["https:\/\/thetreecbd.com\/fr\/tienda\/fleurs\/pistachio-cbd\/"]}]},{"@type":"ImageObject","inLanguage":"fr-FR","@id":"https:\/\/thetreecbd.com\/fr\/tienda\/fleurs\/pistachio-cbd\/#primaryimage","url":"https:\/\/thetreecbd.com\/wp-content\/uploads\/2019\/07\/cogollos-interior-pistacho-1.jpg","contentUrl":"https:\/\/thetreecbd.com\/wp-content\/uploads\/2019\/07\/cogollos-interior-pistacho-1.jpg","width":600,"height":720},{"@type":"BreadcrumbList","@id":"https:\/\/thetreecbd.com\/fr\/tienda\/fleurs\/pistachio-cbd\/#breadcrumb","itemListElement":[{"@type":"ListItem","position":1,"name":"The Tree","item":"https:\/\/thetreecbd.com\/fr"},{"@type":"ListItem","position":2,"name":"CBD","item":"https:\/\/thetreecbd.com\/es\/cbd"},{"@type":"ListItem","position":3,"name":"Fleurs de chanvre. Fleurs de CBD","item":"https:\/\/thetreecbd.com\/fr\/fleurs-cbd"},{"@type":"ListItem","position":4,"name":"Fleurs de CBD d'int\u00e9rieur","item":"https:\/\/thetreecbd.com\/fr\/fleurs-cbd\/indoor"},{"@type":"ListItem","position":5,"name":"Pistachio CBD"}]},{"@type":"WebSite","@id":"https:\/\/thetreecbd.com\/fr#website","url":"https:\/\/thetreecbd.com\/fr","name":"The Tree CBD","description":"Comprar CBD en Espa\u00f1a Online","publisher":{"@id":"https:\/\/thetreecbd.com\/fr#organization"},"potentialAction":[{"@type":"SearchAction","target":{"@type":"EntryPoint","urlTemplate":"https:\/\/thetreecbd.com\/fr?s={search_term_string}"},"query-input":{"@type":"PropertyValueSpecification","valueRequired":true,"valueName":"search_term_string"}}],"inLanguage":"fr-FR"},{"@type":"Organization","@id":"https:\/\/thetreecbd.com\/fr#organization","name":"The Tree CBD","url":"https:\/\/thetreecbd.com\/fr","logo":{"@type":"ImageObject","inLanguage":"fr-FR","@id":"https:\/\/thetreecbd.com\/fr#\/schema\/logo\/image\/","url":"https:\/\/thetreecbd.com\/wp-content\/uploads\/2022\/04\/logo-thetree.png","contentUrl":"https:\/\/thetreecbd.com\/wp-content\/uploads\/2022\/04\/logo-thetree.png","width":172,"height":55,"caption":"The Tree CBD"},"image":{"@id":"https:\/\/thetreecbd.com\/fr#\/schema\/logo\/image\/"},"sameAs":["https:\/\/www.facebook.com\/thetreeCBD\/","https:\/\/x.com\/TheTreeCBD_EU","https:\/\/www.instagram.com\/thetree.cbd\/","https:\/\/es.trustpilot.com\/review\/thetreecbd.com"]}]}},"_links":{"self":[{"href":"https:\/\/thetreecbd.com\/fr\/wp-json\/wp\/v2\/product\/5350","targetHints":{"allow":["GET"]}}],"collection":[{"href":"https:\/\/thetreecbd.com\/fr\/wp-json\/wp\/v2\/product"}],"about":[{"href":"https:\/\/thetreecbd.com\/fr\/wp-json\/wp\/v2\/types\/product"}],"version-history":[{"count":0,"href":"https:\/\/thetreecbd.com\/fr\/wp-json\/wp\/v2\/product\/5350\/revisions"}],"wp:featuredmedia":[{"embeddable":true,"href":"https:\/\/thetreecbd.com\/fr\/wp-json\/wp\/v2\/media\/80599"}],"wp:attachment":[{"href":"https:\/\/thetreecbd.com\/fr\/wp-json\/wp\/v2\/media?parent=5350"}],"wp:term":[{"taxonomy":"product_brand","embeddable":true,"href":"https:\/\/thetreecbd.com\/fr\/wp-json\/wp\/v2\/product_brand?post=5350"}],"curies":[{"name":"wp","href":"https:\/\/api.w.org\/{rel}","templated":true}]}}