{"id":53822,"date":"2021-04-19T12:24:30","date_gmt":"2021-04-19T10:24:30","guid":{"rendered":"https:\/\/thetreecbd.com\/?post_type=product&#038;p=53822"},"modified":"2026-05-08T16:28:26","modified_gmt":"2026-05-08T14:28:26","slug":"fleurs-cbd-indoor-lemon-tree","status":"publish","type":"product","link":"https:\/\/thetreecbd.com\/fr\/cbd\/fleurs-cbd-indoor-lemon-tree","title":{"rendered":"Lemon Tree CBD"},"content":{"rendered":"<p><b>The Tree CBD<\/b><span style=\"font-weight: 400;\"> vous apporte les bourgeons de <\/span><b>marijuana l\u00e9gaux<\/b><span style=\"font-weight: 400;\"> de la vari\u00e9t\u00e9 Lemon Tree avec une g\u00e9n\u00e9tique unique qui offre une <\/span><b>grande quantit\u00e9 de CBD<\/b><span style=\"font-weight: 400;\"> dans chaque fleur.<\/span><\/p>\n<p><span style=\"font-weight: 400;\">Ces <\/span><a href=\"https:\/\/thetreecbd.com\/fr\/fleurs-cbd\"><span style=\"font-weight: 400;\">bourgeons CBD<\/span><\/a><span style=\"font-weight: 400;\"> sont issus d\u2019un croisement g\u00e9n\u00e9tique entre Tyzana x Kompoltyxkompolty x Pure CBD, cultiv\u00e9s en int\u00e9rieur de mani\u00e8re 100% naturelle, sans utiliser d\u2019additifs ni de pesticides d\u2019aucune sorte.<\/span><\/p>\n<h2><b>La fleur au parfum de citron aigre + citron doux<\/b><\/h2>\n<p><span style=\"font-weight: 400;\">Le <\/span><b>Lemon<\/b> <b>Tree<\/b><span style=\"font-weight: 400;\">, comme son nom l\u2019indique, contient des tons jaunes marqu\u00e9s gr\u00e2ce \u00e0 sa forte teneur en terp\u00e8ne de citron. Dans les t\u00eates compactes et luxuriantes, nous pouvons voir une couleur plus claire que les autres t\u00eates CBD, avec des notes de citron, et, en m\u00eame temps, les rend plus attrayantes.<\/span><\/p>\n<p><span style=\"font-weight: 400;\">Cette vari\u00e9t\u00e9 de fleurs nous offre un <\/span><b>ar\u00f4me d\u2019agrumes avec un go\u00fbt de citron acide et de citron doux<\/b><span style=\"font-weight: 400;\">. Son ar\u00f4me est caract\u00e9ristique et reconnu par les amateurs de terp\u00e8nes d\u2019agrumes. Son parfum, en plus des agrumes, contient un sweet spot qui rappelle la fleur de citron. Dans son ensemble, il donne au bourgeon une odeur forte, claire et avec une touche sucr\u00e9e qui le rend irr\u00e9sistible. Pour cette raison, cela rend cette fleur aromatique plus facile \u00e0 distinguer du reste des bourgeons et qu\u2019elle est bien accueillie par les consommateurs.<\/span><\/p>\n<p><span style=\"font-weight: 400;\">Ces fleurs ont un effet relaxant encore plus grand gr\u00e2ce \u00e0 leurs <\/span><b>taux \u00e9lev\u00e9s de CBD<\/b><span style=\"font-weight: 400;\">, entre <\/span><b>14% et 16%<\/b><span style=\"font-weight: 400;\">.<\/span><\/p>\n<p><span style=\"font-weight: 400;\">De plus, comme ils contiennent <\/span><b>moins de 0,20% de THC<\/b><span style=\"font-weight: 400;\">, ils sont totalement<\/span><b> l\u00e9gaux dans toute l\u2019Europe<\/b><span style=\"font-weight: 400;\"> et ne provoquent aucun effet psychoactif.<\/span><\/p>\n<h2><b>Caract\u00e9ristiques du cannabis l\u00e9gal Lemon Tree CBD<\/b><\/h2>\n<ul>\n<li><span style=\"font-weight: 400;\">Bourgeons de chanvre<\/span><\/li>\n<li><span style=\"font-weight: 400;\">Moins de 0,20% de <\/span><b>THC<\/b><\/li>\n<li><span style=\"font-weight: 400;\">14% \u00e0 16% de <\/span><b>CBD<\/b><\/li>\n<li><b>G\u00e9n\u00e9tique<\/b><span style=\"font-weight: 400;\">: Kompolty x Kompolty x Tyzana x Pure CBD<\/span><\/li>\n<li><span style=\"font-weight: 400;\">Sativa 70% Indica 30%<\/span><\/li>\n<li><span style=\"font-weight: 400;\">Aucun effet psychoactif<\/span><\/li>\n<li><span style=\"font-weight: 400;\">Cultiv\u00e9 biologiquement<\/span><\/li>\n<li><span style=\"font-weight: 400;\">Sans OGM<\/span><\/li>\n<li><span style=\"font-weight: 400;\">Sans pesticides<\/span><\/li>\n<\/ul>\n<h2><b>Ar\u00f4me Lemon Tree CBD<\/b><\/h2>\n<p><span style=\"font-weight: 400;\">Les terp\u00e8nes peuvent \u00eatre trouv\u00e9s dans la plupart des huiles essentielles de nombreuses plantes, fleurs et fruits, ils sont charg\u00e9s de fournir l&#8217;odeur et la saveur. Dans le cannabis, nous pouvons trouver un large profil de terp\u00e8nes.<\/span><\/p>\n<p><span style=\"font-weight: 400;\">Lemon Tree CBD par The Tree a un ar\u00f4me caract\u00e9ristique de citron, comme son nom l&#8217;indique, il est tr\u00e8s facile \u00e0 reconna\u00eetre par les plus connaisseurs gr\u00e2ce \u00e0 son odeur citrique et sucr\u00e9e, ses nuances \u00e9pic\u00e9es et herbac\u00e9es nous rappellent un onctueux g\u00e2teau au citron.<\/span><\/p>\n<h2><b>Utilisateur auquel il est destin\u00e9<\/b><\/h2>\n<p><span style=\"font-weight: 400;\">Les fleurs de culture en int\u00e9rieur sont destin\u00e9es \u00e0 ceux qui recherchent une garantie de qualit\u00e9, car la culture en int\u00e9rieur permet la cr\u00e9ation de cbdfleurs homog\u00e8nes de couleur verte et \u00e0 forte concentration en CBD.<\/span><\/p>\n<p><span style=\"font-weight: 400;\">La culture en int\u00e9rieur est sans aucun doute un mode de culture beaucoup plus technique, o\u00f9 le milieu dans lequel une plante pousse peut \u00eatre contr\u00f4l\u00e9 pour obtenir les r\u00e9sultats pr\u00e9f\u00e9r\u00e9s du cultivateur.<\/span><\/p>\n<p><span style=\"font-weight: 400;\">C&#8217;est la m\u00e9thode pr\u00e9f\u00e9r\u00e9e \u00e0 des fins m\u00e9dicinales, car de cette mani\u00e8re, le contr\u00f4le du climat et de la lumi\u00e8re peut \u00eatre r\u00e9alis\u00e9, en standardisant le produit autant que possible ; Il ne faut pas oublier que la variabilit\u00e9 du pourcentage de CBD et autres cannabino\u00efdes d\u00e9pend beaucoup du milieu dans lequel il est cultiv\u00e9.<\/span><\/p>\n<p><span style=\"font-weight: 400;\">Avec un contr\u00f4le climatique et nutritionnel, \u00e0 la fois dans le support racinaire qui est donn\u00e9 et dans les heures de lumi\u00e8re, nous nous assurerons que le produit sera homog\u00e8ne et nous obtiendrons toujours une garantie de qualit\u00e9 avec des fleurs CBD \u00e0 l&#8217;int\u00e9rieur.<\/span><\/p>\n<p><span style=\"font-weight: 400;\">Du point de vue du consommateur, l&#8217;int\u00e9rieur peut \u00eatre meilleur pour la garantie de qualit\u00e9 susmentionn\u00e9e, et les fleurs de CBD d&#8217;int\u00e9rieur sont \u00e9galement connues pour leur apparence, g\u00e9n\u00e9ralement plus r\u00e9sineuse et d&#8217;une couleur verte plus brillante.<\/span><\/p>\n<h2><b>Information sur la s\u00e9curit\u00e9<\/b><\/h2>\n<p><span style=\"font-weight: 400;\">Gardez \u00e0 l&#8217;esprit que les <a href=\"https:\/\/thetreecbd.com\/fr\/fleurs-cbd\">bourgeons CBD<\/a> de The Tree sont un produit d\u00e9coratif, de collection et aromatique. Ils ne doivent pas \u00eatre utilis\u00e9s pendant la grossesse ou l&#8217;allaitement. Garder hors de la port\u00e9e des enfants.<\/span><\/p>\n<p><span style=\"font-weight: 400;\">Nos<a href=\"https:\/\/thetreecbd.com\/fr\/fleurs-cbd\"> bourgeons CBD<\/a> peuvent contenir une certaine quantit\u00e9 de THC. Bien s\u00fbr, cela est inf\u00e9rieur \u00e0 la limite europ\u00e9enne de 0,2 % de THC.<\/span><\/p>\n<p><span style=\"font-weight: 400;\">Le contenu fourni est uniquement \u00e0 des fins d&#8217;information et de formation et ne se substitue en aucun cas \u00e0 l&#8217;avis m\u00e9dical d&#8217;un m\u00e9decin ou d&#8217;un pharmacien. Nos textes ne sont pas destin\u00e9s au diagnostic et au traitement ind\u00e9pendants des maladies.<\/span><\/p>\n<p><span style=\"font-weight: 400;\">N&#8217;h\u00e9sitez pas \u00e0 nous contacter si vous avez d&#8217;autres questions.<\/span><\/p>\n<h2><b>Stockage<\/b><\/h2>\n<p><span style=\"font-weight: 400;\">Id\u00e9alement, les <a href=\"https:\/\/thetreecbd.com\/fr\/fleurs-cbd\">bourgeons CBD<\/a> de The Tree doivent \u00eatre stock\u00e9s dans un endroit frais et sec, \u00e0 l&#8217;abri des odeurs l\u00e9g\u00e8res et fortes pour \u00e9viter tout type de contamination et\/ou de d\u00e9gradation. \u00c9vitez la lumi\u00e8re directe du soleil et la chaleur.<\/span><\/p>\n<p><span style=\"font-weight: 400;\">Attention : La dur\u00e9e de conservation indiqu\u00e9e est d&#8217;un mois si stock\u00e9e correctement.<\/span><\/p>\n<p><span style=\"font-weight: 400;\">Il est important de souligner que fumer du CBD, selon l&#8217;usage l\u00e9gal accept\u00e9 dans certains pays (pas en Espagne), ne provoque pas d&#8217;effets psychotropes, c&#8217;est-\u00e0-dire la sensation d&#8217;\u00eatre planant caus\u00e9e par la marijuana avec du THC.<\/span><\/p>\n","protected":false},"excerpt":{"rendered":"<ul>\n<li><span style=\"font-weight: 400;\">Bourgeons de chanvre<\/span><\/li>\n<li><span style=\"font-weight: 400;\">Moins de 0,20% de <\/span><b>THC<\/b><\/li>\n<li><span style=\"font-weight: 400;\">14% \u00e0 16% de <\/span><b>CBD<\/b><\/li>\n<li><b>G\u00e9n\u00e9tique<\/b><span style=\"font-weight: 400;\">: Kompolty x Kompolty x Tyzana x Pure CBD<\/span><\/li>\n<li><span style=\"font-weight: 400;\">Sativa 70% Indica 30%<\/span><\/li>\n<li><span style=\"font-weight: 400;\">Aucun effet psychoactif<\/span><\/li>\n<li><span style=\"font-weight: 400;\">Cultiv\u00e9 biologiquement<\/span><\/li>\n<li><span style=\"font-weight: 400;\">Sans OGM<\/span><\/li>\n<li><span style=\"font-weight: 400;\">Sans pesticides<\/span><\/li>\n<\/ul>\n","protected":false},"featured_media":183610,"template":"","meta":{"_acf_changed":false},"product_brand":[],"class_list":{"0":"post-53822","1":"product","2":"type-product","3":"status-publish","4":"has-post-thumbnail","6":"product_cat-black-friday-cbd","7":"product_cat-indoor","8":"product_cat-fleurs-cbd","9":"product_cat-cbd-concentrees-20","11":"first","12":"outofstock","13":"taxable","14":"shipping-taxable","15":"purchasable","16":"product-type-variable"},"acf":[],"yoast_head":"<!-- This site is optimized with the Yoast SEO plugin v26.3 - https:\/\/yoast.com\/wordpress\/plugins\/seo\/ -->\n<title>Lemon Tree CBD - 16% CBD. Cannabis l\u00e9galis\u00e9 | The Tree CBD<\/title>\n<meta name=\"description\" content=\"Le Lemon Tree CBD est une fleur \u00e0 l&#039;arome aigre-douce d&#039;agrumes. Avec un taux \u00e9lev\u00e9 de CBD, jusqu&#039;\u00e0 16%, impossible d&#039;y r\u00e9sister ! CBD l\u00e9galis\u00e9\" \/>\n<meta name=\"robots\" content=\"index, follow, max-snippet:-1, max-image-preview:large, max-video-preview:-1\" \/>\n<link rel=\"canonical\" href=\"https:\/\/thetreecbd.com\/fr\/boutique\/lemon-tree-cbd\" \/>\n<meta property=\"og:locale\" content=\"fr_FR\" \/>\n<meta property=\"og:type\" content=\"article\" \/>\n<meta property=\"og:title\" content=\"Lemon Tree CBD - 16% CBD. Cannabis l\u00e9galis\u00e9 | The Tree CBD\" \/>\n<meta property=\"og:description\" content=\"Le Lemon Tree CBD est une fleur \u00e0 l&#039;arome aigre-douce d&#039;agrumes. Avec un taux \u00e9lev\u00e9 de CBD, jusqu&#039;\u00e0 16%, impossible d&#039;y r\u00e9sister ! CBD l\u00e9galis\u00e9\" \/>\n<meta property=\"og:url\" content=\"https:\/\/thetreecbd.com\/fr\/boutique\/lemon-tree-cbd\/\" \/>\n<meta property=\"og:site_name\" content=\"The Tree CBD\" \/>\n<meta property=\"article:publisher\" content=\"https:\/\/www.facebook.com\/thetreeCBD\/\" \/>\n<meta property=\"article:modified_time\" content=\"2026-05-08T14:28:26+00:00\" \/>\n<meta property=\"og:image\" content=\"https:\/\/thetreecbd.com\/wp-content\/uploads\/2021\/04\/lemon-tree-cbd-thetree-web.jpg\" \/>\n\t<meta property=\"og:image:width\" content=\"1080\" \/>\n\t<meta property=\"og:image:height\" content=\"1350\" \/>\n\t<meta property=\"og:image:type\" content=\"image\/jpeg\" \/>\n<meta name=\"twitter:card\" content=\"summary_large_image\" \/>\n<meta name=\"twitter:site\" content=\"@TheTreeCBD_EU\" \/>\n<meta name=\"twitter:label1\" content=\"Dur\u00e9e de lecture estim\u00e9e\" \/>\n\t<meta name=\"twitter:data1\" content=\"4 minutes\" \/>\n<script type=\"application\/ld+json\" class=\"yoast-schema-graph\">{\"@context\":\"https:\/\/schema.org\",\"@graph\":[{\"@type\":[\"WebPage\",\"ItemPage\"],\"@id\":\"https:\/\/thetreecbd.com\/fr\/cbd\/fleurs-cbd-indoor-lemon-tree\",\"url\":\"https:\/\/thetreecbd.com\/fr\/boutique\/lemon-tree-cbd\/\",\"name\":\"Lemon Tree CBD - 16% CBD. Cannabis l\u00e9galis\u00e9 | The Tree CBD\",\"isPartOf\":{\"@id\":\"https:\/\/thetreecbd.com\/fr#website\"},\"primaryImageOfPage\":{\"@id\":\"https:\/\/thetreecbd.com\/fr\/boutique\/lemon-tree-cbd\/#primaryimage\"},\"image\":{\"@id\":\"https:\/\/thetreecbd.com\/fr\/boutique\/lemon-tree-cbd\/#primaryimage\"},\"thumbnailUrl\":\"https:\/\/thetreecbd.com\/wp-content\/uploads\/2021\/04\/lemon-tree-cbd-thetree-web.jpg\",\"datePublished\":\"2021-04-19T10:24:30+00:00\",\"dateModified\":\"2026-05-08T14:28:26+00:00\",\"description\":\"Le Lemon Tree CBD est une fleur \u00e0 l'arome aigre-douce d'agrumes. Avec un taux \u00e9lev\u00e9 de CBD, jusqu'\u00e0 16%, impossible d'y r\u00e9sister ! CBD l\u00e9galis\u00e9\",\"breadcrumb\":{\"@id\":\"https:\/\/thetreecbd.com\/fr\/boutique\/lemon-tree-cbd\/#breadcrumb\"},\"inLanguage\":\"fr-FR\",\"potentialAction\":[{\"@type\":\"ReadAction\",\"target\":[\"https:\/\/thetreecbd.com\/fr\/boutique\/lemon-tree-cbd\/\"]}]},{\"@type\":\"ImageObject\",\"inLanguage\":\"fr-FR\",\"@id\":\"https:\/\/thetreecbd.com\/fr\/boutique\/lemon-tree-cbd\/#primaryimage\",\"url\":\"https:\/\/thetreecbd.com\/wp-content\/uploads\/2021\/04\/lemon-tree-cbd-thetree-web.jpg\",\"contentUrl\":\"https:\/\/thetreecbd.com\/wp-content\/uploads\/2021\/04\/lemon-tree-cbd-thetree-web.jpg\",\"width\":1080,\"height\":1350},{\"@type\":\"BreadcrumbList\",\"@id\":\"https:\/\/thetreecbd.com\/fr\/boutique\/lemon-tree-cbd\/#breadcrumb\",\"itemListElement\":[{\"@type\":\"ListItem\",\"position\":1,\"name\":\"The Tree\",\"item\":\"https:\/\/thetreecbd.com\/fr\"},{\"@type\":\"ListItem\",\"position\":2,\"name\":\"CBD\",\"item\":\"https:\/\/thetreecbd.com\/es\/cbd\"},{\"@type\":\"ListItem\",\"position\":3,\"name\":\"Fleurs de chanvre. Fleurs de CBD\",\"item\":\"https:\/\/thetreecbd.com\/fr\/fleurs-cbd\"},{\"@type\":\"ListItem\",\"position\":4,\"name\":\"Fleurs de CBD d'int\u00e9rieur\",\"item\":\"https:\/\/thetreecbd.com\/fr\/fleurs-cbd\/indoor\"},{\"@type\":\"ListItem\",\"position\":5,\"name\":\"Lemon Tree CBD\"}]},{\"@type\":\"WebSite\",\"@id\":\"https:\/\/thetreecbd.com\/fr#website\",\"url\":\"https:\/\/thetreecbd.com\/fr\",\"name\":\"The Tree CBD\",\"description\":\"Comprar CBD en Espa\u00f1a Online\",\"publisher\":{\"@id\":\"https:\/\/thetreecbd.com\/fr#organization\"},\"potentialAction\":[{\"@type\":\"SearchAction\",\"target\":{\"@type\":\"EntryPoint\",\"urlTemplate\":\"https:\/\/thetreecbd.com\/fr?s={search_term_string}\"},\"query-input\":{\"@type\":\"PropertyValueSpecification\",\"valueRequired\":true,\"valueName\":\"search_term_string\"}}],\"inLanguage\":\"fr-FR\"},{\"@type\":\"Organization\",\"@id\":\"https:\/\/thetreecbd.com\/fr#organization\",\"name\":\"The Tree CBD\",\"url\":\"https:\/\/thetreecbd.com\/fr\",\"logo\":{\"@type\":\"ImageObject\",\"inLanguage\":\"fr-FR\",\"@id\":\"https:\/\/thetreecbd.com\/fr#\/schema\/logo\/image\/\",\"url\":\"https:\/\/thetreecbd.com\/wp-content\/uploads\/2022\/04\/logo-thetree.png\",\"contentUrl\":\"https:\/\/thetreecbd.com\/wp-content\/uploads\/2022\/04\/logo-thetree.png\",\"width\":172,\"height\":55,\"caption\":\"The Tree CBD\"},\"image\":{\"@id\":\"https:\/\/thetreecbd.com\/fr#\/schema\/logo\/image\/\"},\"sameAs\":[\"https:\/\/www.facebook.com\/thetreeCBD\/\",\"https:\/\/x.com\/TheTreeCBD_EU\",\"https:\/\/www.instagram.com\/thetree.cbd\/\",\"https:\/\/es.trustpilot.com\/review\/thetreecbd.com\"]}]}<\/script>\n<!-- \/ Yoast SEO plugin. -->","yoast_head_json":{"title":"Lemon Tree CBD - 16% CBD. Cannabis l\u00e9galis\u00e9 | The Tree CBD","description":"Le Lemon Tree CBD est une fleur \u00e0 l'arome aigre-douce d'agrumes. Avec un taux \u00e9lev\u00e9 de CBD, jusqu'\u00e0 16%, impossible d'y r\u00e9sister ! CBD l\u00e9galis\u00e9","robots":{"index":"index","follow":"follow","max-snippet":"max-snippet:-1","max-image-preview":"max-image-preview:large","max-video-preview":"max-video-preview:-1"},"canonical":"https:\/\/thetreecbd.com\/fr\/boutique\/lemon-tree-cbd","og_locale":"fr_FR","og_type":"article","og_title":"Lemon Tree CBD - 16% CBD. Cannabis l\u00e9galis\u00e9 | The Tree CBD","og_description":"Le Lemon Tree CBD est une fleur \u00e0 l'arome aigre-douce d'agrumes. Avec un taux \u00e9lev\u00e9 de CBD, jusqu'\u00e0 16%, impossible d'y r\u00e9sister ! CBD l\u00e9galis\u00e9","og_url":"https:\/\/thetreecbd.com\/fr\/boutique\/lemon-tree-cbd\/","og_site_name":"The Tree CBD","article_publisher":"https:\/\/www.facebook.com\/thetreeCBD\/","article_modified_time":"2026-05-08T14:28:26+00:00","og_image":[{"width":1080,"height":1350,"url":"https:\/\/thetreecbd.com\/wp-content\/uploads\/2021\/04\/lemon-tree-cbd-thetree-web.jpg","type":"image\/jpeg"}],"twitter_card":"summary_large_image","twitter_site":"@TheTreeCBD_EU","twitter_misc":{"Dur\u00e9e de lecture estim\u00e9e":"4 minutes"},"schema":{"@context":"https:\/\/schema.org","@graph":[{"@type":["WebPage","ItemPage"],"@id":"https:\/\/thetreecbd.com\/fr\/cbd\/fleurs-cbd-indoor-lemon-tree","url":"https:\/\/thetreecbd.com\/fr\/boutique\/lemon-tree-cbd\/","name":"Lemon Tree CBD - 16% CBD. Cannabis l\u00e9galis\u00e9 | The Tree CBD","isPartOf":{"@id":"https:\/\/thetreecbd.com\/fr#website"},"primaryImageOfPage":{"@id":"https:\/\/thetreecbd.com\/fr\/boutique\/lemon-tree-cbd\/#primaryimage"},"image":{"@id":"https:\/\/thetreecbd.com\/fr\/boutique\/lemon-tree-cbd\/#primaryimage"},"thumbnailUrl":"https:\/\/thetreecbd.com\/wp-content\/uploads\/2021\/04\/lemon-tree-cbd-thetree-web.jpg","datePublished":"2021-04-19T10:24:30+00:00","dateModified":"2026-05-08T14:28:26+00:00","description":"Le Lemon Tree CBD est une fleur \u00e0 l'arome aigre-douce d'agrumes. Avec un taux \u00e9lev\u00e9 de CBD, jusqu'\u00e0 16%, impossible d'y r\u00e9sister ! CBD l\u00e9galis\u00e9","breadcrumb":{"@id":"https:\/\/thetreecbd.com\/fr\/boutique\/lemon-tree-cbd\/#breadcrumb"},"inLanguage":"fr-FR","potentialAction":[{"@type":"ReadAction","target":["https:\/\/thetreecbd.com\/fr\/boutique\/lemon-tree-cbd\/"]}]},{"@type":"ImageObject","inLanguage":"fr-FR","@id":"https:\/\/thetreecbd.com\/fr\/boutique\/lemon-tree-cbd\/#primaryimage","url":"https:\/\/thetreecbd.com\/wp-content\/uploads\/2021\/04\/lemon-tree-cbd-thetree-web.jpg","contentUrl":"https:\/\/thetreecbd.com\/wp-content\/uploads\/2021\/04\/lemon-tree-cbd-thetree-web.jpg","width":1080,"height":1350},{"@type":"BreadcrumbList","@id":"https:\/\/thetreecbd.com\/fr\/boutique\/lemon-tree-cbd\/#breadcrumb","itemListElement":[{"@type":"ListItem","position":1,"name":"The Tree","item":"https:\/\/thetreecbd.com\/fr"},{"@type":"ListItem","position":2,"name":"CBD","item":"https:\/\/thetreecbd.com\/es\/cbd"},{"@type":"ListItem","position":3,"name":"Fleurs de chanvre. Fleurs de CBD","item":"https:\/\/thetreecbd.com\/fr\/fleurs-cbd"},{"@type":"ListItem","position":4,"name":"Fleurs de CBD d'int\u00e9rieur","item":"https:\/\/thetreecbd.com\/fr\/fleurs-cbd\/indoor"},{"@type":"ListItem","position":5,"name":"Lemon Tree CBD"}]},{"@type":"WebSite","@id":"https:\/\/thetreecbd.com\/fr#website","url":"https:\/\/thetreecbd.com\/fr","name":"The Tree CBD","description":"Comprar CBD en Espa\u00f1a Online","publisher":{"@id":"https:\/\/thetreecbd.com\/fr#organization"},"potentialAction":[{"@type":"SearchAction","target":{"@type":"EntryPoint","urlTemplate":"https:\/\/thetreecbd.com\/fr?s={search_term_string}"},"query-input":{"@type":"PropertyValueSpecification","valueRequired":true,"valueName":"search_term_string"}}],"inLanguage":"fr-FR"},{"@type":"Organization","@id":"https:\/\/thetreecbd.com\/fr#organization","name":"The Tree CBD","url":"https:\/\/thetreecbd.com\/fr","logo":{"@type":"ImageObject","inLanguage":"fr-FR","@id":"https:\/\/thetreecbd.com\/fr#\/schema\/logo\/image\/","url":"https:\/\/thetreecbd.com\/wp-content\/uploads\/2022\/04\/logo-thetree.png","contentUrl":"https:\/\/thetreecbd.com\/wp-content\/uploads\/2022\/04\/logo-thetree.png","width":172,"height":55,"caption":"The Tree CBD"},"image":{"@id":"https:\/\/thetreecbd.com\/fr#\/schema\/logo\/image\/"},"sameAs":["https:\/\/www.facebook.com\/thetreeCBD\/","https:\/\/x.com\/TheTreeCBD_EU","https:\/\/www.instagram.com\/thetree.cbd\/","https:\/\/es.trustpilot.com\/review\/thetreecbd.com"]}]}},"_links":{"self":[{"href":"https:\/\/thetreecbd.com\/fr\/wp-json\/wp\/v2\/product\/53822","targetHints":{"allow":["GET"]}}],"collection":[{"href":"https:\/\/thetreecbd.com\/fr\/wp-json\/wp\/v2\/product"}],"about":[{"href":"https:\/\/thetreecbd.com\/fr\/wp-json\/wp\/v2\/types\/product"}],"version-history":[{"count":0,"href":"https:\/\/thetreecbd.com\/fr\/wp-json\/wp\/v2\/product\/53822\/revisions"}],"wp:featuredmedia":[{"embeddable":true,"href":"https:\/\/thetreecbd.com\/fr\/wp-json\/wp\/v2\/media\/183610"}],"wp:attachment":[{"href":"https:\/\/thetreecbd.com\/fr\/wp-json\/wp\/v2\/media?parent=53822"}],"wp:term":[{"taxonomy":"product_brand","embeddable":true,"href":"https:\/\/thetreecbd.com\/fr\/wp-json\/wp\/v2\/product_brand?post=53822"}],"curies":[{"name":"wp","href":"https:\/\/api.w.org\/{rel}","templated":true}]}}