{"id":55431,"date":"2021-04-30T12:39:54","date_gmt":"2021-04-30T10:39:54","guid":{"rendered":"https:\/\/thetreecbd.com\/?post_type=product&#038;p=55431"},"modified":"2025-08-04T17:07:03","modified_gmt":"2025-08-04T15:07:03","slug":"produits-cosmetiques-usage-externe-lip-balm","status":"publish","type":"product","link":"https:\/\/thetreecbd.com\/fr\/cbd\/produits-cosmetiques-usage-externe-lip-balm","title":{"rendered":"Lip Balm avec CBD: 50 mg de Cannabidiol"},"content":{"rendered":"<p><b>The Tree CBD<\/b><span style=\"font-weight: 400;\"> pr\u00e9sente son<\/span><b> baume \u00e0 l\u00e8vres au CBD<\/b><span style=\"font-weight: 400;\"> indiqu\u00e9 pour le soin de vos l\u00e8vres, en particulier pour les l\u00e8vres les plus sensibles, s\u00e8ches ou sujettes aux ger\u00e7ures.<\/span><\/p>\n<p><span style=\"font-weight: 400;\">Le baume \u00e0 l\u00e8vres<\/span><span style=\"font-weight: 400;\"> Tree CBD est une pommade contenant <\/span><b>50 mg de CBD<\/b><span style=\"font-weight: 400;\"> (Cannabidiol) dans un format de stick confortable et hygi\u00e9nique avec tous les avantages du Cannabidiol en application cosm\u00e9tique. Un baume formul\u00e9 avec des <\/span><b>ingr\u00e9dients naturels<\/b><span style=\"font-weight: 400;\"> tels que l\u2019huile de <\/span><b>graines de chanvre, le beurre de cacao, l\u2019huile de ricin et la cire d\u2019abeille.<\/b><span style=\"font-weight: 400;\"> Indiqu\u00e9 pour le soin quotidien de vos l\u00e8vres \u00e0 tout moment de l\u2019ann\u00e9e. Son application r\u00e9guli\u00e8re prot\u00e8ge vos l\u00e8vres des agents externes les plus courants tels que les temp\u00e9ratures extr\u00eames de froid ou de chaleur, la s\u00e9cheresse ou les alt\u00e9rations typiques telles que la fi\u00e8vre ou les ulc\u00e8res buccaux.<\/span><\/p>\n<p><span style=\"font-weight: 400;\">Un produit naturel <\/span><b>sans parab\u00e8nes ni colorants artificiels, sans toxines ni m\u00e9taux lourds.<\/b><span style=\"font-weight: 400;\"> Qui prot\u00e8ge naturellement vos l\u00e8vres. Son utilisation r\u00e9guli\u00e8re garde vos l\u00e8vres douces, saines et brillantes.<\/span><\/p>\n<p><span style=\"font-weight: 400;\">Le <\/span><b>Baume \u00e0 L\u00e8vres au CBD<\/b><span style=\"font-weight: 400;\"> est \u00e9galement parfait pour lutter contre le soleil, le froid et la pollution gr\u00e2ce \u00e0 son action hydratante, apaisante, anti-irritante et anti-inflammatoire pour les l\u00e8vres ou zones sensibles et irrit\u00e9es. Id\u00e9al pour une utilisation de jour comme de nuit.<\/span><\/p>\n<h2><b>AVANTAGES du baume \u00e0 l\u00e8vres au CBD<\/b><\/h2>\n<p><b>R\u00e9pare les zones s\u00e8ches<\/b><span style=\"font-weight: 400;\">: apporte luminosit\u00e9, nutrition et aide \u00e0 apaiser et r\u00e9parer les l\u00e8vres ab\u00eem\u00e9es.<\/span><\/p>\n<p><b>R\u00e9duit la douleur et l\u2019inflammation<\/b><span style=\"font-weight: 400;\">: gr\u00e2ce aux bienfaits du cannabidiol, il aidera \u00e0 apaiser la douleur et l\u2019inflammation des l\u00e8vres.<\/span><\/p>\n<p><b>Prot\u00e9gez vos l\u00e8vres<\/b><span style=\"font-weight: 400;\">: aidez \u00e0 r\u00e9duire les dommages caus\u00e9s par la peau froide ou s\u00e8che de vos l\u00e8vres. Les hydrater et les prot\u00e9ger de la pollution et du vieillissement.<\/span><\/p>\n<p><b>Nourrit et absorbe fortement<\/b><span style=\"font-weight: 400;\">: le CBD (cannabidiol), associ\u00e9 \u00e0 l\u2019huile de ricin et \u00e0 la cire d\u2019abeille, vous procurera une hydratation profonde et une absorption \u00e9lev\u00e9e.<\/span><\/p>\n<h2><b>Caract\u00e9ristiques<\/b><\/h2>\n<p><span style=\"font-weight: 400;\">Baume \u00e0 l\u00e8vres. R\u00e9parez les zones s\u00e8ches: apporte luminosit\u00e9, nutrition et aide \u00e0 apaiser et r\u00e9parer les l\u00e8vres ab\u00eem\u00e9es.<\/span><\/p>\n<h2><b>Ingr\u00e9dients<\/b><\/h2>\n<p><span style=\"font-weight: 400;\">AQUA, CAPRYLIC\/CAPRIC GLYCERIDES, GLYCERYL STEARATE CITRATE, GLYCERIN, CETEARYL ALCOHOL, MENT LACTYLATE, BUTYROSPERMUM PARKII BUTTER, CANNABIS SATIVA SEED OIL, PRUNUS ARMENIACA KERNEL GAULTHERIA PROCUMBENS LEAF OIL, GLYCERYL CAPRYLATE, ACIDUL PALMITIC, STEARICAM SORBUMNIA , GLUCONATE DE SODIUM, CAPSA\u00cfCINE, EXTRAIT DE FEUILLE DE CANNABIS SATIVA, TOCOPHACIDE, HUILE DE CUPRESSUS SEMPERVIRENS, HUILE DE FLEUR\/FEUILLE DE THYMUS VULGARIS, SULFATE DE LAVANDULA ANGUSTIFOLIA CETEARYL, HUILE DE GRAINE De HELIANTHUS ANNUUS<\/span><\/p>\n<h2><b>Utilisateur auquel il est destin\u00e9<\/b><\/h2>\n<p><span style=\"font-weight: 400;\">L&#8217;utilisation du baume \u00e0 l\u00e8vres est recommand\u00e9e \u00e0 tout \u00e2ge et pour les deux sexes tout au long de l&#8217;ann\u00e9e, pour prot\u00e9ger les l\u00e8vres du froid hivernal et du rayonnement solaire au printemps-\u00e9t\u00e9. Ainsi, nous les maintiendrons dans un \u00e9tat optimal et am\u00e9liorerons leur apparence.<\/span><\/p>\n<h2><b>Information sur la s\u00e9curit\u00e9<\/b><\/h2>\n<p><span style=\"font-weight: 400;\">Il se conserve jusqu&#8217;\u00e0 12 mois apr\u00e8s ouverture. Garder hors de la port\u00e9e des enfants<\/span><\/p>\n<h2><b>Stockage<\/b><\/h2>\n<p><span style=\"font-weight: 400;\">Conserver dans un endroit sec \u00e0 une temp\u00e9rature comprise entre 8 et 25 degr\u00e9s. Prot\u00e9ger des rayons directs du soleil et de la chaleur.<\/span><\/p>\n","protected":false},"excerpt":{"rendered":"<p><b>The Tree CBD<\/b><span style=\"font-weight: 400;\"> pr\u00e9sente son<\/span><b> baume \u00e0 l\u00e8vres au CBD<\/b><span style=\"font-weight: 400;\"> indiqu\u00e9 pour le soin de vos l\u00e8vres, en particulier pour les l\u00e8vres les plus sensibles, s\u00e8ches ou sujettes aux ger\u00e7ures.<\/span><\/p>\n<p><span style=\"font-weight: 400;\">Le baume \u00e0 l\u00e8vres<\/span><span style=\"font-weight: 400;\"> Tree CBD est une pommade contenant <\/span><b>50 mg de CBD<\/b><span style=\"font-weight: 400;\"> (Cannabidiol) dans un format de stick confortable et hygi\u00e9nique avec tous les avantages du Cannabidiol en application cosm\u00e9tique. Un baume formul\u00e9 avec des <\/span><b>ingr\u00e9dients naturels<\/b><span style=\"font-weight: 400;\"> tels que l\u2019huile de <\/span><b>graines de chanvre, le beurre de cacao, l\u2019huile de ricin et la cire d\u2019abeille.<\/b><span style=\"font-weight: 400;\"> Indiqu\u00e9 pour le soin quotidien de vos l\u00e8vres \u00e0 tout moment de l\u2019ann\u00e9e. Son application r\u00e9guli\u00e8re prot\u00e8ge vos l\u00e8vres des agents externes les plus courants tels que les temp\u00e9ratures extr\u00eames de froid ou de chaleur, la s\u00e9cheresse ou les alt\u00e9rations typiques telles que la fi\u00e8vre ou les ulc\u00e8res buccaux.<\/span><\/p>\n<p><span style=\"font-weight: 400;\">Un produit naturel <\/span><b>sans parab\u00e8nes ni colorants artificiels, sans toxines ni m\u00e9taux lourds.<\/b><span style=\"font-weight: 400;\"> Qui prot\u00e8ge naturellement vos l\u00e8vres. Son utilisation r\u00e9guli\u00e8re garde vos l\u00e8vres douces, saines et brillantes.<\/span><\/p>\n<p><span style=\"font-weight: 400;\">Le <\/span><b>Baume \u00e0 L\u00e8vres au CBD<\/b><span style=\"font-weight: 400;\"> est \u00e9galement parfait pour lutter contre le soleil, le froid et la pollution gr\u00e2ce \u00e0 son action hydratante, apaisante, anti-irritante et anti-inflammatoire pour les l\u00e8vres ou zones sensibles et irrit\u00e9es. Id\u00e9al pour une utilisation de jour comme de nuit.<\/span><\/p>\n","protected":false},"featured_media":80432,"template":"","meta":{"_acf_changed":false},"product_brand":[],"class_list":{"0":"post-55431","1":"product","2":"type-product","3":"status-publish","4":"has-post-thumbnail","6":"product_cat-cbd-cosmetique","7":"product_cat-cbd-soin-peau","8":"product_cat-produits-cosmetiques-usage-externe","10":"first","11":"instock","12":"taxable","13":"shipping-taxable","14":"purchasable","15":"product-type-simple"},"acf":[],"yoast_head":"<!-- This site is optimized with the Yoast SEO plugin v26.3 - https:\/\/yoast.com\/wordpress\/plugins\/seo\/ -->\n<title>Lip Balm avec CBD: 50 mg de Cannabidiol | The Tree CBD<\/title>\n<meta name=\"description\" content=\"Le Baume \u00e0 l\u00e8vres avec 50mg de CBD prend soin de vos l\u00e8vres, surtout les plus sensibles et dess\u00e9ch\u00e9es, gr\u00e2ce aux bienfaits du Cannabidiol. Testez-le !\" \/>\n<meta name=\"robots\" content=\"index, follow, max-snippet:-1, max-image-preview:large, max-video-preview:-1\" \/>\n<link rel=\"canonical\" href=\"https:\/\/thetreecbd.com\/fr\/cbd\/produits-cosmetiques-usage-externe-lip-balm\" \/>\n<meta property=\"og:locale\" content=\"fr_FR\" \/>\n<meta property=\"og:type\" content=\"article\" \/>\n<meta property=\"og:title\" content=\"Lip Balm avec CBD: 50 mg de Cannabidiol | The Tree CBD\" \/>\n<meta property=\"og:description\" content=\"Le Baume \u00e0 l\u00e8vres avec 50mg de CBD prend soin de vos l\u00e8vres, surtout les plus sensibles et dess\u00e9ch\u00e9es, gr\u00e2ce aux bienfaits du Cannabidiol. Testez-le !\" \/>\n<meta property=\"og:url\" content=\"https:\/\/thetreecbd.com\/fr\/cbd\/produits-cosmetiques-usage-externe-lip-balm\" \/>\n<meta property=\"og:site_name\" content=\"The Tree CBD\" \/>\n<meta property=\"article:publisher\" content=\"https:\/\/www.facebook.com\/thetreeCBD\/\" \/>\n<meta property=\"article:modified_time\" content=\"2025-08-04T15:07:03+00:00\" \/>\n<meta property=\"og:image\" content=\"https:\/\/thetreecbd.com\/wp-content\/uploads\/2021\/04\/lip-balm.jpg\" \/>\n\t<meta property=\"og:image:width\" content=\"600\" \/>\n\t<meta property=\"og:image:height\" content=\"720\" \/>\n\t<meta property=\"og:image:type\" content=\"image\/jpeg\" \/>\n<meta name=\"twitter:card\" content=\"summary_large_image\" \/>\n<meta name=\"twitter:site\" content=\"@TheTreeCBD_EU\" \/>\n<meta name=\"twitter:label1\" content=\"Dur\u00e9e de lecture estim\u00e9e\" \/>\n\t<meta name=\"twitter:data1\" content=\"3 minutes\" \/>\n<script type=\"application\/ld+json\" class=\"yoast-schema-graph\">{\"@context\":\"https:\/\/schema.org\",\"@graph\":[{\"@type\":[\"WebPage\",\"ItemPage\"],\"@id\":\"https:\/\/thetreecbd.com\/fr\/cbd\/produits-cosmetiques-usage-externe-lip-balm\",\"url\":\"https:\/\/thetreecbd.com\/fr\/cbd\/produits-cosmetiques-usage-externe-lip-balm\",\"name\":\"Lip Balm avec CBD: 50 mg de Cannabidiol | The Tree CBD\",\"isPartOf\":{\"@id\":\"https:\/\/thetreecbd.com\/fr#website\"},\"primaryImageOfPage\":{\"@id\":\"https:\/\/thetreecbd.com\/fr\/cbd\/produits-cosmetiques-usage-externe-lip-balm#primaryimage\"},\"image\":{\"@id\":\"https:\/\/thetreecbd.com\/fr\/cbd\/produits-cosmetiques-usage-externe-lip-balm#primaryimage\"},\"thumbnailUrl\":\"https:\/\/thetreecbd.com\/wp-content\/uploads\/2021\/04\/lip-balm.jpg\",\"datePublished\":\"2021-04-30T10:39:54+00:00\",\"dateModified\":\"2025-08-04T15:07:03+00:00\",\"description\":\"Le Baume \u00e0 l\u00e8vres avec 50mg de CBD prend soin de vos l\u00e8vres, surtout les plus sensibles et dess\u00e9ch\u00e9es, gr\u00e2ce aux bienfaits du Cannabidiol. Testez-le !\",\"breadcrumb\":{\"@id\":\"https:\/\/thetreecbd.com\/fr\/cbd\/produits-cosmetiques-usage-externe-lip-balm#breadcrumb\"},\"inLanguage\":\"fr-FR\",\"potentialAction\":[{\"@type\":\"ReadAction\",\"target\":[\"https:\/\/thetreecbd.com\/fr\/cbd\/produits-cosmetiques-usage-externe-lip-balm\"]}]},{\"@type\":\"ImageObject\",\"inLanguage\":\"fr-FR\",\"@id\":\"https:\/\/thetreecbd.com\/fr\/cbd\/produits-cosmetiques-usage-externe-lip-balm#primaryimage\",\"url\":\"https:\/\/thetreecbd.com\/wp-content\/uploads\/2021\/04\/lip-balm.jpg\",\"contentUrl\":\"https:\/\/thetreecbd.com\/wp-content\/uploads\/2021\/04\/lip-balm.jpg\",\"width\":600,\"height\":720,\"caption\":\"baume-levres-cbd\"},{\"@type\":\"BreadcrumbList\",\"@id\":\"https:\/\/thetreecbd.com\/fr\/cbd\/produits-cosmetiques-usage-externe-lip-balm#breadcrumb\",\"itemListElement\":[{\"@type\":\"ListItem\",\"position\":1,\"name\":\"The Tree\",\"item\":\"https:\/\/thetreecbd.com\/fr\"},{\"@type\":\"ListItem\",\"position\":2,\"name\":\"CBD\",\"item\":\"https:\/\/thetreecbd.com\/es\/cbd\"},{\"@type\":\"ListItem\",\"position\":3,\"name\":\"Cosm\u00e9tiques avec du CBD\",\"item\":\"https:\/\/thetreecbd.com\/fr\/cbd-cosmetique\"},{\"@type\":\"ListItem\",\"position\":4,\"name\":\"Lip Balm avec CBD: 50 mg de Cannabidiol\"}]},{\"@type\":\"WebSite\",\"@id\":\"https:\/\/thetreecbd.com\/fr#website\",\"url\":\"https:\/\/thetreecbd.com\/fr\",\"name\":\"The Tree CBD\",\"description\":\"Comprar CBD en Espa\u00f1a Online\",\"publisher\":{\"@id\":\"https:\/\/thetreecbd.com\/fr#organization\"},\"potentialAction\":[{\"@type\":\"SearchAction\",\"target\":{\"@type\":\"EntryPoint\",\"urlTemplate\":\"https:\/\/thetreecbd.com\/fr?s={search_term_string}\"},\"query-input\":{\"@type\":\"PropertyValueSpecification\",\"valueRequired\":true,\"valueName\":\"search_term_string\"}}],\"inLanguage\":\"fr-FR\"},{\"@type\":\"Organization\",\"@id\":\"https:\/\/thetreecbd.com\/fr#organization\",\"name\":\"The Tree CBD\",\"url\":\"https:\/\/thetreecbd.com\/fr\",\"logo\":{\"@type\":\"ImageObject\",\"inLanguage\":\"fr-FR\",\"@id\":\"https:\/\/thetreecbd.com\/fr#\/schema\/logo\/image\/\",\"url\":\"https:\/\/thetreecbd.com\/wp-content\/uploads\/2022\/04\/logo-thetree.png\",\"contentUrl\":\"https:\/\/thetreecbd.com\/wp-content\/uploads\/2022\/04\/logo-thetree.png\",\"width\":172,\"height\":55,\"caption\":\"The Tree CBD\"},\"image\":{\"@id\":\"https:\/\/thetreecbd.com\/fr#\/schema\/logo\/image\/\"},\"sameAs\":[\"https:\/\/www.facebook.com\/thetreeCBD\/\",\"https:\/\/x.com\/TheTreeCBD_EU\",\"https:\/\/www.instagram.com\/thetree.cbd\/\",\"https:\/\/es.trustpilot.com\/review\/thetreecbd.com\"]}]}<\/script>\n<!-- \/ Yoast SEO plugin. -->","yoast_head_json":{"title":"Lip Balm avec CBD: 50 mg de Cannabidiol | The Tree CBD","description":"Le Baume \u00e0 l\u00e8vres avec 50mg de CBD prend soin de vos l\u00e8vres, surtout les plus sensibles et dess\u00e9ch\u00e9es, gr\u00e2ce aux bienfaits du Cannabidiol. Testez-le !","robots":{"index":"index","follow":"follow","max-snippet":"max-snippet:-1","max-image-preview":"max-image-preview:large","max-video-preview":"max-video-preview:-1"},"canonical":"https:\/\/thetreecbd.com\/fr\/cbd\/produits-cosmetiques-usage-externe-lip-balm","og_locale":"fr_FR","og_type":"article","og_title":"Lip Balm avec CBD: 50 mg de Cannabidiol | The Tree CBD","og_description":"Le Baume \u00e0 l\u00e8vres avec 50mg de CBD prend soin de vos l\u00e8vres, surtout les plus sensibles et dess\u00e9ch\u00e9es, gr\u00e2ce aux bienfaits du Cannabidiol. Testez-le !","og_url":"https:\/\/thetreecbd.com\/fr\/cbd\/produits-cosmetiques-usage-externe-lip-balm","og_site_name":"The Tree CBD","article_publisher":"https:\/\/www.facebook.com\/thetreeCBD\/","article_modified_time":"2025-08-04T15:07:03+00:00","og_image":[{"width":600,"height":720,"url":"https:\/\/thetreecbd.com\/wp-content\/uploads\/2021\/04\/lip-balm.jpg","type":"image\/jpeg"}],"twitter_card":"summary_large_image","twitter_site":"@TheTreeCBD_EU","twitter_misc":{"Dur\u00e9e de lecture estim\u00e9e":"3 minutes"},"schema":{"@context":"https:\/\/schema.org","@graph":[{"@type":["WebPage","ItemPage"],"@id":"https:\/\/thetreecbd.com\/fr\/cbd\/produits-cosmetiques-usage-externe-lip-balm","url":"https:\/\/thetreecbd.com\/fr\/cbd\/produits-cosmetiques-usage-externe-lip-balm","name":"Lip Balm avec CBD: 50 mg de Cannabidiol | The Tree CBD","isPartOf":{"@id":"https:\/\/thetreecbd.com\/fr#website"},"primaryImageOfPage":{"@id":"https:\/\/thetreecbd.com\/fr\/cbd\/produits-cosmetiques-usage-externe-lip-balm#primaryimage"},"image":{"@id":"https:\/\/thetreecbd.com\/fr\/cbd\/produits-cosmetiques-usage-externe-lip-balm#primaryimage"},"thumbnailUrl":"https:\/\/thetreecbd.com\/wp-content\/uploads\/2021\/04\/lip-balm.jpg","datePublished":"2021-04-30T10:39:54+00:00","dateModified":"2025-08-04T15:07:03+00:00","description":"Le Baume \u00e0 l\u00e8vres avec 50mg de CBD prend soin de vos l\u00e8vres, surtout les plus sensibles et dess\u00e9ch\u00e9es, gr\u00e2ce aux bienfaits du Cannabidiol. Testez-le !","breadcrumb":{"@id":"https:\/\/thetreecbd.com\/fr\/cbd\/produits-cosmetiques-usage-externe-lip-balm#breadcrumb"},"inLanguage":"fr-FR","potentialAction":[{"@type":"ReadAction","target":["https:\/\/thetreecbd.com\/fr\/cbd\/produits-cosmetiques-usage-externe-lip-balm"]}]},{"@type":"ImageObject","inLanguage":"fr-FR","@id":"https:\/\/thetreecbd.com\/fr\/cbd\/produits-cosmetiques-usage-externe-lip-balm#primaryimage","url":"https:\/\/thetreecbd.com\/wp-content\/uploads\/2021\/04\/lip-balm.jpg","contentUrl":"https:\/\/thetreecbd.com\/wp-content\/uploads\/2021\/04\/lip-balm.jpg","width":600,"height":720,"caption":"baume-levres-cbd"},{"@type":"BreadcrumbList","@id":"https:\/\/thetreecbd.com\/fr\/cbd\/produits-cosmetiques-usage-externe-lip-balm#breadcrumb","itemListElement":[{"@type":"ListItem","position":1,"name":"The Tree","item":"https:\/\/thetreecbd.com\/fr"},{"@type":"ListItem","position":2,"name":"CBD","item":"https:\/\/thetreecbd.com\/es\/cbd"},{"@type":"ListItem","position":3,"name":"Cosm\u00e9tiques avec du CBD","item":"https:\/\/thetreecbd.com\/fr\/cbd-cosmetique"},{"@type":"ListItem","position":4,"name":"Lip Balm avec CBD: 50 mg de Cannabidiol"}]},{"@type":"WebSite","@id":"https:\/\/thetreecbd.com\/fr#website","url":"https:\/\/thetreecbd.com\/fr","name":"The Tree CBD","description":"Comprar CBD en Espa\u00f1a Online","publisher":{"@id":"https:\/\/thetreecbd.com\/fr#organization"},"potentialAction":[{"@type":"SearchAction","target":{"@type":"EntryPoint","urlTemplate":"https:\/\/thetreecbd.com\/fr?s={search_term_string}"},"query-input":{"@type":"PropertyValueSpecification","valueRequired":true,"valueName":"search_term_string"}}],"inLanguage":"fr-FR"},{"@type":"Organization","@id":"https:\/\/thetreecbd.com\/fr#organization","name":"The Tree CBD","url":"https:\/\/thetreecbd.com\/fr","logo":{"@type":"ImageObject","inLanguage":"fr-FR","@id":"https:\/\/thetreecbd.com\/fr#\/schema\/logo\/image\/","url":"https:\/\/thetreecbd.com\/wp-content\/uploads\/2022\/04\/logo-thetree.png","contentUrl":"https:\/\/thetreecbd.com\/wp-content\/uploads\/2022\/04\/logo-thetree.png","width":172,"height":55,"caption":"The Tree CBD"},"image":{"@id":"https:\/\/thetreecbd.com\/fr#\/schema\/logo\/image\/"},"sameAs":["https:\/\/www.facebook.com\/thetreeCBD\/","https:\/\/x.com\/TheTreeCBD_EU","https:\/\/www.instagram.com\/thetree.cbd\/","https:\/\/es.trustpilot.com\/review\/thetreecbd.com"]}]}},"_links":{"self":[{"href":"https:\/\/thetreecbd.com\/fr\/wp-json\/wp\/v2\/product\/55431","targetHints":{"allow":["GET"]}}],"collection":[{"href":"https:\/\/thetreecbd.com\/fr\/wp-json\/wp\/v2\/product"}],"about":[{"href":"https:\/\/thetreecbd.com\/fr\/wp-json\/wp\/v2\/types\/product"}],"version-history":[{"count":0,"href":"https:\/\/thetreecbd.com\/fr\/wp-json\/wp\/v2\/product\/55431\/revisions"}],"wp:featuredmedia":[{"embeddable":true,"href":"https:\/\/thetreecbd.com\/fr\/wp-json\/wp\/v2\/media\/80432"}],"wp:attachment":[{"href":"https:\/\/thetreecbd.com\/fr\/wp-json\/wp\/v2\/media?parent=55431"}],"wp:term":[{"taxonomy":"product_brand","embeddable":true,"href":"https:\/\/thetreecbd.com\/fr\/wp-json\/wp\/v2\/product_brand?post=55431"}],"curies":[{"name":"wp","href":"https:\/\/api.w.org\/{rel}","templated":true}]}}