{"id":55836,"date":"2021-05-13T15:50:37","date_gmt":"2021-05-13T13:50:37","guid":{"rendered":"https:\/\/thetreecbd.com\/?post_type=product&#038;p=55836"},"modified":"2025-11-20T10:03:25","modified_gmt":"2025-11-20T09:03:25","slug":"fleurs-cbd-outdoor-sweet-island-skunk","status":"publish","type":"product","link":"https:\/\/thetreecbd.com\/fr\/cbd\/fleurs-cbd-outdoor-sweet-island-skunk","title":{"rendered":"Sweet Island Skunk CBD"},"content":{"rendered":"<p><b>The Tree CBD<\/b><span style=\"font-weight: 400;\"> vous apporte les bourgeons de marijuana l\u00e9gaux de la vari\u00e9t\u00e9 <\/span><b>Sweet Island Skunk<\/b><span style=\"font-weight: 400;\">, avec une g\u00e9n\u00e9tique unique qui offre une <\/span><b>grande quantit\u00e9 de CBD<\/b><span style=\"font-weight: 400;\"> dans chaque fleur. Ces <\/span><a href=\"https:\/\/thetreecbd.com\/fr\/fleurs-cbd\"><span style=\"font-weight: 400;\">bourgeons CBD<\/span><\/a><span style=\"font-weight: 400;\"> proviennent d\u2019un croisement g\u00e9n\u00e9tique entre <\/span><b>Finola x Tidza x delta Llossa<\/b><span style=\"font-weight: 400;\">, cultiv\u00e9s en int\u00e9rieur de mani\u00e8re <\/span><b>100% naturelle<\/b><span style=\"font-weight: 400;\">, <\/span><b>sans utiliser d\u2019additifs<\/b> <b>ni de pesticides<\/b><span style=\"font-weight: 400;\"> d\u2019aucune sorte.<\/span><\/p>\n<h2><b>A creamy-sweet appearance and aroma<\/b><\/h2>\n<p><span style=\"font-weight: 400;\">La <\/span><b>Skunk<\/b><span style=\"font-weight: 400;\"> est une vari\u00e9t\u00e9 unique et originale. La fleur est une vari\u00e9t\u00e9 \u00e0 <\/span><b>dominante Indica<\/b><span style=\"font-weight: 400;\">, avec 80% contre 20% sativa, spectaculaire, puissante et d\u00e9licieuse qui vous offrira une exp\u00e9rience incroyable. Son \u00e9norme puissance fait de <\/span><b>Sweet Island Skunk<\/b><span style=\"font-weight: 400;\"> une excellente vari\u00e9t\u00e9.<\/span><\/p>\n<p><b>L\u2019ar\u00f4me<\/b><span style=\"font-weight: 400;\"> est ce qui caract\u00e9rise le <\/span><b>caract\u00e8re<\/b><span style=\"font-weight: 400;\"> de cette plante. Son odeur est un m\u00e9lange doux-amer. De par son ar\u00f4me doux-amer, la partie la plus aigre de cette fleur peut nous rappeler l\u2019huile; tandis que la partie sucr\u00e9e, comme en t\u00e9moigne son nom, pourrait rappeler le fromage \u00e0 la cr\u00e8me. De plus, l\u2019ar\u00f4me de <\/span><b>Sweet Island Skunk<\/b><span style=\"font-weight: 400;\"> est dilu\u00e9 vers une touche <\/span><b>cr\u00e9meuse-sucr\u00e9e<\/b><span style=\"font-weight: 400;\"> qui lui donne du corps et de l\u2019intensit\u00e9. Concernant l\u2019aspect de la fleur, on retrouve des nuances chocolat\u00e9es avec des tons terreux, orang\u00e9s et blancs comme ceux du fromage \u00e0 la cr\u00e8me.<\/span><\/p>\n<p><span style=\"font-weight: 400;\">Ces fleurs ont un effet relaxant encore plus grand gr\u00e2ce \u00e0 leurs <\/span><b>taux \u00e9lev\u00e9s de CBD<\/b><span style=\"font-weight: 400;\">, entre <\/span><b>12% et 14%<\/b><span style=\"font-weight: 400;\">.<\/span><\/p>\n<p><span style=\"font-weight: 400;\">De plus, comme ils contiennent <\/span><b>moins de 0,20% de THC<\/b><span style=\"font-weight: 400;\">, ils sont totalement <\/span><b>l\u00e9gaux dans toute l\u2019Europe<\/b><span style=\"font-weight: 400;\"> et n\u2019ont aucun effet psychoactif d\u2019aucune sorte.<\/span><\/p>\n<h2><b>Caract\u00e9ristiques du cannabis l\u00e9gal Sweet Island Skunk CBD<\/b><\/h2>\n<ul>\n<li><span style=\"font-weight: 400;\">Bourgeons de chanvre<\/span><\/li>\n<li><span style=\"font-weight: 400;\">Moins de 0,20% de <\/span><b>THC<\/b><\/li>\n<li><span style=\"font-weight: 400;\">12% \u00e0 14% de <\/span><b>CBD<\/b><\/li>\n<li><b>G\u00e9n\u00e9tique: Finola x Tidza x delta LLossa<\/b><\/li>\n<li><span style=\"font-weight: 400;\">Sativa 20% Indica 80%<\/span><\/li>\n<li><span style=\"font-weight: 400;\">Aucun effet psychoactif<\/span><\/li>\n<li><span style=\"font-weight: 400;\">Cultiv\u00e9 biologiquement<\/span><\/li>\n<li><span style=\"font-weight: 400;\">Sans OGM<\/span><\/li>\n<li><span style=\"font-weight: 400;\">Sans pesticides<\/span><\/li>\n<\/ul>\n<h2><b>Ar\u00f4me Green Cure CBD<\/b><\/h2>\n<p><span style=\"font-weight: 400;\">Les terp\u00e8nes peuvent \u00eatre trouv\u00e9s dans la plupart des huiles essentielles de nombreuses plantes, fleurs et fruits, ils sont charg\u00e9s de fournir l&#8217;odeur et la saveur. Dans le cannabis, nous<\/span> <span style=\"font-weight: 400;\">pouvons trouver un large profil de terp\u00e8nes.<\/span><\/p>\n<p><span style=\"font-weight: 400;\">La Tree&#8217;s Sweet Island Skunk CBD a un ar\u00f4me tr\u00e8s tropical, citronn\u00e9 et sucr\u00e9, comme son nom l&#8217;indique, un peu de Skunk est ce qui lui donne cette intensit\u00e9 qui se combine parfaitement avec des notes fruit\u00e9es.<\/span><\/p>\n<h2><b>Utilisateur auquel il est destin\u00e9<\/b><\/h2>\n<p><span style=\"font-weight: 400;\">Les fleurs de culture en plein air ou en plein air sont destin\u00e9es \u00e0 ceux qui recherchent un produit naturel et abordable.<\/span><\/p>\n<p><span style=\"font-weight: 400;\">C&#8217;est pourquoi la culture en plein air est une m\u00e9thode tr\u00e8s appr\u00e9ci\u00e9e des plus romantiques du cannabis, car la variabilit\u00e9 environnementale que peut subir une plante ne doit pas \u00eatre un obstacle pour qu&#8217;elle porte d&#8217;excellents fruits \u00e0 la fin de son cycle de vie.<\/span><\/p>\n<p><span style=\"font-weight: 400;\">C&#8217;est vrai, les rayons du soleil peuvent assombrir un peu plus la couleur du bourgeon, mais, peut-\u00eatre, tout n&#8217;est pas apparence dans cette vie, mais d&#8217;autres aspects doivent \u00e9galement \u00eatre valoris\u00e9s, comme, par exemple, qu&#8217;il est g\u00e9n\u00e9ralement plus durable et \u00e9conomique<\/span><\/p>\n<p><span style=\"font-weight: 400;\">Du point de vue des acheteurs, la fleur CBD d&#8217;ext\u00e9rieur offre un produit plus abordable car elle est souvent plus durable et moins ch\u00e8re \u00e0 produire.<\/span><\/p>\n<h2><b>Information sur la s\u00e9curit\u00e9<\/b><\/h2>\n<p><span style=\"font-weight: 400;\">Gardez \u00e0 l&#8217;esprit que les <a href=\"https:\/\/thetreecbd.com\/fr\/fleurs-cbd\">bourgeons CBD<\/a> de The Tree sont un produit d\u00e9coratif, de collection et aromatique. Ils ne doivent pas \u00eatre utilis\u00e9s pendant la grossesse ou l&#8217;allaitement. Garder hors de la port\u00e9e des enfants.<\/span><\/p>\n<p><span style=\"font-weight: 400;\">Nos <a href=\"https:\/\/thetreecbd.com\/fr\/fleurs-cbd\">bourgeons CBD<\/a> peuvent contenir une certaine quantit\u00e9 de THC. Bien s\u00fbr, cela est inf\u00e9rieur \u00e0 la limite europ\u00e9enne de 0,2 % de THC.<\/span><\/p>\n<p><span style=\"font-weight: 400;\">Le contenu fourni est uniquement \u00e0 des fins d&#8217;information et de formation et ne se substitue en aucun cas \u00e0 l&#8217;avis m\u00e9dical d&#8217;un m\u00e9decin ou d&#8217;un pharmacien. Nos textes ne sont pas destin\u00e9s au diagnostic et au traitement ind\u00e9pendants des maladies.<\/span><\/p>\n<p><span style=\"font-weight: 400;\">N&#8217;h\u00e9sitez pas \u00e0 nous contacter si vous avez d&#8217;autres questions.<\/span><\/p>\n<h2><b>Stockage<\/b><\/h2>\n<p><span style=\"font-weight: 400;\">Id\u00e9alement, les <a href=\"https:\/\/thetreecbd.com\/fr\/fleurs-cbd\">bourgeons CBD<\/a> de The Tree doivent \u00eatre stock\u00e9s dans un endroit frais et sec, \u00e0 l&#8217;abri des odeurs l\u00e9g\u00e8res et fortes pour \u00e9viter tout type de contamination et\/ou de d\u00e9gradation. \u00c9vitez la lumi\u00e8re directe du soleil et la chaleur.<\/span><\/p>\n<p><span style=\"font-weight: 400;\">Attention : La dur\u00e9e de conservation indiqu\u00e9e est d&#8217;un mois si stock\u00e9e correctement.<\/span><\/p>\n","protected":false},"excerpt":{"rendered":"<ul>\n<li><span style=\"font-weight: 400;\">Bourgeons de chanvre<\/span><\/li>\n<li><span style=\"font-weight: 400;\">Moins de 0,20% de <\/span><b>THC<\/b><\/li>\n<li><span style=\"font-weight: 400;\">12% \u00e0 14% de <\/span><b>CBD<\/b><\/li>\n<li><b>G\u00e9n\u00e9tique: Finola x Tidza x delta LLossa<\/b><\/li>\n<li><span style=\"font-weight: 400;\">Sativa 20% Indica 80%<\/span><\/li>\n<li><span style=\"font-weight: 400;\">Aucun effet psychoactif<\/span><\/li>\n<li><span style=\"font-weight: 400;\">Cultiv\u00e9 biologiquement<\/span><\/li>\n<li><span style=\"font-weight: 400;\">Sans OGM<\/span><\/li>\n<li><span style=\"font-weight: 400;\">Sans pesticides<\/span><\/li>\n<\/ul>\n","protected":false},"featured_media":80728,"template":"","meta":{"_acf_changed":false},"product_brand":[],"class_list":{"0":"post-55836","1":"product","2":"type-product","3":"status-publish","4":"has-post-thumbnail","6":"product_cat-outdoor","7":"product_cat-fleurs-cbd","8":"product_cat-cbd-concentrees-20","10":"first","11":"instock","12":"taxable","13":"shipping-taxable","14":"purchasable","15":"product-type-variable"},"acf":[],"yoast_head":"<!-- This site is optimized with the Yoast SEO plugin v26.3 - https:\/\/yoast.com\/wordpress\/plugins\/seo\/ -->\n<title>Sweet Island Skunk CBD - Jusqu&#039;\u00e0 14% CBD | The Tree CBD<\/title>\n<meta name=\"description\" content=\"Sweet Island Skunk CBD est une vari\u00e9t\u00e9 \u00e0 l&#039;arome qui varie du sucr\u00e9 \u00e0 celui d&#039;hydrocarbures, vraiment irr\u00e9sistible. Jusqu&#039;\u00e0 14% CBD ! L\u00e9galis\u00e9 en Europe\" \/>\n<meta name=\"robots\" content=\"index, follow, max-snippet:-1, max-image-preview:large, max-video-preview:-1\" \/>\n<link rel=\"canonical\" href=\"https:\/\/thetreecbd.com\/fr\/cbd\/fleurs-cbd-outdoor-sweet-island-skunk\" \/>\n<meta property=\"og:locale\" content=\"fr_FR\" \/>\n<meta property=\"og:type\" content=\"article\" \/>\n<meta property=\"og:title\" content=\"Sweet Island Skunk CBD - Jusqu&#039;\u00e0 14% CBD | The Tree CBD\" \/>\n<meta property=\"og:description\" content=\"Sweet Island Skunk CBD est une vari\u00e9t\u00e9 \u00e0 l&#039;arome qui varie du sucr\u00e9 \u00e0 celui d&#039;hydrocarbures, vraiment irr\u00e9sistible. Jusqu&#039;\u00e0 14% CBD ! L\u00e9galis\u00e9 en Europe\" \/>\n<meta property=\"og:url\" content=\"https:\/\/thetreecbd.com\/fr\/cbd\/fleurs-cbd-outdoor-sweet-island-skunk\" \/>\n<meta property=\"og:site_name\" content=\"The Tree CBD\" \/>\n<meta property=\"article:publisher\" content=\"https:\/\/www.facebook.com\/thetreeCBD\/\" \/>\n<meta property=\"article:modified_time\" content=\"2025-11-20T09:03:25+00:00\" \/>\n<meta property=\"og:image\" content=\"https:\/\/thetreecbd.com\/wp-content\/uploads\/2021\/05\/cogollos-exterior-sweet-island-skunk-1.jpg\" \/>\n\t<meta property=\"og:image:width\" content=\"600\" \/>\n\t<meta property=\"og:image:height\" content=\"720\" \/>\n\t<meta property=\"og:image:type\" content=\"image\/jpeg\" \/>\n<meta name=\"twitter:card\" content=\"summary_large_image\" \/>\n<meta name=\"twitter:site\" content=\"@TheTreeCBD_EU\" \/>\n<meta name=\"twitter:label1\" content=\"Dur\u00e9e de lecture estim\u00e9e\" \/>\n\t<meta name=\"twitter:data1\" content=\"4 minutes\" \/>\n<script type=\"application\/ld+json\" class=\"yoast-schema-graph\">{\"@context\":\"https:\/\/schema.org\",\"@graph\":[{\"@type\":[\"WebPage\",\"ItemPage\"],\"@id\":\"https:\/\/thetreecbd.com\/fr\/cbd\/fleurs-cbd-outdoor-sweet-island-skunk\",\"url\":\"https:\/\/thetreecbd.com\/fr\/cbd\/fleurs-cbd-outdoor-sweet-island-skunk\",\"name\":\"Sweet Island Skunk CBD - Jusqu'\u00e0 14% CBD | The Tree CBD\",\"isPartOf\":{\"@id\":\"https:\/\/thetreecbd.com\/fr#website\"},\"primaryImageOfPage\":{\"@id\":\"https:\/\/thetreecbd.com\/fr\/cbd\/fleurs-cbd-outdoor-sweet-island-skunk#primaryimage\"},\"image\":{\"@id\":\"https:\/\/thetreecbd.com\/fr\/cbd\/fleurs-cbd-outdoor-sweet-island-skunk#primaryimage\"},\"thumbnailUrl\":\"https:\/\/thetreecbd.com\/wp-content\/uploads\/2021\/05\/cogollos-exterior-sweet-island-skunk-1.jpg\",\"datePublished\":\"2021-05-13T13:50:37+00:00\",\"dateModified\":\"2025-11-20T09:03:25+00:00\",\"description\":\"Sweet Island Skunk CBD est une vari\u00e9t\u00e9 \u00e0 l'arome qui varie du sucr\u00e9 \u00e0 celui d'hydrocarbures, vraiment irr\u00e9sistible. Jusqu'\u00e0 14% CBD ! L\u00e9galis\u00e9 en Europe\",\"breadcrumb\":{\"@id\":\"https:\/\/thetreecbd.com\/fr\/cbd\/fleurs-cbd-outdoor-sweet-island-skunk#breadcrumb\"},\"inLanguage\":\"fr-FR\",\"potentialAction\":[{\"@type\":\"ReadAction\",\"target\":[\"https:\/\/thetreecbd.com\/fr\/cbd\/fleurs-cbd-outdoor-sweet-island-skunk\"]}]},{\"@type\":\"ImageObject\",\"inLanguage\":\"fr-FR\",\"@id\":\"https:\/\/thetreecbd.com\/fr\/cbd\/fleurs-cbd-outdoor-sweet-island-skunk#primaryimage\",\"url\":\"https:\/\/thetreecbd.com\/wp-content\/uploads\/2021\/05\/cogollos-exterior-sweet-island-skunk-1.jpg\",\"contentUrl\":\"https:\/\/thetreecbd.com\/wp-content\/uploads\/2021\/05\/cogollos-exterior-sweet-island-skunk-1.jpg\",\"width\":600,\"height\":720},{\"@type\":\"BreadcrumbList\",\"@id\":\"https:\/\/thetreecbd.com\/fr\/cbd\/fleurs-cbd-outdoor-sweet-island-skunk#breadcrumb\",\"itemListElement\":[{\"@type\":\"ListItem\",\"position\":1,\"name\":\"The Tree\",\"item\":\"https:\/\/thetreecbd.com\/fr\"},{\"@type\":\"ListItem\",\"position\":2,\"name\":\"CBD\",\"item\":\"https:\/\/thetreecbd.com\/es\/cbd\"},{\"@type\":\"ListItem\",\"position\":3,\"name\":\"Fleurs de chanvre. Fleurs de CBD\",\"item\":\"https:\/\/thetreecbd.com\/fr\/fleurs-cbd\"},{\"@type\":\"ListItem\",\"position\":4,\"name\":\"Fleurs de CBD d'ext\u00e9rieur\",\"item\":\"https:\/\/thetreecbd.com\/fr\/fleurs-cbd\/outdoor\"},{\"@type\":\"ListItem\",\"position\":5,\"name\":\"Sweet Island Skunk CBD\"}]},{\"@type\":\"WebSite\",\"@id\":\"https:\/\/thetreecbd.com\/fr#website\",\"url\":\"https:\/\/thetreecbd.com\/fr\",\"name\":\"The Tree CBD\",\"description\":\"Comprar CBD en Espa\u00f1a Online\",\"publisher\":{\"@id\":\"https:\/\/thetreecbd.com\/fr#organization\"},\"potentialAction\":[{\"@type\":\"SearchAction\",\"target\":{\"@type\":\"EntryPoint\",\"urlTemplate\":\"https:\/\/thetreecbd.com\/fr?s={search_term_string}\"},\"query-input\":{\"@type\":\"PropertyValueSpecification\",\"valueRequired\":true,\"valueName\":\"search_term_string\"}}],\"inLanguage\":\"fr-FR\"},{\"@type\":\"Organization\",\"@id\":\"https:\/\/thetreecbd.com\/fr#organization\",\"name\":\"The Tree CBD\",\"url\":\"https:\/\/thetreecbd.com\/fr\",\"logo\":{\"@type\":\"ImageObject\",\"inLanguage\":\"fr-FR\",\"@id\":\"https:\/\/thetreecbd.com\/fr#\/schema\/logo\/image\/\",\"url\":\"https:\/\/thetreecbd.com\/wp-content\/uploads\/2022\/04\/logo-thetree.png\",\"contentUrl\":\"https:\/\/thetreecbd.com\/wp-content\/uploads\/2022\/04\/logo-thetree.png\",\"width\":172,\"height\":55,\"caption\":\"The Tree CBD\"},\"image\":{\"@id\":\"https:\/\/thetreecbd.com\/fr#\/schema\/logo\/image\/\"},\"sameAs\":[\"https:\/\/www.facebook.com\/thetreeCBD\/\",\"https:\/\/x.com\/TheTreeCBD_EU\",\"https:\/\/www.instagram.com\/thetree.cbd\/\",\"https:\/\/es.trustpilot.com\/review\/thetreecbd.com\"]}]}<\/script>\n<!-- \/ Yoast SEO plugin. -->","yoast_head_json":{"title":"Sweet Island Skunk CBD - Jusqu'\u00e0 14% CBD | The Tree CBD","description":"Sweet Island Skunk CBD est une vari\u00e9t\u00e9 \u00e0 l'arome qui varie du sucr\u00e9 \u00e0 celui d'hydrocarbures, vraiment irr\u00e9sistible. Jusqu'\u00e0 14% CBD ! L\u00e9galis\u00e9 en Europe","robots":{"index":"index","follow":"follow","max-snippet":"max-snippet:-1","max-image-preview":"max-image-preview:large","max-video-preview":"max-video-preview:-1"},"canonical":"https:\/\/thetreecbd.com\/fr\/cbd\/fleurs-cbd-outdoor-sweet-island-skunk","og_locale":"fr_FR","og_type":"article","og_title":"Sweet Island Skunk CBD - Jusqu'\u00e0 14% CBD | The Tree CBD","og_description":"Sweet Island Skunk CBD est une vari\u00e9t\u00e9 \u00e0 l'arome qui varie du sucr\u00e9 \u00e0 celui d'hydrocarbures, vraiment irr\u00e9sistible. Jusqu'\u00e0 14% CBD ! L\u00e9galis\u00e9 en Europe","og_url":"https:\/\/thetreecbd.com\/fr\/cbd\/fleurs-cbd-outdoor-sweet-island-skunk","og_site_name":"The Tree CBD","article_publisher":"https:\/\/www.facebook.com\/thetreeCBD\/","article_modified_time":"2025-11-20T09:03:25+00:00","og_image":[{"width":600,"height":720,"url":"https:\/\/thetreecbd.com\/wp-content\/uploads\/2021\/05\/cogollos-exterior-sweet-island-skunk-1.jpg","type":"image\/jpeg"}],"twitter_card":"summary_large_image","twitter_site":"@TheTreeCBD_EU","twitter_misc":{"Dur\u00e9e de lecture estim\u00e9e":"4 minutes"},"schema":{"@context":"https:\/\/schema.org","@graph":[{"@type":["WebPage","ItemPage"],"@id":"https:\/\/thetreecbd.com\/fr\/cbd\/fleurs-cbd-outdoor-sweet-island-skunk","url":"https:\/\/thetreecbd.com\/fr\/cbd\/fleurs-cbd-outdoor-sweet-island-skunk","name":"Sweet Island Skunk CBD - Jusqu'\u00e0 14% CBD | The Tree CBD","isPartOf":{"@id":"https:\/\/thetreecbd.com\/fr#website"},"primaryImageOfPage":{"@id":"https:\/\/thetreecbd.com\/fr\/cbd\/fleurs-cbd-outdoor-sweet-island-skunk#primaryimage"},"image":{"@id":"https:\/\/thetreecbd.com\/fr\/cbd\/fleurs-cbd-outdoor-sweet-island-skunk#primaryimage"},"thumbnailUrl":"https:\/\/thetreecbd.com\/wp-content\/uploads\/2021\/05\/cogollos-exterior-sweet-island-skunk-1.jpg","datePublished":"2021-05-13T13:50:37+00:00","dateModified":"2025-11-20T09:03:25+00:00","description":"Sweet Island Skunk CBD est une vari\u00e9t\u00e9 \u00e0 l'arome qui varie du sucr\u00e9 \u00e0 celui d'hydrocarbures, vraiment irr\u00e9sistible. Jusqu'\u00e0 14% CBD ! L\u00e9galis\u00e9 en Europe","breadcrumb":{"@id":"https:\/\/thetreecbd.com\/fr\/cbd\/fleurs-cbd-outdoor-sweet-island-skunk#breadcrumb"},"inLanguage":"fr-FR","potentialAction":[{"@type":"ReadAction","target":["https:\/\/thetreecbd.com\/fr\/cbd\/fleurs-cbd-outdoor-sweet-island-skunk"]}]},{"@type":"ImageObject","inLanguage":"fr-FR","@id":"https:\/\/thetreecbd.com\/fr\/cbd\/fleurs-cbd-outdoor-sweet-island-skunk#primaryimage","url":"https:\/\/thetreecbd.com\/wp-content\/uploads\/2021\/05\/cogollos-exterior-sweet-island-skunk-1.jpg","contentUrl":"https:\/\/thetreecbd.com\/wp-content\/uploads\/2021\/05\/cogollos-exterior-sweet-island-skunk-1.jpg","width":600,"height":720},{"@type":"BreadcrumbList","@id":"https:\/\/thetreecbd.com\/fr\/cbd\/fleurs-cbd-outdoor-sweet-island-skunk#breadcrumb","itemListElement":[{"@type":"ListItem","position":1,"name":"The Tree","item":"https:\/\/thetreecbd.com\/fr"},{"@type":"ListItem","position":2,"name":"CBD","item":"https:\/\/thetreecbd.com\/es\/cbd"},{"@type":"ListItem","position":3,"name":"Fleurs de chanvre. Fleurs de CBD","item":"https:\/\/thetreecbd.com\/fr\/fleurs-cbd"},{"@type":"ListItem","position":4,"name":"Fleurs de CBD d'ext\u00e9rieur","item":"https:\/\/thetreecbd.com\/fr\/fleurs-cbd\/outdoor"},{"@type":"ListItem","position":5,"name":"Sweet Island Skunk CBD"}]},{"@type":"WebSite","@id":"https:\/\/thetreecbd.com\/fr#website","url":"https:\/\/thetreecbd.com\/fr","name":"The Tree CBD","description":"Comprar CBD en Espa\u00f1a Online","publisher":{"@id":"https:\/\/thetreecbd.com\/fr#organization"},"potentialAction":[{"@type":"SearchAction","target":{"@type":"EntryPoint","urlTemplate":"https:\/\/thetreecbd.com\/fr?s={search_term_string}"},"query-input":{"@type":"PropertyValueSpecification","valueRequired":true,"valueName":"search_term_string"}}],"inLanguage":"fr-FR"},{"@type":"Organization","@id":"https:\/\/thetreecbd.com\/fr#organization","name":"The Tree CBD","url":"https:\/\/thetreecbd.com\/fr","logo":{"@type":"ImageObject","inLanguage":"fr-FR","@id":"https:\/\/thetreecbd.com\/fr#\/schema\/logo\/image\/","url":"https:\/\/thetreecbd.com\/wp-content\/uploads\/2022\/04\/logo-thetree.png","contentUrl":"https:\/\/thetreecbd.com\/wp-content\/uploads\/2022\/04\/logo-thetree.png","width":172,"height":55,"caption":"The Tree CBD"},"image":{"@id":"https:\/\/thetreecbd.com\/fr#\/schema\/logo\/image\/"},"sameAs":["https:\/\/www.facebook.com\/thetreeCBD\/","https:\/\/x.com\/TheTreeCBD_EU","https:\/\/www.instagram.com\/thetree.cbd\/","https:\/\/es.trustpilot.com\/review\/thetreecbd.com"]}]}},"_links":{"self":[{"href":"https:\/\/thetreecbd.com\/fr\/wp-json\/wp\/v2\/product\/55836","targetHints":{"allow":["GET"]}}],"collection":[{"href":"https:\/\/thetreecbd.com\/fr\/wp-json\/wp\/v2\/product"}],"about":[{"href":"https:\/\/thetreecbd.com\/fr\/wp-json\/wp\/v2\/types\/product"}],"version-history":[{"count":0,"href":"https:\/\/thetreecbd.com\/fr\/wp-json\/wp\/v2\/product\/55836\/revisions"}],"wp:featuredmedia":[{"embeddable":true,"href":"https:\/\/thetreecbd.com\/fr\/wp-json\/wp\/v2\/media\/80728"}],"wp:attachment":[{"href":"https:\/\/thetreecbd.com\/fr\/wp-json\/wp\/v2\/media?parent=55836"}],"wp:term":[{"taxonomy":"product_brand","embeddable":true,"href":"https:\/\/thetreecbd.com\/fr\/wp-json\/wp\/v2\/product_brand?post=55836"}],"curies":[{"name":"wp","href":"https:\/\/api.w.org\/{rel}","templated":true}]}}