{"id":5586,"date":"2019-08-09T07:30:29","date_gmt":"2019-08-09T05:30:29","guid":{"rendered":"https:\/\/thetreecbd.com\/?post_type=product&#038;p=5586"},"modified":"2025-08-29T17:23:52","modified_gmt":"2025-08-29T15:23:52","slug":"cremes-after-sun","status":"publish","type":"product","link":"https:\/\/thetreecbd.com\/fr\/cbd\/cremes-after-sun","title":{"rendered":"After Sun CBD avec Aloe Vera"},"content":{"rendered":"<p><span style=\"font-weight: 400;\">Cet gel <\/span><b>Apr\u00e8s Soleil CBD Aloe Vera<\/b><span style=\"font-weight: 400;\">, au calendula et \u00e0 l\u2019arnica, procure un effet calmant aux peaux expos\u00e9es longtemps au soleil. \u00c9vitez les l\u00e9sions cutan\u00e9es possibles avec ce produit totalement naturel, sp\u00e9cialement con\u00e7u pour pr\u00e9server la sant\u00e9 de la peau.<\/span><\/p>\n<p><span style=\"font-weight: 400;\">Alors que l\u2019aloe vera hydrate, adoucit, r\u00e9g\u00e9n\u00e8re et \u00e9limine les cellules mortes de la peau, le souci soulage les processus inflammatoires caus\u00e9s par l\u2019exposition au soleil, l\u2019arnica stimule la circulation sanguine, <\/span><b>acc\u00e9l\u00e8re les processus de r\u00e9cup\u00e9ration<\/b><span style=\"font-weight: 400;\"> et, Enfin, le CBD aide \u00e0<\/span><b> r\u00e9duire la douleur et l\u2019enflure<\/b><span style=\"font-weight: 400;\">, aide \u00e0 la <\/span><b>r\u00e9g\u00e9n\u00e9ration cellulaire<\/b><span style=\"font-weight: 400;\"> et, \u00e0 son tour, aide \u00e0 pr\u00e9venir l\u2019apparition de rides et de marques ind\u00e9sirables gr\u00e2ce \u00e0 ses <\/span><b>grandes propri\u00e9t\u00e9s hydratantes.<\/b><\/p>\n<p><span style=\"font-weight: 400;\">The Tree CBD vous propose des <\/span><a href=\"https:\/\/thetreecbd.com\/fr\/cbd-cosmetique\"><span style=\"font-weight: 400;\">cosm\u00e9tiques<\/span><\/a><span style=\"font-weight: 400;\"> qui vous aideront \u00e0 prendre soin de votre peau comme l\u2019After Sun CBD ou le baume sportif. Des produits qui aideront votre peau \u00e0 \u00eatre plus hydrat\u00e9e et plus soign\u00e9e.<\/span><\/p>\n<h2><b>Caract\u00e9ristique<\/b><\/h2>\n<p><span style=\"font-weight: 400;\">Apr\u00e8s-soleil \u00e0 base de CBD, d&#8217;aloe vera, de calendula et d&#8217;arnica qui procure un effet calmant aux peaux expos\u00e9es au soleil pendant une longue p\u00e9riode. \u00c9vitez d&#8217;\u00e9ventuelles blessures cutan\u00e9es avec ce produit totalement naturel, sp\u00e9cialement con\u00e7u pour pr\u00e9server la sant\u00e9 de la peau.<\/span><\/p>\n<h2><b>Ingr\u00e9dients Apr\u00e8s Soleil CBD Aloe Vera<\/b><\/h2>\n<p><span style=\"font-weight: 400;\">Eau, alcool d\u00e9natur\u00e9, huile de graines Helianthus annuus, glyc\u00e9rine, propyl\u00e8ne glycol, cyclopentasiloxane, dicaprylyl \u00e9ther, glycine soja oil, alcool c\u00e9tylique, glyc\u00e9ryl, st\u00e9arate, extrait de fleur d\u2019arnica montana, harpagophytum procumbens root, axtracto, fenoxietanol, carbom\u00e8re, huile de graines de chanvre, peg-75 st\u00e9arate, menthe poivr\u00e9e, huile de pip\u00e9rite, tri\u00e9thanolamine, gomme de xanthane, allanto\u00efne, hypericum perforatum, extrait, panth\u00e9nol, ceteth-20, steareth-20, cannabidiol, extrait de fleur de calendula officinalis, huile de zeste d\u2019agrumes et de citron, \u00e9thylhexylglyc\u00e9rine, sorbate de potassium, huile de feuilles d\u2019Eugenia caryophyllus, huile de feuilles de Melaleuca leucadendron cajuputi, ac\u00e9tate de tocoph\u00e9ryle, tocoph\u00e9rol, alcool cinnamylique, d-limon\u00e8ne, eug\u00e9nol et linalol<\/span><\/p>\n<h2><b>Utilisateur auquel il est destin\u00e9<\/b><\/h2>\n<p><span style=\"font-weight: 400;\">After Sun CBD de The Tree CBD est et peut \u00eatre utilis\u00e9 par un large \u00e9ventail de personnes, et \u00e0 des fins diff\u00e9rentes, voici une liste d&#8217;occasions et d&#8217;objectifs qui vous aideront \u00e0 voir si ce produit peut vous convenir :<\/span><\/p>\n<p><span style=\"font-weight: 400;\">Am\u00e9liorez votre bronzage. Votre peau passera d&#8217;une peau irrit\u00e9e et rouge \u00e0 un beau bronzage.<\/span><\/p>\n<p><span style=\"font-weight: 400;\">Aide \u00e0 maintenir le bronzage et \u00e0 prolonger sa dur\u00e9e plus longtemps.<\/span><\/p>\n<p><span style=\"font-weight: 400;\">Ils sont tr\u00e8s utiles contre les piq\u00fbres d&#8217;insectes.<\/span><\/p>\n<p><span style=\"font-weight: 400;\">Ils peuvent \u00eatre utilis\u00e9s par les personnes qui ont la peau sensible.<\/span><\/p>\n<p><span style=\"font-weight: 400;\">Ce sont des produits parfaits pour traiter les coups de soleil.<\/span><\/p>\n<p><span style=\"font-weight: 400;\">Id\u00e9al pour d&#8217;autres conditions n\u00e9cessitant un traitement dermatologique.<\/span><\/p>\n<h2><b>Information sur la s\u00e9curit\u00e9<\/b><\/h2>\n<p><span style=\"font-weight: 400;\">Il se conserve jusqu&#8217;\u00e0 12 mois apr\u00e8s ouverture. Ne pas ing\u00e9rer ni inhaler.<\/span><\/p>\n<h2><strong>Stockage<\/strong><\/h2>\n<p><span style=\"font-weight: 400;\">Conserver dans un endroit sec \u00e0 une temp\u00e9rature comprise entre 8 et 25 degr\u00e9s. Prot\u00e9ger les rayons directs du soleil et de la chaleur.<\/span><\/p>\n","protected":false},"excerpt":{"rendered":"<p><span style=\"font-weight: 400;\">Cet gel <\/span>Apr\u00e8s Soleil CBD Aloe Vera<span style=\"font-weight: 400;\">, au calendula et \u00e0 l\u2019arnica, procure un effet calmant aux peaux expos\u00e9es longtemps au soleil. \u00c9vitez les l\u00e9sions cutan\u00e9es possibles avec ce produit totalement naturel, sp\u00e9cialement con\u00e7u pour pr\u00e9server la sant\u00e9 de la peau.<\/span><\/p>\n","protected":false},"featured_media":119964,"template":"","meta":{"_acf_changed":false},"product_brand":[],"class_list":{"0":"post-5586","1":"product","2":"type-product","3":"status-publish","4":"has-post-thumbnail","6":"product_cat-cbd-cosmetique","7":"product_cat-cremes-cbd","8":"product_cat-cbd-soin-peau","10":"first","11":"outofstock","12":"taxable","13":"shipping-taxable","14":"purchasable","15":"product-type-simple"},"acf":[],"yoast_head":"<!-- This site is optimized with the Yoast SEO plugin v26.3 - https:\/\/yoast.com\/wordpress\/plugins\/seo\/ -->\n<title>Apr\u00e8s soleil CBD Aloe Vera |Cannabis L\u00e9gal en Europe| The Tree CBD<\/title>\n<meta name=\"description\" content=\"Gel apr\u00e8s soleil \u00e0 base de CBD, d&#039;aloe vera, de calendula et d&#039;arnica qui procure un effet calmant aux peaux expos\u00e9es longtemps au soleil.\" \/>\n<meta name=\"robots\" content=\"index, follow, max-snippet:-1, max-image-preview:large, max-video-preview:-1\" \/>\n<link rel=\"canonical\" href=\"https:\/\/thetreecbd.com\/fr\/tienda\/baumes\/apres-soleil-cbd-aloe-vera\" \/>\n<meta property=\"og:locale\" content=\"fr_FR\" \/>\n<meta property=\"og:type\" content=\"article\" \/>\n<meta property=\"og:title\" content=\"Apr\u00e8s soleil CBD Aloe Vera |Cannabis L\u00e9gal en Europe| The Tree CBD\" \/>\n<meta property=\"og:description\" content=\"Gel apr\u00e8s soleil \u00e0 base de CBD, d&#039;aloe vera, de calendula et d&#039;arnica qui procure un effet calmant aux peaux expos\u00e9es longtemps au soleil.\" \/>\n<meta property=\"og:url\" content=\"https:\/\/thetreecbd.com\/fr\/tienda\/baumes\/apres-soleil-cbd-aloe-vera\/\" \/>\n<meta property=\"og:site_name\" content=\"The Tree CBD\" \/>\n<meta property=\"article:publisher\" content=\"https:\/\/www.facebook.com\/thetreeCBD\/\" \/>\n<meta property=\"article:modified_time\" content=\"2025-08-29T15:23:52+00:00\" \/>\n<meta property=\"og:image\" content=\"https:\/\/thetreecbd.com\/wp-content\/uploads\/2019\/08\/after-sun-cbd.png\" \/>\n\t<meta property=\"og:image:width\" content=\"600\" \/>\n\t<meta property=\"og:image:height\" content=\"720\" \/>\n\t<meta property=\"og:image:type\" content=\"image\/png\" \/>\n<meta name=\"twitter:card\" content=\"summary_large_image\" \/>\n<meta name=\"twitter:site\" content=\"@TheTreeCBD_EU\" \/>\n<meta name=\"twitter:label1\" content=\"Dur\u00e9e de lecture estim\u00e9e\" \/>\n\t<meta name=\"twitter:data1\" content=\"3 minutes\" \/>\n<script type=\"application\/ld+json\" class=\"yoast-schema-graph\">{\"@context\":\"https:\/\/schema.org\",\"@graph\":[{\"@type\":[\"WebPage\",\"ItemPage\"],\"@id\":\"https:\/\/thetreecbd.com\/fr\/cbd\/cremes-after-sun\",\"url\":\"https:\/\/thetreecbd.com\/fr\/tienda\/baumes\/apres-soleil-cbd-aloe-vera\/\",\"name\":\"Apr\u00e8s soleil CBD Aloe Vera |Cannabis L\u00e9gal en Europe| The Tree CBD\",\"isPartOf\":{\"@id\":\"https:\/\/thetreecbd.com\/fr#website\"},\"primaryImageOfPage\":{\"@id\":\"https:\/\/thetreecbd.com\/fr\/tienda\/baumes\/apres-soleil-cbd-aloe-vera\/#primaryimage\"},\"image\":{\"@id\":\"https:\/\/thetreecbd.com\/fr\/tienda\/baumes\/apres-soleil-cbd-aloe-vera\/#primaryimage\"},\"thumbnailUrl\":\"https:\/\/thetreecbd.com\/wp-content\/uploads\/2019\/08\/after-sun-cbd.png\",\"datePublished\":\"2019-08-09T05:30:29+00:00\",\"dateModified\":\"2025-08-29T15:23:52+00:00\",\"description\":\"Gel apr\u00e8s soleil \u00e0 base de CBD, d'aloe vera, de calendula et d'arnica qui procure un effet calmant aux peaux expos\u00e9es longtemps au soleil.\",\"breadcrumb\":{\"@id\":\"https:\/\/thetreecbd.com\/fr\/tienda\/baumes\/apres-soleil-cbd-aloe-vera\/#breadcrumb\"},\"inLanguage\":\"fr-FR\",\"potentialAction\":[{\"@type\":\"ReadAction\",\"target\":[\"https:\/\/thetreecbd.com\/fr\/tienda\/baumes\/apres-soleil-cbd-aloe-vera\/\"]}]},{\"@type\":\"ImageObject\",\"inLanguage\":\"fr-FR\",\"@id\":\"https:\/\/thetreecbd.com\/fr\/tienda\/baumes\/apres-soleil-cbd-aloe-vera\/#primaryimage\",\"url\":\"https:\/\/thetreecbd.com\/wp-content\/uploads\/2019\/08\/after-sun-cbd.png\",\"contentUrl\":\"https:\/\/thetreecbd.com\/wp-content\/uploads\/2019\/08\/after-sun-cbd.png\",\"width\":600,\"height\":720,\"caption\":\"after-sun-cbd\"},{\"@type\":\"BreadcrumbList\",\"@id\":\"https:\/\/thetreecbd.com\/fr\/tienda\/baumes\/apres-soleil-cbd-aloe-vera\/#breadcrumb\",\"itemListElement\":[{\"@type\":\"ListItem\",\"position\":1,\"name\":\"The Tree\",\"item\":\"https:\/\/thetreecbd.com\/fr\"},{\"@type\":\"ListItem\",\"position\":2,\"name\":\"CBD\",\"item\":\"https:\/\/thetreecbd.com\/es\/cbd\"},{\"@type\":\"ListItem\",\"position\":3,\"name\":\"Cosm\u00e9tiques avec du CBD\",\"item\":\"https:\/\/thetreecbd.com\/fr\/cbd-cosmetique\"},{\"@type\":\"ListItem\",\"position\":4,\"name\":\"After Sun CBD avec Aloe Vera\"}]},{\"@type\":\"WebSite\",\"@id\":\"https:\/\/thetreecbd.com\/fr#website\",\"url\":\"https:\/\/thetreecbd.com\/fr\",\"name\":\"The Tree CBD\",\"description\":\"Comprar CBD en Espa\u00f1a Online\",\"publisher\":{\"@id\":\"https:\/\/thetreecbd.com\/fr#organization\"},\"potentialAction\":[{\"@type\":\"SearchAction\",\"target\":{\"@type\":\"EntryPoint\",\"urlTemplate\":\"https:\/\/thetreecbd.com\/fr?s={search_term_string}\"},\"query-input\":{\"@type\":\"PropertyValueSpecification\",\"valueRequired\":true,\"valueName\":\"search_term_string\"}}],\"inLanguage\":\"fr-FR\"},{\"@type\":\"Organization\",\"@id\":\"https:\/\/thetreecbd.com\/fr#organization\",\"name\":\"The Tree CBD\",\"url\":\"https:\/\/thetreecbd.com\/fr\",\"logo\":{\"@type\":\"ImageObject\",\"inLanguage\":\"fr-FR\",\"@id\":\"https:\/\/thetreecbd.com\/fr#\/schema\/logo\/image\/\",\"url\":\"https:\/\/thetreecbd.com\/wp-content\/uploads\/2022\/04\/logo-thetree.png\",\"contentUrl\":\"https:\/\/thetreecbd.com\/wp-content\/uploads\/2022\/04\/logo-thetree.png\",\"width\":172,\"height\":55,\"caption\":\"The Tree CBD\"},\"image\":{\"@id\":\"https:\/\/thetreecbd.com\/fr#\/schema\/logo\/image\/\"},\"sameAs\":[\"https:\/\/www.facebook.com\/thetreeCBD\/\",\"https:\/\/x.com\/TheTreeCBD_EU\",\"https:\/\/www.instagram.com\/thetree.cbd\/\",\"https:\/\/es.trustpilot.com\/review\/thetreecbd.com\"]}]}<\/script>\n<!-- \/ Yoast SEO plugin. -->","yoast_head_json":{"title":"Apr\u00e8s soleil CBD Aloe Vera |Cannabis L\u00e9gal en Europe| The Tree CBD","description":"Gel apr\u00e8s soleil \u00e0 base de CBD, d'aloe vera, de calendula et d'arnica qui procure un effet calmant aux peaux expos\u00e9es longtemps au soleil.","robots":{"index":"index","follow":"follow","max-snippet":"max-snippet:-1","max-image-preview":"max-image-preview:large","max-video-preview":"max-video-preview:-1"},"canonical":"https:\/\/thetreecbd.com\/fr\/tienda\/baumes\/apres-soleil-cbd-aloe-vera","og_locale":"fr_FR","og_type":"article","og_title":"Apr\u00e8s soleil CBD Aloe Vera |Cannabis L\u00e9gal en Europe| The Tree CBD","og_description":"Gel apr\u00e8s soleil \u00e0 base de CBD, d'aloe vera, de calendula et d'arnica qui procure un effet calmant aux peaux expos\u00e9es longtemps au soleil.","og_url":"https:\/\/thetreecbd.com\/fr\/tienda\/baumes\/apres-soleil-cbd-aloe-vera\/","og_site_name":"The Tree CBD","article_publisher":"https:\/\/www.facebook.com\/thetreeCBD\/","article_modified_time":"2025-08-29T15:23:52+00:00","og_image":[{"width":600,"height":720,"url":"https:\/\/thetreecbd.com\/wp-content\/uploads\/2019\/08\/after-sun-cbd.png","type":"image\/png"}],"twitter_card":"summary_large_image","twitter_site":"@TheTreeCBD_EU","twitter_misc":{"Dur\u00e9e de lecture estim\u00e9e":"3 minutes"},"schema":{"@context":"https:\/\/schema.org","@graph":[{"@type":["WebPage","ItemPage"],"@id":"https:\/\/thetreecbd.com\/fr\/cbd\/cremes-after-sun","url":"https:\/\/thetreecbd.com\/fr\/tienda\/baumes\/apres-soleil-cbd-aloe-vera\/","name":"Apr\u00e8s soleil CBD Aloe Vera |Cannabis L\u00e9gal en Europe| The Tree CBD","isPartOf":{"@id":"https:\/\/thetreecbd.com\/fr#website"},"primaryImageOfPage":{"@id":"https:\/\/thetreecbd.com\/fr\/tienda\/baumes\/apres-soleil-cbd-aloe-vera\/#primaryimage"},"image":{"@id":"https:\/\/thetreecbd.com\/fr\/tienda\/baumes\/apres-soleil-cbd-aloe-vera\/#primaryimage"},"thumbnailUrl":"https:\/\/thetreecbd.com\/wp-content\/uploads\/2019\/08\/after-sun-cbd.png","datePublished":"2019-08-09T05:30:29+00:00","dateModified":"2025-08-29T15:23:52+00:00","description":"Gel apr\u00e8s soleil \u00e0 base de CBD, d'aloe vera, de calendula et d'arnica qui procure un effet calmant aux peaux expos\u00e9es longtemps au soleil.","breadcrumb":{"@id":"https:\/\/thetreecbd.com\/fr\/tienda\/baumes\/apres-soleil-cbd-aloe-vera\/#breadcrumb"},"inLanguage":"fr-FR","potentialAction":[{"@type":"ReadAction","target":["https:\/\/thetreecbd.com\/fr\/tienda\/baumes\/apres-soleil-cbd-aloe-vera\/"]}]},{"@type":"ImageObject","inLanguage":"fr-FR","@id":"https:\/\/thetreecbd.com\/fr\/tienda\/baumes\/apres-soleil-cbd-aloe-vera\/#primaryimage","url":"https:\/\/thetreecbd.com\/wp-content\/uploads\/2019\/08\/after-sun-cbd.png","contentUrl":"https:\/\/thetreecbd.com\/wp-content\/uploads\/2019\/08\/after-sun-cbd.png","width":600,"height":720,"caption":"after-sun-cbd"},{"@type":"BreadcrumbList","@id":"https:\/\/thetreecbd.com\/fr\/tienda\/baumes\/apres-soleil-cbd-aloe-vera\/#breadcrumb","itemListElement":[{"@type":"ListItem","position":1,"name":"The Tree","item":"https:\/\/thetreecbd.com\/fr"},{"@type":"ListItem","position":2,"name":"CBD","item":"https:\/\/thetreecbd.com\/es\/cbd"},{"@type":"ListItem","position":3,"name":"Cosm\u00e9tiques avec du CBD","item":"https:\/\/thetreecbd.com\/fr\/cbd-cosmetique"},{"@type":"ListItem","position":4,"name":"After Sun CBD avec Aloe Vera"}]},{"@type":"WebSite","@id":"https:\/\/thetreecbd.com\/fr#website","url":"https:\/\/thetreecbd.com\/fr","name":"The Tree CBD","description":"Comprar CBD en Espa\u00f1a Online","publisher":{"@id":"https:\/\/thetreecbd.com\/fr#organization"},"potentialAction":[{"@type":"SearchAction","target":{"@type":"EntryPoint","urlTemplate":"https:\/\/thetreecbd.com\/fr?s={search_term_string}"},"query-input":{"@type":"PropertyValueSpecification","valueRequired":true,"valueName":"search_term_string"}}],"inLanguage":"fr-FR"},{"@type":"Organization","@id":"https:\/\/thetreecbd.com\/fr#organization","name":"The Tree CBD","url":"https:\/\/thetreecbd.com\/fr","logo":{"@type":"ImageObject","inLanguage":"fr-FR","@id":"https:\/\/thetreecbd.com\/fr#\/schema\/logo\/image\/","url":"https:\/\/thetreecbd.com\/wp-content\/uploads\/2022\/04\/logo-thetree.png","contentUrl":"https:\/\/thetreecbd.com\/wp-content\/uploads\/2022\/04\/logo-thetree.png","width":172,"height":55,"caption":"The Tree CBD"},"image":{"@id":"https:\/\/thetreecbd.com\/fr#\/schema\/logo\/image\/"},"sameAs":["https:\/\/www.facebook.com\/thetreeCBD\/","https:\/\/x.com\/TheTreeCBD_EU","https:\/\/www.instagram.com\/thetree.cbd\/","https:\/\/es.trustpilot.com\/review\/thetreecbd.com"]}]}},"_links":{"self":[{"href":"https:\/\/thetreecbd.com\/fr\/wp-json\/wp\/v2\/product\/5586","targetHints":{"allow":["GET"]}}],"collection":[{"href":"https:\/\/thetreecbd.com\/fr\/wp-json\/wp\/v2\/product"}],"about":[{"href":"https:\/\/thetreecbd.com\/fr\/wp-json\/wp\/v2\/types\/product"}],"version-history":[{"count":0,"href":"https:\/\/thetreecbd.com\/fr\/wp-json\/wp\/v2\/product\/5586\/revisions"}],"wp:featuredmedia":[{"embeddable":true,"href":"https:\/\/thetreecbd.com\/fr\/wp-json\/wp\/v2\/media\/119964"}],"wp:attachment":[{"href":"https:\/\/thetreecbd.com\/fr\/wp-json\/wp\/v2\/media?parent=5586"}],"wp:term":[{"taxonomy":"product_brand","embeddable":true,"href":"https:\/\/thetreecbd.com\/fr\/wp-json\/wp\/v2\/product_brand?post=5586"}],"curies":[{"name":"wp","href":"https:\/\/api.w.org\/{rel}","templated":true}]}}