{"id":62832,"date":"2022-04-04T08:47:28","date_gmt":"2022-04-04T06:47:28","guid":{"rendered":"https:\/\/thetreecbd.com\/?post_type=product&#038;p=62832"},"modified":"2025-08-01T17:14:32","modified_gmt":"2025-08-01T15:14:32","slug":"cosmetiques-cremes-solaire","status":"publish","type":"product","link":"https:\/\/thetreecbd.com\/fr\/cbd\/cosmetiques-cremes-solaire","title":{"rendered":"Cr\u00e8me Solaire CBD SPF 30"},"content":{"rendered":"<p><span style=\"font-weight: 400;\">The Tree CBD vous apporte l\u2019un des indispensables de cet \u00e9t\u00e9 : la <\/span><b>cr\u00e8me solaire CBD SPF 30<\/b><span style=\"font-weight: 400;\">. Une cr\u00e8me haute protection qui garantit le soin de la peau, gr\u00e2ce aux bienfaits que le CBD procure, \u00e0 condition d\u2019\u00eatre appliqu\u00e9 correctement.<\/span><\/p>\n<p><span style=\"font-weight: 400;\">Le <\/span><b>cannabidiol<\/b><span style=\"font-weight: 400;\"> est un ingr\u00e9dient naturel qui offre de nombreux avantages. De plus en plus de <\/span><a href=\"https:\/\/thetreecbd.com\/fr\/cbd-cosmetique\"><span style=\"font-weight: 400;\">cosm\u00e9tiques<\/span><\/a><span style=\"font-weight: 400;\"> int\u00e8grent cet ingr\u00e9dient naturel dans leurs produits car il offre de nombreux avantages tels que : protection, hydratation et nutrition de la peau. La cr\u00e8me solaire propos\u00e9e par <\/span><a href=\"https:\/\/thetreecbd.com\/fr\"><span style=\"font-weight: 400;\">The Tree CBD<\/span><\/a><span style=\"font-weight: 400;\"> a l\u2019ingr\u00e9dient id\u00e9al pour que vous puissiez profiter de l\u2019\u00e9t\u00e9 sans vous br\u00fbler et, en m\u00eame temps, prendre soin de votre peau. Ce composant naturel d\u00e9riv\u00e9 du chanvre poss\u00e8de des propri\u00e9t\u00e9s anti-inflammatoires, antioxydantes et hydratantes qui vous aideront \u00e0 vous prot\u00e9ger de la chaleur et \u00e0 profiter de l\u2019\u00e9t\u00e9 sans souci.<\/span><\/p>\n<h2><b>Caract\u00e9ristiques<\/b><\/h2>\n<p><span style=\"font-weight: 400;\">Une cr\u00e8me haute protection qui garantit le soin de la peau, gr\u00e2ce aux bienfaits du CBD, \u00e0 condition qu\u2019elle soit appliqu\u00e9e correctement.<\/span><\/p>\n<p><span style=\"font-weight: 400;\">La formule int\u00e8gre jusqu\u2019\u00e0 3 principes actifs fondamentaux dans sa composition, dont chacun procure \u00e0 notre peau les meilleurs effets protecteurs, hydratants et nourrissants : Huile de graines de chanvre, filtres solaires liposomaux, Cannabidiol.<\/span><\/p>\n<h2><b>Ingr\u00e9dients de la CR\u00c8ME SOLAIRE CBD SPF 30<\/b><\/h2>\n<p><span style=\"font-weight: 400;\">AGUA, CAPRYLIC\/CAPRIC GLYCERIDES, TRIHEPTANOIN, COCO-CAPRYLATE\/CAPRATE, ZINC OXIDE,GLYCERYL STEARATE CITRATE, GLYCERIN, SIMMONDSIA CHINENSIS SEED OIL, ETHYLHEXYL TRIAZONE, DIETHYLAMINO, HYDROXYBENZOYL HEXYL BENZOATE, PRUNUS ARMENIACA,KERNEL OIL, TRIETHYL CITRATE, ALUMINUM HYDROXIDE, STEARIC ACID, TITANIUM DIOXIDE, ISONONYL ISONONANOATE, CANNABIS, SATIVA SEED OIL, HYDROGENATED COCO-GLYCERIDES, BENZYL ALCOHOL, OLEA EUROPAEA OIL UNSAPONIFIABLES, CETEARYL ALCOHOL, SUCROSE POLYSTEARATE, JOJOBA ESTERS, POLYHYDROXYSTEARIC ACID, GLYCERYL CAPRYLATE, SODIUM GLUCONATE, XANTHAN GUM, SODIUM CITRATE, CANNABIDIOL -DERIVED FROM EXTRACT OR TINCTURE OR RESIN OF CANNABIS,TOCOPHEROL, DEHYDROACETIC ACID, HELIANTHUS ANNUUS SEED, OIL, SODIUM HYALURONATE, ALCOHOL DENAT., TASMANNIA LANCEOLATA FRUIT EXTRACT.<\/span><\/p>\n<h2><b>Utilisateur auquel il est destin\u00e9<\/b><\/h2>\n<p><span style=\"font-weight: 400;\">Toute personne \u00e2g\u00e9e de plus de six mois devrait utiliser un \u00e9cran solaire tous les jours. M\u00eame les personnes qui travaillent \u00e0 l&#8217;int\u00e9rieur et sont expos\u00e9es aux rayons ultraviolets pendant de courtes p\u00e9riodes tout au long de la journ\u00e9e. De plus, la plupart des fen\u00eatres ne bloquent pas les rayons UVA.<\/span><\/p>\n<p><span style=\"font-weight: 400;\">Les propri\u00e9t\u00e9s anti-inflammatoires du CBD en font un excellent alli\u00e9 pour pr\u00e9venir les br\u00fblures cons\u00e9cutives \u00e0 l&#8217;exposition au soleil. De plus, gr\u00e2ce \u00e0 sa caract\u00e9ristique antioxydante, le CBD aide \u00e0 lutter contre le vieillissement, car il retarde l&#8217;apparition des ridules, des rides et du rel\u00e2chement.<\/span><\/p>\n<h2><b>Information sur la s\u00e9curit\u00e9<\/b><\/h2>\n<p><span style=\"font-weight: 400;\">Il se conserve jusqu&#8217;\u00e0 12 mois apr\u00e8s ouverture. Ne pas ing\u00e9rer ni inhaler.<\/span><\/p>\n<h2><b>Stockage<\/b><\/h2>\n<p><span style=\"font-weight: 400;\">Conserver dans un endroit sec \u00e0 une temp\u00e9rature comprise entre 8 et 25 degr\u00e9s. Prot\u00e9ger des rayons directs du soleil et de la chaleur.<\/span><\/p>\n","protected":false},"excerpt":{"rendered":"<p><strong>Une cr\u00e8me haute protection qui garantit le soin de la peau, gr\u00e2ce aux bienfaits du CBD, \u00e0 condition qu\u2019elle soit appliqu\u00e9e correctement.<\/strong><\/p>\n<p><strong>La formule int\u00e8gre jusqu\u2019\u00e0 3 principes actifs fondamentaux dans sa composition, dont chacun procure \u00e0 notre peau les meilleurs effets protecteurs, hydratants et nourrissants : Huile de graines de chanvre, filtres solaires liposomaux, Cannabidiol.<\/strong><\/p>\n","protected":false},"featured_media":80416,"template":"","meta":{"_acf_changed":false},"product_brand":[],"class_list":{"0":"post-62832","1":"product","2":"type-product","3":"status-publish","4":"has-post-thumbnail","6":"product_cat-cbd-cosmetique","7":"product_cat-cremes-cbd","8":"product_cat-cbd-soin-peau","10":"first","11":"outofstock","12":"taxable","13":"shipping-taxable","14":"purchasable","15":"product-type-simple"},"acf":[],"yoast_head":"<!-- This site is optimized with the Yoast SEO plugin v26.3 - https:\/\/yoast.com\/wordpress\/plugins\/seo\/ -->\n<title>Cr\u00e8me Solaire CBD SPF 30 | The Tree CBD<\/title>\n<meta name=\"description\" content=\"La cr\u00e8me solaire CBD SPF 30 offre tous les bienfaits du CBD pour une meilleure protection et hydratation de votre peau. D\u00e9couvrez le CBD pour votre peau\" \/>\n<meta name=\"robots\" content=\"index, follow, max-snippet:-1, max-image-preview:large, max-video-preview:-1\" \/>\n<link rel=\"canonical\" href=\"https:\/\/thetreecbd.com\/fr\/cbd\/cosmetiques-cremes-solaire\" \/>\n<meta property=\"og:locale\" content=\"fr_FR\" \/>\n<meta property=\"og:type\" content=\"article\" \/>\n<meta property=\"og:title\" content=\"Cr\u00e8me Solaire CBD SPF 30 | The Tree CBD\" \/>\n<meta property=\"og:description\" content=\"La cr\u00e8me solaire CBD SPF 30 offre tous les bienfaits du CBD pour une meilleure protection et hydratation de votre peau. D\u00e9couvrez le CBD pour votre peau\" \/>\n<meta property=\"og:url\" content=\"https:\/\/thetreecbd.com\/fr\/cbd\/cosmetiques-cremes-solaire\" \/>\n<meta property=\"og:site_name\" content=\"The Tree CBD\" \/>\n<meta property=\"article:publisher\" content=\"https:\/\/www.facebook.com\/thetreeCBD\/\" \/>\n<meta property=\"article:modified_time\" content=\"2025-08-01T15:14:32+00:00\" \/>\n<meta property=\"og:image\" content=\"https:\/\/thetreecbd.com\/wp-content\/uploads\/2022\/04\/cosmetica-cremas-crema-solar.jpg\" \/>\n\t<meta property=\"og:image:width\" content=\"600\" \/>\n\t<meta property=\"og:image:height\" content=\"720\" \/>\n\t<meta property=\"og:image:type\" content=\"image\/jpeg\" \/>\n<meta name=\"twitter:card\" content=\"summary_large_image\" \/>\n<meta name=\"twitter:site\" content=\"@TheTreeCBD_EU\" \/>\n<meta name=\"twitter:label1\" content=\"Dur\u00e9e de lecture estim\u00e9e\" \/>\n\t<meta name=\"twitter:data1\" content=\"2 minutes\" \/>\n<script type=\"application\/ld+json\" class=\"yoast-schema-graph\">{\"@context\":\"https:\/\/schema.org\",\"@graph\":[{\"@type\":[\"WebPage\",\"ItemPage\"],\"@id\":\"https:\/\/thetreecbd.com\/fr\/cbd\/cosmetiques-cremes-solaire\",\"url\":\"https:\/\/thetreecbd.com\/fr\/cbd\/cosmetiques-cremes-solaire\",\"name\":\"Cr\u00e8me Solaire CBD SPF 30 | The Tree CBD\",\"isPartOf\":{\"@id\":\"https:\/\/thetreecbd.com\/fr#website\"},\"primaryImageOfPage\":{\"@id\":\"https:\/\/thetreecbd.com\/fr\/cbd\/cosmetiques-cremes-solaire#primaryimage\"},\"image\":{\"@id\":\"https:\/\/thetreecbd.com\/fr\/cbd\/cosmetiques-cremes-solaire#primaryimage\"},\"thumbnailUrl\":\"https:\/\/thetreecbd.com\/wp-content\/uploads\/2022\/04\/cosmetica-cremas-crema-solar.jpg\",\"datePublished\":\"2022-04-04T06:47:28+00:00\",\"dateModified\":\"2025-08-01T15:14:32+00:00\",\"description\":\"La cr\u00e8me solaire CBD SPF 30 offre tous les bienfaits du CBD pour une meilleure protection et hydratation de votre peau. D\u00e9couvrez le CBD pour votre peau\",\"breadcrumb\":{\"@id\":\"https:\/\/thetreecbd.com\/fr\/cbd\/cosmetiques-cremes-solaire#breadcrumb\"},\"inLanguage\":\"fr-FR\",\"potentialAction\":[{\"@type\":\"ReadAction\",\"target\":[\"https:\/\/thetreecbd.com\/fr\/cbd\/cosmetiques-cremes-solaire\"]}]},{\"@type\":\"ImageObject\",\"inLanguage\":\"fr-FR\",\"@id\":\"https:\/\/thetreecbd.com\/fr\/cbd\/cosmetiques-cremes-solaire#primaryimage\",\"url\":\"https:\/\/thetreecbd.com\/wp-content\/uploads\/2022\/04\/cosmetica-cremas-crema-solar.jpg\",\"contentUrl\":\"https:\/\/thetreecbd.com\/wp-content\/uploads\/2022\/04\/cosmetica-cremas-crema-solar.jpg\",\"width\":600,\"height\":720},{\"@type\":\"BreadcrumbList\",\"@id\":\"https:\/\/thetreecbd.com\/fr\/cbd\/cosmetiques-cremes-solaire#breadcrumb\",\"itemListElement\":[{\"@type\":\"ListItem\",\"position\":1,\"name\":\"The Tree\",\"item\":\"https:\/\/thetreecbd.com\/fr\"},{\"@type\":\"ListItem\",\"position\":2,\"name\":\"CBD\",\"item\":\"https:\/\/thetreecbd.com\/es\/cbd\"},{\"@type\":\"ListItem\",\"position\":3,\"name\":\"Cosm\u00e9tiques avec du CBD\",\"item\":\"https:\/\/thetreecbd.com\/fr\/cbd-cosmetique\"},{\"@type\":\"ListItem\",\"position\":4,\"name\":\"Cr\u00e8me Solaire CBD SPF 30\"}]},{\"@type\":\"WebSite\",\"@id\":\"https:\/\/thetreecbd.com\/fr#website\",\"url\":\"https:\/\/thetreecbd.com\/fr\",\"name\":\"The Tree CBD\",\"description\":\"Comprar CBD en Espa\u00f1a Online\",\"publisher\":{\"@id\":\"https:\/\/thetreecbd.com\/fr#organization\"},\"potentialAction\":[{\"@type\":\"SearchAction\",\"target\":{\"@type\":\"EntryPoint\",\"urlTemplate\":\"https:\/\/thetreecbd.com\/fr?s={search_term_string}\"},\"query-input\":{\"@type\":\"PropertyValueSpecification\",\"valueRequired\":true,\"valueName\":\"search_term_string\"}}],\"inLanguage\":\"fr-FR\"},{\"@type\":\"Organization\",\"@id\":\"https:\/\/thetreecbd.com\/fr#organization\",\"name\":\"The Tree CBD\",\"url\":\"https:\/\/thetreecbd.com\/fr\",\"logo\":{\"@type\":\"ImageObject\",\"inLanguage\":\"fr-FR\",\"@id\":\"https:\/\/thetreecbd.com\/fr#\/schema\/logo\/image\/\",\"url\":\"https:\/\/thetreecbd.com\/wp-content\/uploads\/2022\/04\/logo-thetree.png\",\"contentUrl\":\"https:\/\/thetreecbd.com\/wp-content\/uploads\/2022\/04\/logo-thetree.png\",\"width\":172,\"height\":55,\"caption\":\"The Tree CBD\"},\"image\":{\"@id\":\"https:\/\/thetreecbd.com\/fr#\/schema\/logo\/image\/\"},\"sameAs\":[\"https:\/\/www.facebook.com\/thetreeCBD\/\",\"https:\/\/x.com\/TheTreeCBD_EU\",\"https:\/\/www.instagram.com\/thetree.cbd\/\",\"https:\/\/es.trustpilot.com\/review\/thetreecbd.com\"]}]}<\/script>\n<!-- \/ Yoast SEO plugin. -->","yoast_head_json":{"title":"Cr\u00e8me Solaire CBD SPF 30 | The Tree CBD","description":"La cr\u00e8me solaire CBD SPF 30 offre tous les bienfaits du CBD pour une meilleure protection et hydratation de votre peau. D\u00e9couvrez le CBD pour votre peau","robots":{"index":"index","follow":"follow","max-snippet":"max-snippet:-1","max-image-preview":"max-image-preview:large","max-video-preview":"max-video-preview:-1"},"canonical":"https:\/\/thetreecbd.com\/fr\/cbd\/cosmetiques-cremes-solaire","og_locale":"fr_FR","og_type":"article","og_title":"Cr\u00e8me Solaire CBD SPF 30 | The Tree CBD","og_description":"La cr\u00e8me solaire CBD SPF 30 offre tous les bienfaits du CBD pour une meilleure protection et hydratation de votre peau. D\u00e9couvrez le CBD pour votre peau","og_url":"https:\/\/thetreecbd.com\/fr\/cbd\/cosmetiques-cremes-solaire","og_site_name":"The Tree CBD","article_publisher":"https:\/\/www.facebook.com\/thetreeCBD\/","article_modified_time":"2025-08-01T15:14:32+00:00","og_image":[{"width":600,"height":720,"url":"https:\/\/thetreecbd.com\/wp-content\/uploads\/2022\/04\/cosmetica-cremas-crema-solar.jpg","type":"image\/jpeg"}],"twitter_card":"summary_large_image","twitter_site":"@TheTreeCBD_EU","twitter_misc":{"Dur\u00e9e de lecture estim\u00e9e":"2 minutes"},"schema":{"@context":"https:\/\/schema.org","@graph":[{"@type":["WebPage","ItemPage"],"@id":"https:\/\/thetreecbd.com\/fr\/cbd\/cosmetiques-cremes-solaire","url":"https:\/\/thetreecbd.com\/fr\/cbd\/cosmetiques-cremes-solaire","name":"Cr\u00e8me Solaire CBD SPF 30 | The Tree CBD","isPartOf":{"@id":"https:\/\/thetreecbd.com\/fr#website"},"primaryImageOfPage":{"@id":"https:\/\/thetreecbd.com\/fr\/cbd\/cosmetiques-cremes-solaire#primaryimage"},"image":{"@id":"https:\/\/thetreecbd.com\/fr\/cbd\/cosmetiques-cremes-solaire#primaryimage"},"thumbnailUrl":"https:\/\/thetreecbd.com\/wp-content\/uploads\/2022\/04\/cosmetica-cremas-crema-solar.jpg","datePublished":"2022-04-04T06:47:28+00:00","dateModified":"2025-08-01T15:14:32+00:00","description":"La cr\u00e8me solaire CBD SPF 30 offre tous les bienfaits du CBD pour une meilleure protection et hydratation de votre peau. D\u00e9couvrez le CBD pour votre peau","breadcrumb":{"@id":"https:\/\/thetreecbd.com\/fr\/cbd\/cosmetiques-cremes-solaire#breadcrumb"},"inLanguage":"fr-FR","potentialAction":[{"@type":"ReadAction","target":["https:\/\/thetreecbd.com\/fr\/cbd\/cosmetiques-cremes-solaire"]}]},{"@type":"ImageObject","inLanguage":"fr-FR","@id":"https:\/\/thetreecbd.com\/fr\/cbd\/cosmetiques-cremes-solaire#primaryimage","url":"https:\/\/thetreecbd.com\/wp-content\/uploads\/2022\/04\/cosmetica-cremas-crema-solar.jpg","contentUrl":"https:\/\/thetreecbd.com\/wp-content\/uploads\/2022\/04\/cosmetica-cremas-crema-solar.jpg","width":600,"height":720},{"@type":"BreadcrumbList","@id":"https:\/\/thetreecbd.com\/fr\/cbd\/cosmetiques-cremes-solaire#breadcrumb","itemListElement":[{"@type":"ListItem","position":1,"name":"The Tree","item":"https:\/\/thetreecbd.com\/fr"},{"@type":"ListItem","position":2,"name":"CBD","item":"https:\/\/thetreecbd.com\/es\/cbd"},{"@type":"ListItem","position":3,"name":"Cosm\u00e9tiques avec du CBD","item":"https:\/\/thetreecbd.com\/fr\/cbd-cosmetique"},{"@type":"ListItem","position":4,"name":"Cr\u00e8me Solaire CBD SPF 30"}]},{"@type":"WebSite","@id":"https:\/\/thetreecbd.com\/fr#website","url":"https:\/\/thetreecbd.com\/fr","name":"The Tree CBD","description":"Comprar CBD en Espa\u00f1a Online","publisher":{"@id":"https:\/\/thetreecbd.com\/fr#organization"},"potentialAction":[{"@type":"SearchAction","target":{"@type":"EntryPoint","urlTemplate":"https:\/\/thetreecbd.com\/fr?s={search_term_string}"},"query-input":{"@type":"PropertyValueSpecification","valueRequired":true,"valueName":"search_term_string"}}],"inLanguage":"fr-FR"},{"@type":"Organization","@id":"https:\/\/thetreecbd.com\/fr#organization","name":"The Tree CBD","url":"https:\/\/thetreecbd.com\/fr","logo":{"@type":"ImageObject","inLanguage":"fr-FR","@id":"https:\/\/thetreecbd.com\/fr#\/schema\/logo\/image\/","url":"https:\/\/thetreecbd.com\/wp-content\/uploads\/2022\/04\/logo-thetree.png","contentUrl":"https:\/\/thetreecbd.com\/wp-content\/uploads\/2022\/04\/logo-thetree.png","width":172,"height":55,"caption":"The Tree CBD"},"image":{"@id":"https:\/\/thetreecbd.com\/fr#\/schema\/logo\/image\/"},"sameAs":["https:\/\/www.facebook.com\/thetreeCBD\/","https:\/\/x.com\/TheTreeCBD_EU","https:\/\/www.instagram.com\/thetree.cbd\/","https:\/\/es.trustpilot.com\/review\/thetreecbd.com"]}]}},"_links":{"self":[{"href":"https:\/\/thetreecbd.com\/fr\/wp-json\/wp\/v2\/product\/62832","targetHints":{"allow":["GET"]}}],"collection":[{"href":"https:\/\/thetreecbd.com\/fr\/wp-json\/wp\/v2\/product"}],"about":[{"href":"https:\/\/thetreecbd.com\/fr\/wp-json\/wp\/v2\/types\/product"}],"version-history":[{"count":0,"href":"https:\/\/thetreecbd.com\/fr\/wp-json\/wp\/v2\/product\/62832\/revisions"}],"wp:featuredmedia":[{"embeddable":true,"href":"https:\/\/thetreecbd.com\/fr\/wp-json\/wp\/v2\/media\/80416"}],"wp:attachment":[{"href":"https:\/\/thetreecbd.com\/fr\/wp-json\/wp\/v2\/media?parent=62832"}],"wp:term":[{"taxonomy":"product_brand","embeddable":true,"href":"https:\/\/thetreecbd.com\/fr\/wp-json\/wp\/v2\/product_brand?post=62832"}],"curies":[{"name":"wp","href":"https:\/\/api.w.org\/{rel}","templated":true}]}}