{"id":62847,"date":"2021-07-30T10:34:32","date_gmt":"2021-07-30T08:34:32","guid":{"rendered":"https:\/\/thetreecbd.com\/?post_type=product&#038;p=62847"},"modified":"2023-05-16T11:39:34","modified_gmt":"2023-05-16T09:39:34","slug":"packs-cbd-pack-solaire","status":"publish","type":"product","link":"https:\/\/thetreecbd.com\/fr\/cbd\/packs-cbd-pack-solaire","title":{"rendered":"Pack Solaire CBD : Cr\u00e8me CBD + After Sun"},"content":{"rendered":"<p><b>The Tree CBD<\/b><span style=\"font-weight: 400;\"> vous propose l\u2019incontournable <\/span><b>Pack Solaire CBD<\/b><span style=\"font-weight: 400;\"> pour cet \u00e9t\u00e9. Pendant cette p\u00e9riode chaude de l\u2019ann\u00e9e, nous devons nous prot\u00e9ger et nous hydrater apr\u00e8s de longues heures d\u2019exposition au soleil et quelle meilleure fa\u00e7on de le faire qu\u2019avec ce pack. Les deux cr\u00e8mes contiennent du cannabidol, un composant naturel d\u00e9riv\u00e9 du chanvre qui offre des propri\u00e9t\u00e9s <\/span><b>hydratantes, nourrissantes et protectrices<\/b><span style=\"font-weight: 400;\"> pour qu\u2019elles deviennent vos cr\u00e8mes indispensables pour cet \u00e9t\u00e9.<\/span><\/p>\n<p><span style=\"font-weight: 400;\">\u00a0<\/span><\/p>\n<h2><b>Que comprend le pack ?<\/b><span style=\"font-weight: 400;\">\u00a0<\/span><\/h2>\n<p><span style=\"font-weight: 400;\">Pour \u00eatre pr\u00eat pour cet \u00e9t\u00e9 nous vous proposons le pack avec la <\/span><a href=\"https:\/\/thetreecbd.com\/fr\/cbd\/cosmetiques-cremes-solaire\"><span style=\"font-weight: 400;\">cr\u00e8me solaire CBD 30 SPF<\/span><\/a><span style=\"font-weight: 400;\"> et l\u2019<\/span><a href=\"https:\/\/thetreecbd.com\/fr\/cbd\/cremes-after-sun\"><span style=\"font-weight: 400;\">apr\u00e8s soleil au CB<\/span><\/a><span style=\"font-weight: 400;\">D. Un pack id\u00e9al pour profiter de l\u2019\u00e9t\u00e9 tout en prot\u00e9geant, nourrissant et b\u00e9n\u00e9ficiant des avantages du CBD, gr\u00e2ce \u00e0 <\/span><b>The Tree CBD<\/b><span style=\"font-weight: 400;\">.<\/span><\/p>\n<p><span style=\"font-weight: 400;\">La <\/span><b>cr\u00e8me solaire CBD 30 SPF<\/b><span style=\"font-weight: 400;\"> est une cr\u00e8me haute protection qui garantit le soin de la peau, gr\u00e2ce aux bienfaits du CBD, \u00e0 condition qu\u2019elle soit appliqu\u00e9e correctement. C\u2019est une cr\u00e8me tr\u00e8s facile \u00e0 utiliser et ne laisse aucun r\u00e9sidu sur la peau, absorbant tr\u00e8s rapidement. Il r\u00e9siste \u00e0 l\u2019eau, il prot\u00e8ge donc pendant le bain, m\u00eame s\u2019il doit \u00eatre remplac\u00e9 en cas de s\u00e9chage \u00e0 la serviette. La formule int\u00e8gre jusqu\u2019\u00e0 3 principes actifs fondamentaux dans sa composition, dont chacun procure \u00e0 notre peau les meilleurs effets protecteurs, hydratants et nourrissants : <\/span><b>Huile de graines de chanvre, filtres solaires liposomaux, Cannabidiol<\/b><span style=\"font-weight: 400;\">.<\/span><\/p>\n<p><span style=\"font-weight: 400;\">Il est id\u00e9al pour les peaux sensibles. Il contient un complexe <\/span><b>d\u2019actifs photoprotecteurs<\/b><span style=\"font-weight: 400;\"> qui assurent une protection optimale contre les rayons solaires UVB-UVA longs et courts.<\/span><\/p>\n<p><span style=\"font-weight: 400;\">Bien que la peau apr\u00e8s de longues heures d\u2019exposition au soleil ait \u00e9galement besoin de se calmer et de se nourrir pour afficher un meilleur bronzage. Le <\/span><b>CBD Aloe Vera After Sun, au calendula et \u00e0 l\u2019arnica<\/b><span style=\"font-weight: 400;\">, sera votre meilleur alli\u00e9 durant l\u2019\u00e9t\u00e9 gr\u00e2ce \u00e0 son effet calmant. Le produit totalement naturel pr\u00e9vient les blessures cutan\u00e9es possibles et est sp\u00e9cialement con\u00e7u pour pr\u00e9server la sant\u00e9 de la peau.<\/span><\/p>\n<p><span style=\"font-weight: 400;\">Alors que l\u2019aloe vera hydrate, adoucit, r\u00e9g\u00e9n\u00e8re et \u00e9limine les cellules mortes de la peau, le calendula soulage les processus inflammatoires caus\u00e9s par l\u2019exposition au soleil, l\u2019arnica stimule la circulation sanguine, acc\u00e9l\u00e8re les processus de r\u00e9cup\u00e9ration et, enfin, le CBD aide \u00e0 <\/span><b>r\u00e9duire la douleur et l\u2019enflure<\/b><span style=\"font-weight: 400;\">, aide \u00e0 la <\/span><b>r\u00e9g\u00e9n\u00e9ration cellulaire<\/b><span style=\"font-weight: 400;\"> et, en tour, aide \u00e0 <\/span><b>pr\u00e9venir l\u2019apparition de rides<\/b><span style=\"font-weight: 400;\"> et de marques ind\u00e9sirables gr\u00e2ce \u00e0 ses grandes propri\u00e9t\u00e9s hydratantes.<\/span><\/p>\n<p><b>Ils ne contiennent pas de THC<\/b><\/p>\n<p><span style=\"font-weight: 400;\">\u00a0<\/span><\/p>\n<h2><b>Caract\u00e9ristiques<\/b><\/h2>\n<p><span style=\"font-weight: 400;\">Un pack<\/span><b> id\u00e9al pour profiter de l&#8217;\u00e9t\u00e9 tout en se prot\u00e9geant, en se nourrissant <\/b><span style=\"font-weight: 400;\">et en b\u00e9n\u00e9ficiant des bienfaits du CBD.<\/span><\/p>\n<p>&nbsp;<\/p>\n<h2><b>Composants du pack Solar CBD<\/b><\/h2>\n<p><span style=\"font-weight: 400;\">Ce pack est compos\u00e9 de deux produits. D&#8217;une part, la <\/span><b>cr\u00e8me solaire CBD 30 SPF <\/b><span style=\"font-weight: 400;\">est une cr\u00e8me haute protection qui garantit le soin de la peau, gr\u00e2ce aux bienfaits apport\u00e9s par le CBD, tant qu&#8217;elle est appliqu\u00e9e correctement.<\/span><\/p>\n<p><span style=\"font-weight: 400;\">D&#8217;autre part, l<\/span><b>&#8216;After Sun CBD Aloe Vera, a<\/b><span style=\"font-weight: 400;\">u calendula et \u00e0 l&#8217;arnica est un produit sp\u00e9cialement con\u00e7u pour pr\u00e9server la sant\u00e9 de la peau, totalement naturel et pr\u00e9vient d&#8217;\u00e9ventuelles l\u00e9sions cutan\u00e9es.<\/span><\/p>\n<p>&nbsp;<\/p>\n<h2><b>Utilisateur auquel il est destin\u00e9<\/b><\/h2>\n<p><span style=\"font-weight: 400;\">Ce pack de The Tree CBD est et peut \u00eatre utilis\u00e9 par un large \u00e9ventail de personnes, mais il s&#8217;adresse avant tout <\/span><b>\u00e0 toutes celles qui sont conscientes et veulent prendre soin de leur peau,<\/b><span style=\"font-weight: 400;\"> que ce soit en \u00e9t\u00e9 ou \u00e0 tout autre moment de l&#8217;ann\u00e9e.<\/span><\/p>\n<p>&nbsp;<\/p>\n<h2><b>Ce pack peut vous aider<\/b><\/h2>\n<p><b>Am\u00e9liorez votre bronzage. V<\/b><span style=\"font-weight: 400;\">otre peau passera d&#8217;une peau irrit\u00e9e et rouge \u00e0 un beau bronzage.<\/span><\/p>\n<p><span style=\"font-weight: 400;\">Aide \u00e0 <\/span><b>maintenir le bronzage et \u00e0 prolonger <\/b><span style=\"font-weight: 400;\">sa dur\u00e9e plus longtemps.<\/span><\/p>\n<p><span style=\"font-weight: 400;\">Ils sont tr\u00e8s utiles contre les piq\u00fbres d&#8217;insectes.<\/span><\/p>\n<p><span style=\"font-weight: 400;\">Ils peuvent \u00eatre utilis\u00e9s par les <\/span><b>personnes<\/b> <b>qui ont la peau sensible.<\/b><\/p>\n<p><span style=\"font-weight: 400;\">Ce sont des <\/span><b>produits parfaits pour traiter les coups de soleil.<\/b><\/p>\n<p><span style=\"font-weight: 400;\">Id\u00e9al pour d&#8217;autres conditions n\u00e9cessitant un traitement dermatologique.<\/span><\/p>\n<p>&nbsp;<\/p>\n<h2><b>Information sur la s\u00e9curit\u00e9<\/b><\/h2>\n<p><span style=\"font-weight: 400;\">Les deux produits de l&#8217;emballage ont une dur\u00e9e de conservation allant jusqu&#8217;\u00e0 12 mois apr\u00e8s ouverture. Ne pas ing\u00e9rer ni inhaler.<\/span><\/p>\n<p>&nbsp;<\/p>\n<h2><b>Stockage<\/b><\/h2>\n<p><span style=\"font-weight: 400;\">Conserver dans un endroit sec \u00e0 une temp\u00e9rature comprise entre 8 et 25 degr\u00e9s. Prot\u00e9ger des rayons directs du soleil et de la chaleur.<\/span><\/p>\n","protected":false},"excerpt":{"rendered":"<p><span style=\"font-weight: 400;\">Un pack<\/span><b> id\u00e9al pour profiter de l&#8217;\u00e9t\u00e9 tout en se prot\u00e9geant, en se nourrissant <\/b><span style=\"font-weight: 400;\">et en b\u00e9n\u00e9ficiant des bienfaits du CBD.<\/span><\/p>\n<h3><b>Composants du pack Solar CBD:<\/b><\/h3>\n<p><span style=\"font-weight: 400;\">Ce pack est compos\u00e9 de deux produits. D&#8217;une part, la <\/span><b>cr\u00e8me solaire CBD 30 SPF <\/b><span style=\"font-weight: 400;\">est une cr\u00e8me haute protection qui garantit le soin de la peau, gr\u00e2ce aux bienfaits apport\u00e9s par le CBD, tant qu&#8217;elle est appliqu\u00e9e correctement.<\/span><\/p>\n<p><span style=\"font-weight: 400;\">D&#8217;autre part, l<\/span><b>&#8216;After Sun CBD Aloe Vera, a<\/b><span style=\"font-weight: 400;\">u calendula et \u00e0 l&#8217;arnica est un produit sp\u00e9cialement con\u00e7u pour pr\u00e9server la sant\u00e9 de la peau, totalement naturel et pr\u00e9vient d&#8217;\u00e9ventuelles l\u00e9sions cutan\u00e9es.<\/span><\/p>\n<p>&nbsp;<\/p>\n","protected":false},"featured_media":119961,"template":"","meta":{"_acf_changed":false},"product_brand":[],"class_list":{"0":"post-62847","1":"product","2":"type-product","3":"status-publish","4":"has-post-thumbnail","6":"product_cat-cremes-cbd","7":"product_cat-packs-cbd","9":"first","10":"outofstock","11":"sale","12":"taxable","13":"shipping-taxable","14":"purchasable","15":"product-type-simple"},"acf":[],"yoast_head":"<!-- This site is optimized with the Yoast SEO plugin v26.3 - https:\/\/yoast.com\/wordpress\/plugins\/seo\/ -->\n<title>Pack Solaire CBD : Cr\u00e8me CBD + After Sun | The Tree CBD<\/title>\n<meta name=\"description\" content=\"Le Pack Solaire CBD est id\u00e9al pour profiter de l&#039;\u00e9t\u00e9 avec la cr\u00e8me CBD et apr\u00e8s soleil. Prot\u00e9gez, nourrissez votre peau et profitez des bienfaits du CBD.\" \/>\n<meta name=\"robots\" content=\"index, follow, max-snippet:-1, max-image-preview:large, max-video-preview:-1\" \/>\n<link rel=\"canonical\" href=\"https:\/\/thetreecbd.com\/fr\/cbd\/packs-cbd-pack-solaire\" \/>\n<meta property=\"og:locale\" content=\"fr_FR\" \/>\n<meta property=\"og:type\" content=\"article\" \/>\n<meta property=\"og:title\" content=\"Pack Solaire CBD : Cr\u00e8me CBD + After Sun | The Tree CBD\" \/>\n<meta property=\"og:description\" content=\"Le Pack Solaire CBD est id\u00e9al pour profiter de l&#039;\u00e9t\u00e9 avec la cr\u00e8me CBD et apr\u00e8s soleil. Prot\u00e9gez, nourrissez votre peau et profitez des bienfaits du CBD.\" \/>\n<meta property=\"og:url\" content=\"https:\/\/thetreecbd.com\/fr\/cbd\/packs-cbd-pack-solaire\" \/>\n<meta property=\"og:site_name\" content=\"The Tree CBD\" \/>\n<meta property=\"article:publisher\" content=\"https:\/\/www.facebook.com\/thetreeCBD\/\" \/>\n<meta property=\"article:modified_time\" content=\"2023-05-16T09:39:34+00:00\" \/>\n<meta property=\"og:image\" content=\"https:\/\/thetreecbd.com\/wp-content\/uploads\/2021\/07\/pack-solar-web.png\" \/>\n\t<meta property=\"og:image:width\" content=\"600\" \/>\n\t<meta property=\"og:image:height\" content=\"720\" \/>\n\t<meta property=\"og:image:type\" content=\"image\/png\" \/>\n<meta name=\"twitter:card\" content=\"summary_large_image\" \/>\n<meta name=\"twitter:site\" content=\"@TheTreeCBD_EU\" \/>\n<meta name=\"twitter:label1\" content=\"Dur\u00e9e de lecture estim\u00e9e\" \/>\n\t<meta name=\"twitter:data1\" content=\"4 minutes\" \/>\n<script type=\"application\/ld+json\" class=\"yoast-schema-graph\">{\"@context\":\"https:\/\/schema.org\",\"@graph\":[{\"@type\":[\"WebPage\",\"ItemPage\"],\"@id\":\"https:\/\/thetreecbd.com\/fr\/cbd\/packs-cbd-pack-solaire\",\"url\":\"https:\/\/thetreecbd.com\/fr\/cbd\/packs-cbd-pack-solaire\",\"name\":\"Pack Solaire CBD : Cr\u00e8me CBD + After Sun | The Tree CBD\",\"isPartOf\":{\"@id\":\"https:\/\/thetreecbd.com\/fr#website\"},\"primaryImageOfPage\":{\"@id\":\"https:\/\/thetreecbd.com\/fr\/cbd\/packs-cbd-pack-solaire#primaryimage\"},\"image\":{\"@id\":\"https:\/\/thetreecbd.com\/fr\/cbd\/packs-cbd-pack-solaire#primaryimage\"},\"thumbnailUrl\":\"https:\/\/thetreecbd.com\/wp-content\/uploads\/2021\/07\/pack-solar-web.png\",\"datePublished\":\"2021-07-30T08:34:32+00:00\",\"dateModified\":\"2023-05-16T09:39:34+00:00\",\"description\":\"Le Pack Solaire CBD est id\u00e9al pour profiter de l'\u00e9t\u00e9 avec la cr\u00e8me CBD et apr\u00e8s soleil. Prot\u00e9gez, nourrissez votre peau et profitez des bienfaits du CBD.\",\"breadcrumb\":{\"@id\":\"https:\/\/thetreecbd.com\/fr\/cbd\/packs-cbd-pack-solaire#breadcrumb\"},\"inLanguage\":\"fr-FR\",\"potentialAction\":[{\"@type\":\"ReadAction\",\"target\":[\"https:\/\/thetreecbd.com\/fr\/cbd\/packs-cbd-pack-solaire\"]}]},{\"@type\":\"ImageObject\",\"inLanguage\":\"fr-FR\",\"@id\":\"https:\/\/thetreecbd.com\/fr\/cbd\/packs-cbd-pack-solaire#primaryimage\",\"url\":\"https:\/\/thetreecbd.com\/wp-content\/uploads\/2021\/07\/pack-solar-web.png\",\"contentUrl\":\"https:\/\/thetreecbd.com\/wp-content\/uploads\/2021\/07\/pack-solar-web.png\",\"width\":600,\"height\":720,\"caption\":\"pack-solar-cbd\"},{\"@type\":\"BreadcrumbList\",\"@id\":\"https:\/\/thetreecbd.com\/fr\/cbd\/packs-cbd-pack-solaire#breadcrumb\",\"itemListElement\":[{\"@type\":\"ListItem\",\"position\":1,\"name\":\"The Tree\",\"item\":\"https:\/\/thetreecbd.com\/fr\"},{\"@type\":\"ListItem\",\"position\":2,\"name\":\"CBD\",\"item\":\"https:\/\/thetreecbd.com\/es\/cbd\"},{\"@type\":\"ListItem\",\"position\":3,\"name\":\"Cosm\u00e9tiques avec du CBD\",\"item\":\"https:\/\/thetreecbd.com\/fr\/cbd-cosmetique\"},{\"@type\":\"ListItem\",\"position\":4,\"name\":\"Cr\u00e8mes avec du CBD\",\"item\":\"https:\/\/thetreecbd.com\/fr\/cbd-cosmetique\/cremes-cbd\"},{\"@type\":\"ListItem\",\"position\":5,\"name\":\"Pack Solaire CBD : Cr\u00e8me CBD + After Sun\"}]},{\"@type\":\"WebSite\",\"@id\":\"https:\/\/thetreecbd.com\/fr#website\",\"url\":\"https:\/\/thetreecbd.com\/fr\",\"name\":\"The Tree CBD\",\"description\":\"Comprar CBD en Espa\u00f1a Online\",\"publisher\":{\"@id\":\"https:\/\/thetreecbd.com\/fr#organization\"},\"potentialAction\":[{\"@type\":\"SearchAction\",\"target\":{\"@type\":\"EntryPoint\",\"urlTemplate\":\"https:\/\/thetreecbd.com\/fr?s={search_term_string}\"},\"query-input\":{\"@type\":\"PropertyValueSpecification\",\"valueRequired\":true,\"valueName\":\"search_term_string\"}}],\"inLanguage\":\"fr-FR\"},{\"@type\":\"Organization\",\"@id\":\"https:\/\/thetreecbd.com\/fr#organization\",\"name\":\"The Tree CBD\",\"url\":\"https:\/\/thetreecbd.com\/fr\",\"logo\":{\"@type\":\"ImageObject\",\"inLanguage\":\"fr-FR\",\"@id\":\"https:\/\/thetreecbd.com\/fr#\/schema\/logo\/image\/\",\"url\":\"https:\/\/thetreecbd.com\/wp-content\/uploads\/2022\/04\/logo-thetree.png\",\"contentUrl\":\"https:\/\/thetreecbd.com\/wp-content\/uploads\/2022\/04\/logo-thetree.png\",\"width\":172,\"height\":55,\"caption\":\"The Tree CBD\"},\"image\":{\"@id\":\"https:\/\/thetreecbd.com\/fr#\/schema\/logo\/image\/\"},\"sameAs\":[\"https:\/\/www.facebook.com\/thetreeCBD\/\",\"https:\/\/x.com\/TheTreeCBD_EU\",\"https:\/\/www.instagram.com\/thetree.cbd\/\",\"https:\/\/es.trustpilot.com\/review\/thetreecbd.com\"]}]}<\/script>\n<!-- \/ Yoast SEO plugin. -->","yoast_head_json":{"title":"Pack Solaire CBD : Cr\u00e8me CBD + After Sun | The Tree CBD","description":"Le Pack Solaire CBD est id\u00e9al pour profiter de l'\u00e9t\u00e9 avec la cr\u00e8me CBD et apr\u00e8s soleil. Prot\u00e9gez, nourrissez votre peau et profitez des bienfaits du CBD.","robots":{"index":"index","follow":"follow","max-snippet":"max-snippet:-1","max-image-preview":"max-image-preview:large","max-video-preview":"max-video-preview:-1"},"canonical":"https:\/\/thetreecbd.com\/fr\/cbd\/packs-cbd-pack-solaire","og_locale":"fr_FR","og_type":"article","og_title":"Pack Solaire CBD : Cr\u00e8me CBD + After Sun | The Tree CBD","og_description":"Le Pack Solaire CBD est id\u00e9al pour profiter de l'\u00e9t\u00e9 avec la cr\u00e8me CBD et apr\u00e8s soleil. Prot\u00e9gez, nourrissez votre peau et profitez des bienfaits du CBD.","og_url":"https:\/\/thetreecbd.com\/fr\/cbd\/packs-cbd-pack-solaire","og_site_name":"The Tree CBD","article_publisher":"https:\/\/www.facebook.com\/thetreeCBD\/","article_modified_time":"2023-05-16T09:39:34+00:00","og_image":[{"width":600,"height":720,"url":"https:\/\/thetreecbd.com\/wp-content\/uploads\/2021\/07\/pack-solar-web.png","type":"image\/png"}],"twitter_card":"summary_large_image","twitter_site":"@TheTreeCBD_EU","twitter_misc":{"Dur\u00e9e de lecture estim\u00e9e":"4 minutes"},"schema":{"@context":"https:\/\/schema.org","@graph":[{"@type":["WebPage","ItemPage"],"@id":"https:\/\/thetreecbd.com\/fr\/cbd\/packs-cbd-pack-solaire","url":"https:\/\/thetreecbd.com\/fr\/cbd\/packs-cbd-pack-solaire","name":"Pack Solaire CBD : Cr\u00e8me CBD + After Sun | The Tree CBD","isPartOf":{"@id":"https:\/\/thetreecbd.com\/fr#website"},"primaryImageOfPage":{"@id":"https:\/\/thetreecbd.com\/fr\/cbd\/packs-cbd-pack-solaire#primaryimage"},"image":{"@id":"https:\/\/thetreecbd.com\/fr\/cbd\/packs-cbd-pack-solaire#primaryimage"},"thumbnailUrl":"https:\/\/thetreecbd.com\/wp-content\/uploads\/2021\/07\/pack-solar-web.png","datePublished":"2021-07-30T08:34:32+00:00","dateModified":"2023-05-16T09:39:34+00:00","description":"Le Pack Solaire CBD est id\u00e9al pour profiter de l'\u00e9t\u00e9 avec la cr\u00e8me CBD et apr\u00e8s soleil. Prot\u00e9gez, nourrissez votre peau et profitez des bienfaits du CBD.","breadcrumb":{"@id":"https:\/\/thetreecbd.com\/fr\/cbd\/packs-cbd-pack-solaire#breadcrumb"},"inLanguage":"fr-FR","potentialAction":[{"@type":"ReadAction","target":["https:\/\/thetreecbd.com\/fr\/cbd\/packs-cbd-pack-solaire"]}]},{"@type":"ImageObject","inLanguage":"fr-FR","@id":"https:\/\/thetreecbd.com\/fr\/cbd\/packs-cbd-pack-solaire#primaryimage","url":"https:\/\/thetreecbd.com\/wp-content\/uploads\/2021\/07\/pack-solar-web.png","contentUrl":"https:\/\/thetreecbd.com\/wp-content\/uploads\/2021\/07\/pack-solar-web.png","width":600,"height":720,"caption":"pack-solar-cbd"},{"@type":"BreadcrumbList","@id":"https:\/\/thetreecbd.com\/fr\/cbd\/packs-cbd-pack-solaire#breadcrumb","itemListElement":[{"@type":"ListItem","position":1,"name":"The Tree","item":"https:\/\/thetreecbd.com\/fr"},{"@type":"ListItem","position":2,"name":"CBD","item":"https:\/\/thetreecbd.com\/es\/cbd"},{"@type":"ListItem","position":3,"name":"Cosm\u00e9tiques avec du CBD","item":"https:\/\/thetreecbd.com\/fr\/cbd-cosmetique"},{"@type":"ListItem","position":4,"name":"Cr\u00e8mes avec du CBD","item":"https:\/\/thetreecbd.com\/fr\/cbd-cosmetique\/cremes-cbd"},{"@type":"ListItem","position":5,"name":"Pack Solaire CBD : Cr\u00e8me CBD + After Sun"}]},{"@type":"WebSite","@id":"https:\/\/thetreecbd.com\/fr#website","url":"https:\/\/thetreecbd.com\/fr","name":"The Tree CBD","description":"Comprar CBD en Espa\u00f1a Online","publisher":{"@id":"https:\/\/thetreecbd.com\/fr#organization"},"potentialAction":[{"@type":"SearchAction","target":{"@type":"EntryPoint","urlTemplate":"https:\/\/thetreecbd.com\/fr?s={search_term_string}"},"query-input":{"@type":"PropertyValueSpecification","valueRequired":true,"valueName":"search_term_string"}}],"inLanguage":"fr-FR"},{"@type":"Organization","@id":"https:\/\/thetreecbd.com\/fr#organization","name":"The Tree CBD","url":"https:\/\/thetreecbd.com\/fr","logo":{"@type":"ImageObject","inLanguage":"fr-FR","@id":"https:\/\/thetreecbd.com\/fr#\/schema\/logo\/image\/","url":"https:\/\/thetreecbd.com\/wp-content\/uploads\/2022\/04\/logo-thetree.png","contentUrl":"https:\/\/thetreecbd.com\/wp-content\/uploads\/2022\/04\/logo-thetree.png","width":172,"height":55,"caption":"The Tree CBD"},"image":{"@id":"https:\/\/thetreecbd.com\/fr#\/schema\/logo\/image\/"},"sameAs":["https:\/\/www.facebook.com\/thetreeCBD\/","https:\/\/x.com\/TheTreeCBD_EU","https:\/\/www.instagram.com\/thetree.cbd\/","https:\/\/es.trustpilot.com\/review\/thetreecbd.com"]}]}},"_links":{"self":[{"href":"https:\/\/thetreecbd.com\/fr\/wp-json\/wp\/v2\/product\/62847","targetHints":{"allow":["GET"]}}],"collection":[{"href":"https:\/\/thetreecbd.com\/fr\/wp-json\/wp\/v2\/product"}],"about":[{"href":"https:\/\/thetreecbd.com\/fr\/wp-json\/wp\/v2\/types\/product"}],"version-history":[{"count":0,"href":"https:\/\/thetreecbd.com\/fr\/wp-json\/wp\/v2\/product\/62847\/revisions"}],"wp:featuredmedia":[{"embeddable":true,"href":"https:\/\/thetreecbd.com\/fr\/wp-json\/wp\/v2\/media\/119961"}],"wp:attachment":[{"href":"https:\/\/thetreecbd.com\/fr\/wp-json\/wp\/v2\/media?parent=62847"}],"wp:term":[{"taxonomy":"product_brand","embeddable":true,"href":"https:\/\/thetreecbd.com\/fr\/wp-json\/wp\/v2\/product_brand?post=62847"}],"curies":[{"name":"wp","href":"https:\/\/api.w.org\/{rel}","templated":true}]}}