{"id":7237,"date":"2019-11-18T12:50:01","date_gmt":"2019-11-18T11:50:01","guid":{"rendered":"https:\/\/thetreecbd.com\/?post_type=product&#038;p=7237"},"modified":"2025-08-29T17:31:40","modified_gmt":"2025-08-29T15:31:40","slug":"produits-cosmetiques-usage-externe-sport-balm","status":"publish","type":"product","link":"https:\/\/thetreecbd.com\/fr\/cbd\/produits-cosmetiques-usage-externe-sport-balm","title":{"rendered":"Sport Balm avec CBD. Effet Froid et Chaud"},"content":{"rendered":"<p><span style=\"font-weight: 400;\">Le Baume de CBD Sport Chauffant est un nouveau produit pour prendre soin de la peau et apporter avantages du CBD. Soulage la douleur rapidement et efficacement, soulage l\u2019inconfort articulaire et aide.<\/span><\/p>\n<p><span style=\"font-weight: 400;\">Soulage les douleurs musculaires gr\u00e2ce \u00e0 ses ingr\u00e9dients \u00e0 base de plantes. \u00c7a se passe bien avec sa texture cr\u00e9meuse et son ar\u00f4me de menthe.<\/span><\/p>\n<p><span style=\"font-weight: 400;\">Ce baume <\/span><a href=\"https:\/\/thetreecbd.com\/fr\/cbd-cosmetique\"><span style=\"font-weight: 400;\">cosm\u00e9tique<\/span><\/a><span style=\"font-weight: 400;\"> qui <\/span><b>prot\u00e8ge, hydrate, nourrit et apaise la peau<\/b><span style=\"font-weight: 400;\">, avec son action <\/span><b>anti-inflammatoire naturelle,<\/b><span style=\"font-weight: 400;\"> a un e<\/span><b>ffet revitalisant sur la peau et soulage la douleur<\/b><span style=\"font-weight: 400;\">, et convient \u00e0 tous les types de peau.<\/span><span style=\"font-weight: 400;\">\u00a0<\/span><\/p>\n<p><span style=\"font-weight: 400;\">Ce baume est \u00e0 base d\u2019e<\/span><b>xtrait de CBD et enrichi en huile d\u2019extrait de fleur Chanvre riche en CBD<\/b><span style=\"font-weight: 400;\"> et \u00e0 <\/span><b>haute teneur en phyto cannabino\u00efdes,<\/b><span style=\"font-weight: 400;\"> principalement <\/span><span style=\"font-weight: 400;\">cannabidiol (CBD), parties mineures de CBG, CBN, CBC et plus de 40 cannabino\u00efdes naturellement pr\u00e9sents dans le chanvre.<\/span><\/p>\n<p><span style=\"font-weight: 400;\">Notre extrait de CBD est fabriqu\u00e9 avec les plus hautes garanties de qualit\u00e9, avec une extraction \u00e0 froid \u00e0 l\u2019aide de dioxyde de carbone (CO2), pour pr\u00e9server le maximum de composants de la fleur de chanvre et ses propri\u00e9t\u00e9s.<\/span><\/p>\n<h2><b>Caract\u00e9ristiques<\/b><\/h2>\n<p><span style=\"font-weight: 400;\">Ce baume est \u00e0 base d\u2019extrait de CBD et enrichi en huile d\u2019extrait de fleur Chanvre riche en CBD et \u00e0 haute teneur en phytocannabino\u00efdes, principalement, cannabidiol (CBD), parties mineures de CBG, CBN, CBC et plus de 40 cannabino\u00efdes naturellement pr\u00e9sents dans le chanvre.<\/span><\/p>\n<h2><b>Ingr\u00e9dients<\/b><\/h2>\n<p><span style=\"font-weight: 400;\">Eau, alcool d\u00e9natur\u00e9, jus de feuilles d\u2019Aloe Barbadensis, huile de graines Helianthus annuus, glyc\u00e9rine, propyl\u00e8ne glycol, cyclopentasiloxane, \u00e9ther de dicaprio fil, glycine, huile de soja, st\u00e9arate de c\u00e9tyle, Arnica Montana Flower Extract, Extract Racine d&#8217; Harpagophytum Procumbens, ph\u00e9noxy\u00e9thanol, huile de graines de chanvre, huile Peg-75, tri\u00e9thanolamine, gomme de xanthane, extrait d\u2019hyperate, panth\u00e9nol, Ceteth-20, Steareth-20, cannabidiol, sorbate de potassium, extrait de calendula officinalis Fleur, ethylhexylglycerin, ac\u00e9tate de tocoph\u00e9ryle, acide citrique, benzoate de sodium, sulfite de sodium, tocoph\u00e9rol, parfum, alcool aniso, alcool benzylique<\/span><\/p>\n<h2><b>\u00a0Utilisateur auquel il est destin\u00e9<\/b><\/h2>\n<p><span style=\"font-weight: 400;\">Le CBD est destin\u00e9 aux athl\u00e8tes qui souhaitent r\u00e9duire le temps de r\u00e9cup\u00e9ration. Lorsqu&#8217;une personne pratique un sport, le corps est soumis \u00e0 de gros efforts. Les articulations, les tendons ou les muscles peuvent souffrir et provoquer de petites blessures. Ce qui marque jusqu&#8217;o\u00f9 un athl\u00e8te peut aller, c&#8217;est sa capacit\u00e9 \u00e0 r\u00e9cup\u00e9rer. Plus vite vous r\u00e9cup\u00e9rerez, plus vite vous pourrez reprendre l&#8217;entra\u00eenement ou la comp\u00e9tition.<\/span><\/p>\n<p><span style=\"font-weight: 400;\">Les athl\u00e8tes utilisent le CBD pour l&#8217;inflammation, les douleurs chroniques, les naus\u00e9es, la relaxation musculaire&#8230;<\/span><\/p>\n<h2><b>Information sur la s\u00e9curit\u00e9<\/b><\/h2>\n<p><span style=\"font-weight: 400;\">Veuillez noter que comme d&#8217;autres baumes musculaires tels que le baume du tigre, notre produit peut provoquer une sensation de br\u00fblure et des rougeurs sur la peau en raison de certains ingr\u00e9dients tels que le menthol.<\/span><\/p>\n<p><span style=\"font-weight: 400;\">Se conserve jusqu&#8217;\u00e0 12 mois apr\u00e8s ouverture<\/span><\/p>\n<h2><b>Stockage<\/b><\/h2>\n<p><span style=\"font-weight: 400;\">Conserver dans un endroit sec \u00e0 une temp\u00e9rature comprise entre 8 et 25 degr\u00e9s. Prot\u00e9ger des rayons directs du soleil et de la chaleur.<\/span><\/p>\n","protected":false},"excerpt":{"rendered":"<p>Ce baume est \u00e0 base d&#8217;extrait de CBD et enrichi en huile d&#8217;extrait de fleur Chanvre riche en CBD et \u00e0 haute teneur en phytocannabino\u00efdes, principalement, cannabidiol (CBD), parties mineures de CBG, CBN, CBC et plus de 40 cannabino\u00efdes naturellement pr\u00e9sents dans le chanvre.<\/p>\n<ul>\n<li>Soulagement imm\u00e9diat, action 24h<\/li>\n<li>Emp\u00eache le vieillissement pr\u00e9matur\u00e9<\/li>\n<li>Propri\u00e9t\u00e9s anti-inflammatoires<\/li>\n<li>Sensation de fra\u00eecheur dans les zones de rigidit\u00e9<\/li>\n<li>Texture l\u00e9g\u00e8re et \u00e0 absorption rapide<\/li>\n<\/ul>\n","protected":false},"featured_media":159188,"template":"","meta":{"_acf_changed":false},"product_brand":[],"class_list":{"0":"post-7237","1":"product","2":"type-product","3":"status-publish","4":"has-post-thumbnail","6":"product_cat-cbd-cosmetique","7":"product_cat-promotions-cbd","8":"product_cat-cbd-doleur","9":"product_cat-cbd-inflammations","10":"product_cat-cbd-sportifs","11":"product_cat-produits-cosmetiques-usage-externe","13":"first","14":"instock","15":"sale","16":"featured","17":"taxable","18":"shipping-taxable","19":"purchasable","20":"product-type-simple"},"acf":[],"yoast_head":"<!-- This site is optimized with the Yoast SEO plugin v26.3 - https:\/\/yoast.com\/wordpress\/plugins\/seo\/ -->\n<title>Sport Balm avec CBD. Effet Froid et Chaud | The Tree CBD<\/title>\n<meta name=\"description\" content=\"Sport Balm avec CBD effet chaud et froid. Soulage rapidement et v\u00e9ritablement la douleur gr\u00e2ce aux principes actifs du cannabidiol (CBD). Soulagement imm\u00e9diat\" \/>\n<meta name=\"robots\" content=\"index, follow, max-snippet:-1, max-image-preview:large, max-video-preview:-1\" \/>\n<link rel=\"canonical\" href=\"https:\/\/thetreecbd.com\/fr\/tienda\/baumes\/baume-de-cbd-sport-chauffant\" \/>\n<meta property=\"og:locale\" content=\"fr_FR\" \/>\n<meta property=\"og:type\" content=\"article\" \/>\n<meta property=\"og:title\" content=\"Sport Balm avec CBD. Effet Froid et Chaud | The Tree CBD\" \/>\n<meta property=\"og:description\" content=\"Sport Balm avec CBD effet chaud et froid. Soulage rapidement et v\u00e9ritablement la douleur gr\u00e2ce aux principes actifs du cannabidiol (CBD). Soulagement imm\u00e9diat\" \/>\n<meta property=\"og:url\" content=\"https:\/\/thetreecbd.com\/fr\/tienda\/baumes\/baume-de-cbd-sport-chauffant\/\" \/>\n<meta property=\"og:site_name\" content=\"The Tree CBD\" \/>\n<meta property=\"article:publisher\" content=\"https:\/\/www.facebook.com\/thetreeCBD\/\" \/>\n<meta property=\"article:modified_time\" content=\"2025-08-29T15:31:40+00:00\" \/>\n<meta property=\"og:image\" content=\"https:\/\/thetreecbd.com\/wp-content\/uploads\/2019\/11\/balm-sport-new.png\" \/>\n\t<meta property=\"og:image:width\" content=\"762\" \/>\n\t<meta property=\"og:image:height\" content=\"870\" \/>\n\t<meta property=\"og:image:type\" content=\"image\/png\" \/>\n<meta name=\"twitter:card\" content=\"summary_large_image\" \/>\n<meta name=\"twitter:site\" content=\"@TheTreeCBD_EU\" \/>\n<meta name=\"twitter:label1\" content=\"Dur\u00e9e de lecture estim\u00e9e\" \/>\n\t<meta name=\"twitter:data1\" content=\"3 minutes\" \/>\n<script type=\"application\/ld+json\" class=\"yoast-schema-graph\">{\"@context\":\"https:\/\/schema.org\",\"@graph\":[{\"@type\":[\"WebPage\",\"ItemPage\"],\"@id\":\"https:\/\/thetreecbd.com\/fr\/cbd\/produits-cosmetiques-usage-externe-sport-balm\",\"url\":\"https:\/\/thetreecbd.com\/fr\/tienda\/baumes\/baume-de-cbd-sport-chauffant\/\",\"name\":\"Sport Balm avec CBD. Effet Froid et Chaud | The Tree CBD\",\"isPartOf\":{\"@id\":\"https:\/\/thetreecbd.com\/fr#website\"},\"primaryImageOfPage\":{\"@id\":\"https:\/\/thetreecbd.com\/fr\/tienda\/baumes\/baume-de-cbd-sport-chauffant\/#primaryimage\"},\"image\":{\"@id\":\"https:\/\/thetreecbd.com\/fr\/tienda\/baumes\/baume-de-cbd-sport-chauffant\/#primaryimage\"},\"thumbnailUrl\":\"https:\/\/thetreecbd.com\/wp-content\/uploads\/2019\/11\/balm-sport-new.png\",\"datePublished\":\"2019-11-18T11:50:01+00:00\",\"dateModified\":\"2025-08-29T15:31:40+00:00\",\"description\":\"Sport Balm avec CBD effet chaud et froid. Soulage rapidement et v\u00e9ritablement la douleur gr\u00e2ce aux principes actifs du cannabidiol (CBD). Soulagement imm\u00e9diat\",\"breadcrumb\":{\"@id\":\"https:\/\/thetreecbd.com\/fr\/tienda\/baumes\/baume-de-cbd-sport-chauffant\/#breadcrumb\"},\"inLanguage\":\"fr-FR\",\"potentialAction\":[{\"@type\":\"ReadAction\",\"target\":[\"https:\/\/thetreecbd.com\/fr\/tienda\/baumes\/baume-de-cbd-sport-chauffant\/\"]}]},{\"@type\":\"ImageObject\",\"inLanguage\":\"fr-FR\",\"@id\":\"https:\/\/thetreecbd.com\/fr\/tienda\/baumes\/baume-de-cbd-sport-chauffant\/#primaryimage\",\"url\":\"https:\/\/thetreecbd.com\/wp-content\/uploads\/2019\/11\/balm-sport-new.png\",\"contentUrl\":\"https:\/\/thetreecbd.com\/wp-content\/uploads\/2019\/11\/balm-sport-new.png\",\"width\":762,\"height\":870},{\"@type\":\"BreadcrumbList\",\"@id\":\"https:\/\/thetreecbd.com\/fr\/tienda\/baumes\/baume-de-cbd-sport-chauffant\/#breadcrumb\",\"itemListElement\":[{\"@type\":\"ListItem\",\"position\":1,\"name\":\"The Tree\",\"item\":\"https:\/\/thetreecbd.com\/fr\"},{\"@type\":\"ListItem\",\"position\":2,\"name\":\"CBD\",\"item\":\"https:\/\/thetreecbd.com\/es\/cbd\"},{\"@type\":\"ListItem\",\"position\":3,\"name\":\"Cosm\u00e9tiques avec du CBD\",\"item\":\"https:\/\/thetreecbd.com\/fr\/cbd-cosmetique\"},{\"@type\":\"ListItem\",\"position\":4,\"name\":\"Produits cosm\u00e9tiques \u00e0 usage externe avec du CBD\",\"item\":\"https:\/\/thetreecbd.com\/fr\/cbd-cosmetique\/produits-cosmetiques-usage-externe\"},{\"@type\":\"ListItem\",\"position\":5,\"name\":\"Sport Balm avec CBD. Effet Froid et Chaud\"}]},{\"@type\":\"WebSite\",\"@id\":\"https:\/\/thetreecbd.com\/fr#website\",\"url\":\"https:\/\/thetreecbd.com\/fr\",\"name\":\"The Tree CBD\",\"description\":\"Comprar CBD en Espa\u00f1a Online\",\"publisher\":{\"@id\":\"https:\/\/thetreecbd.com\/fr#organization\"},\"potentialAction\":[{\"@type\":\"SearchAction\",\"target\":{\"@type\":\"EntryPoint\",\"urlTemplate\":\"https:\/\/thetreecbd.com\/fr?s={search_term_string}\"},\"query-input\":{\"@type\":\"PropertyValueSpecification\",\"valueRequired\":true,\"valueName\":\"search_term_string\"}}],\"inLanguage\":\"fr-FR\"},{\"@type\":\"Organization\",\"@id\":\"https:\/\/thetreecbd.com\/fr#organization\",\"name\":\"The Tree CBD\",\"url\":\"https:\/\/thetreecbd.com\/fr\",\"logo\":{\"@type\":\"ImageObject\",\"inLanguage\":\"fr-FR\",\"@id\":\"https:\/\/thetreecbd.com\/fr#\/schema\/logo\/image\/\",\"url\":\"https:\/\/thetreecbd.com\/wp-content\/uploads\/2022\/04\/logo-thetree.png\",\"contentUrl\":\"https:\/\/thetreecbd.com\/wp-content\/uploads\/2022\/04\/logo-thetree.png\",\"width\":172,\"height\":55,\"caption\":\"The Tree CBD\"},\"image\":{\"@id\":\"https:\/\/thetreecbd.com\/fr#\/schema\/logo\/image\/\"},\"sameAs\":[\"https:\/\/www.facebook.com\/thetreeCBD\/\",\"https:\/\/x.com\/TheTreeCBD_EU\",\"https:\/\/www.instagram.com\/thetree.cbd\/\",\"https:\/\/es.trustpilot.com\/review\/thetreecbd.com\"]}]}<\/script>\n<!-- \/ Yoast SEO plugin. -->","yoast_head_json":{"title":"Sport Balm avec CBD. Effet Froid et Chaud | The Tree CBD","description":"Sport Balm avec CBD effet chaud et froid. Soulage rapidement et v\u00e9ritablement la douleur gr\u00e2ce aux principes actifs du cannabidiol (CBD). Soulagement imm\u00e9diat","robots":{"index":"index","follow":"follow","max-snippet":"max-snippet:-1","max-image-preview":"max-image-preview:large","max-video-preview":"max-video-preview:-1"},"canonical":"https:\/\/thetreecbd.com\/fr\/tienda\/baumes\/baume-de-cbd-sport-chauffant","og_locale":"fr_FR","og_type":"article","og_title":"Sport Balm avec CBD. Effet Froid et Chaud | The Tree CBD","og_description":"Sport Balm avec CBD effet chaud et froid. Soulage rapidement et v\u00e9ritablement la douleur gr\u00e2ce aux principes actifs du cannabidiol (CBD). Soulagement imm\u00e9diat","og_url":"https:\/\/thetreecbd.com\/fr\/tienda\/baumes\/baume-de-cbd-sport-chauffant\/","og_site_name":"The Tree CBD","article_publisher":"https:\/\/www.facebook.com\/thetreeCBD\/","article_modified_time":"2025-08-29T15:31:40+00:00","og_image":[{"width":762,"height":870,"url":"https:\/\/thetreecbd.com\/wp-content\/uploads\/2019\/11\/balm-sport-new.png","type":"image\/png"}],"twitter_card":"summary_large_image","twitter_site":"@TheTreeCBD_EU","twitter_misc":{"Dur\u00e9e de lecture estim\u00e9e":"3 minutes"},"schema":{"@context":"https:\/\/schema.org","@graph":[{"@type":["WebPage","ItemPage"],"@id":"https:\/\/thetreecbd.com\/fr\/cbd\/produits-cosmetiques-usage-externe-sport-balm","url":"https:\/\/thetreecbd.com\/fr\/tienda\/baumes\/baume-de-cbd-sport-chauffant\/","name":"Sport Balm avec CBD. Effet Froid et Chaud | The Tree CBD","isPartOf":{"@id":"https:\/\/thetreecbd.com\/fr#website"},"primaryImageOfPage":{"@id":"https:\/\/thetreecbd.com\/fr\/tienda\/baumes\/baume-de-cbd-sport-chauffant\/#primaryimage"},"image":{"@id":"https:\/\/thetreecbd.com\/fr\/tienda\/baumes\/baume-de-cbd-sport-chauffant\/#primaryimage"},"thumbnailUrl":"https:\/\/thetreecbd.com\/wp-content\/uploads\/2019\/11\/balm-sport-new.png","datePublished":"2019-11-18T11:50:01+00:00","dateModified":"2025-08-29T15:31:40+00:00","description":"Sport Balm avec CBD effet chaud et froid. Soulage rapidement et v\u00e9ritablement la douleur gr\u00e2ce aux principes actifs du cannabidiol (CBD). Soulagement imm\u00e9diat","breadcrumb":{"@id":"https:\/\/thetreecbd.com\/fr\/tienda\/baumes\/baume-de-cbd-sport-chauffant\/#breadcrumb"},"inLanguage":"fr-FR","potentialAction":[{"@type":"ReadAction","target":["https:\/\/thetreecbd.com\/fr\/tienda\/baumes\/baume-de-cbd-sport-chauffant\/"]}]},{"@type":"ImageObject","inLanguage":"fr-FR","@id":"https:\/\/thetreecbd.com\/fr\/tienda\/baumes\/baume-de-cbd-sport-chauffant\/#primaryimage","url":"https:\/\/thetreecbd.com\/wp-content\/uploads\/2019\/11\/balm-sport-new.png","contentUrl":"https:\/\/thetreecbd.com\/wp-content\/uploads\/2019\/11\/balm-sport-new.png","width":762,"height":870},{"@type":"BreadcrumbList","@id":"https:\/\/thetreecbd.com\/fr\/tienda\/baumes\/baume-de-cbd-sport-chauffant\/#breadcrumb","itemListElement":[{"@type":"ListItem","position":1,"name":"The Tree","item":"https:\/\/thetreecbd.com\/fr"},{"@type":"ListItem","position":2,"name":"CBD","item":"https:\/\/thetreecbd.com\/es\/cbd"},{"@type":"ListItem","position":3,"name":"Cosm\u00e9tiques avec du CBD","item":"https:\/\/thetreecbd.com\/fr\/cbd-cosmetique"},{"@type":"ListItem","position":4,"name":"Produits cosm\u00e9tiques \u00e0 usage externe avec du CBD","item":"https:\/\/thetreecbd.com\/fr\/cbd-cosmetique\/produits-cosmetiques-usage-externe"},{"@type":"ListItem","position":5,"name":"Sport Balm avec CBD. Effet Froid et Chaud"}]},{"@type":"WebSite","@id":"https:\/\/thetreecbd.com\/fr#website","url":"https:\/\/thetreecbd.com\/fr","name":"The Tree CBD","description":"Comprar CBD en Espa\u00f1a Online","publisher":{"@id":"https:\/\/thetreecbd.com\/fr#organization"},"potentialAction":[{"@type":"SearchAction","target":{"@type":"EntryPoint","urlTemplate":"https:\/\/thetreecbd.com\/fr?s={search_term_string}"},"query-input":{"@type":"PropertyValueSpecification","valueRequired":true,"valueName":"search_term_string"}}],"inLanguage":"fr-FR"},{"@type":"Organization","@id":"https:\/\/thetreecbd.com\/fr#organization","name":"The Tree CBD","url":"https:\/\/thetreecbd.com\/fr","logo":{"@type":"ImageObject","inLanguage":"fr-FR","@id":"https:\/\/thetreecbd.com\/fr#\/schema\/logo\/image\/","url":"https:\/\/thetreecbd.com\/wp-content\/uploads\/2022\/04\/logo-thetree.png","contentUrl":"https:\/\/thetreecbd.com\/wp-content\/uploads\/2022\/04\/logo-thetree.png","width":172,"height":55,"caption":"The Tree CBD"},"image":{"@id":"https:\/\/thetreecbd.com\/fr#\/schema\/logo\/image\/"},"sameAs":["https:\/\/www.facebook.com\/thetreeCBD\/","https:\/\/x.com\/TheTreeCBD_EU","https:\/\/www.instagram.com\/thetree.cbd\/","https:\/\/es.trustpilot.com\/review\/thetreecbd.com"]}]}},"_links":{"self":[{"href":"https:\/\/thetreecbd.com\/fr\/wp-json\/wp\/v2\/product\/7237","targetHints":{"allow":["GET"]}}],"collection":[{"href":"https:\/\/thetreecbd.com\/fr\/wp-json\/wp\/v2\/product"}],"about":[{"href":"https:\/\/thetreecbd.com\/fr\/wp-json\/wp\/v2\/types\/product"}],"version-history":[{"count":0,"href":"https:\/\/thetreecbd.com\/fr\/wp-json\/wp\/v2\/product\/7237\/revisions"}],"wp:featuredmedia":[{"embeddable":true,"href":"https:\/\/thetreecbd.com\/fr\/wp-json\/wp\/v2\/media\/159188"}],"wp:attachment":[{"href":"https:\/\/thetreecbd.com\/fr\/wp-json\/wp\/v2\/media?parent=7237"}],"wp:term":[{"taxonomy":"product_brand","embeddable":true,"href":"https:\/\/thetreecbd.com\/fr\/wp-json\/wp\/v2\/product_brand?post=7237"}],"curies":[{"name":"wp","href":"https:\/\/api.w.org\/{rel}","templated":true}]}}