{"id":74835,"date":"2021-12-03T13:13:42","date_gmt":"2021-12-03T12:13:42","guid":{"rendered":"https:\/\/thetreecbd.com\/tienda\/non%20class\u00e9\/cbd-spray-mini-menthe\/"},"modified":"2023-10-17T13:51:07","modified_gmt":"2023-10-17T11:51:07","slug":"spray-cbd-menthe","status":"publish","type":"product","link":"https:\/\/thetreecbd.com\/fr\/cbd\/spray-cbd-menthe","title":{"rendered":"Spray CBD Mini Menthe"},"content":{"rendered":"<p><b>Spray CBD Mini Menthe : Un petit format pour une grande d\u00e9tente.<\/b><\/p>\n<p><span style=\"font-weight: 400;\">Le <\/span><b>Spray CBD Mini<\/b><span style=\"font-weight: 400;\"> est votre meilleur alli\u00e9 pour emporter du CBD partout o\u00f9 vous allez. Qu\u2019elles soient dans votre poche ou votre sac, elles ont la taille parfaite pour vous accompagner partout o\u00f9 vous le souhaitez.<\/span><\/p>\n<p><span style=\"font-weight: 400;\">Ce CBD Spray \u00e0 <\/span><b>spectre complet \u00e0 10%<\/b><span style=\"font-weight: 400;\"> est fabriqu\u00e9 \u00e0 partir d\u2019<\/span><b>huile MCT<\/b><span style=\"font-weight: 400;\"> avec un <\/span><b>extrait de fleur de chanvre \u00e0 spectre complet<\/b><span style=\"font-weight: 400;\">, ce qui lui permet de contenir tous les composants actifs du chanvre.<\/span><\/p>\n<p><span style=\"font-weight: 400;\">Sa magnifique Formule Magistrale ajoute les saveurs d\u2019origine 100% naturelle qui masquent le go\u00fbt fort et terreux du CBD, que de nombreux consommateurs souhaitent \u00e9viter.<\/span><\/p>\n<p><span style=\"font-weight: 400;\">Leur <\/span><a href=\"https:\/\/thetreecbd.com\/fr\/huiles-cbd\"><span style=\"font-weight: 400;\">huile de CBD<\/span><\/a><span style=\"font-weight: 400;\"> a \u00e9t\u00e9 rendue sans solvant : sans alcools, gaz ou autres solvants plus agressifs pour l\u2019extraction.<\/span><\/p>\n<p><span style=\"font-weight: 400;\">De cette fa\u00e7on, ce <\/span><b>CBD Spray Mini<\/b><span style=\"font-weight: 400;\"> de The Tree CBD pr\u00e9serve la plupart des composants de la fleur de chanvre et ses propri\u00e9t\u00e9s, contribuant principalement au cannabidiol (CBD) 10%, et des parties mineures de CBG, CBF, CBN, CBC, THC (moins de 0,2%) et plus de 40 terp\u00e8nes naturellement pr\u00e9sents dans le chanvre. Cette solution contient le spectre complet de la plante.<\/span><\/p>\n<p><span style=\"font-weight: 400;\">L\u2019huile Tree CBD Spray est cultiv\u00e9e de mani\u00e8re \u00e9cologique, sans pesticides, sans produits chimiques nocifs, et en suivant les contr\u00f4les de qualit\u00e9 les plus rigoureux, et avec des ingr\u00e9dients 100% v\u00e9g\u00e9taux.<\/span><\/p>\n<h2><b>Caract\u00e9ristiques du Spray CBD Mini Menthe<\/b><\/h2>\n<ul>\n<li><span style=\"font-weight: 400;\">Spray CBD \u00e0 <\/span><b>l&#8217;huile de noix de coco MCT<\/b><\/li>\n<li><b>10% CBD par goutte (5 mg par goutte).<\/b><\/li>\n<li><span style=\"font-weight: 400;\">Flacon <\/span><b>distributeur de 2,5 ml.<\/b><\/li>\n<li><span style=\"font-weight: 400;\">Ar\u00f4me <\/span><b>menthe<\/b><\/li>\n<li><b>Agriculture biologique,<\/b><span style=\"font-weight: 400;\"> sans pesticides ni produits chimiques nocifs.<\/span><\/li>\n<li><b>Contient des traces de THC (moins de 0,2%)<\/b><\/li>\n<\/ul>\n<h2><b>Ingr\u00e9dients du spray au CBD<\/b><\/h2>\n<p><span style=\"font-weight: 400;\">Extraction de Cannabis Sativa L, MCT Oil (base d&#8217;huile de coco), terp\u00e8nes et ar\u00f4me menthe.<\/span><\/p>\n<h2><b>Parfum CBD<\/b><\/h2>\n<p><span style=\"font-weight: 400;\">Menthe :<\/span><b> L&#8217;ar\u00f4me de menthe fra\u00eeche de ce CBD Mini Spray vous procure la s\u00e9r\u00e9nit\u00e9 quand et o\u00f9 vous le souhaitez. <\/b><span style=\"font-weight: 400;\">Le meilleur 10% CBD m\u00e9lang\u00e9 \u00e0 de la menthe rafra\u00eechissante.<\/span><\/p>\n<h2><b>Utilisateur auquel il est destin\u00e9<\/b><\/h2>\n<p><span style=\"font-weight: 400;\">Que vous soyez un <\/span><b>d\u00e9butant ou un expert du CBD<\/b><span style=\"font-weight: 400;\">, avec notre nouveau vaporisateur en verre CBD Spray 2,5 ml, vous aurez toujours la dose suppl\u00e9mentaire de d\u00e9tente avec vous. De plus, ils viennent avec un ar\u00f4me Mangue, Litchi ou Menthe, pour tous ceux qui n&#8217;aiment pas l&#8217;ar\u00f4me du chanvre naturel, ou pour ceux qui veulent essayer quelque chose de diff\u00e9rent.<\/span><\/p>\n<p><span style=\"font-weight: 400;\">Tous nos sprays CBD sont \u00e0 spectre complet et sont formul\u00e9s avec la meilleure huile de CBD \u00e0 base de MCT, fabriqu\u00e9e \u00e0 partir d&#8217;huile de noix de coco. 100% vegan, sans sucre ni lactose.<\/span><\/p>\n<p><span style=\"font-weight: 400;\">Cette huile contient moins de 0,2% de THC, elle n&#8217;a donc aucun effet psychoactif.<\/span><\/p>\n<h2><b>Information sur la s\u00e9curit\u00e9<\/b><\/h2>\n<p><span style=\"font-weight: 400;\">Le produit ne doit pas \u00eatre utilis\u00e9 pendant la grossesse ou l&#8217;allaitement. Garder hors de la port\u00e9e des enfants. Attention, il peut y avoir des interactions avec les m\u00e9dicaments et certains m\u00e9dicaments psychotropes ! Pour des informations d\u00e9taill\u00e9es, contactez votre m\u00e9decin ou votre pharmacien.<\/span><\/p>\n<p><span style=\"font-weight: 400;\">Nos sprays \u00e0<\/span><b> spectre complet CBD peuvent contenir une certaine quantit\u00e9 de THC. Bien s\u00fbr, cela est inf\u00e9rieur \u00e0 la limite europ\u00e9enne de 0,2 % de THC.<\/b><\/p>\n<p><span style=\"font-weight: 400;\">Le contenu fourni est uniquement \u00e0 des fins d&#8217;information et de formation et ne se substitue en aucun cas \u00e0 l&#8217;avis m\u00e9dical d&#8217;un m\u00e9decin ou d&#8217;un pharmacien. Nos textes ne sont pas destin\u00e9s au diagnostic et au traitement ind\u00e9pendants des maladies.<\/span><\/p>\n<p><span style=\"font-weight: 400;\">N&#8217;h\u00e9sitez pas \u00e0 nous contacter si vous avez d&#8217;autres questions.<\/span><\/p>\n<h2><b>Stockage<\/b><\/h2>\n<p><span style=\"font-weight: 400;\">Id\u00e9alement, CBD Mini Spray doit \u00eatre stock\u00e9 dans un endroit frais et sec, \u00e0 l&#8217;abri de la lumi\u00e8re. \u00c9vitez la lumi\u00e8re directe du soleil et la chaleur. Garder hors de la port\u00e9e des enfants.<\/span><\/p>\n<p><b>Le produit a une dur\u00e9e de conservation de 6 mois apr\u00e8s ouverture. Non ouvert 12 mois apr\u00e8s l&#8217;achat.<\/b><\/p>\n<p><span style=\"font-weight: 400;\">Attention : La dur\u00e9e de conservation indiqu\u00e9e est valable si elle est conserv\u00e9e correctement.<\/span><\/p>\n","protected":false},"excerpt":{"rendered":"<ul>\n<li><strong>Spray CBD \u00e0 l&#8217;huile de coco MCT<\/strong><\/li>\n<li><strong>10% CBD<\/strong> par goutte (5mg par goutte).<\/li>\n<li>Flacon doseur de <strong>2,5 ml<\/strong>.<\/li>\n<li>Parfum de menthe.<\/li>\n<li>Agriculture biologique, sans pesticides ni produits chimiques nocifs.<\/li>\n<li>Contient des traces de THC (moins de 0,2%)<\/li>\n<\/ul>\n","protected":false},"featured_media":80393,"template":"","meta":{"_acf_changed":false},"product_brand":[],"class_list":{"0":"post-74835","1":"product","2":"type-product","3":"status-publish","4":"has-post-thumbnail","6":"product_cat-cbd-concentrees-20","7":"product_cat-spray-cbd","9":"first","10":"outofstock","11":"taxable","12":"shipping-taxable","13":"purchasable","14":"product-type-simple"},"acf":[],"yoast_head":"<!-- This site is optimized with the Yoast SEO plugin v26.3 - https:\/\/yoast.com\/wordpress\/plugins\/seo\/ -->\n<title>Spray CBD Mini Menthe | The Tree CBD<\/title>\n<meta name=\"description\" content=\"Le Spray CBD Mini Menthe avec 10% de CBD est le meilleur alli\u00e9 pour une bonne dose de relaxation toujours sur soi. Spray CBD \u00e0 la menthe Full Spectrum 100% naturel\" \/>\n<meta name=\"robots\" content=\"index, follow, max-snippet:-1, max-image-preview:large, max-video-preview:-1\" \/>\n<link rel=\"canonical\" href=\"https:\/\/thetreecbd.com\/fr\/cbd\/spray-cbd-menthe\" \/>\n<meta property=\"og:locale\" content=\"fr_FR\" \/>\n<meta property=\"og:type\" content=\"article\" \/>\n<meta property=\"og:title\" content=\"Spray CBD Mini Menthe | The Tree CBD\" \/>\n<meta property=\"og:description\" content=\"Le Spray CBD Mini Menthe avec 10% de CBD est le meilleur alli\u00e9 pour une bonne dose de relaxation toujours sur soi. Spray CBD \u00e0 la menthe Full Spectrum 100% naturel\" \/>\n<meta property=\"og:url\" content=\"https:\/\/thetreecbd.com\/fr\/cbd\/spray-cbd-menthe\" \/>\n<meta property=\"og:site_name\" content=\"The Tree CBD\" \/>\n<meta property=\"article:publisher\" content=\"https:\/\/www.facebook.com\/thetreeCBD\/\" \/>\n<meta property=\"article:modified_time\" content=\"2023-10-17T11:51:07+00:00\" \/>\n<meta property=\"og:image\" content=\"https:\/\/thetreecbd.com\/wp-content\/uploads\/2021\/12\/spay-cdb-menta.jpg\" \/>\n\t<meta property=\"og:image:width\" content=\"600\" \/>\n\t<meta property=\"og:image:height\" content=\"720\" \/>\n\t<meta property=\"og:image:type\" content=\"image\/jpeg\" \/>\n<meta name=\"twitter:card\" content=\"summary_large_image\" \/>\n<meta name=\"twitter:site\" content=\"@TheTreeCBD_EU\" \/>\n<meta name=\"twitter:label1\" content=\"Dur\u00e9e de lecture estim\u00e9e\" \/>\n\t<meta name=\"twitter:data1\" content=\"3 minutes\" \/>\n<script type=\"application\/ld+json\" class=\"yoast-schema-graph\">{\"@context\":\"https:\/\/schema.org\",\"@graph\":[{\"@type\":[\"WebPage\",\"ItemPage\"],\"@id\":\"https:\/\/thetreecbd.com\/fr\/cbd\/spray-cbd-menthe\",\"url\":\"https:\/\/thetreecbd.com\/fr\/cbd\/spray-cbd-menthe\",\"name\":\"Spray CBD Mini Menthe | The Tree CBD\",\"isPartOf\":{\"@id\":\"https:\/\/thetreecbd.com\/fr#website\"},\"primaryImageOfPage\":{\"@id\":\"https:\/\/thetreecbd.com\/fr\/cbd\/spray-cbd-menthe#primaryimage\"},\"image\":{\"@id\":\"https:\/\/thetreecbd.com\/fr\/cbd\/spray-cbd-menthe#primaryimage\"},\"thumbnailUrl\":\"https:\/\/thetreecbd.com\/wp-content\/uploads\/2021\/12\/spay-cdb-menta.jpg\",\"datePublished\":\"2021-12-03T12:13:42+00:00\",\"dateModified\":\"2023-10-17T11:51:07+00:00\",\"description\":\"Le Spray CBD Mini Menthe avec 10% de CBD est le meilleur alli\u00e9 pour une bonne dose de relaxation toujours sur soi. Spray CBD \u00e0 la menthe Full Spectrum 100% naturel\",\"breadcrumb\":{\"@id\":\"https:\/\/thetreecbd.com\/fr\/cbd\/spray-cbd-menthe#breadcrumb\"},\"inLanguage\":\"fr-FR\",\"potentialAction\":[{\"@type\":\"ReadAction\",\"target\":[\"https:\/\/thetreecbd.com\/fr\/cbd\/spray-cbd-menthe\"]}]},{\"@type\":\"ImageObject\",\"inLanguage\":\"fr-FR\",\"@id\":\"https:\/\/thetreecbd.com\/fr\/cbd\/spray-cbd-menthe#primaryimage\",\"url\":\"https:\/\/thetreecbd.com\/wp-content\/uploads\/2021\/12\/spay-cdb-menta.jpg\",\"contentUrl\":\"https:\/\/thetreecbd.com\/wp-content\/uploads\/2021\/12\/spay-cdb-menta.jpg\",\"width\":600,\"height\":720},{\"@type\":\"BreadcrumbList\",\"@id\":\"https:\/\/thetreecbd.com\/fr\/cbd\/spray-cbd-menthe#breadcrumb\",\"itemListElement\":[{\"@type\":\"ListItem\",\"position\":1,\"name\":\"The Tree\",\"item\":\"https:\/\/thetreecbd.com\/fr\"},{\"@type\":\"ListItem\",\"position\":2,\"name\":\"CBD\",\"item\":\"https:\/\/thetreecbd.com\/es\/cbd\"},{\"@type\":\"ListItem\",\"position\":3,\"name\":\"Produits \u00e0 20% de CBD\",\"item\":\"https:\/\/thetreecbd.com\/fr\/cbd-concentrees-20\"},{\"@type\":\"ListItem\",\"position\":4,\"name\":\"Spray CBD Mini Menthe\"}]},{\"@type\":\"WebSite\",\"@id\":\"https:\/\/thetreecbd.com\/fr#website\",\"url\":\"https:\/\/thetreecbd.com\/fr\",\"name\":\"The Tree CBD\",\"description\":\"Comprar CBD en Espa\u00f1a Online\",\"publisher\":{\"@id\":\"https:\/\/thetreecbd.com\/fr#organization\"},\"potentialAction\":[{\"@type\":\"SearchAction\",\"target\":{\"@type\":\"EntryPoint\",\"urlTemplate\":\"https:\/\/thetreecbd.com\/fr?s={search_term_string}\"},\"query-input\":{\"@type\":\"PropertyValueSpecification\",\"valueRequired\":true,\"valueName\":\"search_term_string\"}}],\"inLanguage\":\"fr-FR\"},{\"@type\":\"Organization\",\"@id\":\"https:\/\/thetreecbd.com\/fr#organization\",\"name\":\"The Tree CBD\",\"url\":\"https:\/\/thetreecbd.com\/fr\",\"logo\":{\"@type\":\"ImageObject\",\"inLanguage\":\"fr-FR\",\"@id\":\"https:\/\/thetreecbd.com\/fr#\/schema\/logo\/image\/\",\"url\":\"https:\/\/thetreecbd.com\/wp-content\/uploads\/2022\/04\/logo-thetree.png\",\"contentUrl\":\"https:\/\/thetreecbd.com\/wp-content\/uploads\/2022\/04\/logo-thetree.png\",\"width\":172,\"height\":55,\"caption\":\"The Tree CBD\"},\"image\":{\"@id\":\"https:\/\/thetreecbd.com\/fr#\/schema\/logo\/image\/\"},\"sameAs\":[\"https:\/\/www.facebook.com\/thetreeCBD\/\",\"https:\/\/x.com\/TheTreeCBD_EU\",\"https:\/\/www.instagram.com\/thetree.cbd\/\",\"https:\/\/es.trustpilot.com\/review\/thetreecbd.com\"]}]}<\/script>\n<!-- \/ Yoast SEO plugin. -->","yoast_head_json":{"title":"Spray CBD Mini Menthe | The Tree CBD","description":"Le Spray CBD Mini Menthe avec 10% de CBD est le meilleur alli\u00e9 pour une bonne dose de relaxation toujours sur soi. Spray CBD \u00e0 la menthe Full Spectrum 100% naturel","robots":{"index":"index","follow":"follow","max-snippet":"max-snippet:-1","max-image-preview":"max-image-preview:large","max-video-preview":"max-video-preview:-1"},"canonical":"https:\/\/thetreecbd.com\/fr\/cbd\/spray-cbd-menthe","og_locale":"fr_FR","og_type":"article","og_title":"Spray CBD Mini Menthe | The Tree CBD","og_description":"Le Spray CBD Mini Menthe avec 10% de CBD est le meilleur alli\u00e9 pour une bonne dose de relaxation toujours sur soi. Spray CBD \u00e0 la menthe Full Spectrum 100% naturel","og_url":"https:\/\/thetreecbd.com\/fr\/cbd\/spray-cbd-menthe","og_site_name":"The Tree CBD","article_publisher":"https:\/\/www.facebook.com\/thetreeCBD\/","article_modified_time":"2023-10-17T11:51:07+00:00","og_image":[{"width":600,"height":720,"url":"https:\/\/thetreecbd.com\/wp-content\/uploads\/2021\/12\/spay-cdb-menta.jpg","type":"image\/jpeg"}],"twitter_card":"summary_large_image","twitter_site":"@TheTreeCBD_EU","twitter_misc":{"Dur\u00e9e de lecture estim\u00e9e":"3 minutes"},"schema":{"@context":"https:\/\/schema.org","@graph":[{"@type":["WebPage","ItemPage"],"@id":"https:\/\/thetreecbd.com\/fr\/cbd\/spray-cbd-menthe","url":"https:\/\/thetreecbd.com\/fr\/cbd\/spray-cbd-menthe","name":"Spray CBD Mini Menthe | The Tree CBD","isPartOf":{"@id":"https:\/\/thetreecbd.com\/fr#website"},"primaryImageOfPage":{"@id":"https:\/\/thetreecbd.com\/fr\/cbd\/spray-cbd-menthe#primaryimage"},"image":{"@id":"https:\/\/thetreecbd.com\/fr\/cbd\/spray-cbd-menthe#primaryimage"},"thumbnailUrl":"https:\/\/thetreecbd.com\/wp-content\/uploads\/2021\/12\/spay-cdb-menta.jpg","datePublished":"2021-12-03T12:13:42+00:00","dateModified":"2023-10-17T11:51:07+00:00","description":"Le Spray CBD Mini Menthe avec 10% de CBD est le meilleur alli\u00e9 pour une bonne dose de relaxation toujours sur soi. Spray CBD \u00e0 la menthe Full Spectrum 100% naturel","breadcrumb":{"@id":"https:\/\/thetreecbd.com\/fr\/cbd\/spray-cbd-menthe#breadcrumb"},"inLanguage":"fr-FR","potentialAction":[{"@type":"ReadAction","target":["https:\/\/thetreecbd.com\/fr\/cbd\/spray-cbd-menthe"]}]},{"@type":"ImageObject","inLanguage":"fr-FR","@id":"https:\/\/thetreecbd.com\/fr\/cbd\/spray-cbd-menthe#primaryimage","url":"https:\/\/thetreecbd.com\/wp-content\/uploads\/2021\/12\/spay-cdb-menta.jpg","contentUrl":"https:\/\/thetreecbd.com\/wp-content\/uploads\/2021\/12\/spay-cdb-menta.jpg","width":600,"height":720},{"@type":"BreadcrumbList","@id":"https:\/\/thetreecbd.com\/fr\/cbd\/spray-cbd-menthe#breadcrumb","itemListElement":[{"@type":"ListItem","position":1,"name":"The Tree","item":"https:\/\/thetreecbd.com\/fr"},{"@type":"ListItem","position":2,"name":"CBD","item":"https:\/\/thetreecbd.com\/es\/cbd"},{"@type":"ListItem","position":3,"name":"Produits \u00e0 20% de CBD","item":"https:\/\/thetreecbd.com\/fr\/cbd-concentrees-20"},{"@type":"ListItem","position":4,"name":"Spray CBD Mini Menthe"}]},{"@type":"WebSite","@id":"https:\/\/thetreecbd.com\/fr#website","url":"https:\/\/thetreecbd.com\/fr","name":"The Tree CBD","description":"Comprar CBD en Espa\u00f1a Online","publisher":{"@id":"https:\/\/thetreecbd.com\/fr#organization"},"potentialAction":[{"@type":"SearchAction","target":{"@type":"EntryPoint","urlTemplate":"https:\/\/thetreecbd.com\/fr?s={search_term_string}"},"query-input":{"@type":"PropertyValueSpecification","valueRequired":true,"valueName":"search_term_string"}}],"inLanguage":"fr-FR"},{"@type":"Organization","@id":"https:\/\/thetreecbd.com\/fr#organization","name":"The Tree CBD","url":"https:\/\/thetreecbd.com\/fr","logo":{"@type":"ImageObject","inLanguage":"fr-FR","@id":"https:\/\/thetreecbd.com\/fr#\/schema\/logo\/image\/","url":"https:\/\/thetreecbd.com\/wp-content\/uploads\/2022\/04\/logo-thetree.png","contentUrl":"https:\/\/thetreecbd.com\/wp-content\/uploads\/2022\/04\/logo-thetree.png","width":172,"height":55,"caption":"The Tree CBD"},"image":{"@id":"https:\/\/thetreecbd.com\/fr#\/schema\/logo\/image\/"},"sameAs":["https:\/\/www.facebook.com\/thetreeCBD\/","https:\/\/x.com\/TheTreeCBD_EU","https:\/\/www.instagram.com\/thetree.cbd\/","https:\/\/es.trustpilot.com\/review\/thetreecbd.com"]}]}},"_links":{"self":[{"href":"https:\/\/thetreecbd.com\/fr\/wp-json\/wp\/v2\/product\/74835","targetHints":{"allow":["GET"]}}],"collection":[{"href":"https:\/\/thetreecbd.com\/fr\/wp-json\/wp\/v2\/product"}],"about":[{"href":"https:\/\/thetreecbd.com\/fr\/wp-json\/wp\/v2\/types\/product"}],"version-history":[{"count":0,"href":"https:\/\/thetreecbd.com\/fr\/wp-json\/wp\/v2\/product\/74835\/revisions"}],"wp:featuredmedia":[{"embeddable":true,"href":"https:\/\/thetreecbd.com\/fr\/wp-json\/wp\/v2\/media\/80393"}],"wp:attachment":[{"href":"https:\/\/thetreecbd.com\/fr\/wp-json\/wp\/v2\/media?parent=74835"}],"wp:term":[{"taxonomy":"product_brand","embeddable":true,"href":"https:\/\/thetreecbd.com\/fr\/wp-json\/wp\/v2\/product_brand?post=74835"}],"curies":[{"name":"wp","href":"https:\/\/api.w.org\/{rel}","templated":true}]}}