{"id":7524,"date":"2018-07-28T06:59:01","date_gmt":"2018-07-28T04:59:01","guid":{"rendered":"https:\/\/thetreecbd.com\/tienda\/orange-cookies-cbd\/"},"modified":"2026-03-26T14:14:20","modified_gmt":"2026-03-26T13:14:20","slug":"fleurs-cbd-green-house-orange-cookies","status":"publish","type":"product","link":"https:\/\/thetreecbd.com\/fr\/cbd\/fleurs-cbd-green-house-orange-cookies","title":{"rendered":"Orange Cookies CBD"},"content":{"rendered":"<p><span style=\"font-weight: 400;\">The Tree CBD vous apporte les <\/span><b><a href=\"https:\/\/thetreecbd.com\/fr\/fleurs-cbd\">fleurs<\/a> de chanvre l\u00e9gaux<\/b><span style=\"font-weight: 400;\"> de la vari\u00e9t\u00e9 <\/span><b>Orange Cookies<\/b><span style=\"font-weight: 400;\">, une vari\u00e9t\u00e9 juteuse \u00e0 forte teneur en CBD et douce. Les <\/span><a href=\"https:\/\/thetreecbd.com\/fr\/fleurs-cbd\"><span style=\"font-weight: 400;\">fleurs<\/span><\/a><span style=\"font-weight: 400;\"> sont issues d\u2019un croisement g\u00e9n\u00e9tique entre <\/span><b>Orange Cookies x Pure CBD<\/b><span style=\"font-weight: 400;\">, cultiv\u00e9es en int\u00e9rieur de mani\u00e8re <\/span><b>100% naturelle<\/b><span style=\"font-weight: 400;\">, sans utiliser <\/span><b>d\u2019additifs<\/b><span style=\"font-weight: 400;\"> ni de <\/span><b>pesticides<\/b><span style=\"font-weight: 400;\"> d\u2019aucune sorte.<\/span><\/p>\n<h2><b>Son apparence et son ar\u00f4me<\/b><\/h2>\n<p><b>Orange Cookies CBD<\/b><span style=\"font-weight: 400;\"> est une fleur d\u2019agrumes sucr\u00e9e avec des t\u00eates larges et compactes. La fleur a des tons <\/span><b>violets<\/b><span style=\"font-weight: 400;\"> ainsi que des couleurs <\/span><b>vertes<\/b><span style=\"font-weight: 400;\">, du bourgeon lui-m\u00eame, et des <\/span><b>oranges<\/b><span style=\"font-weight: 400;\">, rappelant les tons des biscuits orange. Avec la forte concentration de trichomes, il rend les <a href=\"https:\/\/thetreecbd.com\/fr\/fleurs-cbd\">fleurs<\/a> plus voyantes et photog\u00e9niques.<\/span><\/p>\n<p><span style=\"font-weight: 400;\">De plus, <\/span><b>Orange<\/b> <b>Cookie CBD<\/b><span style=\"font-weight: 400;\"> offre un parfum puissant et enveloppant. Son ar\u00f4me rappelle l\u2019orange pure juste coup\u00e9e, les agrumes sucr\u00e9s. Dans l\u2019ensemble, cette fleur de CBD a un ar\u00f4me doux-amer qui allie l\u2019acidit\u00e9 de <\/span><b>l\u2019orange<\/b><span style=\"font-weight: 400;\">, avec des notes de kush, et la douceur des touches <\/span><b>terreuses<\/b><span style=\"font-weight: 400;\"> douces et <\/span><b>florales<\/b><span style=\"font-weight: 400;\">. D\u2019o\u00f9 son nom, sucr\u00e9 des biscuits et aigre des agrumes. Lorsque vous le go\u00fbtez, l\u2019odeur atteindra vos papilles gustatives et vous verrez sa ressemblance avec les cookies au cannabis.<\/span><\/p>\n<p><span style=\"font-weight: 400;\">Avec cette fleur de CBD, vous pouvez voir l\u2019effet relaxant gr\u00e2ce \u00e0 ses <\/span><b>niveaux<\/b> <b>\u00e9lev\u00e9s de CBD<\/b><span style=\"font-weight: 400;\">, entre <\/span><b>10% et 12%<\/b><span style=\"font-weight: 400;\">.<\/span><\/p>\n<p><span style=\"font-weight: 400;\">De plus, comme ils contiennent moins de <\/span><b>0,20% de THC<\/b><span style=\"font-weight: 400;\">, ils sont <\/span><b>compl\u00e8tement l\u00e9gaux dans toute l\u2019Europe<\/b><span style=\"font-weight: 400;\"> et n\u2019ont aucun effet psychoactif d\u2019aucune sorte.<\/span><\/p>\n<h2><b>Caract\u00e9ristiques de Legal Cannabis Orange Cookies<\/b><\/h2>\n<ul>\n<li style=\"font-weight: 400;\" aria-level=\"1\"><span style=\"font-weight: 400;\"><a href=\"https:\/\/thetreecbd.com\/fr\/fleurs-cbd\">Fleurs<\/a> de chanvre<\/span><\/li>\n<li style=\"font-weight: 400;\" aria-level=\"1\"><span style=\"font-weight: 400;\">Moins de 0,20% de <\/span><b>THC<\/b><\/li>\n<li style=\"font-weight: 400;\" aria-level=\"1\"><span style=\"font-weight: 400;\">10% \u00e0 12% de <\/span><b>CBD<\/b><\/li>\n<li style=\"font-weight: 400;\" aria-level=\"1\"><b>G\u00e9n\u00e9tique<\/b><span style=\"font-weight: 400;\">: Biscuits Orange Originaux x CBD Pure<\/span><\/li>\n<li style=\"font-weight: 400;\" aria-level=\"1\"><span style=\"font-weight: 400;\">Sativa 40% Indica 60%<\/span><\/li>\n<li style=\"font-weight: 400;\" aria-level=\"1\"><span style=\"font-weight: 400;\">Aucun effet psychoactif<\/span><\/li>\n<li style=\"font-weight: 400;\" aria-level=\"1\"><span style=\"font-weight: 400;\">Organiquement cultiv\u00e9<\/span><\/li>\n<li style=\"font-weight: 400;\" aria-level=\"1\"><span style=\"font-weight: 400;\">Sans OGM<\/span><\/li>\n<li style=\"font-weight: 400;\" aria-level=\"1\"><span style=\"font-weight: 400;\">Sans pesticides<\/span><\/li>\n<\/ul>\n<h2><b>Ar\u00f4me Orange Cookies CBD<\/b><\/h2>\n<p><span style=\"font-weight: 400;\">Les terp\u00e8nes peuvent \u00eatre trouv\u00e9s dans la plupart des huiles essentielles de nombreuses plantes, <a href=\"https:\/\/thetreecbd.com\/fr\/fleurs-cbd\">fleurs<\/a> et fruits, ils sont charg\u00e9s de fournir l&#8217;odeur et la saveur. Dans le cannabis, nous pouvons trouver un large profil de terp\u00e8nes.<\/span><\/p>\n<p><span style=\"font-weight: 400;\">Orange Cookies CBD par The Tree est un classique pour ceux qui aiment les vari\u00e9t\u00e9s parfum\u00e9es aux agrumes, elle a des notes sucr\u00e9es qui nous rappellent l&#8217;odeur des biscuits pendant leur cuisson, mais avec un ar\u00f4me incomparable d&#8217;orange ou de mandarine.<\/span><\/p>\n<h2><b>Utilisateur auquel il est destin\u00e9<\/b><\/h2>\n<p><span style=\"font-weight: 400;\">Les <a href=\"https:\/\/thetreecbd.com\/fr\/fleurs-cbd\">fleurs<\/a> CBD de serre sont parfaites pour ceux qui recherchent le meilleur rapport qualit\u00e9-prix, car elles offrent une couleur tr\u00e8s verte, de bonne qualit\u00e9, offrant un prix inf\u00e9rieur aux<a href=\"https:\/\/thetreecbd.com\/fr\/fleurs-cbd\"> fleurs<\/a> d&#8217;int\u00e9rieur.<\/span><\/p>\n<p><span style=\"font-weight: 400;\">Actuellement, il existe des serres tr\u00e8s bien pr\u00e9par\u00e9es qui peuvent devenir aussi efficaces qu&#8217;une culture d&#8217;int\u00e9rieur, sans perdre la capacit\u00e9 de filtrer la lumi\u00e8re du soleil, et m\u00eame avec un support l\u00e9ger, pour pouvoir maintenir la culture tout au long de l&#8217;ann\u00e9e sous la forme de jusqu&#8217;\u00e0 quatre cycles. De cette fa\u00e7on, les producteurs de CBD optent de plus en plus pour cette solution interm\u00e9diaire, car ils peuvent contr\u00f4ler le climat, les rayons du soleil ne sont pas si agressifs pour la plante et ils peuvent augmenter le rendement de production de la culture tout au long de l&#8217;ann\u00e9e.<\/span><\/p>\n<p><span style=\"font-weight: 400;\">Du point de vue des acheteurs, les <a href=\"https:\/\/thetreecbd.com\/fr\/fleurs-cbd\">fleurs<\/a> de serre sont, comme nous l&#8217;avons d\u00e9j\u00e0 dit, la meilleure option pour ceux qui recherchent un excellent rapport qualit\u00e9\/prix.<\/span><\/p>\n<h2><b>Information sur la s\u00e9curit\u00e9<\/b><\/h2>\n<p><span style=\"font-weight: 400;\">Gardez \u00e0 l&#8217;esprit que les bourgeons CBD de The Tree sont un produit d\u00e9coratif, de collection et aromatique. Ils ne doivent pas \u00eatre utilis\u00e9s pendant la grossesse ou l&#8217;allaitement. Garder hors de la port\u00e9e des enfants.<\/span><\/p>\n<p><span style=\"font-weight: 400;\">Nos bourgeons CBD peuvent contenir une certaine quantit\u00e9 de THC. Bien s\u00fbr, cela est inf\u00e9rieur \u00e0 la limite europ\u00e9enne de 0,2 % de THC.<\/span><\/p>\n<p><span style=\"font-weight: 400;\">Le contenu fourni est uniquement \u00e0 des fins d&#8217;information et de formation et ne se substitue en aucun cas \u00e0 l&#8217;avis m\u00e9dical d&#8217;un m\u00e9decin ou d&#8217;un pharmacien. Nos textes ne sont pas destin\u00e9s au diagnostic et au traitement ind\u00e9pendants des maladies.<\/span><\/p>\n<p><span style=\"font-weight: 400;\">N&#8217;h\u00e9sitez pas \u00e0 nous contacter si vous avez d&#8217;autres questions.<\/span><span style=\"font-weight: 400;\">\u00a0<\/span><\/p>\n<h2><b>Stockage<\/b><\/h2>\n<p><span style=\"font-weight: 400;\">Id\u00e9alement, les bourgeons CBD de The Tree doivent \u00eatre stock\u00e9s dans un endroit frais et sec, \u00e0 l&#8217;abri des odeurs l\u00e9g\u00e8res et fortes pour \u00e9viter tout type de contamination et\/ou de d\u00e9gradation. \u00c9vitez la lumi\u00e8re directe du soleil et la chaleur.<\/span><\/p>\n<p><span style=\"font-weight: 400;\">Attention : La dur\u00e9e de conservation indiqu\u00e9e est d&#8217;un mois si stock\u00e9e correctement.<\/span><\/p>\n","protected":false},"excerpt":{"rendered":"<ul>\n<li style=\"font-weight: 400;\" aria-level=\"1\"><span style=\"font-weight: 400;\">Fleurs de chanvre<\/span><\/li>\n<li style=\"font-weight: 400;\" aria-level=\"1\"><span style=\"font-weight: 400;\">Moins de 0,20% de <\/span><b>THC<\/b><\/li>\n<li style=\"font-weight: 400;\" aria-level=\"1\"><span style=\"font-weight: 400;\">10% \u00e0 12% de <\/span><b>CBD<\/b><\/li>\n<li style=\"font-weight: 400;\" aria-level=\"1\"><b>G\u00e9n\u00e9tique<\/b><span style=\"font-weight: 400;\">: Biscuits Orange Originaux x CBD Pure<\/span><\/li>\n<li style=\"font-weight: 400;\" aria-level=\"1\"><span style=\"font-weight: 400;\">Sativa 40% Indica 60%<\/span><\/li>\n<li style=\"font-weight: 400;\" aria-level=\"1\"><span style=\"font-weight: 400;\">Aucun effet psychoactif<\/span><\/li>\n<li style=\"font-weight: 400;\" aria-level=\"1\"><span style=\"font-weight: 400;\">Organiquement cultiv\u00e9<\/span><\/li>\n<li style=\"font-weight: 400;\" aria-level=\"1\"><span style=\"font-weight: 400;\">Sans OGM<\/span><\/li>\n<li style=\"font-weight: 400;\" aria-level=\"1\"><span style=\"font-weight: 400;\">Sans pesticides<\/span><\/li>\n<\/ul>\n","protected":false},"featured_media":181406,"template":"","meta":{"_acf_changed":false},"product_brand":[],"class_list":{"0":"post-7524","1":"product","2":"type-product","3":"status-publish","4":"has-post-thumbnail","6":"product_cat-green-house","7":"product_cat-fleurs-cbd","8":"product_cat-cbd-concentrees-20","10":"first","11":"instock","12":"sale","13":"taxable","14":"shipping-taxable","15":"purchasable","16":"product-type-variable"},"acf":[],"yoast_head":"<!-- This site is optimized with the Yoast SEO plugin v26.3 - https:\/\/yoast.com\/wordpress\/plugins\/seo\/ -->\n<title>Orange Cookies CBD - 12% CBD. Cannabis l\u00e9galis\u00e9 | The Tree CBD<\/title>\n<meta name=\"description\" content=\"Go\u00fbtez les Orange Cookies CBD. Cette vari\u00e9t\u00e9 a un arome sucr\u00e9, d&#039;agrumes et jusqu&#039;\u00e0 12% de taux de CBD. CBD l\u00e9galis\u00e9 en Espagne et en Europe\" \/>\n<meta name=\"robots\" content=\"index, follow, max-snippet:-1, max-image-preview:large, max-video-preview:-1\" \/>\n<link rel=\"canonical\" href=\"https:\/\/thetreecbd.com\/fr\/tienda\/fleurs\/orange-cookies-cbd\" \/>\n<meta property=\"og:locale\" content=\"fr_FR\" \/>\n<meta property=\"og:type\" content=\"article\" \/>\n<meta property=\"og:title\" content=\"Orange Cookies CBD - 12% CBD. Cannabis l\u00e9galis\u00e9 | The Tree CBD\" \/>\n<meta property=\"og:description\" content=\"Go\u00fbtez les Orange Cookies CBD. Cette vari\u00e9t\u00e9 a un arome sucr\u00e9, d&#039;agrumes et jusqu&#039;\u00e0 12% de taux de CBD. CBD l\u00e9galis\u00e9 en Espagne et en Europe\" \/>\n<meta property=\"og:url\" content=\"https:\/\/thetreecbd.com\/fr\/tienda\/fleurs\/orange-cookies-cbd\/\" \/>\n<meta property=\"og:site_name\" content=\"The Tree CBD\" \/>\n<meta property=\"article:publisher\" content=\"https:\/\/www.facebook.com\/thetreeCBD\/\" \/>\n<meta property=\"article:modified_time\" content=\"2026-03-26T13:14:20+00:00\" \/>\n<meta property=\"og:image\" content=\"https:\/\/thetreecbd.com\/wp-content\/uploads\/2018\/07\/Orange-cookies-thetree-web.jpg\" \/>\n\t<meta property=\"og:image:width\" content=\"1080\" \/>\n\t<meta property=\"og:image:height\" content=\"1350\" \/>\n\t<meta property=\"og:image:type\" content=\"image\/jpeg\" \/>\n<meta name=\"twitter:card\" content=\"summary_large_image\" \/>\n<meta name=\"twitter:site\" content=\"@TheTreeCBD_EU\" \/>\n<meta name=\"twitter:label1\" content=\"Dur\u00e9e de lecture estim\u00e9e\" \/>\n\t<meta name=\"twitter:data1\" content=\"4 minutes\" \/>\n<script type=\"application\/ld+json\" class=\"yoast-schema-graph\">{\"@context\":\"https:\/\/schema.org\",\"@graph\":[{\"@type\":[\"WebPage\",\"ItemPage\"],\"@id\":\"https:\/\/thetreecbd.com\/fr\/cbd\/fleurs-cbd-green-house-orange-cookies\",\"url\":\"https:\/\/thetreecbd.com\/fr\/tienda\/fleurs\/orange-cookies-cbd\/\",\"name\":\"Orange Cookies CBD - 12% CBD. Cannabis l\u00e9galis\u00e9 | The Tree CBD\",\"isPartOf\":{\"@id\":\"https:\/\/thetreecbd.com\/fr#website\"},\"primaryImageOfPage\":{\"@id\":\"https:\/\/thetreecbd.com\/fr\/tienda\/fleurs\/orange-cookies-cbd\/#primaryimage\"},\"image\":{\"@id\":\"https:\/\/thetreecbd.com\/fr\/tienda\/fleurs\/orange-cookies-cbd\/#primaryimage\"},\"thumbnailUrl\":\"https:\/\/thetreecbd.com\/wp-content\/uploads\/2018\/07\/Orange-cookies-thetree-web.jpg\",\"datePublished\":\"2018-07-28T04:59:01+00:00\",\"dateModified\":\"2026-03-26T13:14:20+00:00\",\"description\":\"Go\u00fbtez les Orange Cookies CBD. Cette vari\u00e9t\u00e9 a un arome sucr\u00e9, d'agrumes et jusqu'\u00e0 12% de taux de CBD. CBD l\u00e9galis\u00e9 en Espagne et en Europe\",\"breadcrumb\":{\"@id\":\"https:\/\/thetreecbd.com\/fr\/tienda\/fleurs\/orange-cookies-cbd\/#breadcrumb\"},\"inLanguage\":\"fr-FR\",\"potentialAction\":[{\"@type\":\"ReadAction\",\"target\":[\"https:\/\/thetreecbd.com\/fr\/tienda\/fleurs\/orange-cookies-cbd\/\"]}]},{\"@type\":\"ImageObject\",\"inLanguage\":\"fr-FR\",\"@id\":\"https:\/\/thetreecbd.com\/fr\/tienda\/fleurs\/orange-cookies-cbd\/#primaryimage\",\"url\":\"https:\/\/thetreecbd.com\/wp-content\/uploads\/2018\/07\/Orange-cookies-thetree-web.jpg\",\"contentUrl\":\"https:\/\/thetreecbd.com\/wp-content\/uploads\/2018\/07\/Orange-cookies-thetree-web.jpg\",\"width\":1080,\"height\":1350},{\"@type\":\"BreadcrumbList\",\"@id\":\"https:\/\/thetreecbd.com\/fr\/tienda\/fleurs\/orange-cookies-cbd\/#breadcrumb\",\"itemListElement\":[{\"@type\":\"ListItem\",\"position\":1,\"name\":\"The Tree\",\"item\":\"https:\/\/thetreecbd.com\/fr\"},{\"@type\":\"ListItem\",\"position\":2,\"name\":\"CBD\",\"item\":\"https:\/\/thetreecbd.com\/es\/cbd\"},{\"@type\":\"ListItem\",\"position\":3,\"name\":\"Fleurs de chanvre. Fleurs de CBD\",\"item\":\"https:\/\/thetreecbd.com\/fr\/fleurs-cbd\"},{\"@type\":\"ListItem\",\"position\":4,\"name\":\"Fleurs de CBD Green House\",\"item\":\"https:\/\/thetreecbd.com\/fr\/fleurs-cbd\/green-house\"},{\"@type\":\"ListItem\",\"position\":5,\"name\":\"Orange Cookies CBD\"}]},{\"@type\":\"WebSite\",\"@id\":\"https:\/\/thetreecbd.com\/fr#website\",\"url\":\"https:\/\/thetreecbd.com\/fr\",\"name\":\"The Tree CBD\",\"description\":\"Comprar CBD en Espa\u00f1a Online\",\"publisher\":{\"@id\":\"https:\/\/thetreecbd.com\/fr#organization\"},\"potentialAction\":[{\"@type\":\"SearchAction\",\"target\":{\"@type\":\"EntryPoint\",\"urlTemplate\":\"https:\/\/thetreecbd.com\/fr?s={search_term_string}\"},\"query-input\":{\"@type\":\"PropertyValueSpecification\",\"valueRequired\":true,\"valueName\":\"search_term_string\"}}],\"inLanguage\":\"fr-FR\"},{\"@type\":\"Organization\",\"@id\":\"https:\/\/thetreecbd.com\/fr#organization\",\"name\":\"The Tree CBD\",\"url\":\"https:\/\/thetreecbd.com\/fr\",\"logo\":{\"@type\":\"ImageObject\",\"inLanguage\":\"fr-FR\",\"@id\":\"https:\/\/thetreecbd.com\/fr#\/schema\/logo\/image\/\",\"url\":\"https:\/\/thetreecbd.com\/wp-content\/uploads\/2022\/04\/logo-thetree.png\",\"contentUrl\":\"https:\/\/thetreecbd.com\/wp-content\/uploads\/2022\/04\/logo-thetree.png\",\"width\":172,\"height\":55,\"caption\":\"The Tree CBD\"},\"image\":{\"@id\":\"https:\/\/thetreecbd.com\/fr#\/schema\/logo\/image\/\"},\"sameAs\":[\"https:\/\/www.facebook.com\/thetreeCBD\/\",\"https:\/\/x.com\/TheTreeCBD_EU\",\"https:\/\/www.instagram.com\/thetree.cbd\/\",\"https:\/\/es.trustpilot.com\/review\/thetreecbd.com\"]}]}<\/script>\n<!-- \/ Yoast SEO plugin. -->","yoast_head_json":{"title":"Orange Cookies CBD - 12% CBD. Cannabis l\u00e9galis\u00e9 | The Tree CBD","description":"Go\u00fbtez les Orange Cookies CBD. Cette vari\u00e9t\u00e9 a un arome sucr\u00e9, d'agrumes et jusqu'\u00e0 12% de taux de CBD. CBD l\u00e9galis\u00e9 en Espagne et en Europe","robots":{"index":"index","follow":"follow","max-snippet":"max-snippet:-1","max-image-preview":"max-image-preview:large","max-video-preview":"max-video-preview:-1"},"canonical":"https:\/\/thetreecbd.com\/fr\/tienda\/fleurs\/orange-cookies-cbd","og_locale":"fr_FR","og_type":"article","og_title":"Orange Cookies CBD - 12% CBD. Cannabis l\u00e9galis\u00e9 | The Tree CBD","og_description":"Go\u00fbtez les Orange Cookies CBD. Cette vari\u00e9t\u00e9 a un arome sucr\u00e9, d'agrumes et jusqu'\u00e0 12% de taux de CBD. CBD l\u00e9galis\u00e9 en Espagne et en Europe","og_url":"https:\/\/thetreecbd.com\/fr\/tienda\/fleurs\/orange-cookies-cbd\/","og_site_name":"The Tree CBD","article_publisher":"https:\/\/www.facebook.com\/thetreeCBD\/","article_modified_time":"2026-03-26T13:14:20+00:00","og_image":[{"width":1080,"height":1350,"url":"https:\/\/thetreecbd.com\/wp-content\/uploads\/2018\/07\/Orange-cookies-thetree-web.jpg","type":"image\/jpeg"}],"twitter_card":"summary_large_image","twitter_site":"@TheTreeCBD_EU","twitter_misc":{"Dur\u00e9e de lecture estim\u00e9e":"4 minutes"},"schema":{"@context":"https:\/\/schema.org","@graph":[{"@type":["WebPage","ItemPage"],"@id":"https:\/\/thetreecbd.com\/fr\/cbd\/fleurs-cbd-green-house-orange-cookies","url":"https:\/\/thetreecbd.com\/fr\/tienda\/fleurs\/orange-cookies-cbd\/","name":"Orange Cookies CBD - 12% CBD. Cannabis l\u00e9galis\u00e9 | The Tree CBD","isPartOf":{"@id":"https:\/\/thetreecbd.com\/fr#website"},"primaryImageOfPage":{"@id":"https:\/\/thetreecbd.com\/fr\/tienda\/fleurs\/orange-cookies-cbd\/#primaryimage"},"image":{"@id":"https:\/\/thetreecbd.com\/fr\/tienda\/fleurs\/orange-cookies-cbd\/#primaryimage"},"thumbnailUrl":"https:\/\/thetreecbd.com\/wp-content\/uploads\/2018\/07\/Orange-cookies-thetree-web.jpg","datePublished":"2018-07-28T04:59:01+00:00","dateModified":"2026-03-26T13:14:20+00:00","description":"Go\u00fbtez les Orange Cookies CBD. Cette vari\u00e9t\u00e9 a un arome sucr\u00e9, d'agrumes et jusqu'\u00e0 12% de taux de CBD. CBD l\u00e9galis\u00e9 en Espagne et en Europe","breadcrumb":{"@id":"https:\/\/thetreecbd.com\/fr\/tienda\/fleurs\/orange-cookies-cbd\/#breadcrumb"},"inLanguage":"fr-FR","potentialAction":[{"@type":"ReadAction","target":["https:\/\/thetreecbd.com\/fr\/tienda\/fleurs\/orange-cookies-cbd\/"]}]},{"@type":"ImageObject","inLanguage":"fr-FR","@id":"https:\/\/thetreecbd.com\/fr\/tienda\/fleurs\/orange-cookies-cbd\/#primaryimage","url":"https:\/\/thetreecbd.com\/wp-content\/uploads\/2018\/07\/Orange-cookies-thetree-web.jpg","contentUrl":"https:\/\/thetreecbd.com\/wp-content\/uploads\/2018\/07\/Orange-cookies-thetree-web.jpg","width":1080,"height":1350},{"@type":"BreadcrumbList","@id":"https:\/\/thetreecbd.com\/fr\/tienda\/fleurs\/orange-cookies-cbd\/#breadcrumb","itemListElement":[{"@type":"ListItem","position":1,"name":"The Tree","item":"https:\/\/thetreecbd.com\/fr"},{"@type":"ListItem","position":2,"name":"CBD","item":"https:\/\/thetreecbd.com\/es\/cbd"},{"@type":"ListItem","position":3,"name":"Fleurs de chanvre. Fleurs de CBD","item":"https:\/\/thetreecbd.com\/fr\/fleurs-cbd"},{"@type":"ListItem","position":4,"name":"Fleurs de CBD Green House","item":"https:\/\/thetreecbd.com\/fr\/fleurs-cbd\/green-house"},{"@type":"ListItem","position":5,"name":"Orange Cookies CBD"}]},{"@type":"WebSite","@id":"https:\/\/thetreecbd.com\/fr#website","url":"https:\/\/thetreecbd.com\/fr","name":"The Tree CBD","description":"Comprar CBD en Espa\u00f1a Online","publisher":{"@id":"https:\/\/thetreecbd.com\/fr#organization"},"potentialAction":[{"@type":"SearchAction","target":{"@type":"EntryPoint","urlTemplate":"https:\/\/thetreecbd.com\/fr?s={search_term_string}"},"query-input":{"@type":"PropertyValueSpecification","valueRequired":true,"valueName":"search_term_string"}}],"inLanguage":"fr-FR"},{"@type":"Organization","@id":"https:\/\/thetreecbd.com\/fr#organization","name":"The Tree CBD","url":"https:\/\/thetreecbd.com\/fr","logo":{"@type":"ImageObject","inLanguage":"fr-FR","@id":"https:\/\/thetreecbd.com\/fr#\/schema\/logo\/image\/","url":"https:\/\/thetreecbd.com\/wp-content\/uploads\/2022\/04\/logo-thetree.png","contentUrl":"https:\/\/thetreecbd.com\/wp-content\/uploads\/2022\/04\/logo-thetree.png","width":172,"height":55,"caption":"The Tree CBD"},"image":{"@id":"https:\/\/thetreecbd.com\/fr#\/schema\/logo\/image\/"},"sameAs":["https:\/\/www.facebook.com\/thetreeCBD\/","https:\/\/x.com\/TheTreeCBD_EU","https:\/\/www.instagram.com\/thetree.cbd\/","https:\/\/es.trustpilot.com\/review\/thetreecbd.com"]}]}},"_links":{"self":[{"href":"https:\/\/thetreecbd.com\/fr\/wp-json\/wp\/v2\/product\/7524","targetHints":{"allow":["GET"]}}],"collection":[{"href":"https:\/\/thetreecbd.com\/fr\/wp-json\/wp\/v2\/product"}],"about":[{"href":"https:\/\/thetreecbd.com\/fr\/wp-json\/wp\/v2\/types\/product"}],"version-history":[{"count":0,"href":"https:\/\/thetreecbd.com\/fr\/wp-json\/wp\/v2\/product\/7524\/revisions"}],"wp:featuredmedia":[{"embeddable":true,"href":"https:\/\/thetreecbd.com\/fr\/wp-json\/wp\/v2\/media\/181406"}],"wp:attachment":[{"href":"https:\/\/thetreecbd.com\/fr\/wp-json\/wp\/v2\/media?parent=7524"}],"wp:term":[{"taxonomy":"product_brand","embeddable":true,"href":"https:\/\/thetreecbd.com\/fr\/wp-json\/wp\/v2\/product_brand?post=7524"}],"curies":[{"name":"wp","href":"https:\/\/api.w.org\/{rel}","templated":true}]}}