{"id":82637,"date":"2022-04-20T21:28:47","date_gmt":"2022-04-20T19:28:47","guid":{"rendered":"https:\/\/thetreecbd.putput.cat\/cbd\/huile-animaux-compagnie"},"modified":"2025-10-04T13:25:38","modified_gmt":"2025-10-04T11:25:38","slug":"huile-animaux-compagnie","status":"publish","type":"product","link":"https:\/\/thetreecbd.com\/fr\/cbd\/huile-animaux-compagnie","title":{"rendered":"Petly Huile de CBD pour animaux de compagnie"},"content":{"rendered":"<p><span style=\"font-weight: 400;\">Cette huile de CBD pour animaux de compagnie Petly de The Tree est une <\/span><b>huile con\u00e7ue sp\u00e9cifiquement pour le bien-\u00eatre de votre animal.<\/b><\/p>\n<p><span style=\"font-weight: 400;\">En ces temps o\u00f9 nous recherchons des options plus naturelles pour nous-m\u00eames, il est normal qu\u2019en pensant \u00e0 nos amis \u00e0 fourrure, nous soyons souvent \u00e0 court de r\u00e9ponses. Notre Huile de CBD Petly de The Tree est une <\/span><b>solution CBD totalement s\u00fbre pour les animaux de compagnie \u00e0 utiliser comme traitement naturel pour nos animaux de compagnie.<\/b><\/p>\n<p><span style=\"font-weight: 400;\">L\u2019huile de CBD de The Tree est une <\/span><b>huile 100% naturelle, elle est fabriqu\u00e9e \u00e0 partir d\u2019huile de noix de coco MCT avec de l\u2019extrait de fleur de chanvre \u00e0 large spectre,<\/b><span style=\"font-weight: 400;\"> ce qui lui fait contenir la plupart des composants actifs du chanvre, mais il n\u2019y a pas de THC. Cette huile de CBD a \u00e9t\u00e9 <\/span><b>fabriqu\u00e9e sans solvants : exempt\u00e9s d\u2019alcools, de gaz ou d\u2019autres solvants plus agressifs<\/b><span style=\"font-weight: 400;\"> qui sont parfois utilis\u00e9s dans l\u2019extraction, de cette fa\u00e7on cette <\/span><a href=\"https:\/\/thetreecbd.com\/fr\/cbd-animaux-compagnie\"><span style=\"font-weight: 400;\">huile CBD pour animaux de compagnie<\/span><\/a><span style=\"font-weight: 400;\"> de<\/span><\/p>\n<p><span style=\"font-weight: 400;\">The Tree CBD pr\u00e9serve la majorit\u00e9 des composants de la fleur de chanvre et ses propri\u00e9t\u00e9s . <\/span><b>Le chanvre est riche en antioxydants, vitamine E, Om\u00e9ga 3 et graisses saines, il apporte principalement du cannabidiol (CBD) 3%, et dans une moindre mesure du CBG, CBF, CBN, CBC et plus de 150 cannabino\u00efdes naturellement pr\u00e9sents dans le chanvre.<\/b><span style=\"font-weight: 400;\"> Cette solution contient le large spectre de la plante ainsi que toutes les propri\u00e9t\u00e9s naturelles que poss\u00e8dent les huiles v\u00e9g\u00e9tales.<\/span><\/p>\n<p><span style=\"font-weight: 400;\">Notre huile de CBD Petly Pet est transparente et inodore et a \u00e9t\u00e9 con\u00e7ue purement et sp\u00e9cifiquement pour les animaux de compagnie, chaque bouteille d\u2019huile de CBD est soumise \u00e0 un contr\u00f4le de qualit\u00e9 rigoureux et ne contient absolument aucun additif qui pourrait nuire au caract\u00e8re naturel du produit ou le rendre moins s\u00fbr pour nos quatre -amis \u00e0 pattes. Gr\u00e2ce \u00e0 des processus sophistiqu\u00e9s d\u2019extraction et de purification du CO2, chaque bouteille contient du CBD de haute qualit\u00e9, exempt d\u2019effets secondaires ind\u00e9sirables, d\u2019additifs et de produits chimiques artificiels.<\/span><\/p>\n<p><span style=\"font-weight: 400;\">Notre CBD Petly Oil est <\/span><b>extraite de chanvre cultiv\u00e9 biologiquement, sans pesticides, sans produits chimiques nocifs et avec des ingr\u00e9dients 100 % v\u00e9g\u00e9taux.<\/b><\/p>\n<p><span style=\"font-weight: 400;\">Cette huile ne contient pas de THC donc elle n\u2019a pas d\u2019effets psychoactifs.<\/span><\/p>\n<p><span style=\"font-weight: 400;\">\u00a0<\/span><\/p>\n<h2><b>Caract\u00e9ristiques de l\u2019huile de CBD Animaux Petly<\/b><\/h2>\n<ul>\n<li><span style=\"font-weight: 400;\">Base d\u2019huile de noix de coco MCT<\/span><\/li>\n<li><span style=\"font-weight: 400;\">extrait de fleur de chanvre<\/span><\/li>\n<li><span style=\"font-weight: 400;\">3 % de CBD par goutte (1,3 mg par goutte)<\/span><\/li>\n<li><span style=\"font-weight: 400;\">Agriculture biologique, sans pesticides ni produits chimiques nocifs.<\/span><\/li>\n<li><span style=\"font-weight: 400;\"><span style=\"font-weight: 400;\">Ne contient pas de THC<\/span><\/span><\/li>\n<\/ul>\n<h2><strong>Ingr\u00e9dients de l\u2019huile de CBD Petly Pets<\/strong><\/h2>\n<p><span style=\"font-weight: 400;\">Huile MCT de noix de coco et extraction de chanvre au CO2.<\/span><\/p>\n<p><span style=\"font-weight: 400;\">\u00a0<\/span><\/p>\n<h2><b>Parfum CBD<\/b><\/h2>\n<p><span style=\"font-weight: 400;\">Les terp\u00e8nes peuvent \u00eatre trouv\u00e9s dans la plupart des huiles essentielles de nombreuses plantes, fleurs et fruits, ils sont charg\u00e9s de fournir l&#8217;odeur et la saveur. Dans le cannabis, nous pouvons trouver un large profil de terp\u00e8nes.<\/span><\/p>\n<p><span style=\"font-weight: 400;\">Petly Oil est une huile totalement inodore, de sorte que votre animal ne ressent aucune r\u00e9pulsion face \u00e0 l\u2019application du produit.<\/span><\/p>\n<p><span style=\"font-weight: 400;\">\u00a0<\/span><\/p>\n<h2><b>C\u2019est pour qui?<\/b><\/h2>\n<p><span style=\"font-weight: 400;\">The Tree apporte sa nouvelle huile pour animaux de compagnie avec une dose b\u00e9n\u00e9fique et \u00e9quilibr\u00e9e de CBD quelle que soit la race que votre animal aimera.<\/span><\/p>\n<p><span style=\"font-weight: 400;\">Id\u00e9al pour les personnes avec des animaux de compagnie qui souffrent d\u2019anxi\u00e9t\u00e9, de douleur, d\u2019arthrose, de d\u00e9mangeaisons cutan\u00e9es et d\u2019autres inconforts.<\/span><\/p>\n<p><span style=\"font-weight: 400;\">Le dosage dans ces cas est extr\u00eamement important. De plus, il est tr\u00e8s important de consulter un professionnel pour savoir comment combiner le CBD dans le traitement de nos animaux de compagnie, car l\u2019objectif est de leur en donner suffisamment sans provoquer d\u2019effets ind\u00e9sirables.<\/span><\/p>\n<p>&nbsp;<\/p>\n<h2><b>Information sur la s\u00e9curit\u00e9<\/b><\/h2>\n<p><span style=\"font-weight: 400;\">Veuillez noter que l\u2019huile Petly Oil The Tree CBD est un produit d\u00e9coratif, de collection et aromatique. Il ne doit pas \u00eatre utilis\u00e9 pendant la grossesse ou l\u2019allaitement. Garder hors de la port\u00e9e des enfants.<\/span><\/p>\n<p><span style=\"font-weight: 400;\">L\u2019huile ne contient pas de THC.<\/span><\/p>\n<p><span style=\"font-weight: 400;\">Le contenu fourni est uniquement \u00e0 des fins d\u2019information et de formation et ne se substitue en aucun cas \u00e0 l\u2019avis m\u00e9dical d\u2019un m\u00e9decin ou d\u2019un pharmacien. Nos textes ne sont pas destin\u00e9s au diagnostic et au traitement ind\u00e9pendants des maladies.<\/span><\/p>\n<p><span style=\"font-weight: 400;\">N\u2019h\u00e9sitez pas \u00e0 nous contacter si vous avez d\u2019autres questions.<\/span><\/p>\n<p>&nbsp;<\/p>\n<h2><b>Emballage<\/b><\/h2>\n<p><span style=\"font-weight: 400;\">The Tree\u2019s CBD Petly Oil est livr\u00e9e dans une bo\u00eete sp\u00e9cialement con\u00e7ue pour prot\u00e9ger le contenu de la bouteille de la lumi\u00e8re et de la chaleur.<\/span><\/p>\n","protected":false},"excerpt":{"rendered":"<ul>\n<li><span style=\"font-weight: 400;\">Base d\u2019huile de noix de coco MCT.<\/span><\/li>\n<li><span style=\"font-weight: 400;\">extrait de fleur de chanvre.<\/span><\/li>\n<li><span style=\"font-weight: 400;\">3 % de CBD par goutte (1,3 mg par goutte).<\/span><\/li>\n<li><span style=\"font-weight: 400;\">Agriculture biologique, sans pesticides ni produits chimiques nocifs.<\/span><\/li>\n<li><span style=\"font-weight: 400;\">Ne contient pas de THC.<\/span><\/li>\n<\/ul>\n","protected":false},"featured_media":178381,"template":"","meta":{"_acf_changed":false},"product_brand":[],"class_list":{"0":"post-82637","1":"product","2":"type-product","3":"status-publish","4":"has-post-thumbnail","6":"product_cat-cbd-animaux-compagnie","8":"first","9":"instock","10":"featured","11":"taxable","12":"shipping-taxable","13":"purchasable","14":"product-type-simple"},"acf":[],"yoast_head":"<!-- This site is optimized with the Yoast SEO plugin v26.3 - https:\/\/yoast.com\/wordpress\/plugins\/seo\/ -->\n<title>Huile de CBD pour animaux de compagnie Petly | The Tree CBD<\/title>\n<meta name=\"description\" content=\"The Tree CBD vous propose son huile de CBD pour animaux de compagnie, avec une concentration id\u00e9ale pour les animaux de petit et de grand gabarit. D\u00e9couvrez Petly !\" \/>\n<meta name=\"robots\" content=\"index, follow, max-snippet:-1, max-image-preview:large, max-video-preview:-1\" \/>\n<link rel=\"canonical\" href=\"https:\/\/thetreecbd.com\/fr\/cbd\/huile-animaux-compagnie\" \/>\n<meta property=\"og:locale\" content=\"fr_FR\" \/>\n<meta property=\"og:type\" content=\"article\" \/>\n<meta property=\"og:title\" content=\"Huile de CBD pour animaux de compagnie Petly | The Tree CBD\" \/>\n<meta property=\"og:description\" content=\"The Tree CBD vous propose son huile de CBD pour animaux de compagnie, avec une concentration id\u00e9ale pour les animaux de petit et de grand gabarit. D\u00e9couvrez Petly !\" \/>\n<meta property=\"og:url\" content=\"https:\/\/thetreecbd.com\/fr\/cbd\/huile-animaux-compagnie\" \/>\n<meta property=\"og:site_name\" content=\"The Tree CBD\" \/>\n<meta property=\"article:publisher\" content=\"https:\/\/www.facebook.com\/thetreeCBD\/\" \/>\n<meta property=\"article:modified_time\" content=\"2025-10-04T11:25:38+00:00\" \/>\n<meta property=\"og:image\" content=\"https:\/\/thetreecbd.com\/wp-content\/uploads\/2022\/04\/aceite-mascotas-1.jpg\" \/>\n\t<meta property=\"og:image:width\" content=\"600\" \/>\n\t<meta property=\"og:image:height\" content=\"720\" \/>\n\t<meta property=\"og:image:type\" content=\"image\/jpeg\" \/>\n<meta name=\"twitter:card\" content=\"summary_large_image\" \/>\n<meta name=\"twitter:site\" content=\"@TheTreeCBD_EU\" \/>\n<meta name=\"twitter:label1\" content=\"Dur\u00e9e de lecture estim\u00e9e\" \/>\n\t<meta name=\"twitter:data1\" content=\"4 minutes\" \/>\n<script type=\"application\/ld+json\" class=\"yoast-schema-graph\">{\"@context\":\"https:\/\/schema.org\",\"@graph\":[{\"@type\":[\"WebPage\",\"ItemPage\"],\"@id\":\"https:\/\/thetreecbd.com\/fr\/cbd\/huile-animaux-compagnie\",\"url\":\"https:\/\/thetreecbd.com\/fr\/cbd\/huile-animaux-compagnie\",\"name\":\"Huile de CBD pour animaux de compagnie Petly | The Tree CBD\",\"isPartOf\":{\"@id\":\"https:\/\/thetreecbd.com\/fr#website\"},\"primaryImageOfPage\":{\"@id\":\"https:\/\/thetreecbd.com\/fr\/cbd\/huile-animaux-compagnie#primaryimage\"},\"image\":{\"@id\":\"https:\/\/thetreecbd.com\/fr\/cbd\/huile-animaux-compagnie#primaryimage\"},\"thumbnailUrl\":\"https:\/\/thetreecbd.com\/wp-content\/uploads\/2022\/04\/Petly3-thetree.jpg\",\"datePublished\":\"2022-04-20T19:28:47+00:00\",\"dateModified\":\"2025-10-04T11:25:38+00:00\",\"description\":\"The Tree CBD vous propose son huile de CBD pour animaux de compagnie, avec une concentration id\u00e9ale pour les animaux de petit et de grand gabarit. D\u00e9couvrez Petly !\",\"breadcrumb\":{\"@id\":\"https:\/\/thetreecbd.com\/fr\/cbd\/huile-animaux-compagnie#breadcrumb\"},\"inLanguage\":\"fr-FR\",\"potentialAction\":[{\"@type\":\"ReadAction\",\"target\":[\"https:\/\/thetreecbd.com\/fr\/cbd\/huile-animaux-compagnie\"]}]},{\"@type\":\"ImageObject\",\"inLanguage\":\"fr-FR\",\"@id\":\"https:\/\/thetreecbd.com\/fr\/cbd\/huile-animaux-compagnie#primaryimage\",\"url\":\"https:\/\/thetreecbd.com\/wp-content\/uploads\/2022\/04\/Petly3-thetree.jpg\",\"contentUrl\":\"https:\/\/thetreecbd.com\/wp-content\/uploads\/2022\/04\/Petly3-thetree.jpg\",\"width\":1080,\"height\":1350},{\"@type\":\"BreadcrumbList\",\"@id\":\"https:\/\/thetreecbd.com\/fr\/cbd\/huile-animaux-compagnie#breadcrumb\",\"itemListElement\":[{\"@type\":\"ListItem\",\"position\":1,\"name\":\"The Tree\",\"item\":\"https:\/\/thetreecbd.com\/fr\"},{\"@type\":\"ListItem\",\"position\":2,\"name\":\"CBD\",\"item\":\"https:\/\/thetreecbd.com\/es\/cbd\"},{\"@type\":\"ListItem\",\"position\":3,\"name\":\"Produits CBD pour animaux de compagnie\",\"item\":\"https:\/\/thetreecbd.com\/fr\/cbd-animaux-compagnie\"},{\"@type\":\"ListItem\",\"position\":4,\"name\":\"Petly Huile de CBD pour animaux de compagnie\"}]},{\"@type\":\"WebSite\",\"@id\":\"https:\/\/thetreecbd.com\/fr#website\",\"url\":\"https:\/\/thetreecbd.com\/fr\",\"name\":\"The Tree CBD\",\"description\":\"Comprar CBD en Espa\u00f1a Online\",\"publisher\":{\"@id\":\"https:\/\/thetreecbd.com\/fr#organization\"},\"potentialAction\":[{\"@type\":\"SearchAction\",\"target\":{\"@type\":\"EntryPoint\",\"urlTemplate\":\"https:\/\/thetreecbd.com\/fr?s={search_term_string}\"},\"query-input\":{\"@type\":\"PropertyValueSpecification\",\"valueRequired\":true,\"valueName\":\"search_term_string\"}}],\"inLanguage\":\"fr-FR\"},{\"@type\":\"Organization\",\"@id\":\"https:\/\/thetreecbd.com\/fr#organization\",\"name\":\"The Tree CBD\",\"url\":\"https:\/\/thetreecbd.com\/fr\",\"logo\":{\"@type\":\"ImageObject\",\"inLanguage\":\"fr-FR\",\"@id\":\"https:\/\/thetreecbd.com\/fr#\/schema\/logo\/image\/\",\"url\":\"https:\/\/thetreecbd.com\/wp-content\/uploads\/2022\/04\/logo-thetree.png\",\"contentUrl\":\"https:\/\/thetreecbd.com\/wp-content\/uploads\/2022\/04\/logo-thetree.png\",\"width\":172,\"height\":55,\"caption\":\"The Tree CBD\"},\"image\":{\"@id\":\"https:\/\/thetreecbd.com\/fr#\/schema\/logo\/image\/\"},\"sameAs\":[\"https:\/\/www.facebook.com\/thetreeCBD\/\",\"https:\/\/x.com\/TheTreeCBD_EU\",\"https:\/\/www.instagram.com\/thetree.cbd\/\",\"https:\/\/es.trustpilot.com\/review\/thetreecbd.com\"]}]}<\/script>\n<!-- \/ Yoast SEO plugin. -->","yoast_head_json":{"title":"Huile de CBD pour animaux de compagnie Petly | The Tree CBD","description":"The Tree CBD vous propose son huile de CBD pour animaux de compagnie, avec une concentration id\u00e9ale pour les animaux de petit et de grand gabarit. D\u00e9couvrez Petly !","robots":{"index":"index","follow":"follow","max-snippet":"max-snippet:-1","max-image-preview":"max-image-preview:large","max-video-preview":"max-video-preview:-1"},"canonical":"https:\/\/thetreecbd.com\/fr\/cbd\/huile-animaux-compagnie","og_locale":"fr_FR","og_type":"article","og_title":"Huile de CBD pour animaux de compagnie Petly | The Tree CBD","og_description":"The Tree CBD vous propose son huile de CBD pour animaux de compagnie, avec une concentration id\u00e9ale pour les animaux de petit et de grand gabarit. D\u00e9couvrez Petly !","og_url":"https:\/\/thetreecbd.com\/fr\/cbd\/huile-animaux-compagnie","og_site_name":"The Tree CBD","article_publisher":"https:\/\/www.facebook.com\/thetreeCBD\/","article_modified_time":"2025-10-04T11:25:38+00:00","og_image":[{"width":600,"height":720,"url":"https:\/\/thetreecbd.com\/wp-content\/uploads\/2022\/04\/aceite-mascotas-1.jpg","type":"image\/jpeg"}],"twitter_card":"summary_large_image","twitter_site":"@TheTreeCBD_EU","twitter_misc":{"Dur\u00e9e de lecture estim\u00e9e":"4 minutes"},"schema":{"@context":"https:\/\/schema.org","@graph":[{"@type":["WebPage","ItemPage"],"@id":"https:\/\/thetreecbd.com\/fr\/cbd\/huile-animaux-compagnie","url":"https:\/\/thetreecbd.com\/fr\/cbd\/huile-animaux-compagnie","name":"Huile de CBD pour animaux de compagnie Petly | The Tree CBD","isPartOf":{"@id":"https:\/\/thetreecbd.com\/fr#website"},"primaryImageOfPage":{"@id":"https:\/\/thetreecbd.com\/fr\/cbd\/huile-animaux-compagnie#primaryimage"},"image":{"@id":"https:\/\/thetreecbd.com\/fr\/cbd\/huile-animaux-compagnie#primaryimage"},"thumbnailUrl":"https:\/\/thetreecbd.com\/wp-content\/uploads\/2022\/04\/Petly3-thetree.jpg","datePublished":"2022-04-20T19:28:47+00:00","dateModified":"2025-10-04T11:25:38+00:00","description":"The Tree CBD vous propose son huile de CBD pour animaux de compagnie, avec une concentration id\u00e9ale pour les animaux de petit et de grand gabarit. D\u00e9couvrez Petly !","breadcrumb":{"@id":"https:\/\/thetreecbd.com\/fr\/cbd\/huile-animaux-compagnie#breadcrumb"},"inLanguage":"fr-FR","potentialAction":[{"@type":"ReadAction","target":["https:\/\/thetreecbd.com\/fr\/cbd\/huile-animaux-compagnie"]}]},{"@type":"ImageObject","inLanguage":"fr-FR","@id":"https:\/\/thetreecbd.com\/fr\/cbd\/huile-animaux-compagnie#primaryimage","url":"https:\/\/thetreecbd.com\/wp-content\/uploads\/2022\/04\/Petly3-thetree.jpg","contentUrl":"https:\/\/thetreecbd.com\/wp-content\/uploads\/2022\/04\/Petly3-thetree.jpg","width":1080,"height":1350},{"@type":"BreadcrumbList","@id":"https:\/\/thetreecbd.com\/fr\/cbd\/huile-animaux-compagnie#breadcrumb","itemListElement":[{"@type":"ListItem","position":1,"name":"The Tree","item":"https:\/\/thetreecbd.com\/fr"},{"@type":"ListItem","position":2,"name":"CBD","item":"https:\/\/thetreecbd.com\/es\/cbd"},{"@type":"ListItem","position":3,"name":"Produits CBD pour animaux de compagnie","item":"https:\/\/thetreecbd.com\/fr\/cbd-animaux-compagnie"},{"@type":"ListItem","position":4,"name":"Petly Huile de CBD pour animaux de compagnie"}]},{"@type":"WebSite","@id":"https:\/\/thetreecbd.com\/fr#website","url":"https:\/\/thetreecbd.com\/fr","name":"The Tree CBD","description":"Comprar CBD en Espa\u00f1a Online","publisher":{"@id":"https:\/\/thetreecbd.com\/fr#organization"},"potentialAction":[{"@type":"SearchAction","target":{"@type":"EntryPoint","urlTemplate":"https:\/\/thetreecbd.com\/fr?s={search_term_string}"},"query-input":{"@type":"PropertyValueSpecification","valueRequired":true,"valueName":"search_term_string"}}],"inLanguage":"fr-FR"},{"@type":"Organization","@id":"https:\/\/thetreecbd.com\/fr#organization","name":"The Tree CBD","url":"https:\/\/thetreecbd.com\/fr","logo":{"@type":"ImageObject","inLanguage":"fr-FR","@id":"https:\/\/thetreecbd.com\/fr#\/schema\/logo\/image\/","url":"https:\/\/thetreecbd.com\/wp-content\/uploads\/2022\/04\/logo-thetree.png","contentUrl":"https:\/\/thetreecbd.com\/wp-content\/uploads\/2022\/04\/logo-thetree.png","width":172,"height":55,"caption":"The Tree CBD"},"image":{"@id":"https:\/\/thetreecbd.com\/fr#\/schema\/logo\/image\/"},"sameAs":["https:\/\/www.facebook.com\/thetreeCBD\/","https:\/\/x.com\/TheTreeCBD_EU","https:\/\/www.instagram.com\/thetree.cbd\/","https:\/\/es.trustpilot.com\/review\/thetreecbd.com"]}]}},"_links":{"self":[{"href":"https:\/\/thetreecbd.com\/fr\/wp-json\/wp\/v2\/product\/82637","targetHints":{"allow":["GET"]}}],"collection":[{"href":"https:\/\/thetreecbd.com\/fr\/wp-json\/wp\/v2\/product"}],"about":[{"href":"https:\/\/thetreecbd.com\/fr\/wp-json\/wp\/v2\/types\/product"}],"version-history":[{"count":0,"href":"https:\/\/thetreecbd.com\/fr\/wp-json\/wp\/v2\/product\/82637\/revisions"}],"wp:featuredmedia":[{"embeddable":true,"href":"https:\/\/thetreecbd.com\/fr\/wp-json\/wp\/v2\/media\/178381"}],"wp:attachment":[{"href":"https:\/\/thetreecbd.com\/fr\/wp-json\/wp\/v2\/media?parent=82637"}],"wp:term":[{"taxonomy":"product_brand","embeddable":true,"href":"https:\/\/thetreecbd.com\/fr\/wp-json\/wp\/v2\/product_brand?post=82637"}],"curies":[{"name":"wp","href":"https:\/\/api.w.org\/{rel}","templated":true}]}}