{"id":82659,"date":"2022-04-22T17:53:35","date_gmt":"2022-04-22T15:53:35","guid":{"rendered":"https:\/\/thetreecbd.putput.cat\/cbd\/fleurs-cbd-indoor-cali-orange"},"modified":"2026-05-07T21:06:48","modified_gmt":"2026-05-07T19:06:48","slug":"fleurs-cbd-indoor-cali-orange","status":"publish","type":"product","link":"https:\/\/thetreecbd.com\/fr\/cbd\/fleurs-cbd-indoor-cali-orange","title":{"rendered":"Cali Orange CBD"},"content":{"rendered":"","protected":false},"excerpt":{"rendered":"<ul>\n<li><span style=\"font-weight: 400;\">Bourgeons de chanvre<\/span><\/li>\n<li><span style=\"font-weight: 400;\">Moins de 0,20 % de THC<\/span><\/li>\n<li><span style=\"font-weight: 400;\">De 12% \u00e0 14% CBD<\/span><\/li>\n<li><span style=\"font-weight: 400;\">G\u00e9n\u00e9tique : semences s\u00e9lectionn\u00e9es par l\u2019UE<\/span><\/li>\n<li><span style=\"font-weight: 400;\">Sativa 20% Indica 80%<\/span><\/li>\n<li><span style=\"font-weight: 400;\">Aucun effet psychoactif<\/span><\/li>\n<li><span style=\"font-weight: 400;\">de culture biologique<\/span><\/li>\n<li><span style=\"font-weight: 400;\">Sans OGM<\/span><\/li>\n<li><span style=\"font-weight: 400;\">Sans pesticides<\/span><\/li>\n<\/ul>\n","protected":false},"featured_media":80440,"template":"","meta":{"_acf_changed":false},"product_brand":[],"class_list":{"0":"post-82659","1":"product","2":"type-product","3":"status-publish","4":"has-post-thumbnail","6":"product_cat-black-friday-cbd","7":"product_cat-indoor","8":"product_cat-fleurs-cbd","9":"product_cat-promotions-cbd","11":"first","12":"instock","13":"sale","14":"taxable","15":"shipping-taxable","16":"purchasable","17":"product-type-variable"},"acf":[],"yoast_head":"<!-- This site is optimized with the Yoast SEO plugin v26.3 - https:\/\/yoast.com\/wordpress\/plugins\/seo\/ -->\n<title>Cali Orange CBD - 14% CBD. Cannabis l\u00e9galis\u00e9 | The Tree CBD<\/title>\n<meta name=\"description\" content=\"D\u00e9couvrez Cali Orange CBD, une fleur Indica \u00e0 l&#039;arome fruit\u00e9 et terreux qui renferme jusqu&#039;\u00e0 14% de CBD dans ses fleurs. CBD l\u00e9galis\u00e9 en Espagne et en Europe\" \/>\n<meta name=\"robots\" content=\"index, follow, max-snippet:-1, max-image-preview:large, max-video-preview:-1\" \/>\n<link rel=\"canonical\" href=\"https:\/\/thetreecbd.com\/fr\/cbd\/fleurs-cbd-indoor-cali-orange\" \/>\n<meta property=\"og:locale\" content=\"fr_FR\" \/>\n<meta property=\"og:type\" content=\"article\" \/>\n<meta property=\"og:title\" content=\"Cali Orange CBD - 14% CBD. Cannabis l\u00e9galis\u00e9 | The Tree CBD\" \/>\n<meta property=\"og:description\" content=\"D\u00e9couvrez Cali Orange CBD, une fleur Indica \u00e0 l&#039;arome fruit\u00e9 et terreux qui renferme jusqu&#039;\u00e0 14% de CBD dans ses fleurs. CBD l\u00e9galis\u00e9 en Espagne et en Europe\" \/>\n<meta property=\"og:url\" content=\"https:\/\/thetreecbd.com\/fr\/cbd\/fleurs-cbd-indoor-cali-orange\" \/>\n<meta property=\"og:site_name\" content=\"The Tree CBD\" \/>\n<meta property=\"article:publisher\" content=\"https:\/\/www.facebook.com\/thetreeCBD\/\" \/>\n<meta property=\"article:modified_time\" content=\"2026-05-07T19:06:48+00:00\" \/>\n<meta property=\"og:image\" content=\"https:\/\/thetreecbd.com\/wp-content\/uploads\/2022\/04\/cogollos-interior-cali-orange-1.jpg\" \/>\n\t<meta property=\"og:image:width\" content=\"600\" \/>\n\t<meta property=\"og:image:height\" content=\"720\" \/>\n\t<meta property=\"og:image:type\" content=\"image\/jpeg\" \/>\n<meta name=\"twitter:card\" content=\"summary_large_image\" \/>\n<meta name=\"twitter:site\" content=\"@TheTreeCBD_EU\" \/>\n<meta name=\"twitter:label1\" content=\"Dur\u00e9e de lecture estim\u00e9e\" \/>\n\t<meta name=\"twitter:data1\" content=\"4 minutes\" \/>\n<script type=\"application\/ld+json\" class=\"yoast-schema-graph\">{\"@context\":\"https:\/\/schema.org\",\"@graph\":[{\"@type\":[\"WebPage\",\"ItemPage\"],\"@id\":\"https:\/\/thetreecbd.com\/fr\/cbd\/fleurs-cbd-indoor-cali-orange\",\"url\":\"https:\/\/thetreecbd.com\/fr\/cbd\/fleurs-cbd-indoor-cali-orange\",\"name\":\"Cali Orange CBD - 14% CBD. Cannabis l\u00e9galis\u00e9 | The Tree CBD\",\"isPartOf\":{\"@id\":\"https:\/\/thetreecbd.com\/fr#website\"},\"primaryImageOfPage\":{\"@id\":\"https:\/\/thetreecbd.com\/fr\/cbd\/fleurs-cbd-indoor-cali-orange#primaryimage\"},\"image\":{\"@id\":\"https:\/\/thetreecbd.com\/fr\/cbd\/fleurs-cbd-indoor-cali-orange#primaryimage\"},\"thumbnailUrl\":\"https:\/\/thetreecbd.com\/wp-content\/uploads\/2022\/04\/cogollos-interior-cali-orange-1.jpg\",\"datePublished\":\"2022-04-22T15:53:35+00:00\",\"dateModified\":\"2026-05-07T19:06:48+00:00\",\"description\":\"D\u00e9couvrez Cali Orange CBD, une fleur Indica \u00e0 l'arome fruit\u00e9 et terreux qui renferme jusqu'\u00e0 14% de CBD dans ses fleurs. CBD l\u00e9galis\u00e9 en Espagne et en Europe\",\"breadcrumb\":{\"@id\":\"https:\/\/thetreecbd.com\/fr\/cbd\/fleurs-cbd-indoor-cali-orange#breadcrumb\"},\"inLanguage\":\"fr-FR\",\"potentialAction\":[{\"@type\":\"ReadAction\",\"target\":[\"https:\/\/thetreecbd.com\/fr\/cbd\/fleurs-cbd-indoor-cali-orange\"]}]},{\"@type\":\"ImageObject\",\"inLanguage\":\"fr-FR\",\"@id\":\"https:\/\/thetreecbd.com\/fr\/cbd\/fleurs-cbd-indoor-cali-orange#primaryimage\",\"url\":\"https:\/\/thetreecbd.com\/wp-content\/uploads\/2022\/04\/cogollos-interior-cali-orange-1.jpg\",\"contentUrl\":\"https:\/\/thetreecbd.com\/wp-content\/uploads\/2022\/04\/cogollos-interior-cali-orange-1.jpg\",\"width\":600,\"height\":720},{\"@type\":\"BreadcrumbList\",\"@id\":\"https:\/\/thetreecbd.com\/fr\/cbd\/fleurs-cbd-indoor-cali-orange#breadcrumb\",\"itemListElement\":[{\"@type\":\"ListItem\",\"position\":1,\"name\":\"The Tree\",\"item\":\"https:\/\/thetreecbd.com\/fr\"},{\"@type\":\"ListItem\",\"position\":2,\"name\":\"CBD\",\"item\":\"https:\/\/thetreecbd.com\/es\/cbd\"},{\"@type\":\"ListItem\",\"position\":3,\"name\":\"Fleurs de chanvre. Fleurs de CBD\",\"item\":\"https:\/\/thetreecbd.com\/fr\/fleurs-cbd\"},{\"@type\":\"ListItem\",\"position\":4,\"name\":\"Fleurs de CBD d'int\u00e9rieur\",\"item\":\"https:\/\/thetreecbd.com\/fr\/fleurs-cbd\/indoor\"},{\"@type\":\"ListItem\",\"position\":5,\"name\":\"Cali Orange CBD\"}]},{\"@type\":\"WebSite\",\"@id\":\"https:\/\/thetreecbd.com\/fr#website\",\"url\":\"https:\/\/thetreecbd.com\/fr\",\"name\":\"The Tree CBD\",\"description\":\"Comprar CBD en Espa\u00f1a Online\",\"publisher\":{\"@id\":\"https:\/\/thetreecbd.com\/fr#organization\"},\"potentialAction\":[{\"@type\":\"SearchAction\",\"target\":{\"@type\":\"EntryPoint\",\"urlTemplate\":\"https:\/\/thetreecbd.com\/fr?s={search_term_string}\"},\"query-input\":{\"@type\":\"PropertyValueSpecification\",\"valueRequired\":true,\"valueName\":\"search_term_string\"}}],\"inLanguage\":\"fr-FR\"},{\"@type\":\"Organization\",\"@id\":\"https:\/\/thetreecbd.com\/fr#organization\",\"name\":\"The Tree CBD\",\"url\":\"https:\/\/thetreecbd.com\/fr\",\"logo\":{\"@type\":\"ImageObject\",\"inLanguage\":\"fr-FR\",\"@id\":\"https:\/\/thetreecbd.com\/fr#\/schema\/logo\/image\/\",\"url\":\"https:\/\/thetreecbd.com\/wp-content\/uploads\/2022\/04\/logo-thetree.png\",\"contentUrl\":\"https:\/\/thetreecbd.com\/wp-content\/uploads\/2022\/04\/logo-thetree.png\",\"width\":172,\"height\":55,\"caption\":\"The Tree CBD\"},\"image\":{\"@id\":\"https:\/\/thetreecbd.com\/fr#\/schema\/logo\/image\/\"},\"sameAs\":[\"https:\/\/www.facebook.com\/thetreeCBD\/\",\"https:\/\/x.com\/TheTreeCBD_EU\",\"https:\/\/www.instagram.com\/thetree.cbd\/\",\"https:\/\/es.trustpilot.com\/review\/thetreecbd.com\"]}]}<\/script>\n<!-- \/ Yoast SEO plugin. -->","yoast_head_json":{"title":"Cali Orange CBD - 14% CBD. Cannabis l\u00e9galis\u00e9 | The Tree CBD","description":"D\u00e9couvrez Cali Orange CBD, une fleur Indica \u00e0 l'arome fruit\u00e9 et terreux qui renferme jusqu'\u00e0 14% de CBD dans ses fleurs. CBD l\u00e9galis\u00e9 en Espagne et en Europe","robots":{"index":"index","follow":"follow","max-snippet":"max-snippet:-1","max-image-preview":"max-image-preview:large","max-video-preview":"max-video-preview:-1"},"canonical":"https:\/\/thetreecbd.com\/fr\/cbd\/fleurs-cbd-indoor-cali-orange","og_locale":"fr_FR","og_type":"article","og_title":"Cali Orange CBD - 14% CBD. Cannabis l\u00e9galis\u00e9 | The Tree CBD","og_description":"D\u00e9couvrez Cali Orange CBD, une fleur Indica \u00e0 l'arome fruit\u00e9 et terreux qui renferme jusqu'\u00e0 14% de CBD dans ses fleurs. CBD l\u00e9galis\u00e9 en Espagne et en Europe","og_url":"https:\/\/thetreecbd.com\/fr\/cbd\/fleurs-cbd-indoor-cali-orange","og_site_name":"The Tree CBD","article_publisher":"https:\/\/www.facebook.com\/thetreeCBD\/","article_modified_time":"2026-05-07T19:06:48+00:00","og_image":[{"width":600,"height":720,"url":"https:\/\/thetreecbd.com\/wp-content\/uploads\/2022\/04\/cogollos-interior-cali-orange-1.jpg","type":"image\/jpeg"}],"twitter_card":"summary_large_image","twitter_site":"@TheTreeCBD_EU","twitter_misc":{"Dur\u00e9e de lecture estim\u00e9e":"4 minutes"},"schema":{"@context":"https:\/\/schema.org","@graph":[{"@type":["WebPage","ItemPage"],"@id":"https:\/\/thetreecbd.com\/fr\/cbd\/fleurs-cbd-indoor-cali-orange","url":"https:\/\/thetreecbd.com\/fr\/cbd\/fleurs-cbd-indoor-cali-orange","name":"Cali Orange CBD - 14% CBD. Cannabis l\u00e9galis\u00e9 | The Tree CBD","isPartOf":{"@id":"https:\/\/thetreecbd.com\/fr#website"},"primaryImageOfPage":{"@id":"https:\/\/thetreecbd.com\/fr\/cbd\/fleurs-cbd-indoor-cali-orange#primaryimage"},"image":{"@id":"https:\/\/thetreecbd.com\/fr\/cbd\/fleurs-cbd-indoor-cali-orange#primaryimage"},"thumbnailUrl":"https:\/\/thetreecbd.com\/wp-content\/uploads\/2022\/04\/cogollos-interior-cali-orange-1.jpg","datePublished":"2022-04-22T15:53:35+00:00","dateModified":"2026-05-07T19:06:48+00:00","description":"D\u00e9couvrez Cali Orange CBD, une fleur Indica \u00e0 l'arome fruit\u00e9 et terreux qui renferme jusqu'\u00e0 14% de CBD dans ses fleurs. CBD l\u00e9galis\u00e9 en Espagne et en Europe","breadcrumb":{"@id":"https:\/\/thetreecbd.com\/fr\/cbd\/fleurs-cbd-indoor-cali-orange#breadcrumb"},"inLanguage":"fr-FR","potentialAction":[{"@type":"ReadAction","target":["https:\/\/thetreecbd.com\/fr\/cbd\/fleurs-cbd-indoor-cali-orange"]}]},{"@type":"ImageObject","inLanguage":"fr-FR","@id":"https:\/\/thetreecbd.com\/fr\/cbd\/fleurs-cbd-indoor-cali-orange#primaryimage","url":"https:\/\/thetreecbd.com\/wp-content\/uploads\/2022\/04\/cogollos-interior-cali-orange-1.jpg","contentUrl":"https:\/\/thetreecbd.com\/wp-content\/uploads\/2022\/04\/cogollos-interior-cali-orange-1.jpg","width":600,"height":720},{"@type":"BreadcrumbList","@id":"https:\/\/thetreecbd.com\/fr\/cbd\/fleurs-cbd-indoor-cali-orange#breadcrumb","itemListElement":[{"@type":"ListItem","position":1,"name":"The Tree","item":"https:\/\/thetreecbd.com\/fr"},{"@type":"ListItem","position":2,"name":"CBD","item":"https:\/\/thetreecbd.com\/es\/cbd"},{"@type":"ListItem","position":3,"name":"Fleurs de chanvre. Fleurs de CBD","item":"https:\/\/thetreecbd.com\/fr\/fleurs-cbd"},{"@type":"ListItem","position":4,"name":"Fleurs de CBD d'int\u00e9rieur","item":"https:\/\/thetreecbd.com\/fr\/fleurs-cbd\/indoor"},{"@type":"ListItem","position":5,"name":"Cali Orange CBD"}]},{"@type":"WebSite","@id":"https:\/\/thetreecbd.com\/fr#website","url":"https:\/\/thetreecbd.com\/fr","name":"The Tree CBD","description":"Comprar CBD en Espa\u00f1a Online","publisher":{"@id":"https:\/\/thetreecbd.com\/fr#organization"},"potentialAction":[{"@type":"SearchAction","target":{"@type":"EntryPoint","urlTemplate":"https:\/\/thetreecbd.com\/fr?s={search_term_string}"},"query-input":{"@type":"PropertyValueSpecification","valueRequired":true,"valueName":"search_term_string"}}],"inLanguage":"fr-FR"},{"@type":"Organization","@id":"https:\/\/thetreecbd.com\/fr#organization","name":"The Tree CBD","url":"https:\/\/thetreecbd.com\/fr","logo":{"@type":"ImageObject","inLanguage":"fr-FR","@id":"https:\/\/thetreecbd.com\/fr#\/schema\/logo\/image\/","url":"https:\/\/thetreecbd.com\/wp-content\/uploads\/2022\/04\/logo-thetree.png","contentUrl":"https:\/\/thetreecbd.com\/wp-content\/uploads\/2022\/04\/logo-thetree.png","width":172,"height":55,"caption":"The Tree CBD"},"image":{"@id":"https:\/\/thetreecbd.com\/fr#\/schema\/logo\/image\/"},"sameAs":["https:\/\/www.facebook.com\/thetreeCBD\/","https:\/\/x.com\/TheTreeCBD_EU","https:\/\/www.instagram.com\/thetree.cbd\/","https:\/\/es.trustpilot.com\/review\/thetreecbd.com"]}]}},"_links":{"self":[{"href":"https:\/\/thetreecbd.com\/fr\/wp-json\/wp\/v2\/product\/82659","targetHints":{"allow":["GET"]}}],"collection":[{"href":"https:\/\/thetreecbd.com\/fr\/wp-json\/wp\/v2\/product"}],"about":[{"href":"https:\/\/thetreecbd.com\/fr\/wp-json\/wp\/v2\/types\/product"}],"version-history":[{"count":0,"href":"https:\/\/thetreecbd.com\/fr\/wp-json\/wp\/v2\/product\/82659\/revisions"}],"wp:featuredmedia":[{"embeddable":true,"href":"https:\/\/thetreecbd.com\/fr\/wp-json\/wp\/v2\/media\/80440"}],"wp:attachment":[{"href":"https:\/\/thetreecbd.com\/fr\/wp-json\/wp\/v2\/media?parent=82659"}],"wp:term":[{"taxonomy":"product_brand","embeddable":true,"href":"https:\/\/thetreecbd.com\/fr\/wp-json\/wp\/v2\/product_brand?post=82659"}],"curies":[{"name":"wp","href":"https:\/\/api.w.org\/{rel}","templated":true}]}}