{"id":82679,"date":"2022-04-22T18:22:09","date_gmt":"2022-04-22T16:22:09","guid":{"rendered":"https:\/\/thetreecbd.putput.cat\/cbd\/fleurs-cbd-cali-mac"},"modified":"2025-12-06T19:51:01","modified_gmt":"2025-12-06T18:51:01","slug":"fleurs-cbd-cali-mac","status":"publish","type":"product","link":"https:\/\/thetreecbd.com\/fr\/cbd\/fleurs-cbd-cali-mac","title":{"rendered":"Mac CBD"},"content":{"rendered":"<p><span style=\"font-weight: 400;\">The Tree CBD vous apporte les <\/span><a href=\"https:\/\/thetreecbd.com\/fr\/fleurs-cbd\"><span style=\"font-weight: 400;\">bourgeons CBD<\/span><\/a><span style=\"font-weight: 400;\"> l\u00e9gaux de la vari\u00e9t\u00e9 <\/span><b>MAC CBD<\/b><span style=\"font-weight: 400;\">, une g\u00e9n\u00e9tique unique qui offre une grande quantit\u00e9 de CBD dans chaque fleur. Son nom MAC correspond \u00e0 l\u2019acronyme bien connu Miracle Alien Cookies, sa saveur nous rappelle vraiment un cookie, si vous \u00eates un fan de Cookies, vous devriez donner une chance \u00e0 cette beaut\u00e9.<\/span><\/p>\n<p><span style=\"font-weight: 400;\">Ces<a href=\"https:\/\/thetreecbd.com\/fr\/fleurs-cbd\"> bourgeons<\/a> CBD proviennent d\u2019une <\/span><b>g\u00e9n\u00e9tique<\/b><span style=\"font-weight: 400;\"> l\u00e9gendaire, la souche est le r\u00e9sultat du c<\/span><b>roisement entre Fragolina x Finolla x Lavanda.<\/b><\/p>\n<p><span style=\"font-weight: 400;\">Les fleurs de MAC CBD, une g\u00e9n\u00e9tique exclusive de The Tree, sont uniques et incomparables, elles apparaissent d\u2019une couleur verte plus claire que dans les autres <a href=\"https:\/\/thetreecbd.com\/fr\/fleurs-cbd\">bourgeons<\/a> CBD, <\/span><b>avec des pistils presque blancs,<\/b><span style=\"font-weight: 400;\"> ce qui les rend facilement reconnaissables aux yeux des plus exp\u00e9riment\u00e9s et elles sont bien re\u00e7u par les d\u00e9butants dans le monde du cannabis l\u00e9gal. La combinaison d\u2019un bourgeon dense <\/span><b>recouvert de r\u00e9sine et d\u2019une forte odeur<\/b><span style=\"font-weight: 400;\"> en fait l\u2019une des vari\u00e9t\u00e9s les meilleures et les plus recherch\u00e9es aujourd\u2019hui.<\/span><\/p>\n<p><span style=\"font-weight: 400;\">C\u2019est une herbe assez hybride qui est g\u00e9n\u00e9ralement parfaite pour socialiser en plus de vous faire sentir compl\u00e8tement d\u00e9tendu, aux sens elle offre un ar\u00f4me fort et intense avec des n<\/span><b>otes douces et florales, peut-\u00eatre m\u00eame un peu \u00e9pic\u00e9es<\/b><span style=\"font-weight: 400;\">, mais son odeur la plus <\/span><b>caract\u00e9ristique et la plus p\u00e9n\u00e9trante est comme la terre et le ga<\/b><span style=\"font-weight: 400;\">z, ce qui rend cette vari\u00e9t\u00e9 impossible \u00e0 ignorer pour les amateurs de terp\u00e8nes.<\/span><\/p>\n<p><span style=\"font-weight: 400;\">Les <a href=\"https:\/\/thetreecbd.com\/fr\/fleurs-cbd\">bourgeons<\/a> de notre MAC CBD proviennent de graines s\u00e9lectionn\u00e9es par l\u2019UE et sont <\/span><b>cultiv\u00e9s \u00e0 l\u2019int\u00e9rieur de mani\u00e8re 100% naturelle,<\/b><span style=\"font-weight: 400;\"> sans utiliser d\u2019additifs ni de pesticides d\u2019aucune sorte, remplissant notre objectif principal de toujours offrir des produits de haute qualit\u00e9.<\/span><\/p>\n<p><span style=\"font-weight: 400;\">Ces fleurs de CBD ont un effet relaxant encore plus important gr\u00e2ce \u00e0 leur teneur \u00e9lev\u00e9e en CBD, entre 14% et 16%.<\/span><\/p>\n<p><span style=\"font-weight: 400;\">De plus, comme ils contiennent moins de 0,20 % de THC, ils sont totalement l\u00e9gaux dans toute l\u2019Europe et n\u2019ont aucun effet psychoactif d\u2019aucune sorte.<\/span><\/p>\n<h2><b>Caract\u00e9ristiques du cannabis l\u00e9gal MAC CBD<\/b><\/h2>\n<ul>\n<li><span style=\"font-weight: 400;\"><a href=\"https:\/\/thetreecbd.com\/fr\/fleurs-cbd\">Bourgeons<\/a> de chanvre<\/span><\/li>\n<li><span style=\"font-weight: 400;\">Moins de 0,20 % de THC<\/span><\/li>\n<li><span style=\"font-weight: 400;\">De 14% \u00e0 16% CBD<\/span><\/li>\n<li><span style=\"font-weight: 400;\">G\u00e9n\u00e9tique : Fragolina x Finolla x Lavande<\/span><\/li>\n<li><span style=\"font-weight: 400;\">Sativa 50% Indica 50%<\/span><\/li>\n<li><span style=\"font-weight: 400;\">Aucun effet psychoactif<\/span><\/li>\n<li><span style=\"font-weight: 400;\">de culture biologique<\/span><\/li>\n<li><span style=\"font-weight: 400;\">Sans OGM<\/span><\/li>\n<li><span style=\"font-weight: 400;\">Sans pesticides<\/span><\/li>\n<\/ul>\n<h2><b>Ar\u00f4me Mac CBD<\/b><\/h2>\n<p><span style=\"font-weight: 400;\">Les terp\u00e8nes peuvent \u00eatre trouv\u00e9s dans la plupart des huiles essentielles de nombreuses plantes, fleurs et fruits, ils sont charg\u00e9s de fournir l&#8217;odeur et la saveur. Dans le cannabis, nous pouvons trouver un large profil de terp\u00e8nes.<\/span><\/p>\n<p><span style=\"font-weight: 400;\">Notre Mac CBD est une belle fleur recouverte de r\u00e9sine avec un musc humide et gazeux et des reflets d&#8217;agrumes acidul\u00e9s. L&#8217;ar\u00f4me de notre ph\u00e9no est unique avec sa morsure \u00e9crasante de sauce \u00e0 l&#8217;ail.<\/span><\/p>\n<h2><b>Utilisateur auquel il est destin\u00e9<\/b><\/h2>\n<p><span style=\"font-weight: 400;\">Les fleurs de culture en int\u00e9rieur sont destin\u00e9es \u00e0 ceux qui recherchent une garantie de qualit\u00e9, car la culture en int\u00e9rieur permet la cr\u00e9ation de cbdfleurs homog\u00e8nes de couleur verte et \u00e0 forte concentration en CBD.<\/span><\/p>\n<p><span style=\"font-weight: 400;\">La culture en int\u00e9rieur est sans aucun doute un mode de culture beaucoup plus technique, o\u00f9 le milieu dans lequel une plante pousse peut \u00eatre contr\u00f4l\u00e9 pour obtenir les r\u00e9sultats pr\u00e9f\u00e9r\u00e9s du cultivateur.<\/span><\/p>\n<p><span style=\"font-weight: 400;\">C&#8217;est la m\u00e9thode pr\u00e9f\u00e9r\u00e9e \u00e0 des fins m\u00e9dicinales, car de cette mani\u00e8re, le contr\u00f4le du climat et de la lumi\u00e8re peut \u00eatre r\u00e9alis\u00e9, en standardisant le produit autant que possible ; Il ne faut pas oublier que la variabilit\u00e9 du pourcentage de CBD et autres cannabino\u00efdes d\u00e9pend beaucoup du milieu dans lequel il est cultiv\u00e9.<\/span><\/p>\n<p><span style=\"font-weight: 400;\">Avec un contr\u00f4le climatique et nutritionnel, \u00e0 la fois dans le support racinaire qui est donn\u00e9 et dans les heures de lumi\u00e8re, nous nous assurerons que le produit sera homog\u00e8ne et nous obtiendrons toujours une garantie de qualit\u00e9 avec des fleurs CBD \u00e0 l&#8217;int\u00e9rieur.<\/span><\/p>\n<p><span style=\"font-weight: 400;\">Du point de vue du consommateur, l&#8217;int\u00e9rieur peut \u00eatre meilleur pour la garantie de qualit\u00e9 susmentionn\u00e9e, et les fleurs de CBD d&#8217;int\u00e9rieur sont \u00e9galement connues pour leur apparence, g\u00e9n\u00e9ralement plus r\u00e9sineuse et d&#8217;une couleur verte plus brillante.<\/span><\/p>\n<h2><b>Information sur la s\u00e9curit\u00e9<\/b><\/h2>\n<p><span style=\"font-weight: 400;\">Gardez \u00e0 l&#8217;esprit que les<a href=\"https:\/\/thetreecbd.com\/fr\/fleurs-cbd\"> bourgeons<\/a> CBD de The Tree sont un produit d\u00e9coratif, de collection et aromatique. Ils ne doivent pas \u00eatre utilis\u00e9s pendant la grossesse ou l&#8217;allaitement. Garder hors de la port\u00e9e des enfants.<\/span><\/p>\n<p><span style=\"font-weight: 400;\">Nos <a href=\"https:\/\/thetreecbd.com\/fr\/fleurs-cbd\">bourgeons<\/a> CBD peuvent contenir une certaine quantit\u00e9 de THC. Bien s\u00fbr, cela est inf\u00e9rieur \u00e0 la limite europ\u00e9enne de 0,2 % de THC.<\/span><\/p>\n<p><span style=\"font-weight: 400;\">Le contenu fourni est uniquement \u00e0 des fins d&#8217;information et de formation et ne se substitue en aucun cas \u00e0 l&#8217;avis m\u00e9dical d&#8217;un m\u00e9decin ou d&#8217;un pharmacien. Nos textes ne sont pas destin\u00e9s au diagnostic et au traitement ind\u00e9pendants des maladies.<\/span><\/p>\n<p><span style=\"font-weight: 400;\">N&#8217;h\u00e9sitez pas \u00e0 nous contacter si vous avez d&#8217;autres questions.<\/span><\/p>\n<h2><b>Stockage<\/b><\/h2>\n<p><span style=\"font-weight: 400;\">Id\u00e9alement, les <a href=\"https:\/\/thetreecbd.com\/fr\/fleurs-cbd\">bourgeons<\/a> CBD de The Tree doivent \u00eatre stock\u00e9s dans un endroit frais et sec, \u00e0 l&#8217;abri des odeurs l\u00e9g\u00e8res et fortes pour \u00e9viter tout type de contamination et\/ou de d\u00e9gradation. \u00c9vitez la lumi\u00e8re directe du soleil et la chaleur.<\/span><\/p>\n<p><span style=\"font-weight: 400;\">Attention : La dur\u00e9e de conservation indiqu\u00e9e est d&#8217;un mois si stock\u00e9e correctement.<\/span><span style=\"font-weight: 400;\">\u00a0<\/span><\/p>\n<p><span style=\"font-weight: 400;\">Il est important de souligner que fumer du CBD, selon l&#8217;usage l\u00e9gal accept\u00e9 dans certains pays (pas en Espagne), ne provoque pas d&#8217;effets psychotropes, c&#8217;est-\u00e0-dire la sensation d&#8217;\u00eatre planant caus\u00e9e par la marijuana avec du THC.<\/span><\/p>\n","protected":false},"excerpt":{"rendered":"<ul>\n<li><span style=\"font-weight: 400;\">Bourgeons de chanvre<\/span><\/li>\n<li><span style=\"font-weight: 400;\">Moins de 0,20 % de THC<\/span><\/li>\n<li><span style=\"font-weight: 400;\">De 14% \u00e0 16% CBD<\/span><\/li>\n<li><span style=\"font-weight: 400;\">G\u00e9n\u00e9tique : Fragolina x Finolla x Lavande<\/span><\/li>\n<li><span style=\"font-weight: 400;\">Sativa 50% Indica 50%<\/span><\/li>\n<li><span style=\"font-weight: 400;\">Aucun effet psychoactif<\/span><\/li>\n<li><span style=\"font-weight: 400;\">de culture biologique<\/span><\/li>\n<li><span style=\"font-weight: 400;\">Sans OGM<\/span><\/li>\n<li><span style=\"font-weight: 400;\">Sans pesticides<\/span><\/li>\n<\/ul>\n","protected":false},"featured_media":80822,"template":"","meta":{"_acf_changed":false},"product_brand":[],"class_list":{"0":"post-82679","1":"product","2":"type-product","3":"status-publish","4":"has-post-thumbnail","6":"product_cat-indoor","7":"product_cat-fleurs-cbd","8":"product_cat-promotions-cbd","9":"product_cat-cbd-concentrees-10","11":"first","12":"instock","13":"sale","14":"taxable","15":"shipping-taxable","16":"purchasable","17":"product-type-variable"},"acf":[],"yoast_head":"<!-- This site is optimized with the Yoast SEO plugin v26.3 - https:\/\/yoast.com\/wordpress\/plugins\/seo\/ -->\n<title>Mac CBD - 16% CBD. Cannabis l\u00e9galis\u00e9 | The Tree CBD<\/title>\n<meta name=\"description\" content=\"Cette fleur exclusive MAC CBD, \u00e0 t\u00eate dense et imposante, propose un arome puissant et intense avec des notes sucr\u00e9es et florales, de terre et de gaz. MAC CBD entre 14-16% de CBD\" \/>\n<meta name=\"robots\" content=\"index, follow, max-snippet:-1, max-image-preview:large, max-video-preview:-1\" \/>\n<link rel=\"canonical\" href=\"https:\/\/thetreecbd.com\/fr\/cbd\/fleurs-cbd-cali-mac\" \/>\n<meta property=\"og:locale\" content=\"fr_FR\" \/>\n<meta property=\"og:type\" content=\"article\" \/>\n<meta property=\"og:title\" content=\"Mac CBD - 16% CBD. Cannabis l\u00e9galis\u00e9 | The Tree CBD\" \/>\n<meta property=\"og:description\" content=\"Cette fleur exclusive MAC CBD, \u00e0 t\u00eate dense et imposante, propose un arome puissant et intense avec des notes sucr\u00e9es et florales, de terre et de gaz. MAC CBD entre 14-16% de CBD\" \/>\n<meta property=\"og:url\" content=\"https:\/\/thetreecbd.com\/fr\/cbd\/fleurs-cbd-cali-mac\" \/>\n<meta property=\"og:site_name\" content=\"The Tree CBD\" \/>\n<meta property=\"article:publisher\" content=\"https:\/\/www.facebook.com\/thetreeCBD\/\" \/>\n<meta property=\"article:modified_time\" content=\"2025-12-06T18:51:01+00:00\" \/>\n<meta property=\"og:image\" content=\"https:\/\/thetreecbd.com\/wp-content\/uploads\/2022\/04\/cogollos-cali-mac-1.jpg\" \/>\n\t<meta property=\"og:image:width\" content=\"600\" \/>\n\t<meta property=\"og:image:height\" content=\"720\" \/>\n\t<meta property=\"og:image:type\" content=\"image\/jpeg\" \/>\n<meta name=\"twitter:card\" content=\"summary_large_image\" \/>\n<meta name=\"twitter:site\" content=\"@TheTreeCBD_EU\" \/>\n<meta name=\"twitter:label1\" content=\"Dur\u00e9e de lecture estim\u00e9e\" \/>\n\t<meta name=\"twitter:data1\" content=\"4 minutes\" \/>\n<script type=\"application\/ld+json\" class=\"yoast-schema-graph\">{\"@context\":\"https:\/\/schema.org\",\"@graph\":[{\"@type\":[\"WebPage\",\"ItemPage\"],\"@id\":\"https:\/\/thetreecbd.com\/fr\/cbd\/fleurs-cbd-cali-mac\",\"url\":\"https:\/\/thetreecbd.com\/fr\/cbd\/fleurs-cbd-cali-mac\",\"name\":\"Mac CBD - 16% CBD. Cannabis l\u00e9galis\u00e9 | The Tree CBD\",\"isPartOf\":{\"@id\":\"https:\/\/thetreecbd.com\/fr#website\"},\"primaryImageOfPage\":{\"@id\":\"https:\/\/thetreecbd.com\/fr\/cbd\/fleurs-cbd-cali-mac#primaryimage\"},\"image\":{\"@id\":\"https:\/\/thetreecbd.com\/fr\/cbd\/fleurs-cbd-cali-mac#primaryimage\"},\"thumbnailUrl\":\"https:\/\/thetreecbd.com\/wp-content\/uploads\/2022\/04\/cogollos-cali-mac-1.jpg\",\"datePublished\":\"2022-04-22T16:22:09+00:00\",\"dateModified\":\"2025-12-06T18:51:01+00:00\",\"description\":\"Cette fleur exclusive MAC CBD, \u00e0 t\u00eate dense et imposante, propose un arome puissant et intense avec des notes sucr\u00e9es et florales, de terre et de gaz. MAC CBD entre 14-16% de CBD\",\"breadcrumb\":{\"@id\":\"https:\/\/thetreecbd.com\/fr\/cbd\/fleurs-cbd-cali-mac#breadcrumb\"},\"inLanguage\":\"fr-FR\",\"potentialAction\":[{\"@type\":\"ReadAction\",\"target\":[\"https:\/\/thetreecbd.com\/fr\/cbd\/fleurs-cbd-cali-mac\"]}]},{\"@type\":\"ImageObject\",\"inLanguage\":\"fr-FR\",\"@id\":\"https:\/\/thetreecbd.com\/fr\/cbd\/fleurs-cbd-cali-mac#primaryimage\",\"url\":\"https:\/\/thetreecbd.com\/wp-content\/uploads\/2022\/04\/cogollos-cali-mac-1.jpg\",\"contentUrl\":\"https:\/\/thetreecbd.com\/wp-content\/uploads\/2022\/04\/cogollos-cali-mac-1.jpg\",\"width\":600,\"height\":720},{\"@type\":\"BreadcrumbList\",\"@id\":\"https:\/\/thetreecbd.com\/fr\/cbd\/fleurs-cbd-cali-mac#breadcrumb\",\"itemListElement\":[{\"@type\":\"ListItem\",\"position\":1,\"name\":\"The Tree\",\"item\":\"https:\/\/thetreecbd.com\/fr\"},{\"@type\":\"ListItem\",\"position\":2,\"name\":\"CBD\",\"item\":\"https:\/\/thetreecbd.com\/es\/cbd\"},{\"@type\":\"ListItem\",\"position\":3,\"name\":\"Fleurs de chanvre. Fleurs de CBD\",\"item\":\"https:\/\/thetreecbd.com\/fr\/fleurs-cbd\"},{\"@type\":\"ListItem\",\"position\":4,\"name\":\"Mac CBD\"}]},{\"@type\":\"WebSite\",\"@id\":\"https:\/\/thetreecbd.com\/fr#website\",\"url\":\"https:\/\/thetreecbd.com\/fr\",\"name\":\"The Tree CBD\",\"description\":\"Comprar CBD en Espa\u00f1a Online\",\"publisher\":{\"@id\":\"https:\/\/thetreecbd.com\/fr#organization\"},\"potentialAction\":[{\"@type\":\"SearchAction\",\"target\":{\"@type\":\"EntryPoint\",\"urlTemplate\":\"https:\/\/thetreecbd.com\/fr?s={search_term_string}\"},\"query-input\":{\"@type\":\"PropertyValueSpecification\",\"valueRequired\":true,\"valueName\":\"search_term_string\"}}],\"inLanguage\":\"fr-FR\"},{\"@type\":\"Organization\",\"@id\":\"https:\/\/thetreecbd.com\/fr#organization\",\"name\":\"The Tree CBD\",\"url\":\"https:\/\/thetreecbd.com\/fr\",\"logo\":{\"@type\":\"ImageObject\",\"inLanguage\":\"fr-FR\",\"@id\":\"https:\/\/thetreecbd.com\/fr#\/schema\/logo\/image\/\",\"url\":\"https:\/\/thetreecbd.com\/wp-content\/uploads\/2022\/04\/logo-thetree.png\",\"contentUrl\":\"https:\/\/thetreecbd.com\/wp-content\/uploads\/2022\/04\/logo-thetree.png\",\"width\":172,\"height\":55,\"caption\":\"The Tree CBD\"},\"image\":{\"@id\":\"https:\/\/thetreecbd.com\/fr#\/schema\/logo\/image\/\"},\"sameAs\":[\"https:\/\/www.facebook.com\/thetreeCBD\/\",\"https:\/\/x.com\/TheTreeCBD_EU\",\"https:\/\/www.instagram.com\/thetree.cbd\/\",\"https:\/\/es.trustpilot.com\/review\/thetreecbd.com\"]}]}<\/script>\n<!-- \/ Yoast SEO plugin. -->","yoast_head_json":{"title":"Mac CBD - 16% CBD. Cannabis l\u00e9galis\u00e9 | The Tree CBD","description":"Cette fleur exclusive MAC CBD, \u00e0 t\u00eate dense et imposante, propose un arome puissant et intense avec des notes sucr\u00e9es et florales, de terre et de gaz. MAC CBD entre 14-16% de CBD","robots":{"index":"index","follow":"follow","max-snippet":"max-snippet:-1","max-image-preview":"max-image-preview:large","max-video-preview":"max-video-preview:-1"},"canonical":"https:\/\/thetreecbd.com\/fr\/cbd\/fleurs-cbd-cali-mac","og_locale":"fr_FR","og_type":"article","og_title":"Mac CBD - 16% CBD. Cannabis l\u00e9galis\u00e9 | The Tree CBD","og_description":"Cette fleur exclusive MAC CBD, \u00e0 t\u00eate dense et imposante, propose un arome puissant et intense avec des notes sucr\u00e9es et florales, de terre et de gaz. MAC CBD entre 14-16% de CBD","og_url":"https:\/\/thetreecbd.com\/fr\/cbd\/fleurs-cbd-cali-mac","og_site_name":"The Tree CBD","article_publisher":"https:\/\/www.facebook.com\/thetreeCBD\/","article_modified_time":"2025-12-06T18:51:01+00:00","og_image":[{"width":600,"height":720,"url":"https:\/\/thetreecbd.com\/wp-content\/uploads\/2022\/04\/cogollos-cali-mac-1.jpg","type":"image\/jpeg"}],"twitter_card":"summary_large_image","twitter_site":"@TheTreeCBD_EU","twitter_misc":{"Dur\u00e9e de lecture estim\u00e9e":"4 minutes"},"schema":{"@context":"https:\/\/schema.org","@graph":[{"@type":["WebPage","ItemPage"],"@id":"https:\/\/thetreecbd.com\/fr\/cbd\/fleurs-cbd-cali-mac","url":"https:\/\/thetreecbd.com\/fr\/cbd\/fleurs-cbd-cali-mac","name":"Mac CBD - 16% CBD. Cannabis l\u00e9galis\u00e9 | The Tree CBD","isPartOf":{"@id":"https:\/\/thetreecbd.com\/fr#website"},"primaryImageOfPage":{"@id":"https:\/\/thetreecbd.com\/fr\/cbd\/fleurs-cbd-cali-mac#primaryimage"},"image":{"@id":"https:\/\/thetreecbd.com\/fr\/cbd\/fleurs-cbd-cali-mac#primaryimage"},"thumbnailUrl":"https:\/\/thetreecbd.com\/wp-content\/uploads\/2022\/04\/cogollos-cali-mac-1.jpg","datePublished":"2022-04-22T16:22:09+00:00","dateModified":"2025-12-06T18:51:01+00:00","description":"Cette fleur exclusive MAC CBD, \u00e0 t\u00eate dense et imposante, propose un arome puissant et intense avec des notes sucr\u00e9es et florales, de terre et de gaz. MAC CBD entre 14-16% de CBD","breadcrumb":{"@id":"https:\/\/thetreecbd.com\/fr\/cbd\/fleurs-cbd-cali-mac#breadcrumb"},"inLanguage":"fr-FR","potentialAction":[{"@type":"ReadAction","target":["https:\/\/thetreecbd.com\/fr\/cbd\/fleurs-cbd-cali-mac"]}]},{"@type":"ImageObject","inLanguage":"fr-FR","@id":"https:\/\/thetreecbd.com\/fr\/cbd\/fleurs-cbd-cali-mac#primaryimage","url":"https:\/\/thetreecbd.com\/wp-content\/uploads\/2022\/04\/cogollos-cali-mac-1.jpg","contentUrl":"https:\/\/thetreecbd.com\/wp-content\/uploads\/2022\/04\/cogollos-cali-mac-1.jpg","width":600,"height":720},{"@type":"BreadcrumbList","@id":"https:\/\/thetreecbd.com\/fr\/cbd\/fleurs-cbd-cali-mac#breadcrumb","itemListElement":[{"@type":"ListItem","position":1,"name":"The Tree","item":"https:\/\/thetreecbd.com\/fr"},{"@type":"ListItem","position":2,"name":"CBD","item":"https:\/\/thetreecbd.com\/es\/cbd"},{"@type":"ListItem","position":3,"name":"Fleurs de chanvre. Fleurs de CBD","item":"https:\/\/thetreecbd.com\/fr\/fleurs-cbd"},{"@type":"ListItem","position":4,"name":"Mac CBD"}]},{"@type":"WebSite","@id":"https:\/\/thetreecbd.com\/fr#website","url":"https:\/\/thetreecbd.com\/fr","name":"The Tree CBD","description":"Comprar CBD en Espa\u00f1a Online","publisher":{"@id":"https:\/\/thetreecbd.com\/fr#organization"},"potentialAction":[{"@type":"SearchAction","target":{"@type":"EntryPoint","urlTemplate":"https:\/\/thetreecbd.com\/fr?s={search_term_string}"},"query-input":{"@type":"PropertyValueSpecification","valueRequired":true,"valueName":"search_term_string"}}],"inLanguage":"fr-FR"},{"@type":"Organization","@id":"https:\/\/thetreecbd.com\/fr#organization","name":"The Tree CBD","url":"https:\/\/thetreecbd.com\/fr","logo":{"@type":"ImageObject","inLanguage":"fr-FR","@id":"https:\/\/thetreecbd.com\/fr#\/schema\/logo\/image\/","url":"https:\/\/thetreecbd.com\/wp-content\/uploads\/2022\/04\/logo-thetree.png","contentUrl":"https:\/\/thetreecbd.com\/wp-content\/uploads\/2022\/04\/logo-thetree.png","width":172,"height":55,"caption":"The Tree CBD"},"image":{"@id":"https:\/\/thetreecbd.com\/fr#\/schema\/logo\/image\/"},"sameAs":["https:\/\/www.facebook.com\/thetreeCBD\/","https:\/\/x.com\/TheTreeCBD_EU","https:\/\/www.instagram.com\/thetree.cbd\/","https:\/\/es.trustpilot.com\/review\/thetreecbd.com"]}]}},"_links":{"self":[{"href":"https:\/\/thetreecbd.com\/fr\/wp-json\/wp\/v2\/product\/82679","targetHints":{"allow":["GET"]}}],"collection":[{"href":"https:\/\/thetreecbd.com\/fr\/wp-json\/wp\/v2\/product"}],"about":[{"href":"https:\/\/thetreecbd.com\/fr\/wp-json\/wp\/v2\/types\/product"}],"version-history":[{"count":0,"href":"https:\/\/thetreecbd.com\/fr\/wp-json\/wp\/v2\/product\/82679\/revisions"}],"wp:featuredmedia":[{"embeddable":true,"href":"https:\/\/thetreecbd.com\/fr\/wp-json\/wp\/v2\/media\/80822"}],"wp:attachment":[{"href":"https:\/\/thetreecbd.com\/fr\/wp-json\/wp\/v2\/media?parent=82679"}],"wp:term":[{"taxonomy":"product_brand","embeddable":true,"href":"https:\/\/thetreecbd.com\/fr\/wp-json\/wp\/v2\/product_brand?post=82679"}],"curies":[{"name":"wp","href":"https:\/\/api.w.org\/{rel}","templated":true}]}}