{"id":82684,"date":"2022-04-22T18:24:24","date_gmt":"2022-04-22T16:24:24","guid":{"rendered":"https:\/\/thetreecbd.putput.cat\/cbd\/e-liquid-cheese"},"modified":"2025-07-28T13:33:24","modified_gmt":"2025-07-28T11:33:24","slug":"e-liquid-cheese","status":"publish","type":"product","link":"https:\/\/thetreecbd.com\/fr\/cbd\/e-liquid-cheese","title":{"rendered":"E-liquid Cheese"},"content":{"rendered":"<p><span style=\"font-weight: 400;\">Chez The Tree, nous comprenons votre d\u00e9sir de vaporiser du CBD, c&#8217;est pourquoi nous vous proposons ce e-liquide 5% Cheese CBD qui contient les m\u00eames avantages que nos vapes mais avec la possibilit\u00e9 de le faire avec votre propre vaporisateur.<\/span><\/p>\n<p><span style=\"font-weight: 400;\">Nos e-liquides CBD de The Tree ne contiennent que de l&#8217;eau, du propyl\u00e8ne glycol, de la glyc\u00e9rine v\u00e9g\u00e9tale, des terp\u00e8nes et de l&#8217;extrait de CBD pour vous offrir la meilleure saveur et la vapeur la plus pure tout en conservant une large gamme d&#8217;utilisation. La glyc\u00e9rine v\u00e9g\u00e9tale est un alcool, ce qui la rend inhalable sans danger.\u00a0<\/span><\/p>\n<p><span style=\"font-weight: 400;\">La glyc\u00e9rine v\u00e9g\u00e9tale est un liquide incolore, non toxique et inodore, mais au go\u00fbt l\u00e9g\u00e8rement sucr\u00e9. Le propyl\u00e8ne glycol est un alcool tout comme la glyc\u00e9rine v\u00e9g\u00e9tale et est \u00e9galement presque inodore.\u00a0<\/span><\/p>\n<p><span style=\"font-weight: 400;\">L&#8217;un des avantages du vapotage est le nombre de saveurs possibles que l&#8217;on peut appr\u00e9cier, et cela gr\u00e2ce aux ar\u00f4mes. Les liquides n&#8217;ont pratiquement pas de saveur par eux-m\u00eames, donc des ar\u00f4mes alimentaires leur sont ajout\u00e9s.<\/span><\/p>\n<p><span style=\"font-weight: 400;\">Chez The Tree, nous savons que chaque personne a un m\u00e9tabolisme diff\u00e9rent et que nous avons tous un syst\u00e8me endocannabino\u00efde unique, c&#8217;est pourquoi chaque personne r\u00e9agit diff\u00e9remment aux diff\u00e9rentes doses de CBD.<\/span><\/p>\n<p><span style=\"font-weight: 400;\">Cet e-Liquide CBD a une saveur agr\u00e9able, l\u00e9g\u00e8re et sucr\u00e9e combin\u00e9e \u00e0 un l\u00e9ger arri\u00e8re-go\u00fbt terreux. Chaque bouteille de The Tree CBD e-Liquid contient 10 ml avec une concentration de 6% de CBD. Au total, chaque bouteille contient 500 mg de CBD.<\/span><\/p>\n<p><span style=\"font-weight: 400;\">The Tree CBD nous avons cr\u00e9\u00e9 le CBD e-Liquid 5% \u00e0 utiliser avec n&#8217;importe quelle cigarette \u00e9lectronique. Son ar\u00f4me de chanvre est 100% authentique et original. Comme dans toute notre gamme de produits, notre engagement \u00e0 cr\u00e9er les meilleurs produits CBD vous apporte cet excellent e-liquide avec une concentration de 5% de CBD.<\/span><\/p>\n<p><span style=\"font-weight: 400;\">Pour garantir la qualit\u00e9 de notre offre, nous certifions la concentration et la composition en CBD de chaque lot dans des laboratoires ind\u00e9pendants. Le CBD est un compos\u00e9 trouv\u00e9 et extrait de souches sp\u00e9cifiques de chanvre. Contrairement au THC, il n&#8217;a pas d&#8217;effets psychoactifs ou hallucinog\u00e8nes.<\/span><\/p>\n<p><span style=\"font-weight: 400;\">Ce e-liquide 5% CBD de The Tree ne contient pas de THC donc il n&#8217;a pas d&#8217;effets psychoactifs.<\/span><\/p>\n<p>&nbsp;<\/p>\n<h2><b>Caract\u00e9ristiques du E-Liquide CBD 5% de The Tree<\/b><\/h2>\n<ul>\n<li><span style=\"font-weight: 400;\">Extrait de chanvre biologique<\/span><\/li>\n<li><span style=\"font-weight: 400;\">E-liquide CBD 5%<\/span><\/li>\n<li><span style=\"font-weight: 400;\">Terp\u00e8ne Cheese 1%<\/span><\/li>\n<li><span style=\"font-weight: 400;\">Isolat de CBD pour le vapotage<\/span><\/li>\n<li><span style=\"font-weight: 400;\">70VG \/ 30PG<\/span><\/li>\n<li><span style=\"font-weight: 400;\">Garanti sans THC et sans nicotine<\/span><\/li>\n<li><span style=\"font-weight: 400;\">Flacon de 10 ml<\/span><\/li>\n<li><span style=\"font-weight: 400;\">Convient aux v\u00e9g\u00e9tariens et v\u00e9g\u00e9taliens<br \/>\n<\/span><\/li>\n<\/ul>\n<h2><strong>Ingr\u00e9dients<\/strong><\/h2>\n<p><span style=\"font-weight: 400;\">Le e-liquide CBD \u00e0 5 % de The Tree contient : de l&#8217;eau, une infusion de propyl\u00e8ne glycol, de la glyc\u00e9rine v\u00e9g\u00e9tale et du CBD issu de Cannabis Sativa L<\/span><\/p>\n<p>&nbsp;<\/p>\n<h2><b>Parfum CBD<\/b><\/h2>\n<p><span style=\"font-weight: 400;\">Les terp\u00e8nes peuvent \u00eatre trouv\u00e9s dans la plupart des huiles essentielles de nombreuses plantes, fleurs et fruits, ils sont charg\u00e9s de fournir l&#8217;odeur et la saveur. Dans le cannabis, nous pouvons trouver un large profil de terp\u00e8nes.<\/span><\/p>\n<p><span style=\"font-weight: 400;\">Ce e-liquide CBD \u00e0 saveur de Cheese a une saveur douce et intense de type Skunk avec des notes de fromage affin\u00e9 et d&#8217;encens, gr\u00e2ce aux terp\u00e8nes de Cheese (ar\u00f4me de fromage) fournis dans sa formulation, nous pouvons percevoir des ar\u00f4mes familiers tels que les noix, la terre et les acides comme un fromage bleu fort.<\/span><\/p>\n<p><span style=\"font-weight: 400;\">\u00a0<\/span><\/p>\n<h2><b>Utilisateur auquel il est destin\u00e9<\/b><\/h2>\n<p><span style=\"font-weight: 400;\">The Tree apporte son nouveau CBD E-Liquid \u00e0 toute personne de plus de 18 ans. Son ar\u00f4me unique donne envie m\u00eame aux plus sceptiques d&#8217;entrer dans ce nouveau monde du CBD.<\/span><\/p>\n<p>&nbsp;<\/p>\n<h2><b>Information sur la s\u00e9curit\u00e9<\/b><\/h2>\n<p><span style=\"font-weight: 400;\">L&#8217;utilisation du CBD est d\u00e9conseill\u00e9e aux femmes enceintes ou allaitantes. Il est \u00e9galement d\u00e9conseill\u00e9 aux moins de 18 ans. Non pas parce qu&#8217;il est consid\u00e9r\u00e9 comme dangereux, mais parce qu&#8217;il y a un manque d&#8217;\u00e9tudes sur le sujet.<\/span><\/p>\n<p><span style=\"font-weight: 400;\">Le contenu fourni est uniquement \u00e0 des fins d&#8217;information et de formation et ne se substitue en aucun cas \u00e0 l&#8217;avis m\u00e9dical d&#8217;un m\u00e9decin ou d&#8217;un pharmacien. Nos textes ne sont pas destin\u00e9s au diagnostic et au traitement ind\u00e9pendants des maladies.<\/span><\/p>\n<p><span style=\"font-weight: 400;\">N&#8217;h\u00e9sitez pas \u00e0 nous contacter si vous avez d&#8217;autres questions.<\/span><\/p>\n<p><span style=\"font-weight: 400;\">\u00a0<\/span><\/p>\n<h2><b>Stockage<\/b><\/h2>\n<p><span style=\"font-weight: 400;\">Id\u00e9alement, le e-liquide The Tree 5% CBD doit \u00eatre stock\u00e9 dans un endroit frais et sec, \u00e0 l&#8217;abri des odeurs l\u00e9g\u00e8res et fortes pour \u00e9viter tout type de contamination. \u00c9vitez la lumi\u00e8re directe du soleil et la chaleur.<\/span><\/p>\n<p><span style=\"font-weight: 400;\">Attention : La dur\u00e9e de conservation indiqu\u00e9e est de trois ans si elle est conserv\u00e9e correctement.<\/span><\/p>\n<p><span style=\"font-weight: 400;\">Nous vous recommandons de conserver le e-liquide The Tree CBD dans un endroit frais et sec, \u00e0 l&#8217;abri de la lumi\u00e8re directe et non dans des endroits comme la bo\u00eete \u00e0 gants de la voiture ou d&#8217;autres endroits o\u00f9 une grande quantit\u00e9 de chaleur est concentr\u00e9e, gardez-le toujours entre 15 et 25 \u00baC .<\/span><\/p>\n<p><span style=\"font-weight: 400;\">Gr\u00e2ce \u00e0 son petit emballage, vous pouvez l&#8217;emporter avec vous si vous partez en voyage ou en promenade, ainsi vous ne serez jamais sans votre CBD o\u00f9 que vous alliez.<\/span><\/p>\n","protected":false},"excerpt":{"rendered":"<ul>\n<li><span style=\"font-weight: 400;\">Extrait de chanvre biologique<\/span><\/li>\n<li><span style=\"font-weight: 400;\">E-liquide CBD 5%<\/span><\/li>\n<li><span style=\"font-weight: 400;\">Terp\u00e8ne Cheese 1%<\/span><\/li>\n<li><span style=\"font-weight: 400;\">Isolat de CBD pour le vapotage<\/span><\/li>\n<li><span style=\"font-weight: 400;\">70VG \/ 30PG<\/span><\/li>\n<li><span style=\"font-weight: 400;\">Garanti sans THC et sans nicotine<\/span><\/li>\n<li><span style=\"font-weight: 400;\">Flacon de 10 ml<\/span><\/li>\n<li><span style=\"font-weight: 400;\">Convient aux v\u00e9g\u00e9tariens et v\u00e9g\u00e9taliens<\/span><\/li>\n<\/ul>\n","protected":false},"featured_media":82035,"template":"","meta":{"_acf_changed":false},"product_brand":[],"class_list":{"0":"post-82684","1":"product","2":"type-product","3":"status-publish","4":"has-post-thumbnail","6":"product_cat-e-liquids-cbd","7":"product_cat-promotions-cbd","8":"product_cat-cbd-concentrees-5","10":"first","11":"instock","12":"sale","13":"taxable","14":"shipping-taxable","15":"purchasable","16":"product-type-simple"},"acf":[],"yoast_head":"<!-- This site is optimized with the Yoast SEO plugin v26.3 - https:\/\/yoast.com\/wordpress\/plugins\/seo\/ -->\n<title>E-liquid Cheese | The Tree CBD<\/title>\n<meta name=\"description\" content=\"CBD E-Liquid Cheese 5 % qui offre les m\u00eames bienfaits que nos vapes, mais que vous ne pouvez pas utiliser avec votre propre vaporisateur. D\u00e9couvrez-le !\" \/>\n<meta name=\"robots\" content=\"index, follow, max-snippet:-1, max-image-preview:large, max-video-preview:-1\" \/>\n<link rel=\"canonical\" href=\"https:\/\/thetreecbd.com\/fr\/cbd\/e-liquid-cheese\" \/>\n<meta property=\"og:locale\" content=\"fr_FR\" \/>\n<meta property=\"og:type\" content=\"article\" \/>\n<meta property=\"og:title\" content=\"E-liquid Cheese | The Tree CBD\" \/>\n<meta property=\"og:description\" content=\"CBD E-Liquid Cheese 5 % qui offre les m\u00eames bienfaits que nos vapes, mais que vous ne pouvez pas utiliser avec votre propre vaporisateur. D\u00e9couvrez-le !\" \/>\n<meta property=\"og:url\" content=\"https:\/\/thetreecbd.com\/fr\/cbd\/e-liquid-cheese\" \/>\n<meta property=\"og:site_name\" content=\"The Tree CBD\" \/>\n<meta property=\"article:publisher\" content=\"https:\/\/www.facebook.com\/thetreeCBD\/\" \/>\n<meta property=\"article:modified_time\" content=\"2025-07-28T11:33:24+00:00\" \/>\n<meta property=\"og:image\" content=\"https:\/\/thetreecbd.com\/wp-content\/uploads\/2022\/04\/GLUE-CHEESE-compressed-scaled.jpg\" \/>\n\t<meta property=\"og:image:width\" content=\"1440\" \/>\n\t<meta property=\"og:image:height\" content=\"1920\" \/>\n\t<meta property=\"og:image:type\" content=\"image\/jpeg\" \/>\n<meta name=\"twitter:card\" content=\"summary_large_image\" \/>\n<meta name=\"twitter:site\" content=\"@TheTreeCBD_EU\" \/>\n<meta name=\"twitter:label1\" content=\"Dur\u00e9e de lecture estim\u00e9e\" \/>\n\t<meta name=\"twitter:data1\" content=\"4 minutes\" \/>\n<script type=\"application\/ld+json\" class=\"yoast-schema-graph\">{\"@context\":\"https:\/\/schema.org\",\"@graph\":[{\"@type\":[\"WebPage\",\"ItemPage\"],\"@id\":\"https:\/\/thetreecbd.com\/fr\/cbd\/e-liquid-cheese\",\"url\":\"https:\/\/thetreecbd.com\/fr\/cbd\/e-liquid-cheese\",\"name\":\"E-liquid Cheese | The Tree CBD\",\"isPartOf\":{\"@id\":\"https:\/\/thetreecbd.com\/fr#website\"},\"primaryImageOfPage\":{\"@id\":\"https:\/\/thetreecbd.com\/fr\/cbd\/e-liquid-cheese#primaryimage\"},\"image\":{\"@id\":\"https:\/\/thetreecbd.com\/fr\/cbd\/e-liquid-cheese#primaryimage\"},\"thumbnailUrl\":\"https:\/\/thetreecbd.com\/wp-content\/uploads\/2022\/04\/GLUE-CHEESE-compressed-scaled.jpg\",\"datePublished\":\"2022-04-22T16:24:24+00:00\",\"dateModified\":\"2025-07-28T11:33:24+00:00\",\"description\":\"CBD E-Liquid Cheese 5 % qui offre les m\u00eames bienfaits que nos vapes, mais que vous ne pouvez pas utiliser avec votre propre vaporisateur. D\u00e9couvrez-le !\",\"breadcrumb\":{\"@id\":\"https:\/\/thetreecbd.com\/fr\/cbd\/e-liquid-cheese#breadcrumb\"},\"inLanguage\":\"fr-FR\",\"potentialAction\":[{\"@type\":\"ReadAction\",\"target\":[\"https:\/\/thetreecbd.com\/fr\/cbd\/e-liquid-cheese\"]}]},{\"@type\":\"ImageObject\",\"inLanguage\":\"fr-FR\",\"@id\":\"https:\/\/thetreecbd.com\/fr\/cbd\/e-liquid-cheese#primaryimage\",\"url\":\"https:\/\/thetreecbd.com\/wp-content\/uploads\/2022\/04\/GLUE-CHEESE-compressed-scaled.jpg\",\"contentUrl\":\"https:\/\/thetreecbd.com\/wp-content\/uploads\/2022\/04\/GLUE-CHEESE-compressed-scaled.jpg\",\"width\":1440,\"height\":1920,\"caption\":\"GLUE CHEESE\"},{\"@type\":\"BreadcrumbList\",\"@id\":\"https:\/\/thetreecbd.com\/fr\/cbd\/e-liquid-cheese#breadcrumb\",\"itemListElement\":[{\"@type\":\"ListItem\",\"position\":1,\"name\":\"The Tree\",\"item\":\"https:\/\/thetreecbd.com\/fr\"},{\"@type\":\"ListItem\",\"position\":2,\"name\":\"CBD\",\"item\":\"https:\/\/thetreecbd.com\/es\/cbd\"},{\"@type\":\"ListItem\",\"position\":3,\"name\":\"E-liquids CBD\",\"item\":\"https:\/\/thetreecbd.com\/fr\/e-liquids-cbd\"},{\"@type\":\"ListItem\",\"position\":4,\"name\":\"E-liquid Cheese\"}]},{\"@type\":\"WebSite\",\"@id\":\"https:\/\/thetreecbd.com\/fr#website\",\"url\":\"https:\/\/thetreecbd.com\/fr\",\"name\":\"The Tree CBD\",\"description\":\"Comprar CBD en Espa\u00f1a Online\",\"publisher\":{\"@id\":\"https:\/\/thetreecbd.com\/fr#organization\"},\"potentialAction\":[{\"@type\":\"SearchAction\",\"target\":{\"@type\":\"EntryPoint\",\"urlTemplate\":\"https:\/\/thetreecbd.com\/fr?s={search_term_string}\"},\"query-input\":{\"@type\":\"PropertyValueSpecification\",\"valueRequired\":true,\"valueName\":\"search_term_string\"}}],\"inLanguage\":\"fr-FR\"},{\"@type\":\"Organization\",\"@id\":\"https:\/\/thetreecbd.com\/fr#organization\",\"name\":\"The Tree CBD\",\"url\":\"https:\/\/thetreecbd.com\/fr\",\"logo\":{\"@type\":\"ImageObject\",\"inLanguage\":\"fr-FR\",\"@id\":\"https:\/\/thetreecbd.com\/fr#\/schema\/logo\/image\/\",\"url\":\"https:\/\/thetreecbd.com\/wp-content\/uploads\/2022\/04\/logo-thetree.png\",\"contentUrl\":\"https:\/\/thetreecbd.com\/wp-content\/uploads\/2022\/04\/logo-thetree.png\",\"width\":172,\"height\":55,\"caption\":\"The Tree CBD\"},\"image\":{\"@id\":\"https:\/\/thetreecbd.com\/fr#\/schema\/logo\/image\/\"},\"sameAs\":[\"https:\/\/www.facebook.com\/thetreeCBD\/\",\"https:\/\/x.com\/TheTreeCBD_EU\",\"https:\/\/www.instagram.com\/thetree.cbd\/\",\"https:\/\/es.trustpilot.com\/review\/thetreecbd.com\"]}]}<\/script>\n<!-- \/ Yoast SEO plugin. -->","yoast_head_json":{"title":"E-liquid Cheese | The Tree CBD","description":"CBD E-Liquid Cheese 5 % qui offre les m\u00eames bienfaits que nos vapes, mais que vous ne pouvez pas utiliser avec votre propre vaporisateur. D\u00e9couvrez-le !","robots":{"index":"index","follow":"follow","max-snippet":"max-snippet:-1","max-image-preview":"max-image-preview:large","max-video-preview":"max-video-preview:-1"},"canonical":"https:\/\/thetreecbd.com\/fr\/cbd\/e-liquid-cheese","og_locale":"fr_FR","og_type":"article","og_title":"E-liquid Cheese | The Tree CBD","og_description":"CBD E-Liquid Cheese 5 % qui offre les m\u00eames bienfaits que nos vapes, mais que vous ne pouvez pas utiliser avec votre propre vaporisateur. D\u00e9couvrez-le !","og_url":"https:\/\/thetreecbd.com\/fr\/cbd\/e-liquid-cheese","og_site_name":"The Tree CBD","article_publisher":"https:\/\/www.facebook.com\/thetreeCBD\/","article_modified_time":"2025-07-28T11:33:24+00:00","og_image":[{"width":1440,"height":1920,"url":"https:\/\/thetreecbd.com\/wp-content\/uploads\/2022\/04\/GLUE-CHEESE-compressed-scaled.jpg","type":"image\/jpeg"}],"twitter_card":"summary_large_image","twitter_site":"@TheTreeCBD_EU","twitter_misc":{"Dur\u00e9e de lecture estim\u00e9e":"4 minutes"},"schema":{"@context":"https:\/\/schema.org","@graph":[{"@type":["WebPage","ItemPage"],"@id":"https:\/\/thetreecbd.com\/fr\/cbd\/e-liquid-cheese","url":"https:\/\/thetreecbd.com\/fr\/cbd\/e-liquid-cheese","name":"E-liquid Cheese | The Tree CBD","isPartOf":{"@id":"https:\/\/thetreecbd.com\/fr#website"},"primaryImageOfPage":{"@id":"https:\/\/thetreecbd.com\/fr\/cbd\/e-liquid-cheese#primaryimage"},"image":{"@id":"https:\/\/thetreecbd.com\/fr\/cbd\/e-liquid-cheese#primaryimage"},"thumbnailUrl":"https:\/\/thetreecbd.com\/wp-content\/uploads\/2022\/04\/GLUE-CHEESE-compressed-scaled.jpg","datePublished":"2022-04-22T16:24:24+00:00","dateModified":"2025-07-28T11:33:24+00:00","description":"CBD E-Liquid Cheese 5 % qui offre les m\u00eames bienfaits que nos vapes, mais que vous ne pouvez pas utiliser avec votre propre vaporisateur. D\u00e9couvrez-le !","breadcrumb":{"@id":"https:\/\/thetreecbd.com\/fr\/cbd\/e-liquid-cheese#breadcrumb"},"inLanguage":"fr-FR","potentialAction":[{"@type":"ReadAction","target":["https:\/\/thetreecbd.com\/fr\/cbd\/e-liquid-cheese"]}]},{"@type":"ImageObject","inLanguage":"fr-FR","@id":"https:\/\/thetreecbd.com\/fr\/cbd\/e-liquid-cheese#primaryimage","url":"https:\/\/thetreecbd.com\/wp-content\/uploads\/2022\/04\/GLUE-CHEESE-compressed-scaled.jpg","contentUrl":"https:\/\/thetreecbd.com\/wp-content\/uploads\/2022\/04\/GLUE-CHEESE-compressed-scaled.jpg","width":1440,"height":1920,"caption":"GLUE CHEESE"},{"@type":"BreadcrumbList","@id":"https:\/\/thetreecbd.com\/fr\/cbd\/e-liquid-cheese#breadcrumb","itemListElement":[{"@type":"ListItem","position":1,"name":"The Tree","item":"https:\/\/thetreecbd.com\/fr"},{"@type":"ListItem","position":2,"name":"CBD","item":"https:\/\/thetreecbd.com\/es\/cbd"},{"@type":"ListItem","position":3,"name":"E-liquids CBD","item":"https:\/\/thetreecbd.com\/fr\/e-liquids-cbd"},{"@type":"ListItem","position":4,"name":"E-liquid Cheese"}]},{"@type":"WebSite","@id":"https:\/\/thetreecbd.com\/fr#website","url":"https:\/\/thetreecbd.com\/fr","name":"The Tree CBD","description":"Comprar CBD en Espa\u00f1a Online","publisher":{"@id":"https:\/\/thetreecbd.com\/fr#organization"},"potentialAction":[{"@type":"SearchAction","target":{"@type":"EntryPoint","urlTemplate":"https:\/\/thetreecbd.com\/fr?s={search_term_string}"},"query-input":{"@type":"PropertyValueSpecification","valueRequired":true,"valueName":"search_term_string"}}],"inLanguage":"fr-FR"},{"@type":"Organization","@id":"https:\/\/thetreecbd.com\/fr#organization","name":"The Tree CBD","url":"https:\/\/thetreecbd.com\/fr","logo":{"@type":"ImageObject","inLanguage":"fr-FR","@id":"https:\/\/thetreecbd.com\/fr#\/schema\/logo\/image\/","url":"https:\/\/thetreecbd.com\/wp-content\/uploads\/2022\/04\/logo-thetree.png","contentUrl":"https:\/\/thetreecbd.com\/wp-content\/uploads\/2022\/04\/logo-thetree.png","width":172,"height":55,"caption":"The Tree CBD"},"image":{"@id":"https:\/\/thetreecbd.com\/fr#\/schema\/logo\/image\/"},"sameAs":["https:\/\/www.facebook.com\/thetreeCBD\/","https:\/\/x.com\/TheTreeCBD_EU","https:\/\/www.instagram.com\/thetree.cbd\/","https:\/\/es.trustpilot.com\/review\/thetreecbd.com"]}]}},"_links":{"self":[{"href":"https:\/\/thetreecbd.com\/fr\/wp-json\/wp\/v2\/product\/82684","targetHints":{"allow":["GET"]}}],"collection":[{"href":"https:\/\/thetreecbd.com\/fr\/wp-json\/wp\/v2\/product"}],"about":[{"href":"https:\/\/thetreecbd.com\/fr\/wp-json\/wp\/v2\/types\/product"}],"version-history":[{"count":0,"href":"https:\/\/thetreecbd.com\/fr\/wp-json\/wp\/v2\/product\/82684\/revisions"}],"wp:featuredmedia":[{"embeddable":true,"href":"https:\/\/thetreecbd.com\/fr\/wp-json\/wp\/v2\/media\/82035"}],"wp:attachment":[{"href":"https:\/\/thetreecbd.com\/fr\/wp-json\/wp\/v2\/media?parent=82684"}],"wp:term":[{"taxonomy":"product_brand","embeddable":true,"href":"https:\/\/thetreecbd.com\/fr\/wp-json\/wp\/v2\/product_brand?post=82684"}],"curies":[{"name":"wp","href":"https:\/\/api.w.org\/{rel}","templated":true}]}}